{"id":10,"date":"2021-01-11T14:28:28","date_gmt":"2021-01-11T14:28:28","guid":{"rendered":"https:\/\/www.rainforestfoundationuk.org\/?page_id=10"},"modified":"2024-02-28T12:08:05","modified_gmt":"2024-02-28T12:08:05","slug":"home","status":"publish","type":"page","link":"https:\/\/www.rainforestfoundationuk.org\/es\/","title":{"rendered":"Inicio"},"content":{"rendered":"<h2>\n\t\t\u00daltimas noticias\n\t<\/h2>\n\t<p><a href=\"\/es\/noticias\/\">M\u00e1s noticias...<\/a><\/p>\n<h2>\n\t\tNuestra labor de protecci\u00f3n de la selva tropical basada en los derechos\n\t<\/h2>\n<h2>\n\t\tLa tecnolog\u00eda contra la deforestaci\u00f3n\n\t<\/h2>\n\t<p>Nuestra iniciativa de vigilancia forestal comunitaria libera el potencial de los guardas forestales conect\u00e1ndolos con las fuerzas del orden para vigilar y proteger los bosques. El n\u00facleo de esta iniciativa es ForestLink, un sistema innovador que permite a las comunidades transmitir alertas geogr\u00e1ficas muy precisas y de bajo coste sobre actividades forestales ilegales en tiempo real, incluso desde zonas remotas sin conectividad.<\/p>\n\t\t\t<a href=\"\/es\/nuestros-proyectos\/forestlink\/\" target=\"_self\" rel=\"noopener\">\n\t\t\t\t\t\t\tM\u00e1s informaci\u00f3n\n\t\t\t\t\t<\/a>\n<h2>\n\t\tSupporting land &#038; livelihoods\n\t<\/h2>\n\t<p>Hacemos campa\u00f1a a favor de leyes y pol\u00edticas que reconozcan los derechos de las comunidades a sus tierras y recursos, ayudamos a situar en el mapa a pueblos de los bosques que de otro modo ser\u00edan \"invisibles\" y les ayudamos a elaborar y aplicar planes de uso de la tierra que protejan los bosques y mantengan los medios de subsistencia.\u00a0\u00a0<\/p>\n\t\t\t<a href=\"\/es\/nuestros-proyectos\/tierra-y-medios-de-subsistencia\/\" target=\"_self\" rel=\"noopener\">\n\t\t\t\t\t\t\tM\u00e1s informaci\u00f3n\n\t\t\t\t\t<\/a>\n<h2>\n\t\tPasar de la investigaci\u00f3n a la acci\u00f3n\n\t<\/h2>\n\t<p>Our research, advocacy and campaigns address the root causes of deforestation and its human impacts, expose the false solutions to these threats and develops actionable and scalable solutions for policy makers. This work is thoroughly rooted in practical experience and is constantly aimed at amplifying the voices of marginalised forest communities.\u00a0<\/p>\n\t\t\t<a href=\"\/es\/investigacion-orientada-a-la-accion\/\" target=\"_self\" rel=\"noopener\">\n\t\t\t\t\t\t\tM\u00e1s informaci\u00f3n\n\t\t\t\t\t<\/a>\n<h2>\n\t\t\u00daltimas publicaciones\n\t<\/h2>\n\t<meta itemscope itemprop=\"mainEntityOfPage\" itemtype=\"https:\/\/schema.org\/WebPage\" itemid=\"http:\/\/7460\" content=\"Veeduri\u0301as Forestales para la Defensa de los Territorios Indi\u0301genas y la Conservacio\u0301n de la Naturaleza en la Amazoni\u0301a Peruana: la Experiencia de la FENAMAD con el Sistema de Alerta Temprana ForestLink\" \/><meta itemprop=\"datePublished\" content=\"2023-12-08\" \/><meta itemprop=\"dateModified\" content=\"2023-12-08\" \/><meta itemprop=\"name\" content=\"Rainforest Foundation UK\"\/><meta itemprop=\"url\" content=\"https:\/\/www.rainforestfoundationuk.org\/wp-content\/uploads\/2023\/08\/RFUK-logo-black.svg\"\/><meta itemprop=\"url\" content=\"https:\/\/www.rainforestfoundationuk.org\/author\/chantalcrainforestuk-org\/\" \/><meta itemprop=\"name\" content=\"ChantalC@rainforestuk.org\" \/><meta itemprop=\"url\" content=\"https:\/\/www.rainforestfoundationuk.org\/wp-content\/uploads\/2023\/12\/Madre-de-Dios_FINAL_ESPANOL-2-pdf.jpg\" \/><meta itemprop=\"width\" content=\"1058\" \/><meta itemprop=\"height\" content=\"1497\" \/><meta itemprop=\"interactionType\" content=\"https:\/\/schema.org\/CommentAction\" \/><meta itemprop=\"userInteractionCount\" content=\"0\" \/>\n<img width=\"212\" height=\"300\" src=\"https:\/\/www.rainforestfoundationuk.org\/wp-content\/uploads\/2023\/12\/Madre-de-Dios_FINAL_ESPANOL-2-pdf-212x300.jpg\" alt=\"miniatura de Madre-de-Dios_FINAL_ESPANOL\" itemprop=\"image\" decoding=\"async\" loading=\"lazy\" srcset=\"https:\/\/www.rainforestfoundationuk.org\/wp-content\/uploads\/2023\/12\/Madre-de-Dios_FINAL_ESPANOL-2-pdf-212x300.jpg 212w, https:\/\/www.rainforestfoundationuk.org\/wp-content\/uploads\/2023\/12\/Madre-de-Dios_FINAL_ESPANOL-2-pdf-724x1024.jpg 724w, https:\/\/www.rainforestfoundationuk.org\/wp-content\/uploads\/2023\/12\/Madre-de-Dios_FINAL_ESPANOL-2-pdf-768x1087.jpg 768w, https:\/\/www.rainforestfoundationuk.org\/wp-content\/uploads\/2023\/12\/Madre-de-Dios_FINAL_ESPANOL-2-pdf-8x12.jpg 8w, https:\/\/www.rainforestfoundationuk.org\/wp-content\/uploads\/2023\/12\/Madre-de-Dios_FINAL_ESPANOL-2-pdf.jpg 1058w\" sizes=\"auto, (max-width: 212px) 100vw, 212px\" \/>\n    <h3>Resumen Ejecutivo: Veedur\u00edas Forestales para la Defensa de los Territorios Ind\u00edgenas y la Conservaci\u00f3n de la Naturaleza en la Amazon\u00eda Peruana: la Experiencia de la FENAMAD con el Sistema de Alerta Temprana ForestLink.<\/h3>\n    \t8 de diciembre de 2023\n\t<a href=\"https:\/\/www.rainforestfoundationuk.org\/wp-content\/uploads\/2023\/12\/Madre-de-Dios_FINAL_ESPANOL-3.pdf\" target=\"_blank\" rel=\"noopener\">View Spanish<\/a>\n\t<meta itemscope itemprop=\"mainEntityOfPage\" itemtype=\"https:\/\/schema.org\/WebPage\" itemid=\"http:\/\/7424\" content=\"Executive Summary: Forest Observatories for the Defence of Indigenous Territories and the Conservation of Nature in the Peruvian Amazon: the Experience of the Native Federation of Madre de Dios and the ForestLink Project\" \/><meta itemprop=\"datePublished\" content=\"2023-12-08\" \/><meta itemprop=\"dateModified\" content=\"2023-12-10\" \/><meta itemprop=\"name\" content=\"Rainforest Foundation UK\"\/><meta itemprop=\"url\" content=\"https:\/\/www.rainforestfoundationuk.org\/wp-content\/uploads\/2023\/08\/RFUK-logo-black.svg\"\/><meta itemprop=\"url\" content=\"https:\/\/www.rainforestfoundationuk.org\/author\/chantalcrainforestuk-org\/\" \/><meta itemprop=\"name\" content=\"ChantalC@rainforestuk.org\" \/><meta itemprop=\"url\" content=\"https:\/\/www.rainforestfoundationuk.org\/wp-content\/uploads\/2023\/12\/Veedurias_front-cover-1.png\" \/><meta itemprop=\"width\" content=\"659\" \/><meta itemprop=\"height\" content=\"933\" \/><meta itemprop=\"interactionType\" content=\"https:\/\/schema.org\/CommentAction\" \/><meta itemprop=\"userInteractionCount\" content=\"0\" \/>\n<img width=\"212\" height=\"300\" src=\"https:\/\/www.rainforestfoundationuk.org\/wp-content\/uploads\/2023\/12\/Veedurias_front-cover-1-212x300.png\" alt=\"\" itemprop=\"image\" decoding=\"async\" loading=\"lazy\" srcset=\"https:\/\/www.rainforestfoundationuk.org\/wp-content\/uploads\/2023\/12\/Veedurias_front-cover-1-212x300.png 212w, https:\/\/www.rainforestfoundationuk.org\/wp-content\/uploads\/2023\/12\/Veedurias_front-cover-1-8x12.png 8w, https:\/\/www.rainforestfoundationuk.org\/wp-content\/uploads\/2023\/12\/Veedurias_front-cover-1.png 659w\" sizes=\"auto, (max-width: 212px) 100vw, 212px\" \/>\n    <h3>Resumen Ejecutivo: Observatorios Forestales para la Defensa de los Territorios Ind\u00edgenas y la Conservaci\u00f3n de la Naturaleza en la Amazon\u00eda Peruana: la Experiencia de la Federaci\u00f3n Nativa de Madre de Dios y el Proyecto ForestLink<\/h3>\n    \t8 de diciembre de 2023\n\t<a href=\"https:\/\/www.rainforestfoundationuk.org\/wp-content\/uploads\/2023\/12\/Madre-de-Dios_FINAL_Resumen_Ejecutivo-1.pdf\" target=\"_blank\" rel=\"noopener\">View English<\/a>\n\t<a href=\"https:\/\/www.rainforestfoundationuk.org\/wp-content\/uploads\/2023\/12\/Madre-de-Dios_FINAL_Resumen_Ejecutivo-1-2.pdf\" target=\"_blank\" rel=\"noopener\">View Spanish<\/a>\n\t<meta itemscope itemprop=\"mainEntityOfPage\" itemtype=\"https:\/\/schema.org\/WebPage\" itemid=\"http:\/\/7080\" content=\"Three Basins Summit Statement\" \/><meta itemprop=\"datePublished\" content=\"2023-10-25\" \/><meta itemprop=\"dateModified\" content=\"2023-10-26\" \/><meta itemprop=\"name\" content=\"Rainforest Foundation UK\"\/><meta itemprop=\"url\" content=\"https:\/\/www.rainforestfoundationuk.org\/wp-content\/uploads\/2023\/08\/RFUK-logo-black.svg\"\/><meta itemprop=\"url\" content=\"https:\/\/www.rainforestfoundationuk.org\/author\/louisecrainforestuk-org\/\" \/><meta itemprop=\"name\" content=\"louisec@rainforestuk.org\" \/><meta itemprop=\"url\" content=\"https:\/\/www.rainforestfoundationuk.org\/wp-content\/uploads\/2023\/10\/Screenshot-2023-10-25-180032-1.png\" \/><meta itemprop=\"width\" content=\"794\" \/><meta itemprop=\"height\" content=\"852\" \/><meta itemprop=\"interactionType\" content=\"https:\/\/schema.org\/CommentAction\" \/><meta itemprop=\"userInteractionCount\" content=\"0\" \/>\n<img width=\"280\" height=\"300\" src=\"https:\/\/www.rainforestfoundationuk.org\/wp-content\/uploads\/2023\/10\/Screenshot-2023-10-25-180032-1-280x300.png\" alt=\"\" itemprop=\"image\" decoding=\"async\" loading=\"lazy\" srcset=\"https:\/\/www.rainforestfoundationuk.org\/wp-content\/uploads\/2023\/10\/Screenshot-2023-10-25-180032-1-280x300.png 280w, https:\/\/www.rainforestfoundationuk.org\/wp-content\/uploads\/2023\/10\/Screenshot-2023-10-25-180032-1-768x824.png 768w, https:\/\/www.rainforestfoundationuk.org\/wp-content\/uploads\/2023\/10\/Screenshot-2023-10-25-180032-1-11x12.png 11w, https:\/\/www.rainforestfoundationuk.org\/wp-content\/uploads\/2023\/10\/Screenshot-2023-10-25-180032-1.png 794w\" sizes=\"auto, (max-width: 280px) 100vw, 280px\" \/>\n    <h3>Declaraci\u00f3n de la Cumbre de las Tres Cuencas<\/h3>\n    \t25 de octubre de 2023\n\t<a href=\"https:\/\/www.rainforestfoundationuk.org\/wp-content\/uploads\/2023\/10\/Three-Basins-Summit-Statement_EN.pdf\" target=\"_blank\" rel=\"noopener\">View English<\/a>\n\t<a href=\"https:\/\/www.rainforestfoundationuk.org\/wp-content\/uploads\/2023\/10\/Three-Basins-Summit-Statement_FR.pdf\" target=\"_blank\" rel=\"noopener\">Ver franc\u00e9s<\/a>\n\t<meta itemscope itemprop=\"mainEntityOfPage\" itemtype=\"https:\/\/schema.org\/WebPage\" itemid=\"http:\/\/6554\" content=\"Map story: Credits Where They Are Not Due\" \/><meta itemprop=\"datePublished\" content=\"2023-07-26\" \/><meta itemprop=\"dateModified\" content=\"2023-07-26\" \/><meta itemprop=\"name\" content=\"Rainforest Foundation UK\"\/><meta itemprop=\"url\" content=\"https:\/\/www.rainforestfoundationuk.org\/wp-content\/uploads\/2023\/08\/RFUK-logo-black.svg\"\/><meta itemprop=\"url\" content=\"https:\/\/www.rainforestfoundationuk.org\/author\/chantalcrainforestuk-org\/\" \/><meta itemprop=\"name\" content=\"ChantalC@rainforestuk.org\" \/><meta itemprop=\"url\" content=\"https:\/\/www.rainforestfoundationuk.org\/wp-content\/uploads\/2023\/07\/JA-557-Carbon-credits-report-cover-1-2-scaled.jpg\" \/><meta itemprop=\"width\" content=\"1810\" \/><meta itemprop=\"height\" content=\"2560\" \/><meta itemprop=\"interactionType\" content=\"https:\/\/schema.org\/CommentAction\" \/><meta itemprop=\"userInteractionCount\" content=\"0\" \/>\n<img width=\"212\" height=\"300\" src=\"https:\/\/www.rainforestfoundationuk.org\/wp-content\/uploads\/2023\/07\/JA-557-Carbon-credits-report-cover-1-2-212x300.jpg\" alt=\"\" itemprop=\"image\" decoding=\"async\" loading=\"lazy\" srcset=\"https:\/\/www.rainforestfoundationuk.org\/wp-content\/uploads\/2023\/07\/JA-557-Carbon-credits-report-cover-1-2-212x300.jpg 212w, https:\/\/www.rainforestfoundationuk.org\/wp-content\/uploads\/2023\/07\/JA-557-Carbon-credits-report-cover-1-2-724x1024.jpg 724w, https:\/\/www.rainforestfoundationuk.org\/wp-content\/uploads\/2023\/07\/JA-557-Carbon-credits-report-cover-1-2-768x1086.jpg 768w, https:\/\/www.rainforestfoundationuk.org\/wp-content\/uploads\/2023\/07\/JA-557-Carbon-credits-report-cover-1-2-1086x1536.jpg 1086w, https:\/\/www.rainforestfoundationuk.org\/wp-content\/uploads\/2023\/07\/JA-557-Carbon-credits-report-cover-1-2-1448x2048.jpg 1448w, https:\/\/www.rainforestfoundationuk.org\/wp-content\/uploads\/2023\/07\/JA-557-Carbon-credits-report-cover-1-2-8x12.jpg 8w, https:\/\/www.rainforestfoundationuk.org\/wp-content\/uploads\/2023\/07\/JA-557-Carbon-credits-report-cover-1-2-scaled.jpg 1810w\" sizes=\"auto, (max-width: 212px) 100vw, 212px\" \/>\n    <h3>Historia del mapa: Cr\u00e9ditos donde no los hay<\/h3>\n    \t26 de julio de 2023\n\t<a href=\"https:\/\/storymaps.arcgis.com\/stories\/15dc099ba6054b6da1ae9646a3f706d8\" target=\"_blank\" rel=\"noopener\">View English<\/a>\n\t<a href=\"\" target=\"_blank\" rel=\"noopener\">Ver franc\u00e9s<\/a>\n\t\t<!-- .pp-content-posts -->\n\t<p><a href=\"\/es\/publicaciones\/\">M\u00e1s publicaciones...<\/a><\/p>\n\t\t\t\t<a href=\"\/es\/lo-que-puede-hacer\/apoyanos\/newsletter\/\" target=\"_self\" itemprop=\"url\" rel=\"noopener\">\n\t\t\t\t<img decoding=\"async\" src=\"https:\/\/www.rainforestfoundationuk.org\/wp-content\/uploads\/2021\/10\/f45324d9-f62e-4a94-99cb-0edb5922136a.jpg\" alt=\"f45324d9-f62e-4a94-99cb-0edb5922136a\" itemprop=\"image\" title=\"f45324d9-f62e-4a94-99cb-0edb5922136a\" onerror=\"this.style.display='none'\"  \/>\n\t\t\t\t<\/a>\n<h2><a href=\"\/es\/lo-que-puede-hacer\/apoyanos\/newsletter\/\" target=\"_self\" rel=\"noopener\">\u00fanete a nuestra comunidad<\/a><\/h2><p>Inscr\u00edbete aqu\u00ed para recibir las \u00faltimas actualizaciones sobre nuestro trabajo y victorias recientes, as\u00ed como historias de nuestros socios ind\u00edgenas y oportunidades para participar. Juntos podemos defender los derechos de los ind\u00edgenas, salvar la selva tropical y luchar contra el cambio clim\u00e1tico.<\/p>\n\t\t\t<a href=\"\/es\/lo-que-puede-hacer\/apoyanos\/newsletter\/\" target=\"_self\" rel=\"noopener\">\n\t\t\t\t\t\t\tInscr\u00edbete\n\t\t\t\t\t<\/a>\n\t\t\t\t<a href=\"\/es\/lo-que-puede-hacer\/apoyanos\/\" target=\"_self\" itemprop=\"url\" rel=\"noopener\">\n\t\t\t\t<img decoding=\"async\" src=\"https:\/\/www.rainforestfoundationuk.org\/wp-content\/uploads\/2022\/04\/ffdf30db-511f-4c6d-8b3e-2a34475bc20c.jpg\" alt=\"ffdf30db-511f-4c6d-8b3e-2a34475bc20c\" itemprop=\"image\" title=\"ffdf30db-511f-4c6d-8b3e-2a34475bc20c\" onerror=\"this.style.display='none'\"  \/>\n\t\t\t\t<\/a>\n<h2><a href=\"\/es\/lo-que-puede-hacer\/apoyanos\/\" target=\"_self\" rel=\"noopener\">Marca hoy la diferencia<\/a><\/h2><p>Averig\u00fce qu\u00e9 puede hacer para cambiar las cosas.<\/p>\n\t\t\t<a href=\"\/es\/lo-que-puede-hacer\/apoyanos\/\" target=\"_self\" rel=\"noopener\">\n\t\t\t\t\t\t\tM\u00e1s informaci\u00f3n\n\t\t\t\t\t<\/a>","protected":false},"excerpt":{"rendered":"<p>\u00daltimas noticias M\u00e1s noticias... Nuestro trabajo en la protecci\u00f3n de la selva tropical basada en los derechos Abordar la deforestaci\u00f3n con tecnolog\u00eda Nuestra iniciativa de vigilancia forestal comunitaria libera el potencial de los guardas forestales conect\u00e1ndolos con los organismos encargados de hacer cumplir la ley para vigilar y proteger los bosques. El n\u00facleo de esta iniciativa es ForestLink, un sistema innovador que permite a las comunidades transmitir ... M\u00e1s informaci\u00f3n <a title=\"Inicio\" class=\"read-more\" href=\"https:\/\/www.rainforestfoundationuk.org\/es\/\" aria-label=\"Read more about Home\">Seguir leyendo<\/a><\/p>","protected":false},"author":2,"featured_media":0,"parent":0,"menu_order":11,"comment_status":"closed","ping_status":"closed","template":"","meta":{"_acf_changed":false,"footnotes":""},"class_list":{"0":"post-10","1":"page","2":"type-page","3":"status-publish","5":"no-featured-image-padding"},"acf":[],"yoast_head":"<!-- This site is optimized with the Yoast SEO plugin v27.5 - https:\/\/yoast.com\/product\/yoast-seo-wordpress\/ -->\n<title>Home - Rainforest Foundation UK<\/title>\n<meta name=\"robots\" content=\"index, follow, max-snippet:-1, max-image-preview:large, max-video-preview:-1\" \/>\n<link rel=\"canonical\" href=\"https:\/\/www.rainforestfoundationuk.org\/es\/\" \/>\n<meta property=\"og:locale\" content=\"es_ES\" \/>\n<meta property=\"og:type\" content=\"article\" \/>\n<meta property=\"og:title\" content=\"Home - Rainforest Foundation UK\" \/>\n<meta property=\"og:description\" content=\"Latest news More news&#8230; Our work in rights-based rainforest protection Tackling deforestation with tech Our community forest monitoring initiative unlocks the potential of forest guardians by connecting them with law enforcement agencies to monitor and protect forests. At the heart of this is ForestLink &#8211; a breakthrough system that enables communities to transmit highly accurate ... Read more\" \/>\n<meta property=\"og:url\" content=\"https:\/\/www.rainforestfoundationuk.org\/es\/\" \/>\n<meta property=\"og:site_name\" content=\"Rainforest Foundation UK\" \/>\n<meta property=\"article:publisher\" content=\"https:\/\/www.facebook.com\/rainforestfoundationuk\" \/>\n<meta property=\"article:modified_time\" content=\"2024-02-28T12:08:05+00:00\" \/>\n<meta property=\"og:image\" content=\"https:\/\/staging.rainforestfoundationuk.org\/wp-content\/uploads\/2023\/12\/Madre-de-Dios_FINAL_ESPANOL-2-pdf-212x300.jpg\" \/>\n<meta name=\"twitter:card\" content=\"summary_large_image\" \/>\n<meta name=\"twitter:site\" content=\"@RFUK\" \/>\n<meta name=\"twitter:label1\" content=\"Est. reading time\" \/>\n\t<meta name=\"twitter:data1\" content=\"3 minutos\" \/>\n<script type=\"application\/ld+json\" class=\"yoast-schema-graph\">{\"@context\":\"https:\\\/\\\/schema.org\",\"@graph\":[{\"@type\":\"WebPage\",\"@id\":\"https:\\\/\\\/www.rainforestfoundationuk.org\\\/\",\"url\":\"https:\\\/\\\/www.rainforestfoundationuk.org\\\/\",\"name\":\"Home - Rainforest Foundation UK\",\"isPartOf\":{\"@id\":\"https:\\\/\\\/www.rainforestfoundationuk.org\\\/#website\"},\"primaryImageOfPage\":{\"@id\":\"https:\\\/\\\/www.rainforestfoundationuk.org\\\/#primaryimage\"},\"image\":{\"@id\":\"https:\\\/\\\/www.rainforestfoundationuk.org\\\/#primaryimage\"},\"thumbnailUrl\":\"https:\\\/\\\/www.rainforestfoundationuk.org\\\/wp-content\\\/uploads\\\/2023\\\/12\\\/Madre-de-Dios_FINAL_ESPANOL-2-pdf-212x300.jpg\",\"datePublished\":\"2021-01-11T14:28:28+00:00\",\"dateModified\":\"2024-02-28T12:08:05+00:00\",\"breadcrumb\":{\"@id\":\"https:\\\/\\\/www.rainforestfoundationuk.org\\\/#breadcrumb\"},\"inLanguage\":\"es-PE\",\"potentialAction\":[{\"@type\":\"ReadAction\",\"target\":[\"https:\\\/\\\/www.rainforestfoundationuk.org\\\/\"]}]},{\"@type\":\"ImageObject\",\"inLanguage\":\"es-PE\",\"@id\":\"https:\\\/\\\/www.rainforestfoundationuk.org\\\/#primaryimage\",\"url\":\"https:\\\/\\\/www.rainforestfoundationuk.org\\\/wp-content\\\/uploads\\\/2023\\\/12\\\/Madre-de-Dios_FINAL_ESPANOL-2-pdf-212x300.jpg\",\"contentUrl\":\"https:\\\/\\\/www.rainforestfoundationuk.org\\\/wp-content\\\/uploads\\\/2023\\\/12\\\/Madre-de-Dios_FINAL_ESPANOL-2-pdf-212x300.jpg\"},{\"@type\":\"BreadcrumbList\",\"@id\":\"https:\\\/\\\/www.rainforestfoundationuk.org\\\/#breadcrumb\",\"itemListElement\":[{\"@type\":\"ListItem\",\"position\":1,\"name\":\"Home\",\"item\":\"https:\\\/\\\/www.rainforestfoundationuk.org\\\/\"},{\"@type\":\"ListItem\",\"position\":2,\"name\":\"Home\"}]},{\"@type\":\"WebSite\",\"@id\":\"https:\\\/\\\/www.rainforestfoundationuk.org\\\/#website\",\"url\":\"https:\\\/\\\/www.rainforestfoundationuk.org\\\/\",\"name\":\"Rainforest Foundation UK\",\"description\":\"Securing lands, sustaining lives\",\"publisher\":{\"@id\":\"https:\\\/\\\/www.rainforestfoundationuk.org\\\/#organization\"},\"potentialAction\":[{\"@type\":\"SearchAction\",\"target\":{\"@type\":\"EntryPoint\",\"urlTemplate\":\"https:\\\/\\\/www.rainforestfoundationuk.org\\\/?s={search_term_string}\"},\"query-input\":{\"@type\":\"PropertyValueSpecification\",\"valueRequired\":true,\"valueName\":\"search_term_string\"}}],\"inLanguage\":\"es-PE\"},{\"@type\":\"Organization\",\"@id\":\"https:\\\/\\\/www.rainforestfoundationuk.org\\\/#organization\",\"name\":\"Rainforest Foundation UK\",\"url\":\"https:\\\/\\\/www.rainforestfoundationuk.org\\\/\",\"logo\":{\"@type\":\"ImageObject\",\"inLanguage\":\"es-PE\",\"@id\":\"https:\\\/\\\/www.rainforestfoundationuk.org\\\/#\\\/schema\\\/logo\\\/image\\\/\",\"url\":\"https:\\\/\\\/www.rainforestfoundationuk.org\\\/wp-content\\\/uploads\\\/2023\\\/08\\\/RFUK-logo-black.svg\",\"contentUrl\":\"https:\\\/\\\/www.rainforestfoundationuk.org\\\/wp-content\\\/uploads\\\/2023\\\/08\\\/RFUK-logo-black.svg\",\"width\":1278,\"height\":332,\"caption\":\"Rainforest Foundation UK\"},\"image\":{\"@id\":\"https:\\\/\\\/www.rainforestfoundationuk.org\\\/#\\\/schema\\\/logo\\\/image\\\/\"},\"sameAs\":[\"https:\\\/\\\/www.facebook.com\\\/rainforestfoundationuk\",\"https:\\\/\\\/x.com\\\/RFUK\",\"https:\\\/\\\/www.instagram.com\\\/rainforestfoundationuk\\\/\",\"https:\\\/\\\/www.youtube.com\\\/user\\\/theRFUK\"]}]}<\/script>\n<!-- \/ Yoast SEO plugin. -->","yoast_head_json":{"title":"Inicio - Rainforest Foundation UK","robots":{"index":"index","follow":"follow","max-snippet":"max-snippet:-1","max-image-preview":"max-image-preview:large","max-video-preview":"max-video-preview:-1"},"canonical":"https:\/\/www.rainforestfoundationuk.org\/es\/","og_locale":"es_ES","og_type":"article","og_title":"Home - Rainforest Foundation UK","og_description":"Latest news More news&#8230; Our work in rights-based rainforest protection Tackling deforestation with tech Our community forest monitoring initiative unlocks the potential of forest guardians by connecting them with law enforcement agencies to monitor and protect forests. At the heart of this is ForestLink &#8211; a breakthrough system that enables communities to transmit highly accurate ... Read more","og_url":"https:\/\/www.rainforestfoundationuk.org\/es\/","og_site_name":"Rainforest Foundation UK","article_publisher":"https:\/\/www.facebook.com\/rainforestfoundationuk","article_modified_time":"2024-02-28T12:08:05+00:00","og_image":[{"url":"https:\/\/staging.rainforestfoundationuk.org\/wp-content\/uploads\/2023\/12\/Madre-de-Dios_FINAL_ESPANOL-2-pdf-212x300.jpg","type":"","width":"","height":""}],"twitter_card":"summary_large_image","twitter_site":"@RFUK","twitter_misc":{"Est. reading time":"3 minutos"},"schema":{"@context":"https:\/\/schema.org","@graph":[{"@type":"WebPage","@id":"https:\/\/www.rainforestfoundationuk.org\/","url":"https:\/\/www.rainforestfoundationuk.org\/","name":"Inicio - Rainforest Foundation UK","isPartOf":{"@id":"https:\/\/www.rainforestfoundationuk.org\/#website"},"primaryImageOfPage":{"@id":"https:\/\/www.rainforestfoundationuk.org\/#primaryimage"},"image":{"@id":"https:\/\/www.rainforestfoundationuk.org\/#primaryimage"},"thumbnailUrl":"https:\/\/www.rainforestfoundationuk.org\/wp-content\/uploads\/2023\/12\/Madre-de-Dios_FINAL_ESPANOL-2-pdf-212x300.jpg","datePublished":"2021-01-11T14:28:28+00:00","dateModified":"2024-02-28T12:08:05+00:00","breadcrumb":{"@id":"https:\/\/www.rainforestfoundationuk.org\/#breadcrumb"},"inLanguage":"es-PE","potentialAction":[{"@type":"ReadAction","target":["https:\/\/www.rainforestfoundationuk.org\/"]}]},{"@type":"ImageObject","inLanguage":"es-PE","@id":"https:\/\/www.rainforestfoundationuk.org\/#primaryimage","url":"https:\/\/www.rainforestfoundationuk.org\/wp-content\/uploads\/2023\/12\/Madre-de-Dios_FINAL_ESPANOL-2-pdf-212x300.jpg","contentUrl":"https:\/\/www.rainforestfoundationuk.org\/wp-content\/uploads\/2023\/12\/Madre-de-Dios_FINAL_ESPANOL-2-pdf-212x300.jpg"},{"@type":"BreadcrumbList","@id":"https:\/\/www.rainforestfoundationuk.org\/#breadcrumb","itemListElement":[{"@type":"ListItem","position":1,"name":"Home","item":"https:\/\/www.rainforestfoundationuk.org\/"},{"@type":"ListItem","position":2,"name":"Home"}]},{"@type":"WebSite","@id":"https:\/\/www.rainforestfoundationuk.org\/#website","url":"https:\/\/www.rainforestfoundationuk.org\/","name":"Fundaci\u00f3n Rainforest del Reino Unido","description":"Proteger la tierra, preservar la vida","publisher":{"@id":"https:\/\/www.rainforestfoundationuk.org\/#organization"},"potentialAction":[{"@type":"SearchAction","target":{"@type":"EntryPoint","urlTemplate":"https:\/\/www.rainforestfoundationuk.org\/?s={search_term_string}"},"query-input":{"@type":"PropertyValueSpecification","valueRequired":true,"valueName":"search_term_string"}}],"inLanguage":"es-PE"},{"@type":"Organization","@id":"https:\/\/www.rainforestfoundationuk.org\/#organization","name":"Fundaci\u00f3n Rainforest del Reino Unido","url":"https:\/\/www.rainforestfoundationuk.org\/","logo":{"@type":"ImageObject","inLanguage":"es-PE","@id":"https:\/\/www.rainforestfoundationuk.org\/#\/schema\/logo\/image\/","url":"https:\/\/www.rainforestfoundationuk.org\/wp-content\/uploads\/2023\/08\/RFUK-logo-black.svg","contentUrl":"https:\/\/www.rainforestfoundationuk.org\/wp-content\/uploads\/2023\/08\/RFUK-logo-black.svg","width":1278,"height":332,"caption":"Rainforest Foundation UK"},"image":{"@id":"https:\/\/www.rainforestfoundationuk.org\/#\/schema\/logo\/image\/"},"sameAs":["https:\/\/www.facebook.com\/rainforestfoundationuk","https:\/\/x.com\/RFUK","https:\/\/www.instagram.com\/rainforestfoundationuk\/","https:\/\/www.youtube.com\/user\/theRFUK"]}]}},"_links":{"self":[{"href":"https:\/\/www.rainforestfoundationuk.org\/es\/wp-json\/wp\/v2\/pages\/10","targetHints":{"allow":["GET"]}}],"collection":[{"href":"https:\/\/www.rainforestfoundationuk.org\/es\/wp-json\/wp\/v2\/pages"}],"about":[{"href":"https:\/\/www.rainforestfoundationuk.org\/es\/wp-json\/wp\/v2\/types\/page"}],"author":[{"embeddable":true,"href":"https:\/\/www.rainforestfoundationuk.org\/es\/wp-json\/wp\/v2\/users\/2"}],"replies":[{"embeddable":true,"href":"https:\/\/www.rainforestfoundationuk.org\/es\/wp-json\/wp\/v2\/comments?post=10"}],"version-history":[{"count":5,"href":"https:\/\/www.rainforestfoundationuk.org\/es\/wp-json\/wp\/v2\/pages\/10\/revisions"}],"predecessor-version":[{"id":7736,"href":"https:\/\/www.rainforestfoundationuk.org\/es\/wp-json\/wp\/v2\/pages\/10\/revisions\/7736"}],"wp:attachment":[{"href":"https:\/\/www.rainforestfoundationuk.org\/es\/wp-json\/wp\/v2\/media?parent=10"}],"curies":[{"name":"wp","href":"https:\/\/api.w.org\/{rel}","templated":true}]}}