{"id":164,"date":"2021-09-13T09:32:02","date_gmt":"2021-09-13T09:32:02","guid":{"rendered":"https:\/\/www.rainforestfoundationuk.org\/?page_id=164"},"modified":"2024-09-12T15:49:37","modified_gmt":"2024-09-12T14:49:37","slug":"tierra-y-medios-de-subsistencia","status":"publish","type":"page","link":"https:\/\/www.rainforestfoundationuk.org\/es\/our-projects\/land-and-livelihoods\/","title":{"rendered":"Tierra y medios de subsistencia"},"content":{"rendered":"<h2>\n\t\tBOSQUES COMUNITARIOS\n\t<\/h2>\n\t<p>Nuestro proyecto de Bosques Comunitarios pretende establecer un modelo de gesti\u00f3n forestal comunitaria de \u00e9xito, centrado en los derechos, necesidades y prioridades de las comunidades locales, incluidas las de grupos marginados como los pueblos ind\u00edgenas y las mujeres.<\/p>\n\t\t\t<a href=\"\/es\/nuestros-proyectos\/bosques-comunitarios\/\" target=\"_self\" rel=\"noopener\">\n\t\t\t\t\t\t\tM\u00e1s informaci\u00f3n\n\t\t\t\t\t<\/a>\n<h2>\n\t\tMedios de subsistencia ind\u00edgenas\n\t<\/h2>\n\t<p>Este proyecto ayuda a las familias ind\u00edgenas ash\u00e1ninkas de la Amazonia peruana a generar ingresos sostenibles mediante la producci\u00f3n de cultivos respetuosos con el medio ambiente, como el cacao. Nuestro trabajo se desarrolla en el valle del r\u00edo Ene, en la regi\u00f3n de Jun\u00edn (Per\u00fa), donde colaboramos estrechamente con la cooperativa de cacao Kemito Ene.<\/p>\n\t\t\t<a href=\"\/es\/nuestros-proyectos\/medios-de-subsistencia-autoctonos\/\" target=\"_self\" rel=\"noopener\">\n\t\t\t\t\t\t\tM\u00e1s informaci\u00f3n\n\t\t\t\t\t<\/a>\n<h2>\n\t\tCartograf\u00eda de los derechos\n\t<\/h2>\n\t<p>Mapping For Rights es un galardonado proyecto de mapas comunitarios interactivos para la cuenca del Congo, que comenz\u00f3 en noviembre de 2011 y sigue en marcha.<\/p>\n\t\t\t<a href=\"\/es\/nuestros-proyectos\/cartografia-de-los-derechos\/\" target=\"_self\" rel=\"noopener\">\n\t\t\t\t\t\t\tM\u00e1s informaci\u00f3n\n\t\t\t\t\t<\/a>","protected":false},"excerpt":{"rendered":"<p>Bosques comunitarios Nuestro proyecto Bosques Comunitarios pretende establecer un modelo exitoso de gesti\u00f3n forestal comunitaria, centrado en los derechos, necesidades y prioridades de las comunidades locales, incluidos los de grupos marginados como los pueblos ind\u00edgenas y las mujeres. M\u00e1s informaci\u00f3n Medios de vida ind\u00edgenas Este proyecto ayuda a las familias ind\u00edgenas ash\u00e1ninkas de la Amazonia peruana a generar ... M\u00e1s informaci\u00f3n <a title=\"Land &#038; Livelihoods\" class=\"read-more\" href=\"https:\/\/www.rainforestfoundationuk.org\/es\/our-projects\/land-and-livelihoods\/\" aria-label=\"Read more about Land &#038; Livelihoods\">Seguir leyendo<\/a><\/p>","protected":false},"author":2,"featured_media":0,"parent":4204,"menu_order":0,"comment_status":"closed","ping_status":"closed","template":"","meta":{"_acf_changed":false,"footnotes":""},"class_list":{"0":"post-164","1":"page","2":"type-page","3":"status-publish","5":"no-featured-image-padding"},"acf":[],"yoast_head":"<!-- This site is optimized with the Yoast SEO plugin v27.4 - https:\/\/yoast.com\/product\/yoast-seo-wordpress\/ -->\n<title>Land &amp; Livelihoods - Rainforest Foundation UK<\/title>\n<meta name=\"robots\" content=\"index, follow, max-snippet:-1, max-image-preview:large, max-video-preview:-1\" \/>\n<link rel=\"canonical\" href=\"https:\/\/www.rainforestfoundationuk.org\/es\/nuestros-proyectos\/tierra-y-medios-de-subsistencia\/\" \/>\n<meta property=\"og:locale\" content=\"es_ES\" \/>\n<meta property=\"og:type\" content=\"article\" \/>\n<meta property=\"og:title\" content=\"Land &amp; Livelihoods - Rainforest Foundation UK\" \/>\n<meta property=\"og:description\" content=\"Community Forests Our Community Forests project aims to establish a successful model of community-based forest management, one that focuses on the rights, needs and priorities of local communities, including those of marginalised groups such as indigenous peoples and women. Learn more Indigenous Livelihoods This project helps indigenous Ash\u00e1ninka families in the Peruvian Amazon to generate ... Read more\" \/>\n<meta property=\"og:url\" content=\"https:\/\/www.rainforestfoundationuk.org\/es\/nuestros-proyectos\/tierra-y-medios-de-subsistencia\/\" \/>\n<meta property=\"og:site_name\" content=\"Rainforest Foundation UK\" \/>\n<meta property=\"article:publisher\" content=\"https:\/\/www.facebook.com\/rainforestfoundationuk\" \/>\n<meta property=\"article:modified_time\" content=\"2024-09-12T14:49:37+00:00\" \/>\n<meta name=\"twitter:card\" content=\"summary_large_image\" \/>\n<meta name=\"twitter:site\" content=\"@RFUK\" \/>\n<meta name=\"twitter:label1\" content=\"Est. reading time\" \/>\n\t<meta name=\"twitter:data1\" content=\"1 minuto\" \/>\n<script type=\"application\/ld+json\" class=\"yoast-schema-graph\">{\"@context\":\"https:\\\/\\\/schema.org\",\"@graph\":[{\"@type\":\"WebPage\",\"@id\":\"https:\\\/\\\/www.rainforestfoundationuk.org\\\/our-projects\\\/land-and-livelihoods\\\/\",\"url\":\"https:\\\/\\\/www.rainforestfoundationuk.org\\\/our-projects\\\/land-and-livelihoods\\\/\",\"name\":\"Land & Livelihoods - Rainforest Foundation UK\",\"isPartOf\":{\"@id\":\"https:\\\/\\\/www.rainforestfoundationuk.org\\\/#website\"},\"datePublished\":\"2021-09-13T09:32:02+00:00\",\"dateModified\":\"2024-09-12T14:49:37+00:00\",\"breadcrumb\":{\"@id\":\"https:\\\/\\\/www.rainforestfoundationuk.org\\\/our-projects\\\/land-and-livelihoods\\\/#breadcrumb\"},\"inLanguage\":\"es-PE\",\"potentialAction\":[{\"@type\":\"ReadAction\",\"target\":[\"https:\\\/\\\/www.rainforestfoundationuk.org\\\/our-projects\\\/land-and-livelihoods\\\/\"]}]},{\"@type\":\"BreadcrumbList\",\"@id\":\"https:\\\/\\\/www.rainforestfoundationuk.org\\\/our-projects\\\/land-and-livelihoods\\\/#breadcrumb\",\"itemListElement\":[{\"@type\":\"ListItem\",\"position\":1,\"name\":\"Home\",\"item\":\"https:\\\/\\\/www.rainforestfoundationuk.org\\\/\"},{\"@type\":\"ListItem\",\"position\":2,\"name\":\"Our Projects\",\"item\":\"https:\\\/\\\/www.rainforestfoundationuk.org\\\/our-projects\\\/\"},{\"@type\":\"ListItem\",\"position\":3,\"name\":\"Land &#038; Livelihoods\"}]},{\"@type\":\"WebSite\",\"@id\":\"https:\\\/\\\/www.rainforestfoundationuk.org\\\/#website\",\"url\":\"https:\\\/\\\/www.rainforestfoundationuk.org\\\/\",\"name\":\"Rainforest Foundation UK\",\"description\":\"Securing lands, sustaining lives\",\"publisher\":{\"@id\":\"https:\\\/\\\/www.rainforestfoundationuk.org\\\/#organization\"},\"potentialAction\":[{\"@type\":\"SearchAction\",\"target\":{\"@type\":\"EntryPoint\",\"urlTemplate\":\"https:\\\/\\\/www.rainforestfoundationuk.org\\\/?s={search_term_string}\"},\"query-input\":{\"@type\":\"PropertyValueSpecification\",\"valueRequired\":true,\"valueName\":\"search_term_string\"}}],\"inLanguage\":\"es-PE\"},{\"@type\":\"Organization\",\"@id\":\"https:\\\/\\\/www.rainforestfoundationuk.org\\\/#organization\",\"name\":\"Rainforest Foundation UK\",\"url\":\"https:\\\/\\\/www.rainforestfoundationuk.org\\\/\",\"logo\":{\"@type\":\"ImageObject\",\"inLanguage\":\"es-PE\",\"@id\":\"https:\\\/\\\/www.rainforestfoundationuk.org\\\/#\\\/schema\\\/logo\\\/image\\\/\",\"url\":\"https:\\\/\\\/www.rainforestfoundationuk.org\\\/wp-content\\\/uploads\\\/2023\\\/08\\\/RFUK-logo-black.svg\",\"contentUrl\":\"https:\\\/\\\/www.rainforestfoundationuk.org\\\/wp-content\\\/uploads\\\/2023\\\/08\\\/RFUK-logo-black.svg\",\"width\":1278,\"height\":332,\"caption\":\"Rainforest Foundation UK\"},\"image\":{\"@id\":\"https:\\\/\\\/www.rainforestfoundationuk.org\\\/#\\\/schema\\\/logo\\\/image\\\/\"},\"sameAs\":[\"https:\\\/\\\/www.facebook.com\\\/rainforestfoundationuk\",\"https:\\\/\\\/x.com\\\/RFUK\",\"https:\\\/\\\/www.instagram.com\\\/rainforestfoundationuk\\\/\",\"https:\\\/\\\/www.youtube.com\\\/user\\\/theRFUK\"]}]}<\/script>\n<!-- \/ Yoast SEO plugin. -->","yoast_head_json":{"title":"Tierra y medios de subsistencia - Rainforest Foundation UK","robots":{"index":"index","follow":"follow","max-snippet":"max-snippet:-1","max-image-preview":"max-image-preview:large","max-video-preview":"max-video-preview:-1"},"canonical":"https:\/\/www.rainforestfoundationuk.org\/es\/nuestros-proyectos\/tierra-y-medios-de-subsistencia\/","og_locale":"es_ES","og_type":"article","og_title":"Land & Livelihoods - Rainforest Foundation UK","og_description":"Community Forests Our Community Forests project aims to establish a successful model of community-based forest management, one that focuses on the rights, needs and priorities of local communities, including those of marginalised groups such as indigenous peoples and women. Learn more Indigenous Livelihoods This project helps indigenous Ash\u00e1ninka families in the Peruvian Amazon to generate ... Read more","og_url":"https:\/\/www.rainforestfoundationuk.org\/es\/nuestros-proyectos\/tierra-y-medios-de-subsistencia\/","og_site_name":"Rainforest Foundation UK","article_publisher":"https:\/\/www.facebook.com\/rainforestfoundationuk","article_modified_time":"2024-09-12T14:49:37+00:00","twitter_card":"summary_large_image","twitter_site":"@RFUK","twitter_misc":{"Est. reading time":"1 minuto"},"schema":{"@context":"https:\/\/schema.org","@graph":[{"@type":"WebPage","@id":"https:\/\/www.rainforestfoundationuk.org\/our-projects\/land-and-livelihoods\/","url":"https:\/\/www.rainforestfoundationuk.org\/our-projects\/land-and-livelihoods\/","name":"Tierra y medios de subsistencia - Rainforest Foundation UK","isPartOf":{"@id":"https:\/\/www.rainforestfoundationuk.org\/#website"},"datePublished":"2021-09-13T09:32:02+00:00","dateModified":"2024-09-12T14:49:37+00:00","breadcrumb":{"@id":"https:\/\/www.rainforestfoundationuk.org\/our-projects\/land-and-livelihoods\/#breadcrumb"},"inLanguage":"es-PE","potentialAction":[{"@type":"ReadAction","target":["https:\/\/www.rainforestfoundationuk.org\/our-projects\/land-and-livelihoods\/"]}]},{"@type":"BreadcrumbList","@id":"https:\/\/www.rainforestfoundationuk.org\/our-projects\/land-and-livelihoods\/#breadcrumb","itemListElement":[{"@type":"ListItem","position":1,"name":"Home","item":"https:\/\/www.rainforestfoundationuk.org\/"},{"@type":"ListItem","position":2,"name":"Our Projects","item":"https:\/\/www.rainforestfoundationuk.org\/our-projects\/"},{"@type":"ListItem","position":3,"name":"Land &#038; Livelihoods"}]},{"@type":"WebSite","@id":"https:\/\/www.rainforestfoundationuk.org\/#website","url":"https:\/\/www.rainforestfoundationuk.org\/","name":"Fundaci\u00f3n Rainforest del Reino Unido","description":"Proteger la tierra, preservar la vida","publisher":{"@id":"https:\/\/www.rainforestfoundationuk.org\/#organization"},"potentialAction":[{"@type":"SearchAction","target":{"@type":"EntryPoint","urlTemplate":"https:\/\/www.rainforestfoundationuk.org\/?s={search_term_string}"},"query-input":{"@type":"PropertyValueSpecification","valueRequired":true,"valueName":"search_term_string"}}],"inLanguage":"es-PE"},{"@type":"Organization","@id":"https:\/\/www.rainforestfoundationuk.org\/#organization","name":"Fundaci\u00f3n Rainforest del Reino Unido","url":"https:\/\/www.rainforestfoundationuk.org\/","logo":{"@type":"ImageObject","inLanguage":"es-PE","@id":"https:\/\/www.rainforestfoundationuk.org\/#\/schema\/logo\/image\/","url":"https:\/\/www.rainforestfoundationuk.org\/wp-content\/uploads\/2023\/08\/RFUK-logo-black.svg","contentUrl":"https:\/\/www.rainforestfoundationuk.org\/wp-content\/uploads\/2023\/08\/RFUK-logo-black.svg","width":1278,"height":332,"caption":"Rainforest Foundation UK"},"image":{"@id":"https:\/\/www.rainforestfoundationuk.org\/#\/schema\/logo\/image\/"},"sameAs":["https:\/\/www.facebook.com\/rainforestfoundationuk","https:\/\/x.com\/RFUK","https:\/\/www.instagram.com\/rainforestfoundationuk\/","https:\/\/www.youtube.com\/user\/theRFUK"]}]}},"_links":{"self":[{"href":"https:\/\/www.rainforestfoundationuk.org\/es\/wp-json\/wp\/v2\/pages\/164","targetHints":{"allow":["GET"]}}],"collection":[{"href":"https:\/\/www.rainforestfoundationuk.org\/es\/wp-json\/wp\/v2\/pages"}],"about":[{"href":"https:\/\/www.rainforestfoundationuk.org\/es\/wp-json\/wp\/v2\/types\/page"}],"author":[{"embeddable":true,"href":"https:\/\/www.rainforestfoundationuk.org\/es\/wp-json\/wp\/v2\/users\/2"}],"replies":[{"embeddable":true,"href":"https:\/\/www.rainforestfoundationuk.org\/es\/wp-json\/wp\/v2\/comments?post=164"}],"version-history":[{"count":5,"href":"https:\/\/www.rainforestfoundationuk.org\/es\/wp-json\/wp\/v2\/pages\/164\/revisions"}],"predecessor-version":[{"id":8436,"href":"https:\/\/www.rainforestfoundationuk.org\/es\/wp-json\/wp\/v2\/pages\/164\/revisions\/8436"}],"up":[{"embeddable":true,"href":"https:\/\/www.rainforestfoundationuk.org\/es\/wp-json\/wp\/v2\/pages\/4204"}],"wp:attachment":[{"href":"https:\/\/www.rainforestfoundationuk.org\/es\/wp-json\/wp\/v2\/media?parent=164"}],"curies":[{"name":"wp","href":"https:\/\/api.w.org\/{rel}","templated":true}]}}