{"id":1923,"date":"2021-11-16T15:29:28","date_gmt":"2021-11-16T15:29:28","guid":{"rendered":"https:\/\/www.rainforestfoundationuk.org\/?page_id=1923"},"modified":"2022-09-21T21:43:21","modified_gmt":"2022-09-21T21:43:21","slug":"plantas-y-animales","status":"publish","type":"page","link":"https:\/\/www.rainforestfoundationuk.org\/es\/what-you-can-do\/schools-and-fundraising\/education-pack\/plants-and-animals\/","title":{"rendered":"Plantas y animales"},"content":{"rendered":"<img loading=\"lazy\" decoding=\"async\" src=\"https:\/\/www.rainforestfoundationuk.org\/wp-content\/uploads\/2021\/11\/6a037068-dd10-4309-8923-f1f7d94a6ebf.jpg\" alt=\"6a037068-dd10-4309-8923-f1f7d94a6ebf\" itemprop=\"image\" height=\"328\" width=\"328\" title=\"6a037068-dd10-4309-8923-f1f7d94a6ebf\" onerror=\"this.style.display='none'\"  \/>\n\t<h3>LAS SELVAS TROPICALES ALBERGAN EL 80% DE LAS ESPECIES TERRESTRES DEL MUNDO<\/h3>\n\t\t\t\t<img loading=\"lazy\" decoding=\"async\" src=\"https:\/\/www.rainforestfoundationuk.org\/wp-content\/uploads\/2021\/11\/b653160f-742e-4daa-afb3-70443faf5b04.jpg\" alt=\"b653160f-742e-4daa-afb3-70443faf5b04\" itemprop=\"image\" height=\"328\" width=\"328\" title=\"b653160f-742e-4daa-afb3-70443faf5b04\" onerror=\"this.style.display='none'\"  \/>\n\t<h3>EL PER\u00da ALBERGA M\u00c1S DE 15.000 ESPECIES DE PLANTAS, Y LOS IND\u00cdGENAS SIGUEN UTILIZANDO MUCHAS DE ELLAS PARA NECESIDADES COTIDIANAS COMO LA MEDICINA<\/h3>\n\t\t\t\t<img loading=\"lazy\" decoding=\"async\" src=\"https:\/\/www.rainforestfoundationuk.org\/wp-content\/uploads\/2021\/11\/a95b2e28-9be7-41b3-b518-d8b8cbce64d9.jpg\" alt=\"a95b2e28-9be7-41b3-b518-d8b8cbce64d9\" itemprop=\"image\" height=\"328\" width=\"328\" title=\"a95b2e28-9be7-41b3-b518-d8b8cbce64d9\" onerror=\"this.style.display='none'\"  \/>\n\t<h3>LA SELVA TROPICAL DE LA CUENCA DEL CONGO ES EL \u00daNICO LUGAR QUE ALBERGA LOS 3 TIPOS DE GRANDES SIMIOS<\/h3>\n\t\t\t\t<img loading=\"lazy\" decoding=\"async\" src=\"https:\/\/www.rainforestfoundationuk.org\/wp-content\/uploads\/2022\/02\/5bf20337-67ca-4e67-829e-518fad6d1dbb.jpg\" alt=\"5bf20337-67ca-4e67-829e-518fad6d1dbb\" itemprop=\"image\" height=\"328\" width=\"328\" title=\"5bf20337-67ca-4e67-829e-518fad6d1dbb\" onerror=\"this.style.display='none'\"  \/>\n\t<h3>UNA SOLA HECT\u00c1REA DE SELVA TROPICAL PUEDE CONTENER 200 ESPECIES DE \u00c1RBOLES DIFERENTES<\/h3>\n\t\t\t\t<img loading=\"lazy\" decoding=\"async\" src=\"https:\/\/www.rainforestfoundationuk.org\/wp-content\/uploads\/2022\/02\/33d960c2-3eee-4e5f-bcfa-5ce55a702719.jpg\" alt=\"33d960c2-3eee-4e5f-bcfa-5ce55a702719\" itemprop=\"image\" height=\"328\" width=\"328\" title=\"33d960c2-3eee-4e5f-bcfa-5ce55a702719\" onerror=\"this.style.display='none'\"  \/>\n\t<h3>S\u00d3LO EN EL AMAZONAS VIVEN UNAS 3.000 ESPECIES DE PECES DE AGUA DULCE<\/h3>\n\t\t\t\t<img loading=\"lazy\" decoding=\"async\" src=\"https:\/\/www.rainforestfoundationuk.org\/wp-content\/uploads\/2022\/02\/6e975f29-cd9b-46fd-897d-ab45eda7b785.jpg\" alt=\"6e975f29-cd9b-46fd-897d-ab45eda7b785\" itemprop=\"image\" height=\"328\" width=\"328\" title=\"6e975f29-cd9b-46fd-897d-ab45eda7b785\" onerror=\"this.style.display='none'\"  \/>\n\t<h3>LOS MONOS BONOBOS SON NUESTROS PARIENTES VIVOS M\u00c1S CERCANOS Y S\u00d3LO SE ENCUENTRAN EN LA REP\u00daBLICA DEMOCR\u00c1TICA DEL CONGO<\/h3>\n\t\t\t\t<img loading=\"lazy\" decoding=\"async\" src=\"https:\/\/www.rainforestfoundationuk.org\/wp-content\/uploads\/2022\/02\/302781a6-42ad-4743-99c8-596cc9411418.jpg\" alt=\"302781a6-42ad-4743-99c8-596cc9411418\" itemprop=\"image\" height=\"328\" width=\"328\" title=\"302781a6-42ad-4743-99c8-596cc9411418\" onerror=\"this.style.display='none'\"  \/>\n\t<h3>ALREDEDOR DE 80% DE NUESTROS ALIMENTOS PROCEDEN DE LA SELVA TROPICAL: TOMATES, PATATAS, ARROZ, CACAO, ETC.<\/h3>\n\t\t\t\t<img loading=\"lazy\" decoding=\"async\" src=\"https:\/\/www.rainforestfoundationuk.org\/wp-content\/uploads\/2022\/02\/150e2a21-0c83-4e4e-b517-f8f846b19933.jpg\" alt=\"150e2a21-0c83-4e4e-b517-f8f846b19933\" itemprop=\"image\" height=\"328\" width=\"328\" title=\"150e2a21-0c83-4e4e-b517-f8f846b19933\" onerror=\"this.style.display='none'\"  \/>\n\t<h3>LA CEIBA ES EL \u00c1RBOL M\u00c1S ALTO DE LA SELVA TROPICAL. PUEDE SUPERAR LOS 60 METROS DE ALTURA Y LOS 3 METROS DE ANCHURA.<\/h3>\n<h2>\n\t\tDatos forestales\n\t<\/h2>\n\t<meta itemscope itemprop=\"mainEntityOfPage\" itemtype=\"https:\/\/schema.org\/WebPage\" itemid=\"https:\/\/www.rainforestfoundationuk.org\/what-you-can-do\/schools-and-fundraising\/education-pack\/plants-and-animals\/\" content=\"Plants and Animals\" \/><meta itemprop=\"datePublished\" content=\"2021-11-16\" \/><meta itemprop=\"dateModified\" content=\"2022-09-20\" \/><meta itemprop=\"name\" content=\"Rainforest Foundation UK\"\/><meta itemprop=\"url\" content=\"https:\/\/www.rainforestfoundationuk.org\/author\/raygundesign\/\" \/><meta itemprop=\"name\" content=\"raygundesign\" \/><meta itemprop=\"url\" content=\"https:\/\/www.rainforestfoundationuk.org\/wp-content\/uploads\/2022\/02\/plants-and-animals.jpg\" \/><meta itemprop=\"width\" content=\"613\" \/><meta itemprop=\"height\" content=\"400\" \/><meta itemprop=\"interactionType\" content=\"https:\/\/schema.org\/CommentAction\" \/><meta itemprop=\"userInteractionCount\" content=\"0\" \/>\n\t\t\t\t<a href=\"https:\/\/www.rainforestfoundationuk.org\/es\/lo-que-puede-hacer\/escuelas-y-recaudacion-de-fondos\/paquete-educativo\/plantas-y-animales\/\" target=\"_self\" itemprop=\"url\" rel=\"noopener\">\n\t\t\t\t<img loading=\"lazy\" decoding=\"async\" src=\"https:\/\/www.rainforestfoundationuk.org\/wp-content\/uploads\/bb-plugin\/cache\/plants-and-animals-panorama.jpg\" alt=\"plantas y animales\" itemprop=\"image\" data-no-lazy=\"1\" height=\"400\" width=\"613\" title=\"plantas y animales\" onerror=\"this.style.display='none'\"  \/>\n\t\t\t\t<\/a>\n\t\t\t\t\t\t\t\t\t<h3 itemprop=\"headline\">\n\t\t\t\t\t\t\t\t\t\t\t\t\t<a href=\"https:\/\/www.rainforestfoundationuk.org\/es\/lo-que-puede-hacer\/escuelas-y-recaudacion-de-fondos\/paquete-educativo\/plantas-y-animales\/\" title=\"Plantas y animales\">\n\t\t\t\t\t\t\t\t\t\t\t\t\t\tPlantas y animales\t\t\t\t\t\t\t\t\t\t\t\t\t<\/a>\n\t\t\t\t\t\t\t\t\t\t\t<\/h3>\n    <p>Las selvas tropicales albergan el 80% de las especies terrestres del mundo<\/p>\n\t<meta itemscope itemprop=\"mainEntityOfPage\" itemtype=\"https:\/\/schema.org\/WebPage\" itemid=\"https:\/\/www.rainforestfoundationuk.org\/what-you-can-do\/schools-and-fundraising\/education-pack\/people-and-rainforests\/\" content=\"People and Rainforests\" \/><meta itemprop=\"datePublished\" content=\"2021-11-16\" \/><meta itemprop=\"dateModified\" content=\"2022-09-20\" \/><meta itemprop=\"name\" content=\"Rainforest Foundation UK\"\/><meta itemprop=\"url\" content=\"https:\/\/www.rainforestfoundationuk.org\/author\/raygundesign\/\" \/><meta itemprop=\"name\" content=\"raygundesign\" \/><meta itemprop=\"url\" content=\"https:\/\/www.rainforestfoundationuk.org\/wp-content\/uploads\/2021\/09\/promo-03.jpg\" \/><meta itemprop=\"width\" content=\"555\" \/><meta itemprop=\"height\" content=\"380\" \/><meta itemprop=\"interactionType\" content=\"https:\/\/schema.org\/CommentAction\" \/><meta itemprop=\"userInteractionCount\" content=\"0\" \/>\n\t\t\t\t<a href=\"https:\/\/www.rainforestfoundationuk.org\/es\/lo-que-puede-hacer\/escuelas-y-recaudacion-de-fondos\/paquete-educativo\/personas-y-selvas-tropicales\/\" target=\"_self\" itemprop=\"url\" rel=\"noopener\">\n\t\t\t\t<img loading=\"lazy\" decoding=\"async\" src=\"https:\/\/www.rainforestfoundationuk.org\/wp-content\/uploads\/bb-plugin\/cache\/promo-03-panorama.jpg\" alt=\"promo-03\" itemprop=\"image\" data-no-lazy=\"1\" height=\"380\" width=\"555\" title=\"promo-03\" onerror=\"this.style.display='none'\"  \/>\n\t\t\t\t<\/a>\n\t\t\t\t\t\t\t\t\t<h3 itemprop=\"headline\">\n\t\t\t\t\t\t\t\t\t\t\t\t\t<a href=\"https:\/\/www.rainforestfoundationuk.org\/es\/lo-que-puede-hacer\/escuelas-y-recaudacion-de-fondos\/paquete-educativo\/personas-y-selvas-tropicales\/\" title=\"Personas y selvas tropicales\">\n\t\t\t\t\t\t\t\t\t\t\t\t\t\tPersonas y selvas tropicales\t\t\t\t\t\t\t\t\t\t\t\t\t<\/a>\n\t\t\t\t\t\t\t\t\t\t\t<\/h3>\n    <p>M\u00e1s de mil millones de personas en todo el mundo dependen de los bosques para su subsistencia<\/p>\n\t<meta itemscope itemprop=\"mainEntityOfPage\" itemtype=\"https:\/\/schema.org\/WebPage\" itemid=\"https:\/\/www.rainforestfoundationuk.org\/what-you-can-do\/schools-and-fundraising\/education-pack\/geography-and-ecology\/\" content=\"Geography and Ecology\" \/><meta itemprop=\"datePublished\" content=\"2021-11-16\" \/><meta itemprop=\"dateModified\" content=\"2022-09-20\" \/><meta itemprop=\"name\" content=\"Rainforest Foundation UK\"\/><meta itemprop=\"url\" content=\"https:\/\/www.rainforestfoundationuk.org\/author\/raygundesign\/\" \/><meta itemprop=\"name\" content=\"raygundesign\" \/><meta itemprop=\"url\" content=\"https:\/\/www.rainforestfoundationuk.org\/wp-content\/uploads\/2022\/02\/513ce33f-6d00-4112-9b4a-19037dcbbed2_750_577.jpg\" \/><meta itemprop=\"width\" content=\"613\" \/><meta itemprop=\"height\" content=\"400\" \/><meta itemprop=\"interactionType\" content=\"https:\/\/schema.org\/CommentAction\" \/><meta itemprop=\"userInteractionCount\" content=\"0\" \/>\n\t\t\t\t<a href=\"https:\/\/www.rainforestfoundationuk.org\/es\/lo-que-puede-hacer\/escuelas-y-recaudacion-de-fondos\/paquete-educativo\/geografia-y-ecologia\/\" target=\"_self\" itemprop=\"url\" rel=\"noopener\">\n\t\t\t\t<img loading=\"lazy\" decoding=\"async\" src=\"https:\/\/www.rainforestfoundationuk.org\/wp-content\/uploads\/bb-plugin\/cache\/513ce33f-6d00-4112-9b4a-19037dcbbed2_750_577-panorama.jpg\" alt=\"513ce33f-6d00-4112-9b4a-19037dcbbed2_750_577\" itemprop=\"image\" data-no-lazy=\"1\" height=\"400\" width=\"613\" title=\"513ce33f-6d00-4112-9b4a-19037dcbbed2_750_577\" onerror=\"this.style.display='none'\"  \/>\n\t\t\t\t<\/a>\n\t\t\t\t\t\t\t\t\t<h3 itemprop=\"headline\">\n\t\t\t\t\t\t\t\t\t\t\t\t\t<a href=\"https:\/\/www.rainforestfoundationuk.org\/es\/lo-que-puede-hacer\/escuelas-y-recaudacion-de-fondos\/paquete-educativo\/geografia-y-ecologia\/\" title=\"Geograf\u00eda y ecolog\u00eda\">\n\t\t\t\t\t\t\t\t\t\t\t\t\t\tGeograf\u00eda y ecolog\u00eda\t\t\t\t\t\t\t\t\t\t\t\t\t<\/a>\n\t\t\t\t\t\t\t\t\t\t\t<\/h3>\n    <p>Aunque cubren menos de 2% de la superficie terrestre, las selvas tropicales albergan la mitad de toda la biodiversidad terrestre<\/p>\n\t<meta itemscope itemprop=\"mainEntityOfPage\" itemtype=\"https:\/\/schema.org\/WebPage\" itemid=\"https:\/\/www.rainforestfoundationuk.org\/what-you-can-do\/schools-and-fundraising\/education-pack\/threats-to-rainforests\/\" content=\"Threats to Rainforests\" \/><meta itemprop=\"datePublished\" content=\"2021-11-16\" \/><meta itemprop=\"dateModified\" content=\"2022-09-20\" \/><meta itemprop=\"name\" content=\"Rainforest Foundation UK\"\/><meta itemprop=\"url\" content=\"https:\/\/www.rainforestfoundationuk.org\/author\/raygundesign\/\" \/><meta itemprop=\"name\" content=\"raygundesign\" \/><meta itemprop=\"url\" content=\"https:\/\/www.rainforestfoundationuk.org\/wp-content\/uploads\/2022\/02\/2f3f70f8-0789-457d-9f2c-98c0a5b979b2_750_577.jpg\" \/><meta itemprop=\"width\" content=\"613\" \/><meta itemprop=\"height\" content=\"400\" \/><meta itemprop=\"interactionType\" content=\"https:\/\/schema.org\/CommentAction\" \/><meta itemprop=\"userInteractionCount\" content=\"0\" \/>\n\t\t\t\t<a href=\"https:\/\/www.rainforestfoundationuk.org\/es\/lo-que-puede-hacer\/escuelas-y-recaudacion-de-fondos\/paquete-educativo\/amenazas-para-los-bosques-tropicales\/\" target=\"_self\" itemprop=\"url\" rel=\"noopener\">\n\t\t\t\t<img loading=\"lazy\" decoding=\"async\" src=\"https:\/\/www.rainforestfoundationuk.org\/wp-content\/uploads\/bb-plugin\/cache\/2f3f70f8-0789-457d-9f2c-98c0a5b979b2_750_577-panorama.jpg\" alt=\"2f3f70f8-0789-457d-9f2c-98c0a5b979b2_750_577\" itemprop=\"image\" data-no-lazy=\"1\" height=\"400\" width=\"613\" title=\"2f3f70f8-0789-457d-9f2c-98c0a5b979b2_750_577\" onerror=\"this.style.display='none'\"  \/>\n\t\t\t\t<\/a>\n\t\t\t\t\t\t\t\t\t<h3 itemprop=\"headline\">\n\t\t\t\t\t\t\t\t\t\t\t\t\t<a href=\"https:\/\/www.rainforestfoundationuk.org\/es\/lo-que-puede-hacer\/escuelas-y-recaudacion-de-fondos\/paquete-educativo\/amenazas-para-los-bosques-tropicales\/\" title=\"Amenazas para las selvas tropicales\">\n\t\t\t\t\t\t\t\t\t\t\t\t\t\tAmenazas para las selvas tropicales\t\t\t\t\t\t\t\t\t\t\t\t\t<\/a>\n\t\t\t\t\t\t\t\t\t\t\t<\/h3>\n    <p>Cada 2 segundos perdemos una superficie de selva tropical del tama\u00f1o de un campo de f\u00fatbol<\/p>\n\t\t<!-- .pp-content-posts -->","protected":false},"excerpt":{"rendered":"<p>Las selvas tropicales albergan el 80% de las especies terrestres del mundo<\/p>","protected":false},"author":2,"featured_media":2805,"parent":237,"menu_order":0,"comment_status":"closed","ping_status":"closed","template":"","meta":{"_acf_changed":false,"footnotes":""},"class_list":{"0":"post-1923","1":"page","2":"type-page","3":"status-publish","4":"has-post-thumbnail","6":"no-featured-image-padding"},"acf":[],"yoast_head":"<!-- This site is optimized with the Yoast SEO plugin v27.5 - https:\/\/yoast.com\/product\/yoast-seo-wordpress\/ -->\n<title>Plants and Animals - Rainforest Foundation UK<\/title>\n<meta name=\"description\" content=\"Rainforests are home to 80 percent of the world&#039;s terrestrial species\" \/>\n<meta name=\"robots\" content=\"index, follow, max-snippet:-1, max-image-preview:large, max-video-preview:-1\" \/>\n<link rel=\"canonical\" href=\"https:\/\/www.rainforestfoundationuk.org\/es\/lo-que-puede-hacer\/escuelas-y-recaudacion-de-fondos\/paquete-educativo\/plantas-y-animales\/\" \/>\n<meta property=\"og:locale\" content=\"es_ES\" \/>\n<meta property=\"og:type\" content=\"article\" \/>\n<meta property=\"og:title\" content=\"Plants and Animals - Rainforest Foundation UK\" \/>\n<meta property=\"og:description\" content=\"Rainforests are home to 80 percent of the world&#039;s terrestrial species\" \/>\n<meta property=\"og:url\" content=\"https:\/\/www.rainforestfoundationuk.org\/es\/lo-que-puede-hacer\/escuelas-y-recaudacion-de-fondos\/paquete-educativo\/plantas-y-animales\/\" \/>\n<meta property=\"og:site_name\" content=\"Rainforest Foundation UK\" \/>\n<meta property=\"article:publisher\" content=\"https:\/\/www.facebook.com\/rainforestfoundationuk\" \/>\n<meta property=\"article:modified_time\" content=\"2022-09-21T21:43:21+00:00\" \/>\n<meta property=\"og:image\" content=\"https:\/\/www.rainforestfoundationuk.org\/wp-content\/uploads\/2022\/02\/plants-and-animals.jpg\" \/>\n\t<meta property=\"og:image:width\" content=\"613\" \/>\n\t<meta property=\"og:image:height\" content=\"400\" \/>\n\t<meta property=\"og:image:type\" content=\"image\/jpeg\" \/>\n<meta name=\"twitter:card\" content=\"summary_large_image\" \/>\n<meta name=\"twitter:site\" content=\"@RFUK\" \/>\n<meta name=\"twitter:label1\" content=\"Est. reading time\" \/>\n\t<meta name=\"twitter:data1\" content=\"1 minuto\" \/>\n<script type=\"application\/ld+json\" class=\"yoast-schema-graph\">{\"@context\":\"https:\\\/\\\/schema.org\",\"@graph\":[{\"@type\":\"WebPage\",\"@id\":\"https:\\\/\\\/www.rainforestfoundationuk.org\\\/what-you-can-do\\\/schools-and-fundraising\\\/education-pack\\\/plants-and-animals\\\/\",\"url\":\"https:\\\/\\\/www.rainforestfoundationuk.org\\\/what-you-can-do\\\/schools-and-fundraising\\\/education-pack\\\/plants-and-animals\\\/\",\"name\":\"Plants and Animals - Rainforest Foundation UK\",\"isPartOf\":{\"@id\":\"https:\\\/\\\/www.rainforestfoundationuk.org\\\/#website\"},\"primaryImageOfPage\":{\"@id\":\"https:\\\/\\\/www.rainforestfoundationuk.org\\\/what-you-can-do\\\/schools-and-fundraising\\\/education-pack\\\/plants-and-animals\\\/#primaryimage\"},\"image\":{\"@id\":\"https:\\\/\\\/www.rainforestfoundationuk.org\\\/what-you-can-do\\\/schools-and-fundraising\\\/education-pack\\\/plants-and-animals\\\/#primaryimage\"},\"thumbnailUrl\":\"https:\\\/\\\/www.rainforestfoundationuk.org\\\/wp-content\\\/uploads\\\/2022\\\/02\\\/plants-and-animals.jpg\",\"datePublished\":\"2021-11-16T15:29:28+00:00\",\"dateModified\":\"2022-09-21T21:43:21+00:00\",\"description\":\"Rainforests are home to 80 percent of the world's terrestrial species\",\"breadcrumb\":{\"@id\":\"https:\\\/\\\/www.rainforestfoundationuk.org\\\/what-you-can-do\\\/schools-and-fundraising\\\/education-pack\\\/plants-and-animals\\\/#breadcrumb\"},\"inLanguage\":\"es-PE\",\"potentialAction\":[{\"@type\":\"ReadAction\",\"target\":[\"https:\\\/\\\/www.rainforestfoundationuk.org\\\/what-you-can-do\\\/schools-and-fundraising\\\/education-pack\\\/plants-and-animals\\\/\"]}]},{\"@type\":\"ImageObject\",\"inLanguage\":\"es-PE\",\"@id\":\"https:\\\/\\\/www.rainforestfoundationuk.org\\\/what-you-can-do\\\/schools-and-fundraising\\\/education-pack\\\/plants-and-animals\\\/#primaryimage\",\"url\":\"https:\\\/\\\/www.rainforestfoundationuk.org\\\/wp-content\\\/uploads\\\/2022\\\/02\\\/plants-and-animals.jpg\",\"contentUrl\":\"https:\\\/\\\/www.rainforestfoundationuk.org\\\/wp-content\\\/uploads\\\/2022\\\/02\\\/plants-and-animals.jpg\",\"width\":613,\"height\":400},{\"@type\":\"BreadcrumbList\",\"@id\":\"https:\\\/\\\/www.rainforestfoundationuk.org\\\/what-you-can-do\\\/schools-and-fundraising\\\/education-pack\\\/plants-and-animals\\\/#breadcrumb\",\"itemListElement\":[{\"@type\":\"ListItem\",\"position\":1,\"name\":\"Home\",\"item\":\"https:\\\/\\\/www.rainforestfoundationuk.org\\\/\"},{\"@type\":\"ListItem\",\"position\":2,\"name\":\"What You Can Do\",\"item\":\"https:\\\/\\\/www.rainforestfoundationuk.org\\\/what-you-can-do\\\/\"},{\"@type\":\"ListItem\",\"position\":3,\"name\":\"Schools &#038; Fundraising\",\"item\":\"https:\\\/\\\/www.rainforestfoundationuk.org\\\/what-you-can-do\\\/schools-and-fundraising\\\/\"},{\"@type\":\"ListItem\",\"position\":4,\"name\":\"Education Pack\",\"item\":\"https:\\\/\\\/www.rainforestfoundationuk.org\\\/what-you-can-do\\\/schools-and-fundraising\\\/education-pack\\\/\"},{\"@type\":\"ListItem\",\"position\":5,\"name\":\"Plants and Animals\"}]},{\"@type\":\"WebSite\",\"@id\":\"https:\\\/\\\/www.rainforestfoundationuk.org\\\/#website\",\"url\":\"https:\\\/\\\/www.rainforestfoundationuk.org\\\/\",\"name\":\"Rainforest Foundation UK\",\"description\":\"Securing lands, sustaining lives\",\"publisher\":{\"@id\":\"https:\\\/\\\/www.rainforestfoundationuk.org\\\/#organization\"},\"potentialAction\":[{\"@type\":\"SearchAction\",\"target\":{\"@type\":\"EntryPoint\",\"urlTemplate\":\"https:\\\/\\\/www.rainforestfoundationuk.org\\\/?s={search_term_string}\"},\"query-input\":{\"@type\":\"PropertyValueSpecification\",\"valueRequired\":true,\"valueName\":\"search_term_string\"}}],\"inLanguage\":\"es-PE\"},{\"@type\":\"Organization\",\"@id\":\"https:\\\/\\\/www.rainforestfoundationuk.org\\\/#organization\",\"name\":\"Rainforest Foundation UK\",\"url\":\"https:\\\/\\\/www.rainforestfoundationuk.org\\\/\",\"logo\":{\"@type\":\"ImageObject\",\"inLanguage\":\"es-PE\",\"@id\":\"https:\\\/\\\/www.rainforestfoundationuk.org\\\/#\\\/schema\\\/logo\\\/image\\\/\",\"url\":\"https:\\\/\\\/www.rainforestfoundationuk.org\\\/wp-content\\\/uploads\\\/2023\\\/08\\\/RFUK-logo-black.svg\",\"contentUrl\":\"https:\\\/\\\/www.rainforestfoundationuk.org\\\/wp-content\\\/uploads\\\/2023\\\/08\\\/RFUK-logo-black.svg\",\"width\":1278,\"height\":332,\"caption\":\"Rainforest Foundation UK\"},\"image\":{\"@id\":\"https:\\\/\\\/www.rainforestfoundationuk.org\\\/#\\\/schema\\\/logo\\\/image\\\/\"},\"sameAs\":[\"https:\\\/\\\/www.facebook.com\\\/rainforestfoundationuk\",\"https:\\\/\\\/x.com\\\/RFUK\",\"https:\\\/\\\/www.instagram.com\\\/rainforestfoundationuk\\\/\",\"https:\\\/\\\/www.youtube.com\\\/user\\\/theRFUK\"]}]}<\/script>\n<!-- \/ Yoast SEO plugin. -->","yoast_head_json":{"title":"Plantas y animales - Rainforest Foundation UK","description":"Las selvas tropicales albergan el 80% de las especies terrestres del mundo","robots":{"index":"index","follow":"follow","max-snippet":"max-snippet:-1","max-image-preview":"max-image-preview:large","max-video-preview":"max-video-preview:-1"},"canonical":"https:\/\/www.rainforestfoundationuk.org\/es\/lo-que-puede-hacer\/escuelas-y-recaudacion-de-fondos\/paquete-educativo\/plantas-y-animales\/","og_locale":"es_ES","og_type":"article","og_title":"Plants and Animals - Rainforest Foundation UK","og_description":"Rainforests are home to 80 percent of the world's terrestrial species","og_url":"https:\/\/www.rainforestfoundationuk.org\/es\/lo-que-puede-hacer\/escuelas-y-recaudacion-de-fondos\/paquete-educativo\/plantas-y-animales\/","og_site_name":"Rainforest Foundation UK","article_publisher":"https:\/\/www.facebook.com\/rainforestfoundationuk","article_modified_time":"2022-09-21T21:43:21+00:00","og_image":[{"width":613,"height":400,"url":"https:\/\/www.rainforestfoundationuk.org\/wp-content\/uploads\/2022\/02\/plants-and-animals.jpg","type":"image\/jpeg"}],"twitter_card":"summary_large_image","twitter_site":"@RFUK","twitter_misc":{"Est. reading time":"1 minuto"},"schema":{"@context":"https:\/\/schema.org","@graph":[{"@type":"WebPage","@id":"https:\/\/www.rainforestfoundationuk.org\/what-you-can-do\/schools-and-fundraising\/education-pack\/plants-and-animals\/","url":"https:\/\/www.rainforestfoundationuk.org\/what-you-can-do\/schools-and-fundraising\/education-pack\/plants-and-animals\/","name":"Plantas y animales - Rainforest Foundation UK","isPartOf":{"@id":"https:\/\/www.rainforestfoundationuk.org\/#website"},"primaryImageOfPage":{"@id":"https:\/\/www.rainforestfoundationuk.org\/what-you-can-do\/schools-and-fundraising\/education-pack\/plants-and-animals\/#primaryimage"},"image":{"@id":"https:\/\/www.rainforestfoundationuk.org\/what-you-can-do\/schools-and-fundraising\/education-pack\/plants-and-animals\/#primaryimage"},"thumbnailUrl":"https:\/\/www.rainforestfoundationuk.org\/wp-content\/uploads\/2022\/02\/plants-and-animals.jpg","datePublished":"2021-11-16T15:29:28+00:00","dateModified":"2022-09-21T21:43:21+00:00","description":"Las selvas tropicales albergan el 80% de las especies terrestres del mundo","breadcrumb":{"@id":"https:\/\/www.rainforestfoundationuk.org\/what-you-can-do\/schools-and-fundraising\/education-pack\/plants-and-animals\/#breadcrumb"},"inLanguage":"es-PE","potentialAction":[{"@type":"ReadAction","target":["https:\/\/www.rainforestfoundationuk.org\/what-you-can-do\/schools-and-fundraising\/education-pack\/plants-and-animals\/"]}]},{"@type":"ImageObject","inLanguage":"es-PE","@id":"https:\/\/www.rainforestfoundationuk.org\/what-you-can-do\/schools-and-fundraising\/education-pack\/plants-and-animals\/#primaryimage","url":"https:\/\/www.rainforestfoundationuk.org\/wp-content\/uploads\/2022\/02\/plants-and-animals.jpg","contentUrl":"https:\/\/www.rainforestfoundationuk.org\/wp-content\/uploads\/2022\/02\/plants-and-animals.jpg","width":613,"height":400},{"@type":"BreadcrumbList","@id":"https:\/\/www.rainforestfoundationuk.org\/what-you-can-do\/schools-and-fundraising\/education-pack\/plants-and-animals\/#breadcrumb","itemListElement":[{"@type":"ListItem","position":1,"name":"Home","item":"https:\/\/www.rainforestfoundationuk.org\/"},{"@type":"ListItem","position":2,"name":"What You Can Do","item":"https:\/\/www.rainforestfoundationuk.org\/what-you-can-do\/"},{"@type":"ListItem","position":3,"name":"Schools &#038; Fundraising","item":"https:\/\/www.rainforestfoundationuk.org\/what-you-can-do\/schools-and-fundraising\/"},{"@type":"ListItem","position":4,"name":"Education Pack","item":"https:\/\/www.rainforestfoundationuk.org\/what-you-can-do\/schools-and-fundraising\/education-pack\/"},{"@type":"ListItem","position":5,"name":"Plants and Animals"}]},{"@type":"WebSite","@id":"https:\/\/www.rainforestfoundationuk.org\/#website","url":"https:\/\/www.rainforestfoundationuk.org\/","name":"Fundaci\u00f3n Rainforest del Reino Unido","description":"Proteger la tierra, preservar la vida","publisher":{"@id":"https:\/\/www.rainforestfoundationuk.org\/#organization"},"potentialAction":[{"@type":"SearchAction","target":{"@type":"EntryPoint","urlTemplate":"https:\/\/www.rainforestfoundationuk.org\/?s={search_term_string}"},"query-input":{"@type":"PropertyValueSpecification","valueRequired":true,"valueName":"search_term_string"}}],"inLanguage":"es-PE"},{"@type":"Organization","@id":"https:\/\/www.rainforestfoundationuk.org\/#organization","name":"Fundaci\u00f3n Rainforest del Reino Unido","url":"https:\/\/www.rainforestfoundationuk.org\/","logo":{"@type":"ImageObject","inLanguage":"es-PE","@id":"https:\/\/www.rainforestfoundationuk.org\/#\/schema\/logo\/image\/","url":"https:\/\/www.rainforestfoundationuk.org\/wp-content\/uploads\/2023\/08\/RFUK-logo-black.svg","contentUrl":"https:\/\/www.rainforestfoundationuk.org\/wp-content\/uploads\/2023\/08\/RFUK-logo-black.svg","width":1278,"height":332,"caption":"Rainforest Foundation UK"},"image":{"@id":"https:\/\/www.rainforestfoundationuk.org\/#\/schema\/logo\/image\/"},"sameAs":["https:\/\/www.facebook.com\/rainforestfoundationuk","https:\/\/x.com\/RFUK","https:\/\/www.instagram.com\/rainforestfoundationuk\/","https:\/\/www.youtube.com\/user\/theRFUK"]}]}},"_links":{"self":[{"href":"https:\/\/www.rainforestfoundationuk.org\/es\/wp-json\/wp\/v2\/pages\/1923","targetHints":{"allow":["GET"]}}],"collection":[{"href":"https:\/\/www.rainforestfoundationuk.org\/es\/wp-json\/wp\/v2\/pages"}],"about":[{"href":"https:\/\/www.rainforestfoundationuk.org\/es\/wp-json\/wp\/v2\/types\/page"}],"author":[{"embeddable":true,"href":"https:\/\/www.rainforestfoundationuk.org\/es\/wp-json\/wp\/v2\/users\/2"}],"replies":[{"embeddable":true,"href":"https:\/\/www.rainforestfoundationuk.org\/es\/wp-json\/wp\/v2\/comments?post=1923"}],"version-history":[{"count":5,"href":"https:\/\/www.rainforestfoundationuk.org\/es\/wp-json\/wp\/v2\/pages\/1923\/revisions"}],"predecessor-version":[{"id":4839,"href":"https:\/\/www.rainforestfoundationuk.org\/es\/wp-json\/wp\/v2\/pages\/1923\/revisions\/4839"}],"up":[{"embeddable":true,"href":"https:\/\/www.rainforestfoundationuk.org\/es\/wp-json\/wp\/v2\/pages\/237"}],"wp:featuredmedia":[{"embeddable":true,"href":"https:\/\/www.rainforestfoundationuk.org\/es\/wp-json\/wp\/v2\/media\/2805"}],"wp:attachment":[{"href":"https:\/\/www.rainforestfoundationuk.org\/es\/wp-json\/wp\/v2\/media?parent=1923"}],"curies":[{"name":"wp","href":"https:\/\/api.w.org\/{rel}","templated":true}]}}