{"id":1927,"date":"2021-11-16T15:29:57","date_gmt":"2021-11-16T15:29:57","guid":{"rendered":"https:\/\/www.rainforestfoundationuk.org\/?page_id=1927"},"modified":"2022-09-21T21:44:52","modified_gmt":"2022-09-21T21:44:52","slug":"geografia-y-ecologia","status":"publish","type":"page","link":"https:\/\/www.rainforestfoundationuk.org\/es\/what-you-can-do\/schools-and-fundraising\/education-pack\/geography-and-ecology\/","title":{"rendered":"Geograf\u00eda y ecolog\u00eda"},"content":{"rendered":"<img loading=\"lazy\" decoding=\"async\" src=\"https:\/\/www.rainforestfoundationuk.org\/wp-content\/uploads\/2022\/02\/69fc168d-cc91-4a8e-b95d-a317ec7927eb.jpg\" alt=\"69fc168d-cc91-4a8e-b95d-a317ec7927eb\" itemprop=\"image\" height=\"328\" width=\"328\" title=\"69fc168d-cc91-4a8e-b95d-a317ec7927eb\" onerror=\"this.style.display='none'\"  \/>\n\t<h3>Aunque cubren menos de 2% de la superficie terrestre, las selvas tropicales albergan la mitad de toda la biodiversidad terrestre<\/h3>\n\t\t\t\t<img loading=\"lazy\" decoding=\"async\" src=\"https:\/\/www.rainforestfoundationuk.org\/wp-content\/uploads\/2022\/02\/0151bcec-592c-4d9a-8a3f-f5d921061ff3.jpg\" alt=\"0151bcec-592c-4d9a-8a3f-f5d921061ff3\" itemprop=\"image\" height=\"328\" width=\"328\" title=\"0151bcec-592c-4d9a-8a3f-f5d921061ff3\" onerror=\"this.style.display='none'\"  \/>\n\t<h3>LA CUENCA DEL CONGO CONTIENE ALREDEDOR DE 70% DE LA CUBIERTA FORESTAL TOTAL DE \u00c1FRICA<\/h3>\n\t\t\t\t<img loading=\"lazy\" decoding=\"async\" src=\"https:\/\/www.rainforestfoundationuk.org\/wp-content\/uploads\/2022\/02\/34d21047-5e52-4b10-949d-ed17b4c03c89.jpg\" alt=\"34d21047-5e52-4b10-949d-ed17b4c03c89\" itemprop=\"image\" height=\"328\" width=\"328\" title=\"34d21047-5e52-4b10-949d-ed17b4c03c89\" onerror=\"this.style.display='none'\"  \/>\n\t<h3>LA SELVA AMAZ\u00d3NICA ES LA MAYOR DEL MUNDO Y SE CALCULA QUE TIENE 500 MILLONES DE HECT\u00c1REAS<\/h3>\n\t\t\t\t<img loading=\"lazy\" decoding=\"async\" src=\"https:\/\/www.rainforestfoundationuk.org\/wp-content\/uploads\/2022\/02\/160e93a6-6cff-4fd8-b95e-af5f71456337.jpg\" alt=\"160e93a6-6cff-4fd8-b95e-af5f71456337\" itemprop=\"image\" height=\"328\" width=\"328\" title=\"160e93a6-6cff-4fd8-b95e-af5f71456337\" onerror=\"this.style.display='none'\"  \/>\n\t<h3>\u00c1FRICA ALBERGA UNA CUARTA PARTE DE LOS BOSQUES TROPICALES QUE QUEDAN EN EL MUNDO Y CONTIENE UNA QUINTA PARTE DE LOS PUNTOS CALIENTES DE BIODIVERSIDAD DEL PLANETA<\/h3>\n\t\t\t\t<img loading=\"lazy\" decoding=\"async\" src=\"https:\/\/www.rainforestfoundationuk.org\/wp-content\/uploads\/2022\/02\/3dbf5a67-2997-4f2b-9d05-303ee69729c6.jpg\" alt=\"3dbf5a67-2997-4f2b-9d05-303ee69729c6\" itemprop=\"image\" height=\"328\" width=\"328\" title=\"3dbf5a67-2997-4f2b-9d05-303ee69729c6\" onerror=\"this.style.display='none'\"  \/>\n\t<h3>LA SELVA TROPICAL M\u00c1S PEQUE\u00d1A DEL MUNDO (9,3 HECT\u00c1REAS) ES LA RESERVA FORESTAL DE BUKIT NANAS, EN LA CIUDAD DE KUALA LUMPUR (MALASIA).<\/h3>\n\t\t\t\t<img loading=\"lazy\" decoding=\"async\" src=\"https:\/\/www.rainforestfoundationuk.org\/wp-content\/uploads\/2022\/02\/3a6898e3-606c-442a-bb84-caa073f78b41.jpg\" alt=\"3a6898e3-606c-442a-bb84-caa073f78b41\" itemprop=\"image\" height=\"328\" width=\"328\" title=\"3a6898e3-606c-442a-bb84-caa073f78b41\" onerror=\"this.style.display='none'\"  \/>\n\t<h3>EL R\u00cdO CONGO ES EL M\u00c1S PROFUNDO DEL MUNDO, CON 220 METROS DE PROFUNDIDAD, Y ALBERGA TORTUGAS, EL COCODRILO ENANO Y EL MANAT\u00cd AFRICANO.<\/h3>\n\t\t\t\t<img loading=\"lazy\" decoding=\"async\" src=\"https:\/\/www.rainforestfoundationuk.org\/wp-content\/uploads\/2022\/02\/4b1d0c89-8f79-4d34-86c5-b3b348f5df87.jpg\" alt=\"4b1d0c89-8f79-4d34-86c5-b3b348f5df87\" itemprop=\"image\" height=\"328\" width=\"328\" title=\"4b1d0c89-8f79-4d34-86c5-b3b348f5df87\" onerror=\"this.style.display='none'\"  \/>\n\t<h3>CADA COPA DE \u00c1RBOL DE LA SELVA AMAZ\u00d3NICA PUEDE LIBERAR 760 LITROS DE AGUA A LA ATM\u00d3SFERA AL A\u00d1O<\/h3>\n\t\t\t\t<img loading=\"lazy\" decoding=\"async\" src=\"https:\/\/www.rainforestfoundationuk.org\/wp-content\/uploads\/2022\/02\/a2492fb6-abcd-4c0b-8d6d-aaa230fd51fa.jpg\" alt=\"a2492fb6-abcd-4c0b-8d6d-aaa230fd51fa\" itemprop=\"image\" height=\"328\" width=\"328\" title=\"a2492fb6-abcd-4c0b-8d6d-aaa230fd51fa\" onerror=\"this.style.display='none'\"  \/>\n\t<h3>EN TOTAL, LA MANCOMUNIDAD CONTIENE 810 MILLONES DE HECT\u00c1REAS DE BOSQUE, M\u00c1S QUE TODA LA SELVA AMAZ\u00d3NICA<\/h3>\n\t\t\t\t<img loading=\"lazy\" decoding=\"async\" src=\"https:\/\/www.rainforestfoundationuk.org\/wp-content\/uploads\/2022\/02\/aefc4155-5189-4729-b215-48d82db1c1da.jpg\" alt=\"aefc4155-5189-4729-b215-48d82db1c1da\" itemprop=\"image\" height=\"328\" width=\"328\" title=\"aefc4155-5189-4729-b215-48d82db1c1da\" onerror=\"this.style.display='none'\"  \/>\n\t<h3>LA PLUVIOSIDAD MEDIA DE LOS BOSQUES TROPICALES ES EL DOBLE QUE LA DE LOS TEMPLADOS<\/h3>\n<h2>\n\t\tDatos forestales\n\t<\/h2>\n\t<meta itemscope itemprop=\"mainEntityOfPage\" itemtype=\"https:\/\/schema.org\/WebPage\" itemid=\"https:\/\/www.rainforestfoundationuk.org\/what-you-can-do\/schools-and-fundraising\/education-pack\/plants-and-animals\/\" content=\"Plants and Animals\" \/><meta itemprop=\"datePublished\" content=\"2021-11-16\" \/><meta itemprop=\"dateModified\" content=\"2022-09-21\" \/><meta itemprop=\"name\" content=\"Rainforest Foundation UK\"\/><meta itemprop=\"url\" content=\"https:\/\/www.rainforestfoundationuk.org\/author\/raygundesign\/\" \/><meta itemprop=\"name\" content=\"raygundesign\" \/><meta itemprop=\"url\" content=\"https:\/\/www.rainforestfoundationuk.org\/wp-content\/uploads\/2022\/02\/plants-and-animals.jpg\" \/><meta itemprop=\"width\" content=\"613\" \/><meta itemprop=\"height\" content=\"400\" \/><meta itemprop=\"interactionType\" content=\"https:\/\/schema.org\/CommentAction\" \/><meta itemprop=\"userInteractionCount\" content=\"0\" \/>\n\t\t\t\t<a href=\"https:\/\/www.rainforestfoundationuk.org\/es\/lo-que-puede-hacer\/escuelas-y-recaudacion-de-fondos\/paquete-educativo\/plantas-y-animales\/\" target=\"_self\" itemprop=\"url\" rel=\"noopener\">\n\t\t\t\t<img loading=\"lazy\" decoding=\"async\" src=\"https:\/\/www.rainforestfoundationuk.org\/wp-content\/uploads\/bb-plugin\/cache\/plants-and-animals-panorama.jpg\" alt=\"plantas y animales\" itemprop=\"image\" data-no-lazy=\"1\" height=\"400\" width=\"613\" title=\"plantas y animales\" onerror=\"this.style.display='none'\"  \/>\n\t\t\t\t<\/a>\n\t\t\t\t\t\t\t\t\t<h3 itemprop=\"headline\">\n\t\t\t\t\t\t\t\t\t\t\t\t\t<a href=\"https:\/\/www.rainforestfoundationuk.org\/es\/lo-que-puede-hacer\/escuelas-y-recaudacion-de-fondos\/paquete-educativo\/plantas-y-animales\/\" title=\"Plantas y animales\">\n\t\t\t\t\t\t\t\t\t\t\t\t\t\tPlantas y animales\t\t\t\t\t\t\t\t\t\t\t\t\t<\/a>\n\t\t\t\t\t\t\t\t\t\t\t<\/h3>\n    <p>Las selvas tropicales albergan el 80% de las especies terrestres del mundo<\/p>\n\t<meta itemscope itemprop=\"mainEntityOfPage\" itemtype=\"https:\/\/schema.org\/WebPage\" itemid=\"https:\/\/www.rainforestfoundationuk.org\/what-you-can-do\/schools-and-fundraising\/education-pack\/people-and-rainforests\/\" content=\"People and Rainforests\" \/><meta itemprop=\"datePublished\" content=\"2021-11-16\" \/><meta itemprop=\"dateModified\" content=\"2022-09-21\" \/><meta itemprop=\"name\" content=\"Rainforest Foundation UK\"\/><meta itemprop=\"url\" content=\"https:\/\/www.rainforestfoundationuk.org\/author\/raygundesign\/\" \/><meta itemprop=\"name\" content=\"raygundesign\" \/><meta itemprop=\"url\" content=\"https:\/\/www.rainforestfoundationuk.org\/wp-content\/uploads\/2021\/09\/promo-03.jpg\" \/><meta itemprop=\"width\" content=\"555\" \/><meta itemprop=\"height\" content=\"380\" \/><meta itemprop=\"interactionType\" content=\"https:\/\/schema.org\/CommentAction\" \/><meta itemprop=\"userInteractionCount\" content=\"0\" \/>\n\t\t\t\t<a href=\"https:\/\/www.rainforestfoundationuk.org\/es\/lo-que-puede-hacer\/escuelas-y-recaudacion-de-fondos\/paquete-educativo\/personas-y-selvas-tropicales\/\" target=\"_self\" itemprop=\"url\" rel=\"noopener\">\n\t\t\t\t<img loading=\"lazy\" decoding=\"async\" src=\"https:\/\/www.rainforestfoundationuk.org\/wp-content\/uploads\/bb-plugin\/cache\/promo-03-panorama.jpg\" alt=\"promo-03\" itemprop=\"image\" data-no-lazy=\"1\" height=\"380\" width=\"555\" title=\"promo-03\" onerror=\"this.style.display='none'\"  \/>\n\t\t\t\t<\/a>\n\t\t\t\t\t\t\t\t\t<h3 itemprop=\"headline\">\n\t\t\t\t\t\t\t\t\t\t\t\t\t<a href=\"https:\/\/www.rainforestfoundationuk.org\/es\/lo-que-puede-hacer\/escuelas-y-recaudacion-de-fondos\/paquete-educativo\/personas-y-selvas-tropicales\/\" title=\"Personas y selvas tropicales\">\n\t\t\t\t\t\t\t\t\t\t\t\t\t\tPersonas y selvas tropicales\t\t\t\t\t\t\t\t\t\t\t\t\t<\/a>\n\t\t\t\t\t\t\t\t\t\t\t<\/h3>\n    <p>M\u00e1s de mil millones de personas en todo el mundo dependen de los bosques para su subsistencia<\/p>\n\t<meta itemscope itemprop=\"mainEntityOfPage\" itemtype=\"https:\/\/schema.org\/WebPage\" itemid=\"https:\/\/www.rainforestfoundationuk.org\/what-you-can-do\/schools-and-fundraising\/education-pack\/geography-and-ecology\/\" content=\"Geography and Ecology\" \/><meta itemprop=\"datePublished\" content=\"2021-11-16\" \/><meta itemprop=\"dateModified\" content=\"2022-09-20\" \/><meta itemprop=\"name\" content=\"Rainforest Foundation UK\"\/><meta itemprop=\"url\" content=\"https:\/\/www.rainforestfoundationuk.org\/author\/raygundesign\/\" \/><meta itemprop=\"name\" content=\"raygundesign\" \/><meta itemprop=\"url\" content=\"https:\/\/www.rainforestfoundationuk.org\/wp-content\/uploads\/2022\/02\/513ce33f-6d00-4112-9b4a-19037dcbbed2_750_577.jpg\" \/><meta itemprop=\"width\" content=\"613\" \/><meta itemprop=\"height\" content=\"400\" \/><meta itemprop=\"interactionType\" content=\"https:\/\/schema.org\/CommentAction\" \/><meta itemprop=\"userInteractionCount\" content=\"0\" \/>\n\t\t\t\t<a href=\"https:\/\/www.rainforestfoundationuk.org\/es\/lo-que-puede-hacer\/escuelas-y-recaudacion-de-fondos\/paquete-educativo\/geografia-y-ecologia\/\" target=\"_self\" itemprop=\"url\" rel=\"noopener\">\n\t\t\t\t<img loading=\"lazy\" decoding=\"async\" src=\"https:\/\/www.rainforestfoundationuk.org\/wp-content\/uploads\/bb-plugin\/cache\/513ce33f-6d00-4112-9b4a-19037dcbbed2_750_577-panorama.jpg\" alt=\"513ce33f-6d00-4112-9b4a-19037dcbbed2_750_577\" itemprop=\"image\" data-no-lazy=\"1\" height=\"400\" width=\"613\" title=\"513ce33f-6d00-4112-9b4a-19037dcbbed2_750_577\" onerror=\"this.style.display='none'\"  \/>\n\t\t\t\t<\/a>\n\t\t\t\t\t\t\t\t\t<h3 itemprop=\"headline\">\n\t\t\t\t\t\t\t\t\t\t\t\t\t<a href=\"https:\/\/www.rainforestfoundationuk.org\/es\/lo-que-puede-hacer\/escuelas-y-recaudacion-de-fondos\/paquete-educativo\/geografia-y-ecologia\/\" title=\"Geograf\u00eda y ecolog\u00eda\">\n\t\t\t\t\t\t\t\t\t\t\t\t\t\tGeograf\u00eda y ecolog\u00eda\t\t\t\t\t\t\t\t\t\t\t\t\t<\/a>\n\t\t\t\t\t\t\t\t\t\t\t<\/h3>\n    <p>Aunque cubren menos de 2% de la superficie terrestre, las selvas tropicales albergan la mitad de toda la biodiversidad terrestre<\/p>\n\t<meta itemscope itemprop=\"mainEntityOfPage\" itemtype=\"https:\/\/schema.org\/WebPage\" itemid=\"https:\/\/www.rainforestfoundationuk.org\/what-you-can-do\/schools-and-fundraising\/education-pack\/threats-to-rainforests\/\" content=\"Threats to Rainforests\" \/><meta itemprop=\"datePublished\" content=\"2021-11-16\" \/><meta itemprop=\"dateModified\" content=\"2022-09-20\" \/><meta itemprop=\"name\" content=\"Rainforest Foundation UK\"\/><meta itemprop=\"url\" content=\"https:\/\/www.rainforestfoundationuk.org\/author\/raygundesign\/\" \/><meta itemprop=\"name\" content=\"raygundesign\" \/><meta itemprop=\"url\" content=\"https:\/\/www.rainforestfoundationuk.org\/wp-content\/uploads\/2022\/02\/2f3f70f8-0789-457d-9f2c-98c0a5b979b2_750_577.jpg\" \/><meta itemprop=\"width\" content=\"613\" \/><meta itemprop=\"height\" content=\"400\" \/><meta itemprop=\"interactionType\" content=\"https:\/\/schema.org\/CommentAction\" \/><meta itemprop=\"userInteractionCount\" content=\"0\" \/>\n\t\t\t\t<a href=\"https:\/\/www.rainforestfoundationuk.org\/es\/lo-que-puede-hacer\/escuelas-y-recaudacion-de-fondos\/paquete-educativo\/amenazas-para-los-bosques-tropicales\/\" target=\"_self\" itemprop=\"url\" rel=\"noopener\">\n\t\t\t\t<img loading=\"lazy\" decoding=\"async\" src=\"https:\/\/www.rainforestfoundationuk.org\/wp-content\/uploads\/bb-plugin\/cache\/2f3f70f8-0789-457d-9f2c-98c0a5b979b2_750_577-panorama.jpg\" alt=\"2f3f70f8-0789-457d-9f2c-98c0a5b979b2_750_577\" itemprop=\"image\" data-no-lazy=\"1\" height=\"400\" width=\"613\" title=\"2f3f70f8-0789-457d-9f2c-98c0a5b979b2_750_577\" onerror=\"this.style.display='none'\"  \/>\n\t\t\t\t<\/a>\n\t\t\t\t\t\t\t\t\t<h3 itemprop=\"headline\">\n\t\t\t\t\t\t\t\t\t\t\t\t\t<a href=\"https:\/\/www.rainforestfoundationuk.org\/es\/lo-que-puede-hacer\/escuelas-y-recaudacion-de-fondos\/paquete-educativo\/amenazas-para-los-bosques-tropicales\/\" title=\"Amenazas para las selvas tropicales\">\n\t\t\t\t\t\t\t\t\t\t\t\t\t\tAmenazas para las selvas tropicales\t\t\t\t\t\t\t\t\t\t\t\t\t<\/a>\n\t\t\t\t\t\t\t\t\t\t\t<\/h3>\n    <p>Cada 2 segundos perdemos una superficie de selva tropical del tama\u00f1o de un campo de f\u00fatbol<\/p>\n\t\t<!-- .pp-content-posts -->","protected":false},"excerpt":{"rendered":"<p>Aunque cubren menos de 2% de la superficie terrestre, las selvas tropicales albergan la mitad de toda la biodiversidad terrestre<\/p>","protected":false},"author":2,"featured_media":2822,"parent":237,"menu_order":0,"comment_status":"closed","ping_status":"closed","template":"","meta":{"_acf_changed":false,"footnotes":""},"class_list":{"0":"post-1927","1":"page","2":"type-page","3":"status-publish","4":"has-post-thumbnail","6":"no-featured-image-padding"},"acf":[],"yoast_head":"<!-- This site is optimized with the Yoast SEO plugin v27.4 - https:\/\/yoast.com\/product\/yoast-seo-wordpress\/ -->\n<title>Geography and Ecology - Rainforest Foundation UK<\/title>\n<meta name=\"description\" content=\"Although they cover less than 2% of earth&#039;s surface, rainforests are home to half of all terrestrial biodiversity\" \/>\n<meta name=\"robots\" content=\"index, follow, max-snippet:-1, max-image-preview:large, max-video-preview:-1\" \/>\n<link rel=\"canonical\" href=\"https:\/\/www.rainforestfoundationuk.org\/es\/lo-que-puede-hacer\/escuelas-y-recaudacion-de-fondos\/paquete-educativo\/geografia-y-ecologia\/\" \/>\n<meta property=\"og:locale\" content=\"es_ES\" \/>\n<meta property=\"og:type\" content=\"article\" \/>\n<meta property=\"og:title\" content=\"Geography and Ecology - Rainforest Foundation UK\" \/>\n<meta property=\"og:description\" content=\"Although they cover less than 2% of earth&#039;s surface, rainforests are home to half of all terrestrial biodiversity\" \/>\n<meta property=\"og:url\" content=\"https:\/\/www.rainforestfoundationuk.org\/es\/lo-que-puede-hacer\/escuelas-y-recaudacion-de-fondos\/paquete-educativo\/geografia-y-ecologia\/\" \/>\n<meta property=\"og:site_name\" content=\"Rainforest Foundation UK\" \/>\n<meta property=\"article:publisher\" content=\"https:\/\/www.facebook.com\/rainforestfoundationuk\" \/>\n<meta property=\"article:modified_time\" content=\"2022-09-21T21:44:52+00:00\" \/>\n<meta property=\"og:image\" content=\"https:\/\/www.rainforestfoundationuk.org\/wp-content\/uploads\/2022\/02\/513ce33f-6d00-4112-9b4a-19037dcbbed2_750_577.jpg\" \/>\n\t<meta property=\"og:image:width\" content=\"613\" \/>\n\t<meta property=\"og:image:height\" content=\"400\" \/>\n\t<meta property=\"og:image:type\" content=\"image\/jpeg\" \/>\n<meta name=\"twitter:card\" content=\"summary_large_image\" \/>\n<meta name=\"twitter:site\" content=\"@RFUK\" \/>\n<meta name=\"twitter:label1\" content=\"Est. reading time\" \/>\n\t<meta name=\"twitter:data1\" content=\"1 minuto\" \/>\n<script type=\"application\/ld+json\" class=\"yoast-schema-graph\">{\"@context\":\"https:\\\/\\\/schema.org\",\"@graph\":[{\"@type\":\"WebPage\",\"@id\":\"https:\\\/\\\/www.rainforestfoundationuk.org\\\/what-you-can-do\\\/schools-and-fundraising\\\/education-pack\\\/geography-and-ecology\\\/\",\"url\":\"https:\\\/\\\/www.rainforestfoundationuk.org\\\/what-you-can-do\\\/schools-and-fundraising\\\/education-pack\\\/geography-and-ecology\\\/\",\"name\":\"Geography and Ecology - Rainforest Foundation UK\",\"isPartOf\":{\"@id\":\"https:\\\/\\\/www.rainforestfoundationuk.org\\\/#website\"},\"primaryImageOfPage\":{\"@id\":\"https:\\\/\\\/www.rainforestfoundationuk.org\\\/what-you-can-do\\\/schools-and-fundraising\\\/education-pack\\\/geography-and-ecology\\\/#primaryimage\"},\"image\":{\"@id\":\"https:\\\/\\\/www.rainforestfoundationuk.org\\\/what-you-can-do\\\/schools-and-fundraising\\\/education-pack\\\/geography-and-ecology\\\/#primaryimage\"},\"thumbnailUrl\":\"https:\\\/\\\/www.rainforestfoundationuk.org\\\/wp-content\\\/uploads\\\/2022\\\/02\\\/513ce33f-6d00-4112-9b4a-19037dcbbed2_750_577.jpg\",\"datePublished\":\"2021-11-16T15:29:57+00:00\",\"dateModified\":\"2022-09-21T21:44:52+00:00\",\"description\":\"Although they cover less than 2% of earth's surface, rainforests are home to half of all terrestrial biodiversity\",\"breadcrumb\":{\"@id\":\"https:\\\/\\\/www.rainforestfoundationuk.org\\\/what-you-can-do\\\/schools-and-fundraising\\\/education-pack\\\/geography-and-ecology\\\/#breadcrumb\"},\"inLanguage\":\"es-PE\",\"potentialAction\":[{\"@type\":\"ReadAction\",\"target\":[\"https:\\\/\\\/www.rainforestfoundationuk.org\\\/what-you-can-do\\\/schools-and-fundraising\\\/education-pack\\\/geography-and-ecology\\\/\"]}]},{\"@type\":\"ImageObject\",\"inLanguage\":\"es-PE\",\"@id\":\"https:\\\/\\\/www.rainforestfoundationuk.org\\\/what-you-can-do\\\/schools-and-fundraising\\\/education-pack\\\/geography-and-ecology\\\/#primaryimage\",\"url\":\"https:\\\/\\\/www.rainforestfoundationuk.org\\\/wp-content\\\/uploads\\\/2022\\\/02\\\/513ce33f-6d00-4112-9b4a-19037dcbbed2_750_577.jpg\",\"contentUrl\":\"https:\\\/\\\/www.rainforestfoundationuk.org\\\/wp-content\\\/uploads\\\/2022\\\/02\\\/513ce33f-6d00-4112-9b4a-19037dcbbed2_750_577.jpg\",\"width\":613,\"height\":400},{\"@type\":\"BreadcrumbList\",\"@id\":\"https:\\\/\\\/www.rainforestfoundationuk.org\\\/what-you-can-do\\\/schools-and-fundraising\\\/education-pack\\\/geography-and-ecology\\\/#breadcrumb\",\"itemListElement\":[{\"@type\":\"ListItem\",\"position\":1,\"name\":\"Home\",\"item\":\"https:\\\/\\\/www.rainforestfoundationuk.org\\\/\"},{\"@type\":\"ListItem\",\"position\":2,\"name\":\"What You Can Do\",\"item\":\"https:\\\/\\\/www.rainforestfoundationuk.org\\\/what-you-can-do\\\/\"},{\"@type\":\"ListItem\",\"position\":3,\"name\":\"Schools &#038; Fundraising\",\"item\":\"https:\\\/\\\/www.rainforestfoundationuk.org\\\/what-you-can-do\\\/schools-and-fundraising\\\/\"},{\"@type\":\"ListItem\",\"position\":4,\"name\":\"Education Pack\",\"item\":\"https:\\\/\\\/www.rainforestfoundationuk.org\\\/what-you-can-do\\\/schools-and-fundraising\\\/education-pack\\\/\"},{\"@type\":\"ListItem\",\"position\":5,\"name\":\"Geography and Ecology\"}]},{\"@type\":\"WebSite\",\"@id\":\"https:\\\/\\\/www.rainforestfoundationuk.org\\\/#website\",\"url\":\"https:\\\/\\\/www.rainforestfoundationuk.org\\\/\",\"name\":\"Rainforest Foundation UK\",\"description\":\"Securing lands, sustaining lives\",\"publisher\":{\"@id\":\"https:\\\/\\\/www.rainforestfoundationuk.org\\\/#organization\"},\"potentialAction\":[{\"@type\":\"SearchAction\",\"target\":{\"@type\":\"EntryPoint\",\"urlTemplate\":\"https:\\\/\\\/www.rainforestfoundationuk.org\\\/?s={search_term_string}\"},\"query-input\":{\"@type\":\"PropertyValueSpecification\",\"valueRequired\":true,\"valueName\":\"search_term_string\"}}],\"inLanguage\":\"es-PE\"},{\"@type\":\"Organization\",\"@id\":\"https:\\\/\\\/www.rainforestfoundationuk.org\\\/#organization\",\"name\":\"Rainforest Foundation UK\",\"url\":\"https:\\\/\\\/www.rainforestfoundationuk.org\\\/\",\"logo\":{\"@type\":\"ImageObject\",\"inLanguage\":\"es-PE\",\"@id\":\"https:\\\/\\\/www.rainforestfoundationuk.org\\\/#\\\/schema\\\/logo\\\/image\\\/\",\"url\":\"https:\\\/\\\/www.rainforestfoundationuk.org\\\/wp-content\\\/uploads\\\/2023\\\/08\\\/RFUK-logo-black.svg\",\"contentUrl\":\"https:\\\/\\\/www.rainforestfoundationuk.org\\\/wp-content\\\/uploads\\\/2023\\\/08\\\/RFUK-logo-black.svg\",\"width\":1278,\"height\":332,\"caption\":\"Rainforest Foundation UK\"},\"image\":{\"@id\":\"https:\\\/\\\/www.rainforestfoundationuk.org\\\/#\\\/schema\\\/logo\\\/image\\\/\"},\"sameAs\":[\"https:\\\/\\\/www.facebook.com\\\/rainforestfoundationuk\",\"https:\\\/\\\/x.com\\\/RFUK\",\"https:\\\/\\\/www.instagram.com\\\/rainforestfoundationuk\\\/\",\"https:\\\/\\\/www.youtube.com\\\/user\\\/theRFUK\"]}]}<\/script>\n<!-- \/ Yoast SEO plugin. -->","yoast_head_json":{"title":"Geograf\u00eda y ecolog\u00eda - Rainforest Foundation UK","description":"Aunque cubren menos de 2% de la superficie terrestre, las selvas tropicales albergan la mitad de toda la biodiversidad terrestre","robots":{"index":"index","follow":"follow","max-snippet":"max-snippet:-1","max-image-preview":"max-image-preview:large","max-video-preview":"max-video-preview:-1"},"canonical":"https:\/\/www.rainforestfoundationuk.org\/es\/lo-que-puede-hacer\/escuelas-y-recaudacion-de-fondos\/paquete-educativo\/geografia-y-ecologia\/","og_locale":"es_ES","og_type":"article","og_title":"Geography and Ecology - Rainforest Foundation UK","og_description":"Although they cover less than 2% of earth's surface, rainforests are home to half of all terrestrial biodiversity","og_url":"https:\/\/www.rainforestfoundationuk.org\/es\/lo-que-puede-hacer\/escuelas-y-recaudacion-de-fondos\/paquete-educativo\/geografia-y-ecologia\/","og_site_name":"Rainforest Foundation UK","article_publisher":"https:\/\/www.facebook.com\/rainforestfoundationuk","article_modified_time":"2022-09-21T21:44:52+00:00","og_image":[{"width":613,"height":400,"url":"https:\/\/www.rainforestfoundationuk.org\/wp-content\/uploads\/2022\/02\/513ce33f-6d00-4112-9b4a-19037dcbbed2_750_577.jpg","type":"image\/jpeg"}],"twitter_card":"summary_large_image","twitter_site":"@RFUK","twitter_misc":{"Est. reading time":"1 minuto"},"schema":{"@context":"https:\/\/schema.org","@graph":[{"@type":"WebPage","@id":"https:\/\/www.rainforestfoundationuk.org\/what-you-can-do\/schools-and-fundraising\/education-pack\/geography-and-ecology\/","url":"https:\/\/www.rainforestfoundationuk.org\/what-you-can-do\/schools-and-fundraising\/education-pack\/geography-and-ecology\/","name":"Geograf\u00eda y ecolog\u00eda - Rainforest Foundation UK","isPartOf":{"@id":"https:\/\/www.rainforestfoundationuk.org\/#website"},"primaryImageOfPage":{"@id":"https:\/\/www.rainforestfoundationuk.org\/what-you-can-do\/schools-and-fundraising\/education-pack\/geography-and-ecology\/#primaryimage"},"image":{"@id":"https:\/\/www.rainforestfoundationuk.org\/what-you-can-do\/schools-and-fundraising\/education-pack\/geography-and-ecology\/#primaryimage"},"thumbnailUrl":"https:\/\/www.rainforestfoundationuk.org\/wp-content\/uploads\/2022\/02\/513ce33f-6d00-4112-9b4a-19037dcbbed2_750_577.jpg","datePublished":"2021-11-16T15:29:57+00:00","dateModified":"2022-09-21T21:44:52+00:00","description":"Aunque cubren menos de 2% de la superficie terrestre, las selvas tropicales albergan la mitad de toda la biodiversidad terrestre","breadcrumb":{"@id":"https:\/\/www.rainforestfoundationuk.org\/what-you-can-do\/schools-and-fundraising\/education-pack\/geography-and-ecology\/#breadcrumb"},"inLanguage":"es-PE","potentialAction":[{"@type":"ReadAction","target":["https:\/\/www.rainforestfoundationuk.org\/what-you-can-do\/schools-and-fundraising\/education-pack\/geography-and-ecology\/"]}]},{"@type":"ImageObject","inLanguage":"es-PE","@id":"https:\/\/www.rainforestfoundationuk.org\/what-you-can-do\/schools-and-fundraising\/education-pack\/geography-and-ecology\/#primaryimage","url":"https:\/\/www.rainforestfoundationuk.org\/wp-content\/uploads\/2022\/02\/513ce33f-6d00-4112-9b4a-19037dcbbed2_750_577.jpg","contentUrl":"https:\/\/www.rainforestfoundationuk.org\/wp-content\/uploads\/2022\/02\/513ce33f-6d00-4112-9b4a-19037dcbbed2_750_577.jpg","width":613,"height":400},{"@type":"BreadcrumbList","@id":"https:\/\/www.rainforestfoundationuk.org\/what-you-can-do\/schools-and-fundraising\/education-pack\/geography-and-ecology\/#breadcrumb","itemListElement":[{"@type":"ListItem","position":1,"name":"Home","item":"https:\/\/www.rainforestfoundationuk.org\/"},{"@type":"ListItem","position":2,"name":"What You Can Do","item":"https:\/\/www.rainforestfoundationuk.org\/what-you-can-do\/"},{"@type":"ListItem","position":3,"name":"Schools &#038; Fundraising","item":"https:\/\/www.rainforestfoundationuk.org\/what-you-can-do\/schools-and-fundraising\/"},{"@type":"ListItem","position":4,"name":"Education Pack","item":"https:\/\/www.rainforestfoundationuk.org\/what-you-can-do\/schools-and-fundraising\/education-pack\/"},{"@type":"ListItem","position":5,"name":"Geography and Ecology"}]},{"@type":"WebSite","@id":"https:\/\/www.rainforestfoundationuk.org\/#website","url":"https:\/\/www.rainforestfoundationuk.org\/","name":"Fundaci\u00f3n Rainforest del Reino Unido","description":"Proteger la tierra, preservar la vida","publisher":{"@id":"https:\/\/www.rainforestfoundationuk.org\/#organization"},"potentialAction":[{"@type":"SearchAction","target":{"@type":"EntryPoint","urlTemplate":"https:\/\/www.rainforestfoundationuk.org\/?s={search_term_string}"},"query-input":{"@type":"PropertyValueSpecification","valueRequired":true,"valueName":"search_term_string"}}],"inLanguage":"es-PE"},{"@type":"Organization","@id":"https:\/\/www.rainforestfoundationuk.org\/#organization","name":"Fundaci\u00f3n Rainforest del Reino Unido","url":"https:\/\/www.rainforestfoundationuk.org\/","logo":{"@type":"ImageObject","inLanguage":"es-PE","@id":"https:\/\/www.rainforestfoundationuk.org\/#\/schema\/logo\/image\/","url":"https:\/\/www.rainforestfoundationuk.org\/wp-content\/uploads\/2023\/08\/RFUK-logo-black.svg","contentUrl":"https:\/\/www.rainforestfoundationuk.org\/wp-content\/uploads\/2023\/08\/RFUK-logo-black.svg","width":1278,"height":332,"caption":"Rainforest Foundation UK"},"image":{"@id":"https:\/\/www.rainforestfoundationuk.org\/#\/schema\/logo\/image\/"},"sameAs":["https:\/\/www.facebook.com\/rainforestfoundationuk","https:\/\/x.com\/RFUK","https:\/\/www.instagram.com\/rainforestfoundationuk\/","https:\/\/www.youtube.com\/user\/theRFUK"]}]}},"_links":{"self":[{"href":"https:\/\/www.rainforestfoundationuk.org\/es\/wp-json\/wp\/v2\/pages\/1927","targetHints":{"allow":["GET"]}}],"collection":[{"href":"https:\/\/www.rainforestfoundationuk.org\/es\/wp-json\/wp\/v2\/pages"}],"about":[{"href":"https:\/\/www.rainforestfoundationuk.org\/es\/wp-json\/wp\/v2\/types\/page"}],"author":[{"embeddable":true,"href":"https:\/\/www.rainforestfoundationuk.org\/es\/wp-json\/wp\/v2\/users\/2"}],"replies":[{"embeddable":true,"href":"https:\/\/www.rainforestfoundationuk.org\/es\/wp-json\/wp\/v2\/comments?post=1927"}],"version-history":[{"count":5,"href":"https:\/\/www.rainforestfoundationuk.org\/es\/wp-json\/wp\/v2\/pages\/1927\/revisions"}],"predecessor-version":[{"id":4841,"href":"https:\/\/www.rainforestfoundationuk.org\/es\/wp-json\/wp\/v2\/pages\/1927\/revisions\/4841"}],"up":[{"embeddable":true,"href":"https:\/\/www.rainforestfoundationuk.org\/es\/wp-json\/wp\/v2\/pages\/237"}],"wp:featuredmedia":[{"embeddable":true,"href":"https:\/\/www.rainforestfoundationuk.org\/es\/wp-json\/wp\/v2\/media\/2822"}],"wp:attachment":[{"href":"https:\/\/www.rainforestfoundationuk.org\/es\/wp-json\/wp\/v2\/media?parent=1927"}],"curies":[{"name":"wp","href":"https:\/\/api.w.org\/{rel}","templated":true}]}}