{"id":207,"date":"2021-09-13T09:39:08","date_gmt":"2021-09-13T09:39:08","guid":{"rendered":"https:\/\/www.rainforestfoundationuk.org\/?page_id=207"},"modified":"2025-09-23T13:18:27","modified_gmt":"2025-09-23T12:18:27","slug":"apoyanos","status":"publish","type":"page","link":"https:\/\/www.rainforestfoundationuk.org\/es\/what-you-can-do\/support-us\/","title":{"rendered":"Ap\u00f3yanos"},"content":{"rendered":"<p>Rainforest Foundation UK lucha cada d\u00eda para que se escuchen las voces de los ind\u00edgenas y se respeten sus derechos. Pero no podemos hacerlo sin el generoso apoyo que recibimos de gente como t\u00fa. Hay muchas formas de participar en nuestra labor vital: desde donaciones peri\u00f3dicas hasta recaudar fondos en tu colegio o universidad, participar en un reto en nuestro nombre o donar tu viejo tel\u00e9fono a nuestro equipo de vigilancia forestal.<\/p>\n<p>With 97 percent of our total funding going directly towards our projects and campaigns in the rainforest, you can be safe in the knowledge that your donation is being put to good use. Any amount you are able to gift ensures we can continue this vital work with frontline communities to stop deforestation, tackle climate change and uphold futures. <\/p>\n<p>&nbsp;<\/p>\n\t\t\t\t<img decoding=\"async\" src=\"https:\/\/www.rainforestfoundationuk.org\/wp-content\/uploads\/2025\/09\/2-scaled.png\" alt=\"2\" itemprop=\"image\" height=\"1280\" width=\"2560\" title=\"2\" onerror=\"this.style.display='none'\" loading=\"lazy\" \/>\n\t<p>Consulte todos nuestros llamamientos actuales y el maravilloso trabajo de nuestros recaudadores de fondos haciendo clic a continuaci\u00f3n:\u00a0<\/p>\n\t\t\t<a href=\"https:\/\/rainforestfoundationuk.enthuse.com\/profile\" target=\"_blank\" rel=\"noopener\">\n\t\t\t\t\t\t\tHaga clic aqu\u00ed\n\t\t\t\t\t<\/a>","protected":false},"excerpt":{"rendered":"<p>Rainforest Foundation UK lucha cada d\u00eda para que se escuchen las voces ind\u00edgenas, para que se reconozcan y defiendan los derechos de las comunidades y para que los pueblos tradicionales puedan proteger sus hogares en la selva tropical. Pero no podemos hacerlo sin el generoso apoyo que recibimos de gente como t\u00fa. <\/p>","protected":false},"author":2,"featured_media":1615,"parent":4284,"menu_order":3,"comment_status":"closed","ping_status":"closed","template":"","meta":{"_acf_changed":false,"footnotes":""},"class_list":{"0":"post-207","1":"page","2":"type-page","3":"status-publish","4":"has-post-thumbnail","6":"no-featured-image-padding"},"acf":[],"yoast_head":"<!-- This site is optimized with the Yoast SEO plugin v27.6 - https:\/\/yoast.com\/product\/yoast-seo-wordpress\/ -->\n<title>Support Us - Rainforest Foundation UK<\/title>\n<meta name=\"robots\" content=\"index, follow, max-snippet:-1, max-image-preview:large, max-video-preview:-1\" \/>\n<link rel=\"canonical\" href=\"https:\/\/www.rainforestfoundationuk.org\/es\/lo-que-puede-hacer\/apoyanos\/\" \/>\n<meta property=\"og:locale\" content=\"es_ES\" \/>\n<meta property=\"og:type\" content=\"article\" \/>\n<meta property=\"og:title\" content=\"Support Us - Rainforest Foundation UK\" \/>\n<meta property=\"og:description\" content=\"Every day, Rainforest Foundation UK is fighting for indigenous voices to be heard, community rights to be acknowledged and upheld, and for traditional peoples to be able to protect their rainforest homes. But we can\u2019t do it without the generous support we receive from people like you!\" \/>\n<meta property=\"og:url\" content=\"https:\/\/www.rainforestfoundationuk.org\/es\/lo-que-puede-hacer\/apoyanos\/\" \/>\n<meta property=\"og:site_name\" content=\"Rainforest Foundation UK\" \/>\n<meta property=\"article:publisher\" content=\"https:\/\/www.facebook.com\/rainforestfoundationuk\" \/>\n<meta property=\"article:modified_time\" content=\"2025-09-23T12:18:27+00:00\" \/>\n<meta property=\"og:image\" content=\"https:\/\/www.rainforestfoundationuk.org\/wp-content\/uploads\/2021\/11\/299734ee-9295-4086-9d9e-806b106f5eb2.jpg\" \/>\n\t<meta property=\"og:image:width\" content=\"403\" \/>\n\t<meta property=\"og:image:height\" content=\"227\" \/>\n\t<meta property=\"og:image:type\" content=\"image\/jpeg\" \/>\n<meta name=\"twitter:card\" content=\"summary_large_image\" \/>\n<meta name=\"twitter:site\" content=\"@RFUK\" \/>\n<meta name=\"twitter:label1\" content=\"Est. reading time\" \/>\n\t<meta name=\"twitter:data1\" content=\"3 minutos\" \/>\n<script type=\"application\/ld+json\" class=\"yoast-schema-graph\">{\"@context\":\"https:\\\/\\\/schema.org\",\"@graph\":[{\"@type\":\"WebPage\",\"@id\":\"https:\\\/\\\/www.rainforestfoundationuk.org\\\/what-you-can-do\\\/support-us\\\/\",\"url\":\"https:\\\/\\\/www.rainforestfoundationuk.org\\\/what-you-can-do\\\/support-us\\\/\",\"name\":\"Support Us - Rainforest Foundation UK\",\"isPartOf\":{\"@id\":\"https:\\\/\\\/www.rainforestfoundationuk.org\\\/#website\"},\"primaryImageOfPage\":{\"@id\":\"https:\\\/\\\/www.rainforestfoundationuk.org\\\/what-you-can-do\\\/support-us\\\/#primaryimage\"},\"image\":{\"@id\":\"https:\\\/\\\/www.rainforestfoundationuk.org\\\/what-you-can-do\\\/support-us\\\/#primaryimage\"},\"thumbnailUrl\":\"https:\\\/\\\/www.rainforestfoundationuk.org\\\/wp-content\\\/uploads\\\/2021\\\/11\\\/299734ee-9295-4086-9d9e-806b106f5eb2.jpg\",\"datePublished\":\"2021-09-13T09:39:08+00:00\",\"dateModified\":\"2025-09-23T12:18:27+00:00\",\"breadcrumb\":{\"@id\":\"https:\\\/\\\/www.rainforestfoundationuk.org\\\/what-you-can-do\\\/support-us\\\/#breadcrumb\"},\"inLanguage\":\"es-PE\",\"potentialAction\":[{\"@type\":\"ReadAction\",\"target\":[\"https:\\\/\\\/www.rainforestfoundationuk.org\\\/what-you-can-do\\\/support-us\\\/\"]}]},{\"@type\":\"ImageObject\",\"inLanguage\":\"es-PE\",\"@id\":\"https:\\\/\\\/www.rainforestfoundationuk.org\\\/what-you-can-do\\\/support-us\\\/#primaryimage\",\"url\":\"https:\\\/\\\/www.rainforestfoundationuk.org\\\/wp-content\\\/uploads\\\/2021\\\/11\\\/299734ee-9295-4086-9d9e-806b106f5eb2.jpg\",\"contentUrl\":\"https:\\\/\\\/www.rainforestfoundationuk.org\\\/wp-content\\\/uploads\\\/2021\\\/11\\\/299734ee-9295-4086-9d9e-806b106f5eb2.jpg\",\"width\":403,\"height\":227},{\"@type\":\"BreadcrumbList\",\"@id\":\"https:\\\/\\\/www.rainforestfoundationuk.org\\\/what-you-can-do\\\/support-us\\\/#breadcrumb\",\"itemListElement\":[{\"@type\":\"ListItem\",\"position\":1,\"name\":\"Home\",\"item\":\"https:\\\/\\\/www.rainforestfoundationuk.org\\\/\"},{\"@type\":\"ListItem\",\"position\":2,\"name\":\"What You Can Do\",\"item\":\"https:\\\/\\\/www.rainforestfoundationuk.org\\\/what-you-can-do\\\/\"},{\"@type\":\"ListItem\",\"position\":3,\"name\":\"Support Us\"}]},{\"@type\":\"WebSite\",\"@id\":\"https:\\\/\\\/www.rainforestfoundationuk.org\\\/#website\",\"url\":\"https:\\\/\\\/www.rainforestfoundationuk.org\\\/\",\"name\":\"Rainforest Foundation UK\",\"description\":\"Securing lands, sustaining lives\",\"publisher\":{\"@id\":\"https:\\\/\\\/www.rainforestfoundationuk.org\\\/#organization\"},\"potentialAction\":[{\"@type\":\"SearchAction\",\"target\":{\"@type\":\"EntryPoint\",\"urlTemplate\":\"https:\\\/\\\/www.rainforestfoundationuk.org\\\/?s={search_term_string}\"},\"query-input\":{\"@type\":\"PropertyValueSpecification\",\"valueRequired\":true,\"valueName\":\"search_term_string\"}}],\"inLanguage\":\"es-PE\"},{\"@type\":\"Organization\",\"@id\":\"https:\\\/\\\/www.rainforestfoundationuk.org\\\/#organization\",\"name\":\"Rainforest Foundation UK\",\"url\":\"https:\\\/\\\/www.rainforestfoundationuk.org\\\/\",\"logo\":{\"@type\":\"ImageObject\",\"inLanguage\":\"es-PE\",\"@id\":\"https:\\\/\\\/www.rainforestfoundationuk.org\\\/#\\\/schema\\\/logo\\\/image\\\/\",\"url\":\"https:\\\/\\\/www.rainforestfoundationuk.org\\\/wp-content\\\/uploads\\\/2023\\\/08\\\/RFUK-logo-black.svg\",\"contentUrl\":\"https:\\\/\\\/www.rainforestfoundationuk.org\\\/wp-content\\\/uploads\\\/2023\\\/08\\\/RFUK-logo-black.svg\",\"width\":1278,\"height\":332,\"caption\":\"Rainforest Foundation UK\"},\"image\":{\"@id\":\"https:\\\/\\\/www.rainforestfoundationuk.org\\\/#\\\/schema\\\/logo\\\/image\\\/\"},\"sameAs\":[\"https:\\\/\\\/www.facebook.com\\\/rainforestfoundationuk\",\"https:\\\/\\\/x.com\\\/RFUK\",\"https:\\\/\\\/www.instagram.com\\\/rainforestfoundationuk\\\/\",\"https:\\\/\\\/www.youtube.com\\\/user\\\/theRFUK\"]}]}<\/script>\n<!-- \/ Yoast SEO plugin. -->","yoast_head_json":{"title":"Ap\u00f3yanos - Rainforest Foundation UK","robots":{"index":"index","follow":"follow","max-snippet":"max-snippet:-1","max-image-preview":"max-image-preview:large","max-video-preview":"max-video-preview:-1"},"canonical":"https:\/\/www.rainforestfoundationuk.org\/es\/lo-que-puede-hacer\/apoyanos\/","og_locale":"es_ES","og_type":"article","og_title":"Support Us - Rainforest Foundation UK","og_description":"Every day, Rainforest Foundation UK is fighting for indigenous voices to be heard, community rights to be acknowledged and upheld, and for traditional peoples to be able to protect their rainforest homes. But we can\u2019t do it without the generous support we receive from people like you!","og_url":"https:\/\/www.rainforestfoundationuk.org\/es\/lo-que-puede-hacer\/apoyanos\/","og_site_name":"Rainforest Foundation UK","article_publisher":"https:\/\/www.facebook.com\/rainforestfoundationuk","article_modified_time":"2025-09-23T12:18:27+00:00","og_image":[{"width":403,"height":227,"url":"https:\/\/www.rainforestfoundationuk.org\/wp-content\/uploads\/2021\/11\/299734ee-9295-4086-9d9e-806b106f5eb2.jpg","type":"image\/jpeg"}],"twitter_card":"summary_large_image","twitter_site":"@RFUK","twitter_misc":{"Est. reading time":"3 minutos"},"schema":{"@context":"https:\/\/schema.org","@graph":[{"@type":"WebPage","@id":"https:\/\/www.rainforestfoundationuk.org\/what-you-can-do\/support-us\/","url":"https:\/\/www.rainforestfoundationuk.org\/what-you-can-do\/support-us\/","name":"Ap\u00f3yanos - Rainforest Foundation UK","isPartOf":{"@id":"https:\/\/www.rainforestfoundationuk.org\/#website"},"primaryImageOfPage":{"@id":"https:\/\/www.rainforestfoundationuk.org\/what-you-can-do\/support-us\/#primaryimage"},"image":{"@id":"https:\/\/www.rainforestfoundationuk.org\/what-you-can-do\/support-us\/#primaryimage"},"thumbnailUrl":"https:\/\/www.rainforestfoundationuk.org\/wp-content\/uploads\/2021\/11\/299734ee-9295-4086-9d9e-806b106f5eb2.jpg","datePublished":"2021-09-13T09:39:08+00:00","dateModified":"2025-09-23T12:18:27+00:00","breadcrumb":{"@id":"https:\/\/www.rainforestfoundationuk.org\/what-you-can-do\/support-us\/#breadcrumb"},"inLanguage":"es-PE","potentialAction":[{"@type":"ReadAction","target":["https:\/\/www.rainforestfoundationuk.org\/what-you-can-do\/support-us\/"]}]},{"@type":"ImageObject","inLanguage":"es-PE","@id":"https:\/\/www.rainforestfoundationuk.org\/what-you-can-do\/support-us\/#primaryimage","url":"https:\/\/www.rainforestfoundationuk.org\/wp-content\/uploads\/2021\/11\/299734ee-9295-4086-9d9e-806b106f5eb2.jpg","contentUrl":"https:\/\/www.rainforestfoundationuk.org\/wp-content\/uploads\/2021\/11\/299734ee-9295-4086-9d9e-806b106f5eb2.jpg","width":403,"height":227},{"@type":"BreadcrumbList","@id":"https:\/\/www.rainforestfoundationuk.org\/what-you-can-do\/support-us\/#breadcrumb","itemListElement":[{"@type":"ListItem","position":1,"name":"Home","item":"https:\/\/www.rainforestfoundationuk.org\/"},{"@type":"ListItem","position":2,"name":"What You Can Do","item":"https:\/\/www.rainforestfoundationuk.org\/what-you-can-do\/"},{"@type":"ListItem","position":3,"name":"Support Us"}]},{"@type":"WebSite","@id":"https:\/\/www.rainforestfoundationuk.org\/#website","url":"https:\/\/www.rainforestfoundationuk.org\/","name":"Fundaci\u00f3n Rainforest del Reino Unido","description":"Proteger la tierra, preservar la vida","publisher":{"@id":"https:\/\/www.rainforestfoundationuk.org\/#organization"},"potentialAction":[{"@type":"SearchAction","target":{"@type":"EntryPoint","urlTemplate":"https:\/\/www.rainforestfoundationuk.org\/?s={search_term_string}"},"query-input":{"@type":"PropertyValueSpecification","valueRequired":true,"valueName":"search_term_string"}}],"inLanguage":"es-PE"},{"@type":"Organization","@id":"https:\/\/www.rainforestfoundationuk.org\/#organization","name":"Fundaci\u00f3n Rainforest del Reino Unido","url":"https:\/\/www.rainforestfoundationuk.org\/","logo":{"@type":"ImageObject","inLanguage":"es-PE","@id":"https:\/\/www.rainforestfoundationuk.org\/#\/schema\/logo\/image\/","url":"https:\/\/www.rainforestfoundationuk.org\/wp-content\/uploads\/2023\/08\/RFUK-logo-black.svg","contentUrl":"https:\/\/www.rainforestfoundationuk.org\/wp-content\/uploads\/2023\/08\/RFUK-logo-black.svg","width":1278,"height":332,"caption":"Rainforest Foundation UK"},"image":{"@id":"https:\/\/www.rainforestfoundationuk.org\/#\/schema\/logo\/image\/"},"sameAs":["https:\/\/www.facebook.com\/rainforestfoundationuk","https:\/\/x.com\/RFUK","https:\/\/www.instagram.com\/rainforestfoundationuk\/","https:\/\/www.youtube.com\/user\/theRFUK"]}]}},"_links":{"self":[{"href":"https:\/\/www.rainforestfoundationuk.org\/es\/wp-json\/wp\/v2\/pages\/207","targetHints":{"allow":["GET"]}}],"collection":[{"href":"https:\/\/www.rainforestfoundationuk.org\/es\/wp-json\/wp\/v2\/pages"}],"about":[{"href":"https:\/\/www.rainforestfoundationuk.org\/es\/wp-json\/wp\/v2\/types\/page"}],"author":[{"embeddable":true,"href":"https:\/\/www.rainforestfoundationuk.org\/es\/wp-json\/wp\/v2\/users\/2"}],"replies":[{"embeddable":true,"href":"https:\/\/www.rainforestfoundationuk.org\/es\/wp-json\/wp\/v2\/comments?post=207"}],"version-history":[{"count":6,"href":"https:\/\/www.rainforestfoundationuk.org\/es\/wp-json\/wp\/v2\/pages\/207\/revisions"}],"predecessor-version":[{"id":9513,"href":"https:\/\/www.rainforestfoundationuk.org\/es\/wp-json\/wp\/v2\/pages\/207\/revisions\/9513"}],"up":[{"embeddable":true,"href":"https:\/\/www.rainforestfoundationuk.org\/es\/wp-json\/wp\/v2\/pages\/4284"}],"wp:featuredmedia":[{"embeddable":true,"href":"https:\/\/www.rainforestfoundationuk.org\/es\/wp-json\/wp\/v2\/media\/1615"}],"wp:attachment":[{"href":"https:\/\/www.rainforestfoundationuk.org\/es\/wp-json\/wp\/v2\/media?parent=207"}],"curies":[{"name":"wp","href":"https:\/\/api.w.org\/{rel}","templated":true}]}}