{"id":211,"date":"2021-09-13T09:39:40","date_gmt":"2021-09-13T09:39:40","guid":{"rendered":"https:\/\/www.rainforestfoundationuk.org\/?page_id=211"},"modified":"2022-12-06T14:39:47","modified_gmt":"2022-12-06T14:39:47","slug":"donacion-unica","status":"publish","type":"page","link":"https:\/\/www.rainforestfoundationuk.org\/es\/what-you-can-do\/support-us\/one-off-donation\/","title":{"rendered":"Donaci\u00f3n \u00fanica"},"content":{"rendered":"<h3>Apoye nuestro trabajo haciendo hoy una donaci\u00f3n \u00fanica<\/h3>\n\t\t\t\t<img decoding=\"async\" src=\"https:\/\/www.rainforestfoundationuk.org\/wp-content\/uploads\/2021\/11\/e7089f33-aaa8-4223-951f-0c0c3d42e629.jpg\" alt=\"Una madre y su hijo en la comunidad de Nzondo, Ecuador, RDC. Nzondo es una de las varias comunidades que solicitan una Concesi\u00f3n Forestal Comunitaria | Cr\u00e9dito de la foto: Claire Parfondry, RFUK\" itemprop=\"image\" title=\"Una madre y su hijo en la comunidad de Nzondo, Ecuador, RDC. Nzondo es una de las varias comunidades que solicitan una Concesi\u00f3n Forestal Comunitaria | Cr\u00e9dito de la foto: Claire Parfondry, RFUK\" onerror=\"this.style.display='none'\"  \/>\n\t\t<h2>Dona 10<\/h2>\n\t\t<p>Ayudar a las comunidades a defender su hogar, la selva tropical<\/p>\n\t\t\t<a href=\"https:\/\/rainforestfoundationuk.enthuse.com\/one-offdonation#!\/\" target=\"_blank\" role=\"button\" rel=\"noopener\">\n\t\t\t\t\t\t\tDonar\n\t\t\t\t\t<\/a>\n\t\t\t\t<img decoding=\"async\" src=\"https:\/\/www.rainforestfoundationuk.org\/wp-content\/uploads\/2021\/11\/95757f31-6886-4efb-9316-ffcf1933d3e5.jpg\" alt=\"95757f31-6886-4efb-9316-ffcf1933d3e5\" itemprop=\"image\" title=\"95757f31-6886-4efb-9316-ffcf1933d3e5\" onerror=\"this.style.display='none'\"  \/>\n\t\t<h2>Dona 25<\/h2>\n\t\t<p>Apoyar a un investigador encubierto para recabar testimonios de las comunidades forestales<\/p>\n\t\t\t<a href=\"https:\/\/rainforestfoundationuk.enthuse.com\/one-offdonation#!\/\" target=\"_blank\" role=\"button\" rel=\"noopener\">\n\t\t\t\t\t\t\tDonar\n\t\t\t\t\t<\/a>\n\t\t\t\t<img decoding=\"async\" src=\"https:\/\/www.rainforestfoundationuk.org\/wp-content\/uploads\/2022\/09\/0f9d26ec-cf9d-4076-9ff3-6be13c93919f.jpg\" alt=\"0f9d26ec-cf9d-4076-9ff3-6be13c93919f\" itemprop=\"image\" title=\"0f9d26ec-cf9d-4076-9ff3-6be13c93919f\" onerror=\"this.style.display='none'\"  \/>\n\t\t<h2>Dona 50<\/h2>\n\t\t<p>Ayudar a comprar equipos m\u00f3viles vitales para que las comunidades puedan proteger sus tierras de la tala ilegal.<\/p>\n\t\t\t<a href=\"https:\/\/rainforestfoundationuk.enthuse.com\/one-offdonation#!\/\" target=\"_blank\" role=\"button\" rel=\"noopener\">\n\t\t\t\t\t\t\tDonar\n\t\t\t\t\t<\/a>\n\t\t\t\t<img decoding=\"async\" src=\"https:\/\/www.rainforestfoundationuk.org\/wp-content\/uploads\/2021\/10\/livelihoods.jpg\" alt=\"medios de subsistencia\" itemprop=\"image\" title=\"medios de subsistencia\" onerror=\"this.style.display='none'\"  \/>\n\t\t<h2>Elija su donaci\u00f3n<\/h2>\n\t\t<p>elija la cantidad que desea donar<\/p>\n\t\t\t<a href=\"https:\/\/rainforestfoundationuk.enthuse.com\/one-offdonation#!\/\" target=\"_blank\" role=\"button\" rel=\"noopener\">\n\t\t\t\t\t\t\tDonar\n\t\t\t\t\t<\/a>\n\t\t<h2>Donaciones de la CAF<\/h2>\n\t\t<p>Si desea donar a trav\u00e9s de una cuenta CAF, haga clic en el siguiente enlace.<\/p>\n\t\t\t<a href=\"https:\/\/cafdonate.cafonline.org\/3490\" target=\"_blank\" role=\"button\" rel=\"noopener\">\n\t\t\t\t\t\t\tDonaciones a la cuenta de la CAF\n\t\t\t\t\t<\/a>\n\t\t<h2>DONACIONES POR CORREO Y AYUDA A LAS DONACIONES<\/h2>\n<p class=\"translation-block\">Si lo prefiere, tambi\u00e9n puede hacernos una donaci\u00f3n descarg\u00e1ndose nuestro <span style=\"color: #99cc00\"><a style=\"color: #99cc00\" href=\"https:\/\/www.rainforestfoundationuk.org\/media\/3118caf7-fcb0-44d7-973f-1b949ec45b66\" target=\"_self\">formulario de donaciones peri\u00f3dicas aqu\u00ed<\/a><\/span> y envi\u00e1ndolo por correo postal (la direcci\u00f3n y las instrucciones se incluyen en el formulario).<\/p>\n<p>Todas nuestras opciones de donaci\u00f3n ofrecen la posibilidad de utilizar Gift Aid, pero incluso si no lo seleccion\u00f3 en su momento, puede aplicarlo retroactivamente a todas sus donaciones desde hace 4 a\u00f1os. S\u00f3lo tiene que descargar el siguiente formulario y envi\u00e1rnoslo por correo electr\u00f3nico o postal (instrucciones en el formulario), y podr\u00e1\u00a0<strong>aumente el valor de su regalo en 25% \u00a1sin coste adicional!<\/strong><\/p>\n\t\t\t<a href=\"https:\/\/www.rainforestfoundationuk.org\/wp-content\/uploads\/2022\/12\/Gift-Aid-Declaration-Dec-2022.pdf\" target=\"_blank\" role=\"button\" rel=\"noopener\">\n\t\t\t\t\t\t\tAy\u00fadenos a donar\n\t\t\t\t\t<\/a>","protected":false},"excerpt":{"rendered":"<p>Apoye nuestro trabajo haciendo hoy una donaci\u00f3n \u00fanica<\/p>","protected":false},"author":2,"featured_media":1636,"parent":207,"menu_order":9,"comment_status":"closed","ping_status":"closed","template":"","meta":{"_acf_changed":false,"footnotes":""},"class_list":{"0":"post-211","1":"page","2":"type-page","3":"status-publish","4":"has-post-thumbnail","6":"no-featured-image-padding"},"acf":[],"yoast_head":"<!-- This site is optimized with the Yoast SEO plugin v27.4 - https:\/\/yoast.com\/product\/yoast-seo-wordpress\/ -->\n<title>One-off Donation - Rainforest Foundation UK<\/title>\n<meta name=\"robots\" content=\"index, follow, max-snippet:-1, max-image-preview:large, max-video-preview:-1\" \/>\n<link rel=\"canonical\" href=\"https:\/\/www.rainforestfoundationuk.org\/es\/lo-que-puede-hacer\/apoyanos\/donacion-unica\/\" \/>\n<meta property=\"og:locale\" content=\"es_ES\" \/>\n<meta property=\"og:type\" content=\"article\" \/>\n<meta property=\"og:title\" content=\"One-off Donation - Rainforest Foundation UK\" \/>\n<meta property=\"og:description\" content=\"Support our work by making a one-time donation today\" \/>\n<meta property=\"og:url\" content=\"https:\/\/www.rainforestfoundationuk.org\/es\/lo-que-puede-hacer\/apoyanos\/donacion-unica\/\" \/>\n<meta property=\"og:site_name\" content=\"Rainforest Foundation UK\" \/>\n<meta property=\"article:publisher\" content=\"https:\/\/www.facebook.com\/rainforestfoundationuk\" \/>\n<meta property=\"article:modified_time\" content=\"2022-12-06T14:39:47+00:00\" \/>\n<meta property=\"og:image\" content=\"https:\/\/www.rainforestfoundationuk.org\/wp-content\/uploads\/2021\/11\/3b13836b-fc94-4cdb-9f6e-56f1517d8710.jpg\" \/>\n\t<meta property=\"og:image:width\" content=\"403\" \/>\n\t<meta property=\"og:image:height\" content=\"310\" \/>\n\t<meta property=\"og:image:type\" content=\"image\/jpeg\" \/>\n<meta name=\"twitter:card\" content=\"summary_large_image\" \/>\n<meta name=\"twitter:site\" content=\"@RFUK\" \/>\n<meta name=\"twitter:label1\" content=\"Est. reading time\" \/>\n\t<meta name=\"twitter:data1\" content=\"2 minutos\" \/>\n<script type=\"application\/ld+json\" class=\"yoast-schema-graph\">{\"@context\":\"https:\\\/\\\/schema.org\",\"@graph\":[{\"@type\":\"WebPage\",\"@id\":\"https:\\\/\\\/www.rainforestfoundationuk.org\\\/what-you-can-do\\\/support-us\\\/one-off-donation\\\/\",\"url\":\"https:\\\/\\\/www.rainforestfoundationuk.org\\\/what-you-can-do\\\/support-us\\\/one-off-donation\\\/\",\"name\":\"One-off Donation - Rainforest Foundation UK\",\"isPartOf\":{\"@id\":\"https:\\\/\\\/www.rainforestfoundationuk.org\\\/#website\"},\"primaryImageOfPage\":{\"@id\":\"https:\\\/\\\/www.rainforestfoundationuk.org\\\/what-you-can-do\\\/support-us\\\/one-off-donation\\\/#primaryimage\"},\"image\":{\"@id\":\"https:\\\/\\\/www.rainforestfoundationuk.org\\\/what-you-can-do\\\/support-us\\\/one-off-donation\\\/#primaryimage\"},\"thumbnailUrl\":\"https:\\\/\\\/www.rainforestfoundationuk.org\\\/wp-content\\\/uploads\\\/2021\\\/11\\\/3b13836b-fc94-4cdb-9f6e-56f1517d8710.jpg\",\"datePublished\":\"2021-09-13T09:39:40+00:00\",\"dateModified\":\"2022-12-06T14:39:47+00:00\",\"breadcrumb\":{\"@id\":\"https:\\\/\\\/www.rainforestfoundationuk.org\\\/what-you-can-do\\\/support-us\\\/one-off-donation\\\/#breadcrumb\"},\"inLanguage\":\"es-PE\",\"potentialAction\":[{\"@type\":\"ReadAction\",\"target\":[\"https:\\\/\\\/www.rainforestfoundationuk.org\\\/what-you-can-do\\\/support-us\\\/one-off-donation\\\/\"]}]},{\"@type\":\"ImageObject\",\"inLanguage\":\"es-PE\",\"@id\":\"https:\\\/\\\/www.rainforestfoundationuk.org\\\/what-you-can-do\\\/support-us\\\/one-off-donation\\\/#primaryimage\",\"url\":\"https:\\\/\\\/www.rainforestfoundationuk.org\\\/wp-content\\\/uploads\\\/2021\\\/11\\\/3b13836b-fc94-4cdb-9f6e-56f1517d8710.jpg\",\"contentUrl\":\"https:\\\/\\\/www.rainforestfoundationuk.org\\\/wp-content\\\/uploads\\\/2021\\\/11\\\/3b13836b-fc94-4cdb-9f6e-56f1517d8710.jpg\",\"width\":403,\"height\":310},{\"@type\":\"BreadcrumbList\",\"@id\":\"https:\\\/\\\/www.rainforestfoundationuk.org\\\/what-you-can-do\\\/support-us\\\/one-off-donation\\\/#breadcrumb\",\"itemListElement\":[{\"@type\":\"ListItem\",\"position\":1,\"name\":\"Home\",\"item\":\"https:\\\/\\\/www.rainforestfoundationuk.org\\\/\"},{\"@type\":\"ListItem\",\"position\":2,\"name\":\"What You Can Do\",\"item\":\"https:\\\/\\\/www.rainforestfoundationuk.org\\\/what-you-can-do\\\/\"},{\"@type\":\"ListItem\",\"position\":3,\"name\":\"Support Us\",\"item\":\"https:\\\/\\\/www.rainforestfoundationuk.org\\\/what-you-can-do\\\/support-us\\\/\"},{\"@type\":\"ListItem\",\"position\":4,\"name\":\"One-off Donation\"}]},{\"@type\":\"WebSite\",\"@id\":\"https:\\\/\\\/www.rainforestfoundationuk.org\\\/#website\",\"url\":\"https:\\\/\\\/www.rainforestfoundationuk.org\\\/\",\"name\":\"Rainforest Foundation UK\",\"description\":\"Securing lands, sustaining lives\",\"publisher\":{\"@id\":\"https:\\\/\\\/www.rainforestfoundationuk.org\\\/#organization\"},\"potentialAction\":[{\"@type\":\"SearchAction\",\"target\":{\"@type\":\"EntryPoint\",\"urlTemplate\":\"https:\\\/\\\/www.rainforestfoundationuk.org\\\/?s={search_term_string}\"},\"query-input\":{\"@type\":\"PropertyValueSpecification\",\"valueRequired\":true,\"valueName\":\"search_term_string\"}}],\"inLanguage\":\"es-PE\"},{\"@type\":\"Organization\",\"@id\":\"https:\\\/\\\/www.rainforestfoundationuk.org\\\/#organization\",\"name\":\"Rainforest Foundation UK\",\"url\":\"https:\\\/\\\/www.rainforestfoundationuk.org\\\/\",\"logo\":{\"@type\":\"ImageObject\",\"inLanguage\":\"es-PE\",\"@id\":\"https:\\\/\\\/www.rainforestfoundationuk.org\\\/#\\\/schema\\\/logo\\\/image\\\/\",\"url\":\"https:\\\/\\\/www.rainforestfoundationuk.org\\\/wp-content\\\/uploads\\\/2023\\\/08\\\/RFUK-logo-black.svg\",\"contentUrl\":\"https:\\\/\\\/www.rainforestfoundationuk.org\\\/wp-content\\\/uploads\\\/2023\\\/08\\\/RFUK-logo-black.svg\",\"width\":1278,\"height\":332,\"caption\":\"Rainforest Foundation UK\"},\"image\":{\"@id\":\"https:\\\/\\\/www.rainforestfoundationuk.org\\\/#\\\/schema\\\/logo\\\/image\\\/\"},\"sameAs\":[\"https:\\\/\\\/www.facebook.com\\\/rainforestfoundationuk\",\"https:\\\/\\\/x.com\\\/RFUK\",\"https:\\\/\\\/www.instagram.com\\\/rainforestfoundationuk\\\/\",\"https:\\\/\\\/www.youtube.com\\\/user\\\/theRFUK\"]}]}<\/script>\n<!-- \/ Yoast SEO plugin. -->","yoast_head_json":{"title":"Donaci\u00f3n \u00fanica - Rainforest Foundation UK","robots":{"index":"index","follow":"follow","max-snippet":"max-snippet:-1","max-image-preview":"max-image-preview:large","max-video-preview":"max-video-preview:-1"},"canonical":"https:\/\/www.rainforestfoundationuk.org\/es\/lo-que-puede-hacer\/apoyanos\/donacion-unica\/","og_locale":"es_ES","og_type":"article","og_title":"One-off Donation - Rainforest Foundation UK","og_description":"Support our work by making a one-time donation today","og_url":"https:\/\/www.rainforestfoundationuk.org\/es\/lo-que-puede-hacer\/apoyanos\/donacion-unica\/","og_site_name":"Rainforest Foundation UK","article_publisher":"https:\/\/www.facebook.com\/rainforestfoundationuk","article_modified_time":"2022-12-06T14:39:47+00:00","og_image":[{"width":403,"height":310,"url":"https:\/\/www.rainforestfoundationuk.org\/wp-content\/uploads\/2021\/11\/3b13836b-fc94-4cdb-9f6e-56f1517d8710.jpg","type":"image\/jpeg"}],"twitter_card":"summary_large_image","twitter_site":"@RFUK","twitter_misc":{"Est. reading time":"2 minutos"},"schema":{"@context":"https:\/\/schema.org","@graph":[{"@type":"WebPage","@id":"https:\/\/www.rainforestfoundationuk.org\/what-you-can-do\/support-us\/one-off-donation\/","url":"https:\/\/www.rainforestfoundationuk.org\/what-you-can-do\/support-us\/one-off-donation\/","name":"Donaci\u00f3n \u00fanica - Rainforest Foundation UK","isPartOf":{"@id":"https:\/\/www.rainforestfoundationuk.org\/#website"},"primaryImageOfPage":{"@id":"https:\/\/www.rainforestfoundationuk.org\/what-you-can-do\/support-us\/one-off-donation\/#primaryimage"},"image":{"@id":"https:\/\/www.rainforestfoundationuk.org\/what-you-can-do\/support-us\/one-off-donation\/#primaryimage"},"thumbnailUrl":"https:\/\/www.rainforestfoundationuk.org\/wp-content\/uploads\/2021\/11\/3b13836b-fc94-4cdb-9f6e-56f1517d8710.jpg","datePublished":"2021-09-13T09:39:40+00:00","dateModified":"2022-12-06T14:39:47+00:00","breadcrumb":{"@id":"https:\/\/www.rainforestfoundationuk.org\/what-you-can-do\/support-us\/one-off-donation\/#breadcrumb"},"inLanguage":"es-PE","potentialAction":[{"@type":"ReadAction","target":["https:\/\/www.rainforestfoundationuk.org\/what-you-can-do\/support-us\/one-off-donation\/"]}]},{"@type":"ImageObject","inLanguage":"es-PE","@id":"https:\/\/www.rainforestfoundationuk.org\/what-you-can-do\/support-us\/one-off-donation\/#primaryimage","url":"https:\/\/www.rainforestfoundationuk.org\/wp-content\/uploads\/2021\/11\/3b13836b-fc94-4cdb-9f6e-56f1517d8710.jpg","contentUrl":"https:\/\/www.rainforestfoundationuk.org\/wp-content\/uploads\/2021\/11\/3b13836b-fc94-4cdb-9f6e-56f1517d8710.jpg","width":403,"height":310},{"@type":"BreadcrumbList","@id":"https:\/\/www.rainforestfoundationuk.org\/what-you-can-do\/support-us\/one-off-donation\/#breadcrumb","itemListElement":[{"@type":"ListItem","position":1,"name":"Home","item":"https:\/\/www.rainforestfoundationuk.org\/"},{"@type":"ListItem","position":2,"name":"What You Can Do","item":"https:\/\/www.rainforestfoundationuk.org\/what-you-can-do\/"},{"@type":"ListItem","position":3,"name":"Support Us","item":"https:\/\/www.rainforestfoundationuk.org\/what-you-can-do\/support-us\/"},{"@type":"ListItem","position":4,"name":"One-off Donation"}]},{"@type":"WebSite","@id":"https:\/\/www.rainforestfoundationuk.org\/#website","url":"https:\/\/www.rainforestfoundationuk.org\/","name":"Fundaci\u00f3n Rainforest del Reino Unido","description":"Proteger la tierra, preservar la vida","publisher":{"@id":"https:\/\/www.rainforestfoundationuk.org\/#organization"},"potentialAction":[{"@type":"SearchAction","target":{"@type":"EntryPoint","urlTemplate":"https:\/\/www.rainforestfoundationuk.org\/?s={search_term_string}"},"query-input":{"@type":"PropertyValueSpecification","valueRequired":true,"valueName":"search_term_string"}}],"inLanguage":"es-PE"},{"@type":"Organization","@id":"https:\/\/www.rainforestfoundationuk.org\/#organization","name":"Fundaci\u00f3n Rainforest del Reino Unido","url":"https:\/\/www.rainforestfoundationuk.org\/","logo":{"@type":"ImageObject","inLanguage":"es-PE","@id":"https:\/\/www.rainforestfoundationuk.org\/#\/schema\/logo\/image\/","url":"https:\/\/www.rainforestfoundationuk.org\/wp-content\/uploads\/2023\/08\/RFUK-logo-black.svg","contentUrl":"https:\/\/www.rainforestfoundationuk.org\/wp-content\/uploads\/2023\/08\/RFUK-logo-black.svg","width":1278,"height":332,"caption":"Rainforest Foundation UK"},"image":{"@id":"https:\/\/www.rainforestfoundationuk.org\/#\/schema\/logo\/image\/"},"sameAs":["https:\/\/www.facebook.com\/rainforestfoundationuk","https:\/\/x.com\/RFUK","https:\/\/www.instagram.com\/rainforestfoundationuk\/","https:\/\/www.youtube.com\/user\/theRFUK"]}]}},"_links":{"self":[{"href":"https:\/\/www.rainforestfoundationuk.org\/es\/wp-json\/wp\/v2\/pages\/211","targetHints":{"allow":["GET"]}}],"collection":[{"href":"https:\/\/www.rainforestfoundationuk.org\/es\/wp-json\/wp\/v2\/pages"}],"about":[{"href":"https:\/\/www.rainforestfoundationuk.org\/es\/wp-json\/wp\/v2\/types\/page"}],"author":[{"embeddable":true,"href":"https:\/\/www.rainforestfoundationuk.org\/es\/wp-json\/wp\/v2\/users\/2"}],"replies":[{"embeddable":true,"href":"https:\/\/www.rainforestfoundationuk.org\/es\/wp-json\/wp\/v2\/comments?post=211"}],"version-history":[{"count":5,"href":"https:\/\/www.rainforestfoundationuk.org\/es\/wp-json\/wp\/v2\/pages\/211\/revisions"}],"predecessor-version":[{"id":5372,"href":"https:\/\/www.rainforestfoundationuk.org\/es\/wp-json\/wp\/v2\/pages\/211\/revisions\/5372"}],"up":[{"embeddable":true,"href":"https:\/\/www.rainforestfoundationuk.org\/es\/wp-json\/wp\/v2\/pages\/207"}],"wp:featuredmedia":[{"embeddable":true,"href":"https:\/\/www.rainforestfoundationuk.org\/es\/wp-json\/wp\/v2\/media\/1636"}],"wp:attachment":[{"href":"https:\/\/www.rainforestfoundationuk.org\/es\/wp-json\/wp\/v2\/media?parent=211"}],"curies":[{"name":"wp","href":"https:\/\/api.w.org\/{rel}","templated":true}]}}