{"id":239,"date":"2021-09-13T09:43:49","date_gmt":"2021-09-13T09:43:49","guid":{"rendered":"https:\/\/www.rainforestfoundationuk.org\/?page_id=239"},"modified":"2026-02-25T14:41:04","modified_gmt":"2026-02-25T14:41:04","slug":"recaudar-fondos-en-la-escuela","status":"publish","type":"page","link":"https:\/\/www.rainforestfoundationuk.org\/es\/what-you-can-do\/schools-and-fundraising\/fundraise-in-school\/","title":{"rendered":"Recaudar fondos en la escuela"},"content":{"rendered":"<h2>\u00bfEst\u00e1s preparado para marcar la diferencia y defender la selva tropical?<\/h2>\n\t<p>Hogar de flora y fauna que no se encuentran en ning\u00fan otro lugar del planeta, los bosques tropicales son un hogar, un h\u00e1bitat, un refugio, una farmacia y un supermercado, de los que millones de personas en todo el mundo dependen para su sustento y supervivencia.<\/p>\n<p>En RFUK trabajamos con comunidades ind\u00edgenas y forestales para hacer frente a la deforestaci\u00f3n, ayud\u00e1ndolas a obtener derechos sobre la tierra, defender sus bosques y proteger su medio ambiente.<\/p>\n<h3>Y t\u00fa puedes ayudar.<\/h3>\n<p>Hay un mont\u00f3n de ideas interesantes para recaudar fondos que tu colegio puede utilizar para apoyar a la Rainforest Foundation UK. Echa un vistazo a nuestro kit con instrucciones, ideas, carteles y otros materiales para que te diviertas mientras ayudas a las comunidades a proteger sus hogares ancestrales en la selva tropical. Y si necesitas m\u00e1s consejos, no dudes en <a href=\"mailto:schools@rainforestuk.org\">ponerse en contacto<\/a>!<\/p>\n<figure itemscope itemtype=\"https:\/\/schema.org\/ImageObject\">\n\t\t\t\t<img decoding=\"async\" src=\"https:\/\/www.rainforestfoundationuk.org\/wp-content\/uploads\/2025\/09\/2-scaled.png\" alt=\"2\" height=\"1280\" width=\"2560\" title=\"2\" onerror=\"this.style.display='none'\" loading=\"lazy\" \/>\n\t<\/figure>\n<figure itemscope itemtype=\"https:\/\/schema.org\/ImageObject\">\n\t\t\t\t<img decoding=\"async\" src=\"https:\/\/www.rainforestfoundationuk.org\/wp-content\/uploads\/2026\/02\/b672be2e-fe78-4878-b137-2ca7f6f5bec2.jpg\" alt=\"b672be2e-fe78-4878-b137-2ca7f6f5bec2\" height=\"1750\" width=\"1214\" title=\"b672be2e-fe78-4878-b137-2ca7f6f5bec2\" onerror=\"this.style.display='none'\" loading=\"lazy\" \/>\n\t<\/figure>\n\t<figure itemscope itemtype=\"https:\/\/schema.org\/ImageObject\">\n\t\t\t\t<a href=\"\/wp-content\/uploads\/2022\/02\/RFUK-fundraising-guide.pdf\"  target=\"_blank\" rel=\"noopener\"  itemprop=\"url\">\n\t\t\t\t<img decoding=\"async\" src=\"https:\/\/www.rainforestfoundationuk.org\/wp-content\/uploads\/2022\/02\/RFUK-fundraising-guide-pdf-212x300-1.jpg\" alt=\"RFUK-fundraising-guide-pdf-212x300\" height=\"300\" width=\"212\" title=\"RFUK-fundraising-guide-pdf-212x300\" onerror=\"this.style.display='none'\" loading=\"lazy\" \/>\n\t\t\t\t<\/a>\n\t<\/figure>\n\t\t<h3><a href=\"\/wp-content\/uploads\/2022\/02\/RFUK-fundraising-guide.pdf\" target=\"_blank\"  rel=\"noopener\">Gu\u00eda de recaudaci\u00f3n de fondos<\/a><\/h3>\n<p>\u00a1Insp\u00edrate y marca la diferencia!<\/p>\n\t\t\t<a href=\"\/wp-content\/uploads\/2022\/02\/RFUK-fundraising-guide.pdf\"  target=\"_blank\" rel=\"noopener\">\n\t\t\t\t\t\t\tDescargar\n\t\t\t\t\t<\/a>\n\t<figure itemscope itemtype=\"https:\/\/schema.org\/ImageObject\">\n\t\t\t\t<a href=\"\/wp-content\/uploads\/2022\/02\/RFUK-resources-pack.pdf\"  target=\"_blank\" rel=\"noopener\"  itemprop=\"url\">\n\t\t\t\t<img decoding=\"async\" src=\"https:\/\/www.rainforestfoundationuk.org\/wp-content\/uploads\/2022\/02\/RFUK-resources-pack-pdf-212x300-1.jpg\" alt=\"RFUK-resources-pack-pdf-212x300\" height=\"300\" width=\"212\" title=\"RFUK-resources-pack-pdf-212x300\" onerror=\"this.style.display='none'\" loading=\"lazy\" \/>\n\t\t\t\t<\/a>\n\t<\/figure>\n\t\t<h3><a href=\"\/wp-content\/uploads\/2022\/02\/RFUK-resources-pack.pdf\" target=\"_blank\"  rel=\"noopener\">Paquete de recursos<\/a><\/h3>\n<p>Comience a recaudar fondos para que su evento sea memorable.<\/p>\n\t\t\t<a href=\"\/wp-content\/uploads\/2022\/02\/RFUK-resources-pack.pdf\"  target=\"_blank\" rel=\"noopener\">\n\t\t\t\t\t\t\tDescargar\n\t\t\t\t\t<\/a>\n<h2>\n\t\t\tDatos forestales\t<\/h2>\n<h2>\n\t\t\tEscuela de la fama\t<\/h2>\n\t<h3>Regularmente recibimos historias, fotos y obras de arte inspiradoras de todo el pa\u00eds, as\u00ed que nos gusta compartirlas y animar a los dem\u00e1s con todas estas brillantes contribuciones.<\/h3>\n<figure itemscope itemtype=\"https:\/\/schema.org\/ImageObject\">\n\t\t\t\t<img decoding=\"async\" src=\"https:\/\/www.rainforestfoundationuk.org\/wp-content\/uploads\/2022\/09\/22d55e48-ff05-4289-807e-ecd1415c2998preview.jpg\" alt=\"22d55e48-ff05-4289-807e-ecd1415c2998preview\" height=\"384\" width=\"680\" title=\"22d55e48-ff05-4289-807e-ecd1415c2998preview\" onerror=\"this.style.display='none'\" loading=\"lazy\" \/>\n\t<\/figure>\n\t<p><strong>ESCUELA PRIMARIA DE KILLINGHALL<\/strong><\/p>\n<p>El profesor Joel Standeven organiz\u00f3 una recaudaci\u00f3n de fondos con su clase, despu\u00e9s de implicar a sus alumnos durante la clase de gram\u00e1tica. Nos escribi\u00f3: \"Durante nuestro trabajo sobre la selva tropical en cuarto curso fuimos tomando conciencia del da\u00f1o que se est\u00e1 causando a las selvas tropicales de todo el mundo y de los bellos h\u00e1bitats de los animales y las vidas de las personas que se ven perjudicados por los efectos de la deforestaci\u00f3n. Tras leer varios art\u00edculos de prensa, los alumnos quisieron hacer algo para ayudar, no s\u00f3lo en nuestro entorno local, sino tambi\u00e9n en otros lugares. Tras encontrar la p\u00e1gina web de la Rainforest Foundation UK, nos animamos a\u00fan m\u00e1s a ayudar.<\/p>\n<p><strong>ESCUELA PRIMARIA DE BRISBANE<\/strong><\/p>\n<p>Celebraron una \"Jungle FUND~le\", una presentaci\u00f3n sobre la selva tropical para sus familias y amigos. Bailaron y cantaron canciones sobre la selva y recaudaron 430 libras. Muchas gracias.<\/p>\n<p><strong>AUGHTON CHRIST CHURCH PRIMARY SCHOOL<\/strong><\/p>\n<p>recaudaron la incre\u00edble cantidad de 403,20 libras esterlinas para RFUK. \u00a1Enhorabuena a todos los ni\u00f1os y a su profesor Nick!<\/p>\n<p><strong>ESCUELA PRIMARIA WOODLANDS<\/strong><\/p>\n<p>La clase 5 recaud\u00f3 52,43 libras en su puesto de fruta llamado \"fiesta de la fruta\". \u00a1Gracias a todos!<\/p>\n<p><strong>ACADEMIA WEST PARK<\/strong><\/p>\n<p>Los guerreros ecol\u00f3gicos de tercer curso han estado muy ocupados. A trav\u00e9s de una recogida de cobre y una carrera han recaudado m\u00e1s de 700 libras para RFUK. Incluso han organizado una asamblea especial sobre la deforestaci\u00f3n, un esfuerzo incre\u00edble. Enhorabuena chicos, estamos muy orgullosos de vuestro entusiasmo por ayudar a proteger los bosques tropicales.<\/p>\n<p><strong>A\u00d1O 3 EN DAME JANET<\/strong><\/p>\n<p>crearon un bonito escaparate para recaudar fondos vendiendo bolsas decoradas y tarjetas postales, \u00a1recaudando la incre\u00edble cantidad de 349 libras para RFUK! \u00a1Bien hecho curso 3! \u00a1Y nos encantan vuestros sombreros!<\/p>\n<p><strong>ESCUELA PRIMARIA WHINGATE<\/strong><\/p>\n<p>nos enviaron sus hermosas cartas cont\u00e1ndonos sobre su venta de pasteles y cu\u00e1nto recaudaron (\u00a1la friolera de 270 libras!) \u00a1Fant\u00e1stico trabajo, chicos!<\/p>\n<p><strong>ESCUELA PRIMARIA DE CRANMERE<\/strong><\/p>\n<p>nos enviaron unas preciosas cartas cont\u00e1ndonos su fabulosa jornada de recaudaci\u00f3n de fondos en la que vendieron brochetas de fruta y collares tribales y recaudaron la impresionante cantidad de 63,60 libras para nosotros, \u00a1muchas gracias Cranmere!<\/p>\n<p><strong>ESCUELA PRIMARIA MERTON ABBEY<\/strong><\/p>\n<p>han trabajado duro escribiendo cartas a Pepsico y al gobierno brasile\u00f1o para pedirles que detengan la deforestaci\u00f3n. Despu\u00e9s de leer todas sus cartas, est\u00e1 claro que este colegio se preocupa mucho por la selva tropical. \u00a1Gracias Abad\u00eda de Merton!<\/p>\n<p><strong>ESCUELA PRIMARIA MURRAY<\/strong><\/p>\n<p>han escrito y vendido libros de \"Recetas de la selva tropical\" con deliciosos batidos, smoothies y ensaladas de frutas en su interior, \u00a1para recaudar fondos para Rainforest Foundation UK! Bien hecho, alumnos de 5\u00ba, \u00a1pronto probaremos algunas de vuestras deliciosas recetas!<\/p>\n\t<iframe loading=\"lazy\" src=\"https:\/\/www.google.com\/maps\/d\/embed?mid=1EWvMswYznqPdCy7xdW63P6gAvHaOW5cT&#038;ehbc=2E312F\" width=\"640\" height=\"480\"><\/iframe>","protected":false},"excerpt":{"rendered":"<p>Hay muchas ideas interesantes para que tu centro escolar recaude fondos en apoyo de la Rainforest Foundation UK.<\/p>","protected":false},"author":2,"featured_media":3621,"parent":235,"menu_order":0,"comment_status":"closed","ping_status":"closed","template":"","meta":{"_acf_changed":false,"footnotes":""},"class_list":{"0":"post-239","1":"page","2":"type-page","3":"status-publish","4":"has-post-thumbnail","6":"no-featured-image-padding"},"acf":[],"yoast_head":"<!-- This site is optimized with the Yoast SEO plugin v27.6 - https:\/\/yoast.com\/product\/yoast-seo-wordpress\/ -->\n<title>Fundraise in School - Rainforest Foundation UK<\/title>\n<meta name=\"description\" content=\"There are lots of exciting fundraising ideas your school can use to support the Rainforest Foundation UK!\" \/>\n<meta name=\"robots\" content=\"index, follow, max-snippet:-1, max-image-preview:large, max-video-preview:-1\" \/>\n<link rel=\"canonical\" href=\"https:\/\/www.rainforestfoundationuk.org\/es\/lo-que-puede-hacer\/escuelas-y-recaudacion-de-fondos\/recaudar-fondos-en-la-escuela\/\" \/>\n<meta property=\"og:locale\" content=\"es_ES\" \/>\n<meta property=\"og:type\" content=\"article\" \/>\n<meta property=\"og:title\" content=\"Fundraise in School - Rainforest Foundation UK\" \/>\n<meta property=\"og:description\" content=\"There are lots of exciting fundraising ideas your school can use to support the Rainforest Foundation UK!\" \/>\n<meta property=\"og:url\" content=\"https:\/\/www.rainforestfoundationuk.org\/es\/lo-que-puede-hacer\/escuelas-y-recaudacion-de-fondos\/recaudar-fondos-en-la-escuela\/\" \/>\n<meta property=\"og:site_name\" content=\"Rainforest Foundation UK\" \/>\n<meta property=\"article:publisher\" content=\"https:\/\/www.facebook.com\/rainforestfoundationuk\" \/>\n<meta property=\"article:modified_time\" content=\"2026-02-25T14:41:04+00:00\" \/>\n<meta property=\"og:image\" content=\"https:\/\/www.rainforestfoundationuk.org\/wp-content\/uploads\/2022\/08\/d362c7d8-75b1-4621-b8db-09057b48c09e.jpg\" \/>\n\t<meta property=\"og:image:width\" content=\"922\" \/>\n\t<meta property=\"og:image:height\" content=\"692\" \/>\n\t<meta property=\"og:image:type\" content=\"image\/jpeg\" \/>\n<meta name=\"twitter:card\" content=\"summary_large_image\" \/>\n<meta name=\"twitter:site\" content=\"@RFUK\" \/>\n<meta name=\"twitter:label1\" content=\"Est. reading time\" \/>\n\t<meta name=\"twitter:data1\" content=\"5 minutos\" \/>\n<script type=\"application\/ld+json\" class=\"yoast-schema-graph\">{\"@context\":\"https:\\\/\\\/schema.org\",\"@graph\":[{\"@type\":\"WebPage\",\"@id\":\"https:\\\/\\\/www.rainforestfoundationuk.org\\\/what-you-can-do\\\/schools-and-fundraising\\\/fundraise-in-school\\\/\",\"url\":\"https:\\\/\\\/www.rainforestfoundationuk.org\\\/what-you-can-do\\\/schools-and-fundraising\\\/fundraise-in-school\\\/\",\"name\":\"Fundraise in School - Rainforest Foundation UK\",\"isPartOf\":{\"@id\":\"https:\\\/\\\/www.rainforestfoundationuk.org\\\/#website\"},\"primaryImageOfPage\":{\"@id\":\"https:\\\/\\\/www.rainforestfoundationuk.org\\\/what-you-can-do\\\/schools-and-fundraising\\\/fundraise-in-school\\\/#primaryimage\"},\"image\":{\"@id\":\"https:\\\/\\\/www.rainforestfoundationuk.org\\\/what-you-can-do\\\/schools-and-fundraising\\\/fundraise-in-school\\\/#primaryimage\"},\"thumbnailUrl\":\"https:\\\/\\\/www.rainforestfoundationuk.org\\\/wp-content\\\/uploads\\\/2022\\\/08\\\/d362c7d8-75b1-4621-b8db-09057b48c09e.jpg\",\"datePublished\":\"2021-09-13T09:43:49+00:00\",\"dateModified\":\"2026-02-25T14:41:04+00:00\",\"description\":\"There are lots of exciting fundraising ideas your school can use to support the Rainforest Foundation UK!\",\"breadcrumb\":{\"@id\":\"https:\\\/\\\/www.rainforestfoundationuk.org\\\/what-you-can-do\\\/schools-and-fundraising\\\/fundraise-in-school\\\/#breadcrumb\"},\"inLanguage\":\"es-PE\",\"potentialAction\":[{\"@type\":\"ReadAction\",\"target\":[\"https:\\\/\\\/www.rainforestfoundationuk.org\\\/what-you-can-do\\\/schools-and-fundraising\\\/fundraise-in-school\\\/\"]}]},{\"@type\":\"ImageObject\",\"inLanguage\":\"es-PE\",\"@id\":\"https:\\\/\\\/www.rainforestfoundationuk.org\\\/what-you-can-do\\\/schools-and-fundraising\\\/fundraise-in-school\\\/#primaryimage\",\"url\":\"https:\\\/\\\/www.rainforestfoundationuk.org\\\/wp-content\\\/uploads\\\/2022\\\/08\\\/d362c7d8-75b1-4621-b8db-09057b48c09e.jpg\",\"contentUrl\":\"https:\\\/\\\/www.rainforestfoundationuk.org\\\/wp-content\\\/uploads\\\/2022\\\/08\\\/d362c7d8-75b1-4621-b8db-09057b48c09e.jpg\",\"width\":922,\"height\":692},{\"@type\":\"BreadcrumbList\",\"@id\":\"https:\\\/\\\/www.rainforestfoundationuk.org\\\/what-you-can-do\\\/schools-and-fundraising\\\/fundraise-in-school\\\/#breadcrumb\",\"itemListElement\":[{\"@type\":\"ListItem\",\"position\":1,\"name\":\"Home\",\"item\":\"https:\\\/\\\/www.rainforestfoundationuk.org\\\/\"},{\"@type\":\"ListItem\",\"position\":2,\"name\":\"What You Can Do\",\"item\":\"https:\\\/\\\/www.rainforestfoundationuk.org\\\/what-you-can-do\\\/\"},{\"@type\":\"ListItem\",\"position\":3,\"name\":\"Schools &#038; Fundraising\",\"item\":\"https:\\\/\\\/www.rainforestfoundationuk.org\\\/what-you-can-do\\\/schools-and-fundraising\\\/\"},{\"@type\":\"ListItem\",\"position\":4,\"name\":\"Fundraise in School\"}]},{\"@type\":\"WebSite\",\"@id\":\"https:\\\/\\\/www.rainforestfoundationuk.org\\\/#website\",\"url\":\"https:\\\/\\\/www.rainforestfoundationuk.org\\\/\",\"name\":\"Rainforest Foundation UK\",\"description\":\"Securing lands, sustaining lives\",\"publisher\":{\"@id\":\"https:\\\/\\\/www.rainforestfoundationuk.org\\\/#organization\"},\"potentialAction\":[{\"@type\":\"SearchAction\",\"target\":{\"@type\":\"EntryPoint\",\"urlTemplate\":\"https:\\\/\\\/www.rainforestfoundationuk.org\\\/?s={search_term_string}\"},\"query-input\":{\"@type\":\"PropertyValueSpecification\",\"valueRequired\":true,\"valueName\":\"search_term_string\"}}],\"inLanguage\":\"es-PE\"},{\"@type\":\"Organization\",\"@id\":\"https:\\\/\\\/www.rainforestfoundationuk.org\\\/#organization\",\"name\":\"Rainforest Foundation UK\",\"url\":\"https:\\\/\\\/www.rainforestfoundationuk.org\\\/\",\"logo\":{\"@type\":\"ImageObject\",\"inLanguage\":\"es-PE\",\"@id\":\"https:\\\/\\\/www.rainforestfoundationuk.org\\\/#\\\/schema\\\/logo\\\/image\\\/\",\"url\":\"https:\\\/\\\/www.rainforestfoundationuk.org\\\/wp-content\\\/uploads\\\/2023\\\/08\\\/RFUK-logo-black.svg\",\"contentUrl\":\"https:\\\/\\\/www.rainforestfoundationuk.org\\\/wp-content\\\/uploads\\\/2023\\\/08\\\/RFUK-logo-black.svg\",\"width\":1278,\"height\":332,\"caption\":\"Rainforest Foundation UK\"},\"image\":{\"@id\":\"https:\\\/\\\/www.rainforestfoundationuk.org\\\/#\\\/schema\\\/logo\\\/image\\\/\"},\"sameAs\":[\"https:\\\/\\\/www.facebook.com\\\/rainforestfoundationuk\",\"https:\\\/\\\/x.com\\\/RFUK\",\"https:\\\/\\\/www.instagram.com\\\/rainforestfoundationuk\\\/\",\"https:\\\/\\\/www.youtube.com\\\/user\\\/theRFUK\"]}]}<\/script>\n<!-- \/ Yoast SEO plugin. -->","yoast_head_json":{"title":"Recaudar fondos en la escuela - Rainforest Foundation UK","description":"Hay muchas ideas interesantes para que tu centro escolar recaude fondos en apoyo de la Rainforest Foundation UK.","robots":{"index":"index","follow":"follow","max-snippet":"max-snippet:-1","max-image-preview":"max-image-preview:large","max-video-preview":"max-video-preview:-1"},"canonical":"https:\/\/www.rainforestfoundationuk.org\/es\/lo-que-puede-hacer\/escuelas-y-recaudacion-de-fondos\/recaudar-fondos-en-la-escuela\/","og_locale":"es_ES","og_type":"article","og_title":"Fundraise in School - Rainforest Foundation UK","og_description":"There are lots of exciting fundraising ideas your school can use to support the Rainforest Foundation UK!","og_url":"https:\/\/www.rainforestfoundationuk.org\/es\/lo-que-puede-hacer\/escuelas-y-recaudacion-de-fondos\/recaudar-fondos-en-la-escuela\/","og_site_name":"Rainforest Foundation UK","article_publisher":"https:\/\/www.facebook.com\/rainforestfoundationuk","article_modified_time":"2026-02-25T14:41:04+00:00","og_image":[{"width":922,"height":692,"url":"https:\/\/www.rainforestfoundationuk.org\/wp-content\/uploads\/2022\/08\/d362c7d8-75b1-4621-b8db-09057b48c09e.jpg","type":"image\/jpeg"}],"twitter_card":"summary_large_image","twitter_site":"@RFUK","twitter_misc":{"Est. reading time":"5 minutos"},"schema":{"@context":"https:\/\/schema.org","@graph":[{"@type":"WebPage","@id":"https:\/\/www.rainforestfoundationuk.org\/what-you-can-do\/schools-and-fundraising\/fundraise-in-school\/","url":"https:\/\/www.rainforestfoundationuk.org\/what-you-can-do\/schools-and-fundraising\/fundraise-in-school\/","name":"Recaudar fondos en la escuela - Rainforest Foundation UK","isPartOf":{"@id":"https:\/\/www.rainforestfoundationuk.org\/#website"},"primaryImageOfPage":{"@id":"https:\/\/www.rainforestfoundationuk.org\/what-you-can-do\/schools-and-fundraising\/fundraise-in-school\/#primaryimage"},"image":{"@id":"https:\/\/www.rainforestfoundationuk.org\/what-you-can-do\/schools-and-fundraising\/fundraise-in-school\/#primaryimage"},"thumbnailUrl":"https:\/\/www.rainforestfoundationuk.org\/wp-content\/uploads\/2022\/08\/d362c7d8-75b1-4621-b8db-09057b48c09e.jpg","datePublished":"2021-09-13T09:43:49+00:00","dateModified":"2026-02-25T14:41:04+00:00","description":"Hay muchas ideas interesantes para que tu centro escolar recaude fondos en apoyo de la Rainforest Foundation UK.","breadcrumb":{"@id":"https:\/\/www.rainforestfoundationuk.org\/what-you-can-do\/schools-and-fundraising\/fundraise-in-school\/#breadcrumb"},"inLanguage":"es-PE","potentialAction":[{"@type":"ReadAction","target":["https:\/\/www.rainforestfoundationuk.org\/what-you-can-do\/schools-and-fundraising\/fundraise-in-school\/"]}]},{"@type":"ImageObject","inLanguage":"es-PE","@id":"https:\/\/www.rainforestfoundationuk.org\/what-you-can-do\/schools-and-fundraising\/fundraise-in-school\/#primaryimage","url":"https:\/\/www.rainforestfoundationuk.org\/wp-content\/uploads\/2022\/08\/d362c7d8-75b1-4621-b8db-09057b48c09e.jpg","contentUrl":"https:\/\/www.rainforestfoundationuk.org\/wp-content\/uploads\/2022\/08\/d362c7d8-75b1-4621-b8db-09057b48c09e.jpg","width":922,"height":692},{"@type":"BreadcrumbList","@id":"https:\/\/www.rainforestfoundationuk.org\/what-you-can-do\/schools-and-fundraising\/fundraise-in-school\/#breadcrumb","itemListElement":[{"@type":"ListItem","position":1,"name":"Home","item":"https:\/\/www.rainforestfoundationuk.org\/"},{"@type":"ListItem","position":2,"name":"What You Can Do","item":"https:\/\/www.rainforestfoundationuk.org\/what-you-can-do\/"},{"@type":"ListItem","position":3,"name":"Schools &#038; Fundraising","item":"https:\/\/www.rainforestfoundationuk.org\/what-you-can-do\/schools-and-fundraising\/"},{"@type":"ListItem","position":4,"name":"Fundraise in School"}]},{"@type":"WebSite","@id":"https:\/\/www.rainforestfoundationuk.org\/#website","url":"https:\/\/www.rainforestfoundationuk.org\/","name":"Fundaci\u00f3n Rainforest del Reino Unido","description":"Proteger la tierra, preservar la vida","publisher":{"@id":"https:\/\/www.rainforestfoundationuk.org\/#organization"},"potentialAction":[{"@type":"SearchAction","target":{"@type":"EntryPoint","urlTemplate":"https:\/\/www.rainforestfoundationuk.org\/?s={search_term_string}"},"query-input":{"@type":"PropertyValueSpecification","valueRequired":true,"valueName":"search_term_string"}}],"inLanguage":"es-PE"},{"@type":"Organization","@id":"https:\/\/www.rainforestfoundationuk.org\/#organization","name":"Fundaci\u00f3n Rainforest del Reino Unido","url":"https:\/\/www.rainforestfoundationuk.org\/","logo":{"@type":"ImageObject","inLanguage":"es-PE","@id":"https:\/\/www.rainforestfoundationuk.org\/#\/schema\/logo\/image\/","url":"https:\/\/www.rainforestfoundationuk.org\/wp-content\/uploads\/2023\/08\/RFUK-logo-black.svg","contentUrl":"https:\/\/www.rainforestfoundationuk.org\/wp-content\/uploads\/2023\/08\/RFUK-logo-black.svg","width":1278,"height":332,"caption":"Rainforest Foundation UK"},"image":{"@id":"https:\/\/www.rainforestfoundationuk.org\/#\/schema\/logo\/image\/"},"sameAs":["https:\/\/www.facebook.com\/rainforestfoundationuk","https:\/\/x.com\/RFUK","https:\/\/www.instagram.com\/rainforestfoundationuk\/","https:\/\/www.youtube.com\/user\/theRFUK"]}]}},"_links":{"self":[{"href":"https:\/\/www.rainforestfoundationuk.org\/es\/wp-json\/wp\/v2\/pages\/239","targetHints":{"allow":["GET"]}}],"collection":[{"href":"https:\/\/www.rainforestfoundationuk.org\/es\/wp-json\/wp\/v2\/pages"}],"about":[{"href":"https:\/\/www.rainforestfoundationuk.org\/es\/wp-json\/wp\/v2\/types\/page"}],"author":[{"embeddable":true,"href":"https:\/\/www.rainforestfoundationuk.org\/es\/wp-json\/wp\/v2\/users\/2"}],"replies":[{"embeddable":true,"href":"https:\/\/www.rainforestfoundationuk.org\/es\/wp-json\/wp\/v2\/comments?post=239"}],"version-history":[{"count":9,"href":"https:\/\/www.rainforestfoundationuk.org\/es\/wp-json\/wp\/v2\/pages\/239\/revisions"}],"predecessor-version":[{"id":9864,"href":"https:\/\/www.rainforestfoundationuk.org\/es\/wp-json\/wp\/v2\/pages\/239\/revisions\/9864"}],"up":[{"embeddable":true,"href":"https:\/\/www.rainforestfoundationuk.org\/es\/wp-json\/wp\/v2\/pages\/235"}],"wp:featuredmedia":[{"embeddable":true,"href":"https:\/\/www.rainforestfoundationuk.org\/es\/wp-json\/wp\/v2\/media\/3621"}],"wp:attachment":[{"href":"https:\/\/www.rainforestfoundationuk.org\/es\/wp-json\/wp\/v2\/media?parent=239"}],"curies":[{"name":"wp","href":"https:\/\/api.w.org\/{rel}","templated":true}]}}