{"id":265,"date":"2021-09-13T09:50:13","date_gmt":"2021-09-13T09:50:13","guid":{"rendered":"https:\/\/www.rainforestfoundationuk.org\/?page_id=265"},"modified":"2026-04-21T13:52:39","modified_gmt":"2026-04-21T12:52:39","slug":"mision","status":"publish","type":"page","link":"https:\/\/www.rainforestfoundationuk.org\/es\/about-us\/mission\/","title":{"rendered":"MISI\u00d3N Y ENFOQUE"},"content":{"rendered":"<p class=\"translation-block\">Rainforest Foundation UK est\u00e1 comprometida con los derechos humanos y con la protecci\u00f3n ambiental en la lucha contra la deforestaci\u00f3n. A nivel local, apoyamos a las comunidades forestales en obtener derechos de tenencia, luchar contra industrias destructivas, gestionar sus bosques y proteger el medio ambiente. A nivel mundial, hacemos campa\u00f1as para influir en las leyes y pol\u00edticas nacionales e internacionales que protegen los bosques tropicales y sus habitantes.<\/p>\n<p class=\"translation-block\">En lugar de conservar los bosques \u00fanicamente por su biodiversidad o su carbono, RFUK promueve el establecimiento de derechos comunitarios sobre las tierras forestales, abordando las causas subyacentes de la deforestaci\u00f3n y promoviendo un camino para que las personas locales se beneficien de manera justa del uso y la protecci\u00f3n de los recursos forestales. Realizamos nuestro trabajo a trav\u00e9s de colaboraciones a largo plazo con <a href=\"\/es\/acerca-de-nosotros\/socios\/\" target=\"_self\">organizaciones locales e ind\u00edgenas<\/a>, con el fin de que sus capacidades se mantengan en los pa\u00edses tropicales.<\/p>\n<p>Since our founding in 1989, the Rainforest Foundations of the UK, US and Norway have supported communities to secure and protect more than 84 million hectares of tropical rainforest &#8211; an area roughly the size of Scandinavia.<\/p>\n\t<h4>NUESTRA MISI\u00d3N ES APOYAR A LOS PUEBLOS IND\u00cdGENAS Y OTRAS COMUNIDADES EN PA\u00cdSES TROPICALES EN SUS ESFUERZOS POR PROTEGER SU ENTORNO Y CUMPLIR CON SUS DERECHOS A LA TIERRA Y EL SUSTENTO EN SUS MEDIOS DE VIDA.<\/h4>\n<h2>\n\t\t\tNuestros valores\t<\/h2>\n<h2>\n\t\t\tNuestra estrategia\t<\/h2>\n\t<p>The founding principle of the Rainforest Foundation UK is that the most effective, just and sustainable way to protect forests\u00a0is to entrust them to the local and indigenous communities that live in and depend on these areas. To achieve this, our organisational strategy and theory of change are built on eleven guiding pillars:\u00a0<\/p>\n\t\t\t\t\t<a role=\"heading\" aria-level=\"2\" tabindex=\"-1\"  id=\"fl-accordion--label-0\">1. Reformar la ley y las pol\u00edticas:<\/a>\n\t\t\t\t\t\t\t\t\t\t\t<button type=\"button\" id=\"fl-accordion--icon-0\" aria-expanded=\"false\" aria-controls=\"fl-accordion--panel-0\"><i>Ampliar<\/i><\/button>\n\t\t\t\t\t<p>Reformar leyes y pol\u00edticas a favor de los derechos de tenencia comunitarios, el control sobre las tierras y sus recursos por parte de las comunidades, y una mayor participaci\u00f3n de estas y de la sociedad civil.<\/p>\n\t\t\t\t\t<a role=\"heading\" aria-level=\"2\" tabindex=\"-1\"  id=\"fl-accordion--label-1\">2. Aumentar el control comunitario sobre los bosques:<\/a>\n\t\t\t\t\t\t\t\t\t\t\t<button type=\"button\" id=\"fl-accordion--icon-1\" aria-expanded=\"false\" aria-controls=\"fl-accordion--panel-1\"><i>Ampliar<\/i><\/button>\n\t\t\t\t\t<p>Incrementar el control comunitario sobre los bosques mediante la elaboraci\u00f3n de mapas y la titulaci\u00f3n formal de las tierras en propiedad de las comunidades, a la vez que se promueven otras formas de reconocimiento, como el monitoreo comunitario y la participaci\u00f3n en la planificaci\u00f3n del uso territorial.<\/p>\n\t\t\t\t\t<a role=\"heading\" aria-level=\"2\" tabindex=\"-1\"  id=\"fl-accordion--label-2\">Promover el estado de derecho:<\/a>\n\t\t\t\t\t\t\t\t\t\t\t<button type=\"button\" id=\"fl-accordion--icon-2\" aria-expanded=\"false\" aria-controls=\"fl-accordion--panel-2\"><i>Ampliar<\/i><\/button>\n\t\t\t\t\t<p>Ensuring laws can be better implemented by setting up enabling conditions, tackling corruption, promoting transparency, litigating against serious violations and improving access to justice for forest communities.\u202f \u202f<\/p>\n\t\t\t\t\t<a role=\"heading\" aria-level=\"2\" tabindex=\"-1\"  id=\"fl-accordion--label-3\">4. Apoyar una sociedad civil eficiente:<\/a>\n\t\t\t\t\t\t\t\t\t\t\t<button type=\"button\" id=\"fl-accordion--icon-3\" aria-expanded=\"false\" aria-controls=\"fl-accordion--panel-3\"><i>Ampliar<\/i><\/button>\n\t\t\t\t\t<p>Fortalecer las organizaciones locales de la sociedad civil para que puedan defender los derechos de las comunidades, influir en la formulaci\u00f3n de pol\u00edticas y actuar como vigilantes permanentes sobre la forma en que se gobiernan los bosques y se respetan los derechos humanos.<\/p>\n\t\t\t\t\t<a role=\"heading\" aria-level=\"2\" tabindex=\"-1\"  id=\"fl-accordion--label-4\">5. Escalar la financiaci\u00f3n:<\/a>\n\t\t\t\t\t\t\t\t\t\t\t<button type=\"button\" id=\"fl-accordion--icon-4\" aria-expanded=\"false\" aria-controls=\"fl-accordion--panel-4\"><i>Ampliar<\/i><\/button>\n\t\t\t\t\t<p>Hacer lobby para una transformaci\u00f3n que aumente los fondos destinados al clima, la biodiversidad y la ayuda oficial al desarrollo (ODA) para las comunidades locales e ind\u00edgenas, y para la gesti\u00f3n directa de estos fondos por parte de las organizaciones locales de la sociedad civil.<\/p>\n\t\t\t\t\t<a role=\"heading\" aria-level=\"2\" tabindex=\"-1\"  id=\"fl-accordion--label-5\">6. Contrarrestar actividades destructivas<\/a>\n\t\t\t\t\t\t\t\t\t\t\t<button type=\"button\" id=\"fl-accordion--icon-5\" aria-expanded=\"false\" aria-controls=\"fl-accordion--panel-5\"><i>Ampliar<\/i><\/button>\n\t\t\t\t\t<p>Detener, evitar o mitigar el avance de las industrias extractivas y otras actividades destructivas ilegales (con un enfoque en la tala, miner\u00eda, agronegocios, infraestructura y petr\u00f3leo) sobre los bosques y que amenazan los derechos de los pueblos forestales.<\/p>\n\t\t\t\t\t<a role=\"heading\" aria-level=\"2\" tabindex=\"-1\"  id=\"fl-accordion--label-0\">7. Desmentir las falsas soluciones al cambio clim\u00e1tico y la p\u00e9rdida de biodiversidad:<\/a>\n\t\t\t\t\t\t\t\t\t\t\t<button type=\"button\" id=\"fl-accordion--icon-0\" aria-expanded=\"false\" aria-controls=\"fl-accordion--panel-0\"><i>Ampliar<\/i><\/button>\n\t\t\t\t\t<p>Exponer las fallas de los esquemas de compensaci\u00f3n y conservaci\u00f3n estricta, que penalizan a quienes son menos responsables de estas crisis, mientras se retrasa la urgente acci\u00f3n clim\u00e1tica en el norte global.<\/p>\n\t\t\t\t\t<a role=\"heading\" aria-level=\"2\" tabindex=\"-1\"  id=\"fl-accordion--label-1\">8. Acceso justo a los mercados para las comunidades locales:<\/a>\n\t\t\t\t\t\t\t\t\t\t\t<button type=\"button\" id=\"fl-accordion--icon-1\" aria-expanded=\"false\" aria-controls=\"fl-accordion--panel-1\"><i>Ampliar<\/i><\/button>\n\t\t\t\t\t<p>Promover la inserci\u00f3n de medios de vida sostenibles en mercados locales, nacionales e internacionales, asegurando que las comunidades sigan siendo aut\u00f3nomas en el uso de sus tierras.<\/p>\n\t\t\t\t\t<a role=\"heading\" aria-level=\"2\" tabindex=\"-1\"  id=\"fl-accordion--label-2\">9. Fortalecer la gobernanza comunitaria:<\/a>\n\t\t\t\t\t\t\t\t\t\t\t<button type=\"button\" id=\"fl-accordion--icon-2\" aria-expanded=\"false\" aria-controls=\"fl-accordion--panel-2\"><i>Ampliar<\/i><\/button>\n\t\t\t\t\t<p>Facilitar procesos internos para que las comunidades locales construyan mecanismos de toma de decisiones que sean inclusivos, equitativos y responsables.<\/p>\n\t\t\t\t\t<a role=\"heading\" aria-level=\"2\" tabindex=\"-1\"  id=\"fl-accordion--label-3\">10. Apoyar una visi\u00f3n compartida y plan de uso de la tierra comunitario:<\/a>\n\t\t\t\t\t\t\t\t\t\t\t<button type=\"button\" id=\"fl-accordion--icon-3\" aria-expanded=\"false\" aria-controls=\"fl-accordion--panel-3\"><i>Ampliar<\/i><\/button>\n\t\t\t\t\t<p>Apoyar a las comunidades para que decidan colectivamente sobre c\u00f3mo quieren utilizar sus bosques, c\u00f3mo pretenden distribuir los beneficios y c\u00f3mo planean preservarlo para las generaciones futuras.<\/p>\n\t\t\t\t\t<a role=\"heading\" aria-level=\"2\" tabindex=\"-1\"  id=\"fl-accordion--label-4\">11. Mejorar las capacidades t\u00e9cnicas y financieras de las comunidades:<\/a>\n\t\t\t\t\t\t\t\t\t\t\t<button type=\"button\" id=\"fl-accordion--icon-4\" aria-expanded=\"false\" aria-controls=\"fl-accordion--panel-4\"><i>Ampliar<\/i><\/button>\n\t\t\t\t\t<p>Brindar capacitaci\u00f3n y apoyo continuo para mejorar las capacidades t\u00e9cnicas y financieras de las comunidades, de manera que puedan conocer y defender sus derechos, monitorear las actividades en sus tierras, manejar sus bosques de manera sostenible y equitativa, aumentar su producci\u00f3n y tratar con los operadores econ\u00f3micos en su beneficio.<\/p>\n<h2>\n\t\t\tNuestro impacto\t<\/h2>\n<figure itemscope itemtype=\"https:\/\/schema.org\/ImageObject\">\n\t\t\t\t<a href=\"#\"  target=\"_self\" itemprop=\"url\">\n\t\t\t\t<img decoding=\"async\" src=\"https:\/\/www.rainforestfoundationuk.org\/wp-content\/uploads\/2021\/10\/868975f5-fa32-4b6f-8d64-d790f4c1e41c.jpg\" alt=\"868975f5-fa32-4b6f-8d64-d790f4c1e41c\" height=\"532\" width=\"800\" title=\"868975f5-fa32-4b6f-8d64-d790f4c1e41c\" onerror=\"this.style.display='none'\" loading=\"lazy\" \/>\n\t\t\t\t<\/a>\n\t<\/figure>\n<h3>\n\t\t<a href=\"#\" title=\"Protecci\u00f3n de los bosques de industrias da\u00f1inas\"  target=\"_self\">\n\t\t\tProtecci\u00f3n de los bosques de industrias da\u00f1inas\t\t<\/a>\n\t<\/h3>\n\t<p>RFUK has successfully campaigned for a moratorium on new industrial logging concessions in the DR Congo, protecting as many as 70 million hectares of intact rainforest &#8211; an area twice the size of Germany.<\/p>\n<p><a href=\"https:\/\/www.rainforestfoundationuk.org\/es\/100-000-ciudadanos-y-cientificos-se-unen-contra-el-levantamiento-de-la-moratoria-a-la-tala-de-arboles-en-la-rdc\/\">Read more&#8230;.<\/a><\/p>\n<figure itemscope itemtype=\"https:\/\/schema.org\/ImageObject\">\n\t\t\t\t<a href=\"#\"  target=\"_self\" itemprop=\"url\">\n\t\t\t\t<img decoding=\"async\" src=\"https:\/\/www.rainforestfoundationuk.org\/wp-content\/uploads\/2021\/11\/9ccb1712-f13f-40c6-a769-2beb73a02685.jpg\" alt=\"9ccb1712-f13f-40c6-a769-2beb73a02685\" height=\"407\" width=\"700\" title=\"9ccb1712-f13f-40c6-a769-2beb73a02685\" onerror=\"this.style.display='none'\" loading=\"lazy\" \/>\n\t\t\t\t<\/a>\n\t<\/figure>\n<h3>\n\t\t<a href=\"#\" title=\"Exponiendo falsas soluciones a la deforestaci\u00f3n\"  target=\"_self\">\n\t\t\tExponiendo falsas soluciones a la deforestaci\u00f3n\t\t<\/a>\n\t<\/h3>\n\t<p>Our sustainable conservation and human rights campaign and exposes of the human cost of Central Africa&#8217;s protected areas have triggered a wave of global reforms of biodiversity policies and funding.\u00a0<\/p>\n<p><a href=\"https:\/\/www.rainforestfoundationuk.org\/es\/investigacion-orientada-a-la-accion\/conservacion-y-derechos-humanos\/\">Read more&#8230;.<\/a><\/p>\n<figure itemscope itemtype=\"https:\/\/schema.org\/ImageObject\">\n\t\t\t\t<a href=\"#\"  target=\"_self\" itemprop=\"url\">\n\t\t\t\t<img decoding=\"async\" src=\"https:\/\/www.rainforestfoundationuk.org\/wp-content\/uploads\/2022\/04\/45167085-619d-4a14-a6c8-daa6e4ae9f9c.jpg\" alt=\"45167085-619d-4a14-a6c8-daa6e4ae9f9c\" height=\"546\" width=\"971\" title=\"45167085-619d-4a14-a6c8-daa6e4ae9f9c\" onerror=\"this.style.display='none'\" loading=\"lazy\" \/>\n\t\t\t\t<\/a>\n\t<\/figure>\n<h3>\n\t\t<a href=\"#\" title=\"Innovando para poner a las comunidades en el mapa\"  target=\"_self\">\n\t\t\tInnovando para poner a las comunidades en el mapa\t\t<\/a>\n\t<\/h3>\n\t<p class=\"translation-block\">A trav\u00e9s de tecnolog\u00edas simples y de bajo costo, nuestra iniciativa premiada MappingForRights ha apoyado a m\u00e1s de mil comunidades para producir mapas altamente precisos de sus tierras forestales, proporcionando pruebas sobre su propiedad tradicional.<\/p>\n<p><a href=\"https:\/\/www.rainforestfoundationuk.org\/es\/nuestros-proyectos\/cartografia-de-los-derechos\/\">Read more&#8230;.<\/a><\/p>\n<figure itemscope itemtype=\"https:\/\/schema.org\/ImageObject\">\n\t\t\t\t<a href=\"#\"  target=\"_self\" itemprop=\"url\">\n\t\t\t\t<img decoding=\"async\" src=\"https:\/\/www.rainforestfoundationuk.org\/wp-content\/uploads\/2022\/09\/eea2ed12-9473-46cb-8f59-a71dc91c4e0f.jpg\" alt=\"eea2ed12-9473-46cb-8f59-a71dc91c4e0f\" height=\"576\" width=\"1280\" title=\"eea2ed12-9473-46cb-8f59-a71dc91c4e0f\" onerror=\"this.style.display='none'\" loading=\"lazy\" \/>\n\t\t\t\t<\/a>\n\t<\/figure>\n<h3>\n\t\t<a href=\"#\" title=\"Pioneros en el manejo forestal sostenible y justo\"  target=\"_self\">\n\t\t\tPioneros en el manejo forestal sostenible y justo\t\t<\/a>\n\t<\/h3>\n\t<p class=\"translation-block\">Nuestro trabajo innovador en los bosques comunitarios de la cuenca del Congo y el proyecto de medios de vida ind\u00edgenas galardonado en Per\u00fa demuestran por qu\u00e9 los bosques bajo control comunitario son m\u00e1s sostenibles.<\/p>\n<p><a href=\"https:\/\/www.rainforestfoundationuk.org\/es\/nuestros-proyectos\/bosques-comunitarios\/\">Read more&#8230;.<\/a><\/p>\n<figure itemscope itemtype=\"https:\/\/schema.org\/ImageObject\">\n\t\t\t\t<img decoding=\"async\" src=\"https:\/\/www.rainforestfoundationuk.org\/wp-content\/uploads\/2025\/09\/2-scaled.png\" alt=\"2\" height=\"1280\" width=\"2560\" title=\"2\" onerror=\"this.style.display='none'\" loading=\"lazy\" \/>\n\t<\/figure>\n\t\t\t<a href=\"https:\/\/www.rainforestfoundationuk.org\/wp-content\/uploads\/2025\/06\/RFUK-Annual-review-24-25-DIGITAL-SPREADS.pdf\"  target=\"_blank\" rel=\"noopener\">\n\t\t\t\t\t\t\tSee our latest Annual Report&#8230;\n\t\t\t\t\t<\/a>","protected":false},"excerpt":{"rendered":"<p>Rainforest Foundation UK est\u00e1 comprometida tanto con los derechos humanos como con la protecci\u00f3n del medio ambiente cuando se trata de atajar la deforestaci\u00f3n. <\/p>","protected":false},"author":2,"featured_media":3505,"parent":82,"menu_order":0,"comment_status":"closed","ping_status":"closed","template":"","meta":{"_acf_changed":false,"footnotes":""},"class_list":{"0":"post-265","1":"page","2":"type-page","3":"status-publish","4":"has-post-thumbnail","6":"no-featured-image-padding"},"acf":[],"yoast_head":"<!-- This site is optimized with the Yoast SEO plugin v27.5 - https:\/\/yoast.com\/product\/yoast-seo-wordpress\/ -->\n<title>Mission &amp; Approach - Rainforest Foundation UK<\/title>\n<meta name=\"robots\" content=\"index, follow, max-snippet:-1, max-image-preview:large, max-video-preview:-1\" \/>\n<link rel=\"canonical\" href=\"https:\/\/www.rainforestfoundationuk.org\/es\/acerca-de-nosotros\/mision\/\" \/>\n<meta property=\"og:locale\" content=\"es_ES\" \/>\n<meta property=\"og:type\" content=\"article\" \/>\n<meta property=\"og:title\" content=\"Mission &amp; Approach - Rainforest Foundation UK\" \/>\n<meta property=\"og:description\" content=\"Rainforest Foundation UK is committed to both human rights and environmental protection when it comes to tackling deforestation.\" \/>\n<meta property=\"og:url\" content=\"https:\/\/www.rainforestfoundationuk.org\/es\/acerca-de-nosotros\/mision\/\" \/>\n<meta property=\"og:site_name\" content=\"Rainforest Foundation UK\" \/>\n<meta property=\"article:publisher\" content=\"https:\/\/www.facebook.com\/rainforestfoundationuk\" \/>\n<meta property=\"article:modified_time\" content=\"2026-04-21T12:52:39+00:00\" \/>\n<meta property=\"og:image\" content=\"https:\/\/www.rainforestfoundationuk.org\/wp-content\/uploads\/2018\/11\/f507fbc2-af46-4cbd-9630-c0e4c5382b98.jpg\" \/>\n\t<meta property=\"og:image:width\" content=\"800\" \/>\n\t<meta property=\"og:image:height\" content=\"600\" \/>\n\t<meta property=\"og:image:type\" content=\"image\/jpeg\" \/>\n<meta name=\"twitter:card\" content=\"summary_large_image\" \/>\n<meta name=\"twitter:site\" content=\"@RFUK\" \/>\n<meta name=\"twitter:label1\" content=\"Est. reading time\" \/>\n\t<meta name=\"twitter:data1\" content=\"9 minutos\" \/>\n<script type=\"application\/ld+json\" class=\"yoast-schema-graph\">{\"@context\":\"https:\\\/\\\/schema.org\",\"@graph\":[{\"@type\":\"WebPage\",\"@id\":\"https:\\\/\\\/www.rainforestfoundationuk.org\\\/about-us\\\/mission\\\/\",\"url\":\"https:\\\/\\\/www.rainforestfoundationuk.org\\\/about-us\\\/mission\\\/\",\"name\":\"Mission & Approach - Rainforest Foundation UK\",\"isPartOf\":{\"@id\":\"https:\\\/\\\/www.rainforestfoundationuk.org\\\/#website\"},\"primaryImageOfPage\":{\"@id\":\"https:\\\/\\\/www.rainforestfoundationuk.org\\\/about-us\\\/mission\\\/#primaryimage\"},\"image\":{\"@id\":\"https:\\\/\\\/www.rainforestfoundationuk.org\\\/about-us\\\/mission\\\/#primaryimage\"},\"thumbnailUrl\":\"https:\\\/\\\/www.rainforestfoundationuk.org\\\/wp-content\\\/uploads\\\/2018\\\/11\\\/f507fbc2-af46-4cbd-9630-c0e4c5382b98.jpg\",\"datePublished\":\"2021-09-13T09:50:13+00:00\",\"dateModified\":\"2026-04-21T12:52:39+00:00\",\"breadcrumb\":{\"@id\":\"https:\\\/\\\/www.rainforestfoundationuk.org\\\/about-us\\\/mission\\\/#breadcrumb\"},\"inLanguage\":\"es-PE\",\"potentialAction\":[{\"@type\":\"ReadAction\",\"target\":[\"https:\\\/\\\/www.rainforestfoundationuk.org\\\/about-us\\\/mission\\\/\"]}]},{\"@type\":\"ImageObject\",\"inLanguage\":\"es-PE\",\"@id\":\"https:\\\/\\\/www.rainforestfoundationuk.org\\\/about-us\\\/mission\\\/#primaryimage\",\"url\":\"https:\\\/\\\/www.rainforestfoundationuk.org\\\/wp-content\\\/uploads\\\/2018\\\/11\\\/f507fbc2-af46-4cbd-9630-c0e4c5382b98.jpg\",\"contentUrl\":\"https:\\\/\\\/www.rainforestfoundationuk.org\\\/wp-content\\\/uploads\\\/2018\\\/11\\\/f507fbc2-af46-4cbd-9630-c0e4c5382b98.jpg\",\"width\":800,\"height\":600,\"caption\":\"La planification participative de l'utilisation des terres, illustr\u00e9e ici, peut aider les gouvernements \u00e0 prendre des d\u00e9cisions \u00e9clair\u00e9es concernant le r\u00e9gime foncier et la gestion des ressources naturelles.\"},{\"@type\":\"BreadcrumbList\",\"@id\":\"https:\\\/\\\/www.rainforestfoundationuk.org\\\/about-us\\\/mission\\\/#breadcrumb\",\"itemListElement\":[{\"@type\":\"ListItem\",\"position\":1,\"name\":\"Home\",\"item\":\"https:\\\/\\\/www.rainforestfoundationuk.org\\\/\"},{\"@type\":\"ListItem\",\"position\":2,\"name\":\"About Us\",\"item\":\"https:\\\/\\\/www.rainforestfoundationuk.org\\\/about-us\\\/\"},{\"@type\":\"ListItem\",\"position\":3,\"name\":\"Mission &#038; Approach\"}]},{\"@type\":\"WebSite\",\"@id\":\"https:\\\/\\\/www.rainforestfoundationuk.org\\\/#website\",\"url\":\"https:\\\/\\\/www.rainforestfoundationuk.org\\\/\",\"name\":\"Rainforest Foundation UK\",\"description\":\"Securing lands, sustaining lives\",\"publisher\":{\"@id\":\"https:\\\/\\\/www.rainforestfoundationuk.org\\\/#organization\"},\"potentialAction\":[{\"@type\":\"SearchAction\",\"target\":{\"@type\":\"EntryPoint\",\"urlTemplate\":\"https:\\\/\\\/www.rainforestfoundationuk.org\\\/?s={search_term_string}\"},\"query-input\":{\"@type\":\"PropertyValueSpecification\",\"valueRequired\":true,\"valueName\":\"search_term_string\"}}],\"inLanguage\":\"es-PE\"},{\"@type\":\"Organization\",\"@id\":\"https:\\\/\\\/www.rainforestfoundationuk.org\\\/#organization\",\"name\":\"Rainforest Foundation UK\",\"url\":\"https:\\\/\\\/www.rainforestfoundationuk.org\\\/\",\"logo\":{\"@type\":\"ImageObject\",\"inLanguage\":\"es-PE\",\"@id\":\"https:\\\/\\\/www.rainforestfoundationuk.org\\\/#\\\/schema\\\/logo\\\/image\\\/\",\"url\":\"https:\\\/\\\/www.rainforestfoundationuk.org\\\/wp-content\\\/uploads\\\/2023\\\/08\\\/RFUK-logo-black.svg\",\"contentUrl\":\"https:\\\/\\\/www.rainforestfoundationuk.org\\\/wp-content\\\/uploads\\\/2023\\\/08\\\/RFUK-logo-black.svg\",\"width\":1278,\"height\":332,\"caption\":\"Rainforest Foundation UK\"},\"image\":{\"@id\":\"https:\\\/\\\/www.rainforestfoundationuk.org\\\/#\\\/schema\\\/logo\\\/image\\\/\"},\"sameAs\":[\"https:\\\/\\\/www.facebook.com\\\/rainforestfoundationuk\",\"https:\\\/\\\/x.com\\\/RFUK\",\"https:\\\/\\\/www.instagram.com\\\/rainforestfoundationuk\\\/\",\"https:\\\/\\\/www.youtube.com\\\/user\\\/theRFUK\"]}]}<\/script>\n<!-- \/ Yoast SEO plugin. -->","yoast_head_json":{"title":"Misi\u00f3n y enfoque - Rainforest Foundation UK","robots":{"index":"index","follow":"follow","max-snippet":"max-snippet:-1","max-image-preview":"max-image-preview:large","max-video-preview":"max-video-preview:-1"},"canonical":"https:\/\/www.rainforestfoundationuk.org\/es\/acerca-de-nosotros\/mision\/","og_locale":"es_ES","og_type":"article","og_title":"Mission & Approach - Rainforest Foundation UK","og_description":"Rainforest Foundation UK is committed to both human rights and environmental protection when it comes to tackling deforestation.","og_url":"https:\/\/www.rainforestfoundationuk.org\/es\/acerca-de-nosotros\/mision\/","og_site_name":"Rainforest Foundation UK","article_publisher":"https:\/\/www.facebook.com\/rainforestfoundationuk","article_modified_time":"2026-04-21T12:52:39+00:00","og_image":[{"width":800,"height":600,"url":"https:\/\/www.rainforestfoundationuk.org\/wp-content\/uploads\/2018\/11\/f507fbc2-af46-4cbd-9630-c0e4c5382b98.jpg","type":"image\/jpeg"}],"twitter_card":"summary_large_image","twitter_site":"@RFUK","twitter_misc":{"Est. reading time":"9 minutos"},"schema":{"@context":"https:\/\/schema.org","@graph":[{"@type":"WebPage","@id":"https:\/\/www.rainforestfoundationuk.org\/about-us\/mission\/","url":"https:\/\/www.rainforestfoundationuk.org\/about-us\/mission\/","name":"Misi\u00f3n y enfoque - Rainforest Foundation UK","isPartOf":{"@id":"https:\/\/www.rainforestfoundationuk.org\/#website"},"primaryImageOfPage":{"@id":"https:\/\/www.rainforestfoundationuk.org\/about-us\/mission\/#primaryimage"},"image":{"@id":"https:\/\/www.rainforestfoundationuk.org\/about-us\/mission\/#primaryimage"},"thumbnailUrl":"https:\/\/www.rainforestfoundationuk.org\/wp-content\/uploads\/2018\/11\/f507fbc2-af46-4cbd-9630-c0e4c5382b98.jpg","datePublished":"2021-09-13T09:50:13+00:00","dateModified":"2026-04-21T12:52:39+00:00","breadcrumb":{"@id":"https:\/\/www.rainforestfoundationuk.org\/about-us\/mission\/#breadcrumb"},"inLanguage":"es-PE","potentialAction":[{"@type":"ReadAction","target":["https:\/\/www.rainforestfoundationuk.org\/about-us\/mission\/"]}]},{"@type":"ImageObject","inLanguage":"es-PE","@id":"https:\/\/www.rainforestfoundationuk.org\/about-us\/mission\/#primaryimage","url":"https:\/\/www.rainforestfoundationuk.org\/wp-content\/uploads\/2018\/11\/f507fbc2-af46-4cbd-9630-c0e4c5382b98.jpg","contentUrl":"https:\/\/www.rainforestfoundationuk.org\/wp-content\/uploads\/2018\/11\/f507fbc2-af46-4cbd-9630-c0e4c5382b98.jpg","width":800,"height":600,"caption":"La planification participative de l'utilisation des terres, illustr\u00e9e ici, peut aider les gouvernements \u00e0 prendre des d\u00e9cisions \u00e9clair\u00e9es concernant le r\u00e9gime foncier et la gestion des ressources naturelles."},{"@type":"BreadcrumbList","@id":"https:\/\/www.rainforestfoundationuk.org\/about-us\/mission\/#breadcrumb","itemListElement":[{"@type":"ListItem","position":1,"name":"Home","item":"https:\/\/www.rainforestfoundationuk.org\/"},{"@type":"ListItem","position":2,"name":"About Us","item":"https:\/\/www.rainforestfoundationuk.org\/about-us\/"},{"@type":"ListItem","position":3,"name":"Mission &#038; Approach"}]},{"@type":"WebSite","@id":"https:\/\/www.rainforestfoundationuk.org\/#website","url":"https:\/\/www.rainforestfoundationuk.org\/","name":"Fundaci\u00f3n Rainforest del Reino Unido","description":"Proteger la tierra, preservar la vida","publisher":{"@id":"https:\/\/www.rainforestfoundationuk.org\/#organization"},"potentialAction":[{"@type":"SearchAction","target":{"@type":"EntryPoint","urlTemplate":"https:\/\/www.rainforestfoundationuk.org\/?s={search_term_string}"},"query-input":{"@type":"PropertyValueSpecification","valueRequired":true,"valueName":"search_term_string"}}],"inLanguage":"es-PE"},{"@type":"Organization","@id":"https:\/\/www.rainforestfoundationuk.org\/#organization","name":"Fundaci\u00f3n Rainforest del Reino Unido","url":"https:\/\/www.rainforestfoundationuk.org\/","logo":{"@type":"ImageObject","inLanguage":"es-PE","@id":"https:\/\/www.rainforestfoundationuk.org\/#\/schema\/logo\/image\/","url":"https:\/\/www.rainforestfoundationuk.org\/wp-content\/uploads\/2023\/08\/RFUK-logo-black.svg","contentUrl":"https:\/\/www.rainforestfoundationuk.org\/wp-content\/uploads\/2023\/08\/RFUK-logo-black.svg","width":1278,"height":332,"caption":"Rainforest Foundation UK"},"image":{"@id":"https:\/\/www.rainforestfoundationuk.org\/#\/schema\/logo\/image\/"},"sameAs":["https:\/\/www.facebook.com\/rainforestfoundationuk","https:\/\/x.com\/RFUK","https:\/\/www.instagram.com\/rainforestfoundationuk\/","https:\/\/www.youtube.com\/user\/theRFUK"]}]}},"_links":{"self":[{"href":"https:\/\/www.rainforestfoundationuk.org\/es\/wp-json\/wp\/v2\/pages\/265","targetHints":{"allow":["GET"]}}],"collection":[{"href":"https:\/\/www.rainforestfoundationuk.org\/es\/wp-json\/wp\/v2\/pages"}],"about":[{"href":"https:\/\/www.rainforestfoundationuk.org\/es\/wp-json\/wp\/v2\/types\/page"}],"author":[{"embeddable":true,"href":"https:\/\/www.rainforestfoundationuk.org\/es\/wp-json\/wp\/v2\/users\/2"}],"replies":[{"embeddable":true,"href":"https:\/\/www.rainforestfoundationuk.org\/es\/wp-json\/wp\/v2\/comments?post=265"}],"version-history":[{"count":11,"href":"https:\/\/www.rainforestfoundationuk.org\/es\/wp-json\/wp\/v2\/pages\/265\/revisions"}],"predecessor-version":[{"id":10031,"href":"https:\/\/www.rainforestfoundationuk.org\/es\/wp-json\/wp\/v2\/pages\/265\/revisions\/10031"}],"up":[{"embeddable":true,"href":"https:\/\/www.rainforestfoundationuk.org\/es\/wp-json\/wp\/v2\/pages\/82"}],"wp:featuredmedia":[{"embeddable":true,"href":"https:\/\/www.rainforestfoundationuk.org\/es\/wp-json\/wp\/v2\/media\/3505"}],"wp:attachment":[{"href":"https:\/\/www.rainforestfoundationuk.org\/es\/wp-json\/wp\/v2\/media?parent=265"}],"curies":[{"name":"wp","href":"https:\/\/api.w.org\/{rel}","templated":true}]}}