{"id":3,"date":"2021-01-11T13:45:50","date_gmt":"2021-01-11T13:45:50","guid":{"rendered":"https:\/\/www.rainforestfoundationuk.org\/?page_id=3"},"modified":"2023-02-08T13:55:47","modified_gmt":"2023-02-08T13:55:47","slug":"politica-de-privacidad","status":"publish","type":"page","link":"https:\/\/www.rainforestfoundationuk.org\/es\/privacy-policy\/","title":{"rendered":"Pol\u00edtica de privacidad"},"content":{"rendered":"<strong>Se encuentra usted aqu\u00ed:<\/strong>\n<span><span><a href=\"https:\/\/www.rainforestfoundationuk.org\/es\/\">Inicio<\/a><\/span><\/span>\n\n<h3>THE RAINFOREST FOUNDATION UK TAKES YOUR PRIVACY VERY SERIOUSLY AND WE&#8217;RE COMMITTED TO PROTECTING YOUR PERSONAL INFORMATION ONLINE.<\/h3>\n<p>Esta declaraci\u00f3n explica c\u00f3mo recogemos y utilizamos la informaci\u00f3n que usted nos facilita. Si desea m\u00e1s informaci\u00f3n sobre nuestras pol\u00edticas de datos y privacidad, puede descargar nuestra Declaraci\u00f3n de Tratamiento Leal.\u00a0<a href=\"https:\/\/www.rainforestfoundationuk.org\/wp-content\/uploads\/2022\/04\/fair-processing-statement-2018.pdf\">aqu\u00ed<\/a>.<\/p>\n<h3>QU\u00c9 INFORMACI\u00d3N RECOPILAMOS Y C\u00d3MO LA UTILIZAMOS<\/h3>\n<p><strong>a) Datos personales:<\/strong><\/p>\n<p>La Rainforest Foundation UK recoge y almacena de forma segura la informaci\u00f3n personal que usted nos proporciona, como su nombre, direcci\u00f3n, n\u00famero de tel\u00e9fono, direcci\u00f3n de correo electr\u00f3nico y fecha de nacimiento (en su caso), con el fin de satisfacer las expectativas y necesidades de nuestros usuarios, por ejemplo, comunic\u00e1ndonos con ellos o inscribi\u00e9ndolos en nuestros eventos deportivos. La Rainforest Foundation UK no conserva los datos de las tarjetas de cr\u00e9dito.<\/p>\n<p>Recogemos la informaci\u00f3n s\u00f3lo en relaci\u00f3n con actividades espec\u00edficas, como peticiones, campa\u00f1as, comentarios o suscripciones a boletines por correo electr\u00f3nico, etc. No tiene por qu\u00e9 revelar ninguno de estos datos si no lo desea. Llevamos un registro de los importes y fechas de su apoyo financiero para nuestros propios registros de auditor\u00eda financiera.<\/p>\n<p><strong>b) Informaci\u00f3n no personal:<\/strong><\/p>\n<p>Para cada visitante de nuestro sitio web, nuestro servidor web reconoce autom\u00e1ticamente s\u00f3lo el nombre de dominio del visitante (su direcci\u00f3n IP), pero no la direcci\u00f3n de correo electr\u00f3nico. Esta informaci\u00f3n nos ayuda a generar estad\u00edsticas demogr\u00e1ficas generales sobre qu\u00e9 tipo de organizaciones visitan el sitio, qu\u00e9 p\u00e1ginas visitan y durante cu\u00e1nto tiempo. Esto nos ayuda a determinar cu\u00e1ntas personas utilizan nuestro sitio, cu\u00e1ntas lo visitan regularmente, qu\u00e9 p\u00e1ginas son las m\u00e1s populares y cu\u00e1les las menos populares. Esta informaci\u00f3n no nos dice nada sobre qui\u00e9n es usted, simplemente nos permite controlar y mejorar nuestro servicio.<\/p>\n<h3>COOKIES<\/h3>\n<p>Como pr\u00e1cticamente todos los sitios web, almacenamos datos an\u00f3nimos sobre las visitas en archivos de registro del servidor, que contienen las direcciones IP de las m\u00e1quinas utilizadas para acceder a este sitio y las p\u00e1ginas solicitadas.<\/p>\n<p>We use Google Analytics to collect information about how people use this site. We do this to make sure it&#8217;s meeting its users&#8217; needs and to understand how we could do it better.<\/p>\n<p>Google Analytics almacena informaci\u00f3n sobre las p\u00e1ginas que visita, el tiempo que permanece en el sitio, c\u00f3mo ha llegado hasta aqu\u00ed y en qu\u00e9 hace clic. No recopilamos ni almacenamos sus datos personales (por ejemplo, su nombre o direcci\u00f3n), por lo que esta informaci\u00f3n no puede utilizarse para identificarle. No permitimos que Google utilice o comparta nuestros datos anal\u00edticos.<\/p>\n<p>Nuestras cookies no se utilizan para identificarle personalmente. S\u00f3lo sirven para que el sitio funcione mejor para usted. De hecho, puede gestionar y\/o eliminar estos peque\u00f1os archivos como desee. Para saber m\u00e1s sobre las cookies y c\u00f3mo gestionarlas, visite\u00a0<a href=\"http:\/\/www.aboutcookies.org\/\">www.AboutCookies.org<\/a><\/p>\n<h3>GESTIONAR NUESTRA COMUNICACI\u00d3N CON USTED<\/h3>\n<p>RFUK s\u00f3lo se pone en contacto con sus simpatizantes cuando tenemos el consentimiento expl\u00edcito y espec\u00edfico para hacerlo. Estas comunicaciones pueden incluir boletines electr\u00f3nicos, llamamientos para recaudar fondos e invitaciones a eventos. Si desea recibir noticias nuestras, puede suscribirse a nuestro bolet\u00edn electr\u00f3nico\u00a0<a href=\"https:\/\/www.rainforestfoundationuk.org\/es\/newsletter\/\">en esta p\u00e1gina<\/a> o poni\u00e9ndose en contacto a trav\u00e9s de nuestro <a href=\"https:\/\/www.rainforestfoundationuk.org\/es\/pongase-en-contacto-con\/\">formulario de contacto<\/a>.<\/p>\n<p>Los usuarios registrados siempre pueden revisar y modificar los datos personales que obran en poder de The Rainforest Foundation UK, simplemente\u00a0<a href=\"https:\/\/www.rainforestfoundationuk.org\/es\/pongase-en-contacto-con\/\">Contacte con nosotros aqu\u00ed<\/a>.<\/p>\n<h3>\u00bfD\u00d3NDE SE CONSERVAR\u00c1 LA INFORMACI\u00d3N?<\/h3>\n<p>Rainforest Foundation UK utilizar\u00e1 los datos que nos ha proporcionado para ponerse en contacto con usted en el futuro con informaci\u00f3n actualizada sobre nuestro trabajo, consultas administrativas y llamamientos para recaudar fondos. Rainforest Foundation UK s\u00f3lo se pondr\u00e1 en contacto con usted si ha dado su consentimiento expl\u00edcito.<\/p>\n<p>Rainforest Foundation UK tiene como objetivo garantizar el pleno cumplimiento de los requisitos de la Ley de Protecci\u00f3n de Datos de 1998. Esta ley establece las condiciones para la tenencia o el uso de datos personales. Los datos personales son aquellos que se refieren a una persona viva. La Ley protege a las personas si pueden ser identificadas a partir de dichos datos o a partir de los datos y otra informaci\u00f3n determinada.<\/p>\n<p>La Ley se refiere a los registros de personal y se aplica tanto a la informaci\u00f3n informatizada como a la que se conserva en papel, siempre que la informaci\u00f3n se conserve en un sistema de archivo organizado por referencia a las personas o de forma que la informaci\u00f3n sobre las personas sea f\u00e1cil de encontrar. De acuerdo con los principios establecidos en la Ley, sus datos personales s\u00f3lo se utilizar\u00e1n para fines que se consideren relevantes para el trabajo de Rainforest Foundation UK.<\/p>\n<p>La informaci\u00f3n personal s\u00f3lo se revelar\u00e1 a los miembros pertinentes del personal de Rainforest Foundation UK y a terceros cuando Rainforest Foundation UK tenga el control de los datos suministrados y de c\u00f3mo se utilizan y almacenan estos datos.<\/p>\n<p>Sus datos se almacenar\u00e1n de forma segura y confidencial en la base de datos de Rainforest Foundation UK. S\u00f3lo miembros espec\u00edficos del personal de Rainforest Foundation pueden acceder a esta base de datos y estos miembros del personal se asegurar\u00e1n de que sus datos personales sean tratados con sensibilidad.<\/p>\n<p>Si desea cambiar la forma en que nos ponemos en contacto con usted, llame al 020 7485 0193 o utilice el formulario de contacto en\u00a0<a href=\"https:\/\/www.rainforestfoundationuk.org\/es\/pongase-en-contacto-con\/\">www.rainforestfoundationuk.org\/contact<\/a><\/p>\n<h3>TERCEROS E INTERCAMBIO DE INFORMACI\u00d3N<\/h3>\n<p>La informaci\u00f3n que recopilamos no se vende, cede ni comparte con otras organizaciones con fines comerciales o de otro tipo.<\/p>\n<p>Una cantidad muy limitada de datos personales se almacena en un servidor externo seguro al que se permite un acceso limitado al personal seleccionado. Esto se utiliza \u00fanicamente para la correspondencia electr\u00f3nica de RFUK. Tambi\u00e9n podemos compartir\/publicar estad\u00edsticas globales, ninguna de las cuales incluye informaci\u00f3n personal identificable, como el n\u00famero de visitantes a nuestro sitio web.<\/p>\n<h3>EXACTITUD DE LA INFORMACI\u00d3N<\/h3>\n<p>La exactitud de los datos personales de los usuarios se rige por la exactitud de la informaci\u00f3n que \u00e9stos facilitan. No verificamos la informaci\u00f3n personal. Rainforest Foundation UK no se hace responsable de los errores o problemas que surjan como consecuencia de la inexactitud de la informaci\u00f3n facilitada por el usuario.<\/p>\n<p>We don&#8217;t automatically attempt to validate the email addresses provided by registered users in order to ensure, via &#8220;double opt-in&#8221; that registered users do use and control that email account.<\/p>\n<h3>ENLACES<\/h3>\n<p>El sitio web incluye algunos enlaces a otros sitios web. No somos responsables de las pr\u00e1cticas de privacidad ni del contenido de estos sitios. Tampoco garantizamos que estos sitios y su contenido sigan estando disponibles.<\/p>\n<h3>MENORES DE 18 A\u00d1OS<\/h3>\n<p>Si eres menor de 18 a\u00f1os, aseg\u00farate de obtener el permiso de tus padres o tutores antes de enviarnos cualquier informaci\u00f3n sobre ti (tu nombre, direcci\u00f3n, direcci\u00f3n de correo electr\u00f3nico, etc.) a nosotros o a cualquier otra persona a trav\u00e9s de internet. Animamos a los padres a que se impliquen en el uso que hacen sus hijos de Internet y a que est\u00e9n al tanto de las actividades en las que participan.<\/p>\n<p>Si tiene alguna pregunta o desea m\u00e1s informaci\u00f3n, p\u00f3ngase en contacto con nosotros a trav\u00e9s de nuestro <a href=\"https:\/\/www.rainforestfoundationuk.org\/es\/pongase-en-contacto-con\/\">formulario de contacto<\/a>.<\/p>","protected":false},"excerpt":{"rendered":"<p>THE RAINFOREST FOUNDATION UK SE TOMA MUY EN SERIO SU PRIVACIDAD Y NOS COMPROMETEMOS A PROTEGER SU INFORMACI\u00d3N PERSONAL EN L\u00cdNEA. Esta declaraci\u00f3n explica c\u00f3mo recogemos y utilizamos la informaci\u00f3n que usted nos facilita. Si desea m\u00e1s informaci\u00f3n sobre nuestras pol\u00edticas de datos y privacidad, puede descargar aqu\u00ed nuestra Declaraci\u00f3n de Tratamiento Leal. QU\u00c9 INFORMACI\u00d3N RECOGEMOS Y C\u00d3MO ... Leer m\u00e1s <a title=\"Pol\u00edtica de privacidad\" class=\"read-more\" href=\"https:\/\/www.rainforestfoundationuk.org\/es\/privacy-policy\/\" aria-label=\"Read more about Privacy Policy\">Seguir leyendo<\/a><\/p>","protected":false},"author":2,"featured_media":0,"parent":0,"menu_order":10,"comment_status":"closed","ping_status":"open","template":"","meta":{"_acf_changed":false,"footnotes":""},"class_list":{"0":"post-3","1":"page","2":"type-page","3":"status-publish","5":"no-featured-image-padding"},"acf":[],"yoast_head":"<!-- This site is optimized with the Yoast SEO plugin v27.6 - https:\/\/yoast.com\/product\/yoast-seo-wordpress\/ -->\n<title>Privacy Policy - Rainforest Foundation UK<\/title>\n<meta name=\"robots\" content=\"index, follow, max-snippet:-1, max-image-preview:large, max-video-preview:-1\" \/>\n<link rel=\"canonical\" href=\"https:\/\/www.rainforestfoundationuk.org\/es\/politica-de-privacidad\/\" \/>\n<meta property=\"og:locale\" content=\"es_ES\" \/>\n<meta property=\"og:type\" content=\"article\" \/>\n<meta property=\"og:title\" content=\"Privacy Policy - Rainforest Foundation UK\" \/>\n<meta property=\"og:description\" content=\"THE RAINFOREST FOUNDATION UK TAKES YOUR PRIVACY VERY SERIOUSLY AND WE&#8217;RE COMMITTED TO PROTECTING YOUR PERSONAL INFORMATION ONLINE. This statement explains how we collect and use the information which you give us. For additional information on our data and privacy policies, you can download our Fair Processing Statement\u00a0here. WHAT INFORMATION WE GATHER AND HOW WE ... Read more\" \/>\n<meta property=\"og:url\" content=\"https:\/\/www.rainforestfoundationuk.org\/es\/politica-de-privacidad\/\" \/>\n<meta property=\"og:site_name\" content=\"Rainforest Foundation UK\" \/>\n<meta property=\"article:publisher\" content=\"https:\/\/www.facebook.com\/rainforestfoundationuk\" \/>\n<meta property=\"article:modified_time\" content=\"2023-02-08T13:55:47+00:00\" \/>\n<meta name=\"twitter:card\" content=\"summary_large_image\" \/>\n<meta name=\"twitter:site\" content=\"@RFUK\" \/>\n<meta name=\"twitter:label1\" content=\"Est. reading time\" \/>\n\t<meta name=\"twitter:data1\" content=\"5 minutos\" \/>\n<script type=\"application\/ld+json\" class=\"yoast-schema-graph\">{\"@context\":\"https:\\\/\\\/schema.org\",\"@graph\":[{\"@type\":\"WebPage\",\"@id\":\"https:\\\/\\\/www.rainforestfoundationuk.org\\\/privacy-policy\\\/\",\"url\":\"https:\\\/\\\/www.rainforestfoundationuk.org\\\/privacy-policy\\\/\",\"name\":\"Privacy Policy - Rainforest Foundation UK\",\"isPartOf\":{\"@id\":\"https:\\\/\\\/www.rainforestfoundationuk.org\\\/#website\"},\"datePublished\":\"2021-01-11T13:45:50+00:00\",\"dateModified\":\"2023-02-08T13:55:47+00:00\",\"breadcrumb\":{\"@id\":\"https:\\\/\\\/www.rainforestfoundationuk.org\\\/privacy-policy\\\/#breadcrumb\"},\"inLanguage\":\"es-PE\",\"potentialAction\":[{\"@type\":\"ReadAction\",\"target\":[\"https:\\\/\\\/www.rainforestfoundationuk.org\\\/privacy-policy\\\/\"]}]},{\"@type\":\"BreadcrumbList\",\"@id\":\"https:\\\/\\\/www.rainforestfoundationuk.org\\\/privacy-policy\\\/#breadcrumb\",\"itemListElement\":[{\"@type\":\"ListItem\",\"position\":1,\"name\":\"Home\",\"item\":\"https:\\\/\\\/www.rainforestfoundationuk.org\\\/\"},{\"@type\":\"ListItem\",\"position\":2,\"name\":\"Privacy Policy\"}]},{\"@type\":\"WebSite\",\"@id\":\"https:\\\/\\\/www.rainforestfoundationuk.org\\\/#website\",\"url\":\"https:\\\/\\\/www.rainforestfoundationuk.org\\\/\",\"name\":\"Rainforest Foundation UK\",\"description\":\"Securing lands, sustaining lives\",\"publisher\":{\"@id\":\"https:\\\/\\\/www.rainforestfoundationuk.org\\\/#organization\"},\"potentialAction\":[{\"@type\":\"SearchAction\",\"target\":{\"@type\":\"EntryPoint\",\"urlTemplate\":\"https:\\\/\\\/www.rainforestfoundationuk.org\\\/?s={search_term_string}\"},\"query-input\":{\"@type\":\"PropertyValueSpecification\",\"valueRequired\":true,\"valueName\":\"search_term_string\"}}],\"inLanguage\":\"es-PE\"},{\"@type\":\"Organization\",\"@id\":\"https:\\\/\\\/www.rainforestfoundationuk.org\\\/#organization\",\"name\":\"Rainforest Foundation UK\",\"url\":\"https:\\\/\\\/www.rainforestfoundationuk.org\\\/\",\"logo\":{\"@type\":\"ImageObject\",\"inLanguage\":\"es-PE\",\"@id\":\"https:\\\/\\\/www.rainforestfoundationuk.org\\\/#\\\/schema\\\/logo\\\/image\\\/\",\"url\":\"https:\\\/\\\/www.rainforestfoundationuk.org\\\/wp-content\\\/uploads\\\/2023\\\/08\\\/RFUK-logo-black.svg\",\"contentUrl\":\"https:\\\/\\\/www.rainforestfoundationuk.org\\\/wp-content\\\/uploads\\\/2023\\\/08\\\/RFUK-logo-black.svg\",\"width\":1278,\"height\":332,\"caption\":\"Rainforest Foundation UK\"},\"image\":{\"@id\":\"https:\\\/\\\/www.rainforestfoundationuk.org\\\/#\\\/schema\\\/logo\\\/image\\\/\"},\"sameAs\":[\"https:\\\/\\\/www.facebook.com\\\/rainforestfoundationuk\",\"https:\\\/\\\/x.com\\\/RFUK\",\"https:\\\/\\\/www.instagram.com\\\/rainforestfoundationuk\\\/\",\"https:\\\/\\\/www.youtube.com\\\/user\\\/theRFUK\"]}]}<\/script>\n<!-- \/ Yoast SEO plugin. -->","yoast_head_json":{"title":"Pol\u00edtica de privacidad - Rainforest Foundation Espa\u00f1a","robots":{"index":"index","follow":"follow","max-snippet":"max-snippet:-1","max-image-preview":"max-image-preview:large","max-video-preview":"max-video-preview:-1"},"canonical":"https:\/\/www.rainforestfoundationuk.org\/es\/politica-de-privacidad\/","og_locale":"es_ES","og_type":"article","og_title":"Privacy Policy - Rainforest Foundation UK","og_description":"THE RAINFOREST FOUNDATION UK TAKES YOUR PRIVACY VERY SERIOUSLY AND WE&#8217;RE COMMITTED TO PROTECTING YOUR PERSONAL INFORMATION ONLINE. This statement explains how we collect and use the information which you give us. For additional information on our data and privacy policies, you can download our Fair Processing Statement\u00a0here. WHAT INFORMATION WE GATHER AND HOW WE ... Read more","og_url":"https:\/\/www.rainforestfoundationuk.org\/es\/politica-de-privacidad\/","og_site_name":"Rainforest Foundation UK","article_publisher":"https:\/\/www.facebook.com\/rainforestfoundationuk","article_modified_time":"2023-02-08T13:55:47+00:00","twitter_card":"summary_large_image","twitter_site":"@RFUK","twitter_misc":{"Est. reading time":"5 minutos"},"schema":{"@context":"https:\/\/schema.org","@graph":[{"@type":"WebPage","@id":"https:\/\/www.rainforestfoundationuk.org\/privacy-policy\/","url":"https:\/\/www.rainforestfoundationuk.org\/privacy-policy\/","name":"Pol\u00edtica de privacidad - Rainforest Foundation Espa\u00f1a","isPartOf":{"@id":"https:\/\/www.rainforestfoundationuk.org\/#website"},"datePublished":"2021-01-11T13:45:50+00:00","dateModified":"2023-02-08T13:55:47+00:00","breadcrumb":{"@id":"https:\/\/www.rainforestfoundationuk.org\/privacy-policy\/#breadcrumb"},"inLanguage":"es-PE","potentialAction":[{"@type":"ReadAction","target":["https:\/\/www.rainforestfoundationuk.org\/privacy-policy\/"]}]},{"@type":"BreadcrumbList","@id":"https:\/\/www.rainforestfoundationuk.org\/privacy-policy\/#breadcrumb","itemListElement":[{"@type":"ListItem","position":1,"name":"Home","item":"https:\/\/www.rainforestfoundationuk.org\/"},{"@type":"ListItem","position":2,"name":"Privacy Policy"}]},{"@type":"WebSite","@id":"https:\/\/www.rainforestfoundationuk.org\/#website","url":"https:\/\/www.rainforestfoundationuk.org\/","name":"Fundaci\u00f3n Rainforest del Reino Unido","description":"Proteger la tierra, preservar la vida","publisher":{"@id":"https:\/\/www.rainforestfoundationuk.org\/#organization"},"potentialAction":[{"@type":"SearchAction","target":{"@type":"EntryPoint","urlTemplate":"https:\/\/www.rainforestfoundationuk.org\/?s={search_term_string}"},"query-input":{"@type":"PropertyValueSpecification","valueRequired":true,"valueName":"search_term_string"}}],"inLanguage":"es-PE"},{"@type":"Organization","@id":"https:\/\/www.rainforestfoundationuk.org\/#organization","name":"Fundaci\u00f3n Rainforest del Reino Unido","url":"https:\/\/www.rainforestfoundationuk.org\/","logo":{"@type":"ImageObject","inLanguage":"es-PE","@id":"https:\/\/www.rainforestfoundationuk.org\/#\/schema\/logo\/image\/","url":"https:\/\/www.rainforestfoundationuk.org\/wp-content\/uploads\/2023\/08\/RFUK-logo-black.svg","contentUrl":"https:\/\/www.rainforestfoundationuk.org\/wp-content\/uploads\/2023\/08\/RFUK-logo-black.svg","width":1278,"height":332,"caption":"Rainforest Foundation UK"},"image":{"@id":"https:\/\/www.rainforestfoundationuk.org\/#\/schema\/logo\/image\/"},"sameAs":["https:\/\/www.facebook.com\/rainforestfoundationuk","https:\/\/x.com\/RFUK","https:\/\/www.instagram.com\/rainforestfoundationuk\/","https:\/\/www.youtube.com\/user\/theRFUK"]}]}},"_links":{"self":[{"href":"https:\/\/www.rainforestfoundationuk.org\/es\/wp-json\/wp\/v2\/pages\/3","targetHints":{"allow":["GET"]}}],"collection":[{"href":"https:\/\/www.rainforestfoundationuk.org\/es\/wp-json\/wp\/v2\/pages"}],"about":[{"href":"https:\/\/www.rainforestfoundationuk.org\/es\/wp-json\/wp\/v2\/types\/page"}],"author":[{"embeddable":true,"href":"https:\/\/www.rainforestfoundationuk.org\/es\/wp-json\/wp\/v2\/users\/2"}],"replies":[{"embeddable":true,"href":"https:\/\/www.rainforestfoundationuk.org\/es\/wp-json\/wp\/v2\/comments?post=3"}],"version-history":[{"count":5,"href":"https:\/\/www.rainforestfoundationuk.org\/es\/wp-json\/wp\/v2\/pages\/3\/revisions"}],"predecessor-version":[{"id":5669,"href":"https:\/\/www.rainforestfoundationuk.org\/es\/wp-json\/wp\/v2\/pages\/3\/revisions\/5669"}],"wp:attachment":[{"href":"https:\/\/www.rainforestfoundationuk.org\/es\/wp-json\/wp\/v2\/media?parent=3"}],"curies":[{"name":"wp","href":"https:\/\/api.w.org\/{rel}","templated":true}]}}