{"id":7561,"date":"2023-12-21T16:14:27","date_gmt":"2023-12-21T16:14:27","guid":{"rendered":"https:\/\/www.rainforestfoundationuk.org\/?page_id=7561"},"modified":"2026-04-14T10:32:07","modified_gmt":"2026-04-14T09:32:07","slug":"gobernanza","status":"publish","type":"page","link":"https:\/\/www.rainforestfoundationuk.org\/es\/about-us\/governance\/","title":{"rendered":"Gobernanza"},"content":{"rendered":"<h3><strong>Estatuto jur\u00eddico<\/strong><\/h3>\n<p>Estatus legal La Rainforest Foundation UK es una organizaci\u00f3n ben\u00e9fica y una sociedad limitada por garant\u00eda y est\u00e1 regulada principalmente por la Charity Commission, The Companies Acts, el Fundraising Regulator y la Office of Information Commissioner. El Patronato es responsable en \u00faltima instancia del cumplimiento por parte de RFUK de todos los requisitos legales y reglamentarios aplicables. La conducta de ... Leer m\u00e1s<\/p>\n<p>The conduct of the Board is governed by the Memorandum and Articles of Association (&#8216;<a href=\"https:\/\/find-and-update.company-information.service.gov.uk\/company\/07391285\/filing-history\">los art\u00edculos<\/a>&#8216;).<\/p>\n<strong>N\u00famero registrado de organizaci\u00f3n ben\u00e9fica<\/strong>Inglaterra y Gales: 1138287<br \/>\n<strong>N\u00famero de registro de la empresa<\/strong>, Inglaterra y Gales: 07391285\n<h3><strong>El papel del Consejo<\/strong><\/h3>\n<p>El papel de la <a href=\"https:\/\/www.rainforestfoundationuk.org\/es\/acerca-de-nosotros\/nuestro-equipo\/\">Junta<\/a> is to provide strategic vision, direction and leadership to support the financial and operational stability needed to advance RFUK&#8217;s mission and to promote the organisation&#8217;s continued effectiveness.<\/p>\n<p>El Consejo se re\u00fane al menos cuatro veces al a\u00f1o y recurre a comit\u00e9s para asesorar y decidir sobre aspectos espec\u00edficos de las operaciones de RFUK y controlar actividades concretas en su nombre.<\/p>\n<p><strong>Los Comit\u00e9s actuales son:<\/strong><\/p>\n<ol>\n<li>Comit\u00e9 de candidaturas<\/li>\n<li>Comit\u00e9 de Personas<\/li>\n<li>Comit\u00e9 de Finanzas, Riesgos y Cumplimiento<\/li>\n<\/ol>\n<p>Aunque la toma de decisiones puede delegarse en los Comit\u00e9s, el Consejo en su conjunto conserva la responsabilidad \u00faltima de todas las decisiones adoptadas.<\/p>\n<p>El Consejo de Administraci\u00f3n delega las actividades cotidianas de gesti\u00f3n en el Director Ejecutivo (DE), quien a su vez delega algunos aspectos de la gesti\u00f3n organizativa en el Equipo Directivo Superior (EDS) y en otros miembros del personal.<\/p>\n<h3><strong>Pol\u00edticas y procedimientos\u00a0<\/strong>\u00a0<\/h3>\n<ul>\n<li><a href=\"https:\/\/www.rainforestfoundationuk.org\/wp-content\/uploads\/2024\/05\/RFUK-Politica-de-Denuncia-de-Irregularidades.pdf\">Pol\u00edtica de Denuncia de Irregularidades<\/a><\/li>\n<li><a href=\"https:\/\/www.rainforestfoundationuk.org\/wp-content\/uploads\/2024\/05\/RFUK-Politica-de-Quejas.pdf\">Pol\u00edtica de Quejas<\/a><\/li>\n<li><a href=\"https:\/\/www.rainforestfoundationuk.org\/wp-content\/uploads\/2023\/12\/RFUK-Conflict-of-Interest-Policy-March-2022.pdf\">Pol\u00edtica de Conflictos de Intereses<\/a><\/li>\n<li><a href=\"https:\/\/www.rainforestfoundationuk.org\/wp-content\/uploads\/2026\/04\/RFUK-Code-of-Conduct_English.pdf\">C\u00f3digo de Conducta\u00a0<\/a><\/li>\n<li><a href=\"https:\/\/www.rainforestfoundationuk.org\/wp-content\/uploads\/2026\/04\/RFUK-Safeguarding-Policy.pdf\">Pol\u00edtica y Procedimientos de Salvaguardas<\/a><\/li>\n<li><a href=\"https:\/\/www.rainforestfoundationuk.org\/wp-content\/uploads\/2024\/05\/RFUK-Politica-de-Proteccion-de-la-Infancia.pdf\">Pol\u00edtica de Protecci\u00f3n de la Infancia<\/a><\/li>\n<li><a href=\"https:\/\/www.rainforestfoundationuk.org\/wp-content\/uploads\/2024\/06\/RFUK-Modern-Slavery-and-Human-Trafficking-Policy.pdf\">Pol\u00edtica sobre esclavitud moderna y trata de seres humanos<\/a><\/li>\n<\/ul>\n<p><img loading=\"lazy\" decoding=\"async\" src=\"https:\/\/www.rainforestfoundationuk.org\/wp-content\/uploads\/2023\/07\/52450920146_2110349df9_z-300x200.jpg\" alt=\"\" width=\"300\" height=\"200\" \/><\/p>\n<h3><strong>Informaci\u00f3n financiera<\/strong><\/h3>\n<ul>\n<li><a href=\"https:\/\/www.rainforestfoundationuk.org\/wp-content\/uploads\/2025\/07\/RFUK_2024_Full_Accounts__signed.pdf\">Annual accounts 2024<\/a><\/li>\n<li><a href=\"https:\/\/www.rainforestfoundationuk.org\/wp-content\/uploads\/2024\/07\/RFUK-audited-accounts-2023.pdf\">Annual accounts 2023<\/a><\/li>\n<li><a href=\"https:\/\/www.rainforestfoundationuk.org\/wp-content\/uploads\/2023\/12\/annual-accounts-2022.pdf\">Cuentas anuales 2022<\/a><\/li>\n<li><a href=\"https:\/\/www.rainforestfoundationuk.org\/wp-content\/uploads\/2023\/12\/annual-accounts-2021.pdfhttps:\/www.rainforestfoundationuk.org\/wp-content\/uploads\/2023\/12\/annual-accounts-2021.pdf\">Cuentas anuales 2021<\/a><\/li>\n<li><a href=\"https:\/\/www.rainforestfoundationuk.org\/wp-content\/uploads\/2023\/12\/annual-accounts-2021.pdfhttps:\/www.rainforestfoundationuk.org\/wp-content\/uploads\/2023\/12\/annual-accounts-2021.pdf\">Cuentas anuales 2020<\/a><\/li>\n<li><a href=\"https:\/\/www.rainforestfoundationuk.org\/wp-content\/uploads\/2023\/12\/annual-accounts-2019.pdf\">Cuentas anuales 2019<\/a><\/li>\n<li><a href=\"https:\/\/www.rainforestfoundationuk.org\/wp-content\/uploads\/2023\/12\/annual-accounts-2018.pdf\">Cuentas anuales 2018<\/a><\/li>\n<li><a href=\"https:\/\/www.rainforestfoundationuk.org\/wp-content\/uploads\/2023\/12\/annual-accounts-2017.pdf\">Cuentas anuales 2017<\/a><\/li>\n<li><a href=\"https:\/\/www.rainforestfoundationuk.org\/wp-content\/uploads\/2023\/12\/annual-accounts-2016.pdf\">Cuentas anuales de 2016<\/a><\/li>\n<li><a href=\"https:\/\/www.rainforestfoundationuk.org\/wp-content\/uploads\/2023\/12\/annual-accounts-2015.pdf\">Cuentas anuales 2015<\/a><\/li>\n<li><a href=\"https:\/\/www.rainforestfoundationuk.org\/wp-content\/uploads\/2023\/12\/annual-accounts-2014.pdf\">Cuentas anuales de 2014<\/a><\/li>\n<li><a href=\"https:\/\/www.rainforestfoundationuk.org\/wp-content\/uploads\/2023\/12\/annual-accounts-2013.pdf\">Cuentas anuales de 2013<\/a><\/li>\n<li><a href=\"https:\/\/www.rainforestfoundationuk.org\/wp-content\/uploads\/2023\/12\/annual-accounts-2012.pdf\">Cuentas anuales 2012<\/a><\/li>\n<li><a href=\"https:\/\/www.rainforestfoundationuk.org\/wp-content\/uploads\/2023\/12\/annual-accounts-2011.pdf\">Cuentas anuales 2011<\/a><\/li>\n<\/ul>\n<p><img loading=\"lazy\" decoding=\"async\" src=\"https:\/\/www.rainforestfoundationuk.org\/wp-content\/uploads\/2023\/07\/52848305615_0c89ebd884_c-300x199.jpg\" alt=\"\" width=\"300\" height=\"199\" \/><\/p>\n<h3><strong>Revisiones anuales <\/strong><\/h3>\n<ul>\n<li><a href=\"https:\/\/www.rainforestfoundationuk.org\/wp-content\/uploads\/2025\/06\/RFUK-Annual-review-24-25-DIGITAL-SPREADS.pdf\">Annual Review 2024<\/a><\/li>\n<li><a href=\"https:\/\/www.rainforestfoundationuk.org\/wp-content\/uploads\/2024\/05\/RFUK-Annual-review-23-24-digital-spreads.pdf\">Revisi\u00f3n anual 2023<\/a><\/li>\n<li><a href=\"https:\/\/www.rainforestfoundationuk.org\/wp-content\/uploads\/2023\/12\/RFUK-Annual-Review-2022.pdf\">Revisi\u00f3n anual 2022<\/a><\/li>\n<li><a href=\"https:\/\/www.rainforestfoundationuk.org\/wp-content\/uploads\/2023\/12\/202021AnnualReview_FINAL_DIGITAL.pdfhttps:\/www.rainforestfoundationuk.org\/wp-content\/uploads\/2023\/12\/202021AnnualReview_FINAL_DIGITAL.pdf\">Revisi\u00f3n anual 2020\/21<\/a><\/li>\n<li><a href=\"https:\/\/www.rainforestfoundationuk.org\/wp-content\/uploads\/2021\/10\/media.ashx_rfuk-annual-review-2018.pdf\">Revisi\u00f3n anual 2017\/2018<\/a><\/li>\n<li><a href=\"https:\/\/www.rainforestfoundationuk.org\/wp-content\/uploads\/2021\/10\/media.ashx_rfuk-annual-review-2017.pdf\">Revisi\u00f3n anual 2016\/2017<\/a><\/li>\n<li><a href=\"https:\/\/www.rainforestfoundationuk.org\/wp-content\/uploads\/2021\/10\/media.ashx_rfannualreport2016.pdf\">Revisi\u00f3n anual 2015\/2016<\/a><\/li>\n<li><a href=\"https:\/\/www.rainforestfoundationuk.org\/wp-content\/uploads\/2021\/10\/media.ashx_rainforestfoundationannualreport2015online.pdf\">Revisi\u00f3n anual 2014\/2015<\/a><\/li>\n<li><a href=\"https:\/\/www.rainforestfoundationuk.org\/wp-content\/uploads\/2021\/10\/media.ashx_rainforestfoundationannualreport2012-13.pdf\">Revisi\u00f3n anual 2012\/2013<\/a><\/li>\n<li><a href=\"https:\/\/www.rainforestfoundationuk.org\/wp-content\/uploads\/2021\/10\/media.ashx_rfuk2011-2012annualreport.pdf\">Revisi\u00f3n anual 2011\/2012<\/a><\/li>\n<li><a href=\"https:\/\/www.rainforestfoundationuk.org\/wp-content\/uploads\/2021\/10\/media.ashx_rfukannualreview2010-11.pdf\">Revisi\u00f3n anual 2010\/2011\u00a0<\/a><\/li>\n<li><a href=\"https:\/\/www.rainforestfoundationuk.org\/wp-content\/uploads\/2021\/10\/media.ashx_rfannualreview2008-2009.pdf\">Revisi\u00f3n anual 2008\/2009<\/a><\/li>\n<\/ul>\n<img loading=\"lazy\" decoding=\"async\" src=\"https:\/\/www.rainforestfoundationuk.org\/wp-content\/uploads\/2023\/07\/52451447243_5b76a8e317_c-300x200.jpg\" alt=\"\" width=\"300\" height=\"200\" \/><br \/>\n<strong>Informaci\u00f3n de contacto<\/strong><br \/>\nPlease reach out to the <a href=\"\/es\/OperationsAdmin@rainforestuk.org\/\">Jefe de Operaciones<\/a>\u00a0for any enquiries regarding RFUK&#8217;s governance or policies.\n<figure itemscope itemtype=\"https:\/\/schema.org\/ImageObject\">\n\t\t\t\t<img decoding=\"async\" src=\"https:\/\/www.rainforestfoundationuk.org\/wp-content\/plugins\/bb-plugin\/img\/pixel.png\" alt=\"\" onerror=\"this.style.display='none'\" loading=\"lazy\" \/>\n\t<\/figure>\n<figure itemscope itemtype=\"https:\/\/schema.org\/ImageObject\">\n\t\t\t\t<img decoding=\"async\" src=\"https:\/\/www.rainforestfoundationuk.org\/wp-content\/plugins\/bb-plugin\/img\/pixel.png\" alt=\"\" onerror=\"this.style.display='none'\" loading=\"lazy\" \/>\n\t<\/figure>","protected":false},"excerpt":{"rendered":"<p>Estatus legal La Rainforest Foundation UK es una organizaci\u00f3n ben\u00e9fica y una sociedad limitada por garant\u00eda y est\u00e1 regulada principalmente por la Charity Commission, The Companies Acts, el Fundraising Regulator y la Office of Information Commissioner. El Patronato es responsable en \u00faltima instancia del cumplimiento por parte de RFUK de todos los requisitos legales y reglamentarios aplicables. La conducta de ... Leer m\u00e1s <a title=\"Gobernanza\" class=\"read-more\" href=\"https:\/\/www.rainforestfoundationuk.org\/es\/about-us\/governance\/\" aria-label=\"Read more about Governance\">Seguir leyendo<\/a><\/p>","protected":false},"author":10,"featured_media":6589,"parent":82,"menu_order":0,"comment_status":"closed","ping_status":"closed","template":"","meta":{"_acf_changed":false,"footnotes":""},"class_list":{"0":"post-7561","1":"page","2":"type-page","3":"status-publish","4":"has-post-thumbnail","6":"no-featured-image-padding"},"acf":[],"yoast_head":"<!-- This site is optimized with the Yoast SEO plugin v27.4 - https:\/\/yoast.com\/product\/yoast-seo-wordpress\/ -->\n<title>Governance - Rainforest Foundation UK<\/title>\n<meta name=\"robots\" content=\"index, follow, max-snippet:-1, max-image-preview:large, max-video-preview:-1\" \/>\n<link rel=\"canonical\" href=\"https:\/\/www.rainforestfoundationuk.org\/es\/acerca-de-nosotros\/gobernanza\/\" \/>\n<meta property=\"og:locale\" content=\"es_ES\" \/>\n<meta property=\"og:type\" content=\"article\" \/>\n<meta property=\"og:title\" content=\"Governance - Rainforest Foundation UK\" \/>\n<meta property=\"og:description\" content=\"Legal status The Rainforest Foundation UK is a charity, and a company limited by guarantee and is regulated principally by the Charity Commission, The Companies Acts, the Fundraising Regulator and the Office of Information Commissioner. The Board of Trustees is ultimately responsible for RFUK&#8217;s compliance with all applicable legal and regulatory requirements. The conduct of ... Read more\" \/>\n<meta property=\"og:url\" content=\"https:\/\/www.rainforestfoundationuk.org\/es\/acerca-de-nosotros\/gobernanza\/\" \/>\n<meta property=\"og:site_name\" content=\"Rainforest Foundation UK\" \/>\n<meta property=\"article:publisher\" content=\"https:\/\/www.facebook.com\/rainforestfoundationuk\" \/>\n<meta property=\"article:modified_time\" content=\"2026-04-14T09:32:07+00:00\" \/>\n<meta property=\"og:image\" content=\"https:\/\/www.rainforestfoundationuk.org\/wp-content\/uploads\/2023\/07\/52451447243_5b76a8e317_c.jpg\" \/>\n\t<meta property=\"og:image:width\" content=\"799\" \/>\n\t<meta property=\"og:image:height\" content=\"533\" \/>\n\t<meta property=\"og:image:type\" content=\"image\/jpeg\" \/>\n<meta name=\"twitter:card\" content=\"summary_large_image\" \/>\n<meta name=\"twitter:site\" content=\"@RFUK\" \/>\n<meta name=\"twitter:label1\" content=\"Est. reading time\" \/>\n\t<meta name=\"twitter:data1\" content=\"3 minutos\" \/>\n<script type=\"application\/ld+json\" class=\"yoast-schema-graph\">{\"@context\":\"https:\\\/\\\/schema.org\",\"@graph\":[{\"@type\":\"WebPage\",\"@id\":\"https:\\\/\\\/www.rainforestfoundationuk.org\\\/about-us\\\/governance\\\/\",\"url\":\"https:\\\/\\\/www.rainforestfoundationuk.org\\\/about-us\\\/governance\\\/\",\"name\":\"Governance - Rainforest Foundation UK\",\"isPartOf\":{\"@id\":\"https:\\\/\\\/www.rainforestfoundationuk.org\\\/#website\"},\"primaryImageOfPage\":{\"@id\":\"https:\\\/\\\/www.rainforestfoundationuk.org\\\/about-us\\\/governance\\\/#primaryimage\"},\"image\":{\"@id\":\"https:\\\/\\\/www.rainforestfoundationuk.org\\\/about-us\\\/governance\\\/#primaryimage\"},\"thumbnailUrl\":\"https:\\\/\\\/www.rainforestfoundationuk.org\\\/wp-content\\\/uploads\\\/2023\\\/07\\\/52451447243_5b76a8e317_c.jpg\",\"datePublished\":\"2023-12-21T16:14:27+00:00\",\"dateModified\":\"2026-04-14T09:32:07+00:00\",\"breadcrumb\":{\"@id\":\"https:\\\/\\\/www.rainforestfoundationuk.org\\\/about-us\\\/governance\\\/#breadcrumb\"},\"inLanguage\":\"es-PE\",\"potentialAction\":[{\"@type\":\"ReadAction\",\"target\":[\"https:\\\/\\\/www.rainforestfoundationuk.org\\\/about-us\\\/governance\\\/\"]}]},{\"@type\":\"ImageObject\",\"inLanguage\":\"es-PE\",\"@id\":\"https:\\\/\\\/www.rainforestfoundationuk.org\\\/about-us\\\/governance\\\/#primaryimage\",\"url\":\"https:\\\/\\\/www.rainforestfoundationuk.org\\\/wp-content\\\/uploads\\\/2023\\\/07\\\/52451447243_5b76a8e317_c.jpg\",\"contentUrl\":\"https:\\\/\\\/www.rainforestfoundationuk.org\\\/wp-content\\\/uploads\\\/2023\\\/07\\\/52451447243_5b76a8e317_c.jpg\",\"width\":799,\"height\":533},{\"@type\":\"BreadcrumbList\",\"@id\":\"https:\\\/\\\/www.rainforestfoundationuk.org\\\/about-us\\\/governance\\\/#breadcrumb\",\"itemListElement\":[{\"@type\":\"ListItem\",\"position\":1,\"name\":\"Home\",\"item\":\"https:\\\/\\\/www.rainforestfoundationuk.org\\\/\"},{\"@type\":\"ListItem\",\"position\":2,\"name\":\"About Us\",\"item\":\"https:\\\/\\\/www.rainforestfoundationuk.org\\\/about-us\\\/\"},{\"@type\":\"ListItem\",\"position\":3,\"name\":\"Governance\"}]},{\"@type\":\"WebSite\",\"@id\":\"https:\\\/\\\/www.rainforestfoundationuk.org\\\/#website\",\"url\":\"https:\\\/\\\/www.rainforestfoundationuk.org\\\/\",\"name\":\"Rainforest Foundation UK\",\"description\":\"Securing lands, sustaining lives\",\"publisher\":{\"@id\":\"https:\\\/\\\/www.rainforestfoundationuk.org\\\/#organization\"},\"potentialAction\":[{\"@type\":\"SearchAction\",\"target\":{\"@type\":\"EntryPoint\",\"urlTemplate\":\"https:\\\/\\\/www.rainforestfoundationuk.org\\\/?s={search_term_string}\"},\"query-input\":{\"@type\":\"PropertyValueSpecification\",\"valueRequired\":true,\"valueName\":\"search_term_string\"}}],\"inLanguage\":\"es-PE\"},{\"@type\":\"Organization\",\"@id\":\"https:\\\/\\\/www.rainforestfoundationuk.org\\\/#organization\",\"name\":\"Rainforest Foundation UK\",\"url\":\"https:\\\/\\\/www.rainforestfoundationuk.org\\\/\",\"logo\":{\"@type\":\"ImageObject\",\"inLanguage\":\"es-PE\",\"@id\":\"https:\\\/\\\/www.rainforestfoundationuk.org\\\/#\\\/schema\\\/logo\\\/image\\\/\",\"url\":\"https:\\\/\\\/www.rainforestfoundationuk.org\\\/wp-content\\\/uploads\\\/2023\\\/08\\\/RFUK-logo-black.svg\",\"contentUrl\":\"https:\\\/\\\/www.rainforestfoundationuk.org\\\/wp-content\\\/uploads\\\/2023\\\/08\\\/RFUK-logo-black.svg\",\"width\":1278,\"height\":332,\"caption\":\"Rainforest Foundation UK\"},\"image\":{\"@id\":\"https:\\\/\\\/www.rainforestfoundationuk.org\\\/#\\\/schema\\\/logo\\\/image\\\/\"},\"sameAs\":[\"https:\\\/\\\/www.facebook.com\\\/rainforestfoundationuk\",\"https:\\\/\\\/x.com\\\/RFUK\",\"https:\\\/\\\/www.instagram.com\\\/rainforestfoundationuk\\\/\",\"https:\\\/\\\/www.youtube.com\\\/user\\\/theRFUK\"]}]}<\/script>\n<!-- \/ Yoast SEO plugin. -->","yoast_head_json":{"title":"Gobernanza - Rainforest Foundation UK","robots":{"index":"index","follow":"follow","max-snippet":"max-snippet:-1","max-image-preview":"max-image-preview:large","max-video-preview":"max-video-preview:-1"},"canonical":"https:\/\/www.rainforestfoundationuk.org\/es\/acerca-de-nosotros\/gobernanza\/","og_locale":"es_ES","og_type":"article","og_title":"Governance - Rainforest Foundation UK","og_description":"Legal status The Rainforest Foundation UK is a charity, and a company limited by guarantee and is regulated principally by the Charity Commission, The Companies Acts, the Fundraising Regulator and the Office of Information Commissioner. The Board of Trustees is ultimately responsible for RFUK&#8217;s compliance with all applicable legal and regulatory requirements. The conduct of ... Read more","og_url":"https:\/\/www.rainforestfoundationuk.org\/es\/acerca-de-nosotros\/gobernanza\/","og_site_name":"Rainforest Foundation UK","article_publisher":"https:\/\/www.facebook.com\/rainforestfoundationuk","article_modified_time":"2026-04-14T09:32:07+00:00","og_image":[{"width":799,"height":533,"url":"https:\/\/www.rainforestfoundationuk.org\/wp-content\/uploads\/2023\/07\/52451447243_5b76a8e317_c.jpg","type":"image\/jpeg"}],"twitter_card":"summary_large_image","twitter_site":"@RFUK","twitter_misc":{"Est. reading time":"3 minutos"},"schema":{"@context":"https:\/\/schema.org","@graph":[{"@type":"WebPage","@id":"https:\/\/www.rainforestfoundationuk.org\/about-us\/governance\/","url":"https:\/\/www.rainforestfoundationuk.org\/about-us\/governance\/","name":"Gobernanza - Rainforest Foundation UK","isPartOf":{"@id":"https:\/\/www.rainforestfoundationuk.org\/#website"},"primaryImageOfPage":{"@id":"https:\/\/www.rainforestfoundationuk.org\/about-us\/governance\/#primaryimage"},"image":{"@id":"https:\/\/www.rainforestfoundationuk.org\/about-us\/governance\/#primaryimage"},"thumbnailUrl":"https:\/\/www.rainforestfoundationuk.org\/wp-content\/uploads\/2023\/07\/52451447243_5b76a8e317_c.jpg","datePublished":"2023-12-21T16:14:27+00:00","dateModified":"2026-04-14T09:32:07+00:00","breadcrumb":{"@id":"https:\/\/www.rainforestfoundationuk.org\/about-us\/governance\/#breadcrumb"},"inLanguage":"es-PE","potentialAction":[{"@type":"ReadAction","target":["https:\/\/www.rainforestfoundationuk.org\/about-us\/governance\/"]}]},{"@type":"ImageObject","inLanguage":"es-PE","@id":"https:\/\/www.rainforestfoundationuk.org\/about-us\/governance\/#primaryimage","url":"https:\/\/www.rainforestfoundationuk.org\/wp-content\/uploads\/2023\/07\/52451447243_5b76a8e317_c.jpg","contentUrl":"https:\/\/www.rainforestfoundationuk.org\/wp-content\/uploads\/2023\/07\/52451447243_5b76a8e317_c.jpg","width":799,"height":533},{"@type":"BreadcrumbList","@id":"https:\/\/www.rainforestfoundationuk.org\/about-us\/governance\/#breadcrumb","itemListElement":[{"@type":"ListItem","position":1,"name":"Home","item":"https:\/\/www.rainforestfoundationuk.org\/"},{"@type":"ListItem","position":2,"name":"About Us","item":"https:\/\/www.rainforestfoundationuk.org\/about-us\/"},{"@type":"ListItem","position":3,"name":"Governance"}]},{"@type":"WebSite","@id":"https:\/\/www.rainforestfoundationuk.org\/#website","url":"https:\/\/www.rainforestfoundationuk.org\/","name":"Fundaci\u00f3n Rainforest del Reino Unido","description":"Proteger la tierra, preservar la vida","publisher":{"@id":"https:\/\/www.rainforestfoundationuk.org\/#organization"},"potentialAction":[{"@type":"SearchAction","target":{"@type":"EntryPoint","urlTemplate":"https:\/\/www.rainforestfoundationuk.org\/?s={search_term_string}"},"query-input":{"@type":"PropertyValueSpecification","valueRequired":true,"valueName":"search_term_string"}}],"inLanguage":"es-PE"},{"@type":"Organization","@id":"https:\/\/www.rainforestfoundationuk.org\/#organization","name":"Fundaci\u00f3n Rainforest del Reino Unido","url":"https:\/\/www.rainforestfoundationuk.org\/","logo":{"@type":"ImageObject","inLanguage":"es-PE","@id":"https:\/\/www.rainforestfoundationuk.org\/#\/schema\/logo\/image\/","url":"https:\/\/www.rainforestfoundationuk.org\/wp-content\/uploads\/2023\/08\/RFUK-logo-black.svg","contentUrl":"https:\/\/www.rainforestfoundationuk.org\/wp-content\/uploads\/2023\/08\/RFUK-logo-black.svg","width":1278,"height":332,"caption":"Rainforest Foundation UK"},"image":{"@id":"https:\/\/www.rainforestfoundationuk.org\/#\/schema\/logo\/image\/"},"sameAs":["https:\/\/www.facebook.com\/rainforestfoundationuk","https:\/\/x.com\/RFUK","https:\/\/www.instagram.com\/rainforestfoundationuk\/","https:\/\/www.youtube.com\/user\/theRFUK"]}]}},"_links":{"self":[{"href":"https:\/\/www.rainforestfoundationuk.org\/es\/wp-json\/wp\/v2\/pages\/7561","targetHints":{"allow":["GET"]}}],"collection":[{"href":"https:\/\/www.rainforestfoundationuk.org\/es\/wp-json\/wp\/v2\/pages"}],"about":[{"href":"https:\/\/www.rainforestfoundationuk.org\/es\/wp-json\/wp\/v2\/types\/page"}],"author":[{"embeddable":true,"href":"https:\/\/www.rainforestfoundationuk.org\/es\/wp-json\/wp\/v2\/users\/10"}],"replies":[{"embeddable":true,"href":"https:\/\/www.rainforestfoundationuk.org\/es\/wp-json\/wp\/v2\/comments?post=7561"}],"version-history":[{"count":21,"href":"https:\/\/www.rainforestfoundationuk.org\/es\/wp-json\/wp\/v2\/pages\/7561\/revisions"}],"predecessor-version":[{"id":10017,"href":"https:\/\/www.rainforestfoundationuk.org\/es\/wp-json\/wp\/v2\/pages\/7561\/revisions\/10017"}],"up":[{"embeddable":true,"href":"https:\/\/www.rainforestfoundationuk.org\/es\/wp-json\/wp\/v2\/pages\/82"}],"wp:featuredmedia":[{"embeddable":true,"href":"https:\/\/www.rainforestfoundationuk.org\/es\/wp-json\/wp\/v2\/media\/6589"}],"wp:attachment":[{"href":"https:\/\/www.rainforestfoundationuk.org\/es\/wp-json\/wp\/v2\/media?parent=7561"}],"curies":[{"name":"wp","href":"https:\/\/api.w.org\/{rel}","templated":true}]}}