{"id":8209,"date":"2024-07-08T13:38:51","date_gmt":"2024-07-08T12:38:51","guid":{"rendered":"https:\/\/www.rainforestfoundationuk.org\/?page_id=8209"},"modified":"2025-02-10T13:59:33","modified_gmt":"2025-02-10T13:59:33","slug":"asunto-de-proteccion","status":"publish","type":"page","link":"https:\/\/www.rainforestfoundationuk.org\/es\/about-us\/safeguarding\/safeguarding-concern\/","title":{"rendered":"Cuestiones de protecci\u00f3n"},"content":{"rendered":"<h1>\n\t\tProtecci\u00f3n\n\t<\/h1>\n\t<p>En RFUK, trabajar con y para las personas vulnerables est\u00e1 en el centro de todo lo que hacemos. Tenemos un enfoque de tolerancia cero contra cualquier forma de acoso, explotaci\u00f3n y abuso sexual, y hacemos todo lo que est\u00e1 en nuestra mano para garantizar que nuestras actividades no repercutan inadvertidamente en las comunidades con las que trabajamos.<\/p>\n<p>Cualquier persona (incluidos nuestro personal, nuestros socios y las comunidades con las que trabajamos) puede plantear una preocupaci\u00f3n sobre algo que haya presenciado o experimentado sin temor a represalias. Si desea plantear una preocupaci\u00f3n a RFUK sobre el comportamiento de un miembro del personal u otro representante de la organizaci\u00f3n, puede hacerlo de varias maneras:<\/p>\n<p><em>For more details, please see our <\/em><a href=\"https:\/\/www.rainforestfoundationuk.org\/wp-content\/uploads\/2025\/02\/RFUK-Safeguarding-Policy.pdf\">Pol\u00edtica y Procedimientos de Salvaguardas<\/a>.<\/p>\n\t<h3>C\u00f3mo plantear una preocupaci\u00f3n<\/h3>\n<strong>1. Presentaci\u00f3n de formularios:<\/strong><br \/>\nLe animamos a utilizar el <a href=\"#form\">form* provided below<\/a> para presentar una denuncia\n<strong>2. Correo electr\u00f3nico:<\/strong><br \/>\nTambi\u00e9n puede enviarnos un correo electr\u00f3nico a <a href=\"mailto:safeguarding@rainforestuk.org\">safeguarding@rainforestuk.org<\/a>*.\n<strong>3. Tel\u00e9fono:<\/strong><br \/>\nTambi\u00e9n puede ponerse en contacto con nosotros por tel\u00e9fono llamando al +44 207 485 0193 (seleccione la opci\u00f3n de salvaguardia\/denuncia\/queja y se pondr\u00e1 en contacto con nuestros responsables de salvaguardia).\n<strong>4. Poni\u00e9ndose en contacto directamente con uno de nuestros responsables de seguridad:<\/strong><br \/>\n\u2022 Daniela Velit &#8211; fluent in English and Spanish: <a href=\"mailto:danielav@rainforestuk.org\">danielav@rainforestuk.org<\/a><br \/>\n\u2022 Alex Economou-Li &#8211; fluent in English and French: <a href=\"mailto:AlexanderE@rainforestuk.org\">alexandere@rainforestuk.org<\/a>\n<strong>Confidencialidad e investigaci\u00f3n<\/strong><br \/>\nTodas las quejas recibidas se tratar\u00e1n de forma confidencial y se investigar\u00e1n y tratar\u00e1n a fondo. Nos pondremos en contacto con usted en un plazo de 72 horas. Para m\n<strong>Destinatarios de los env\u00edos<\/strong><br \/>\n<em><strong>*Por favor, tenga en cuenta:<\/strong> tanto el formulario como los env\u00edos por correo electr\u00f3nico a <a href=\"mailto:safeguarding@rainforestuk.org\">safeguarding@rainforestuk.org<\/a> ser\u00e1n recibidos por nuestros responsables de protecci\u00f3n de datos (Daniela Velit y Alex Economou-Li) y nuestro administrador de protecci\u00f3n de datos (Josceline Cluff).<\/em>","protected":false},"excerpt":{"rendered":"<p>Salvaguarda En RFUK, trabajar con y para personas vulnerables est\u00e1 en el centro de todo lo que hacemos. Tenemos un enfoque de tolerancia cero contra cualquier forma de acoso, explotaci\u00f3n y abuso sexual, y hacemos todo lo que est\u00e1 en nuestra mano para garantizar que nuestras actividades no afecten inadvertidamente a las comunidades con las que trabajamos. Cualquier persona (incluido nuestro personal, ... M\u00e1s informaci\u00f3n <a title=\"Cuestiones de protecci\u00f3n\" class=\"read-more\" href=\"https:\/\/www.rainforestfoundationuk.org\/es\/about-us\/safeguarding\/safeguarding-concern\/\" aria-label=\"Read more about Safeguarding concern\">Seguir leyendo<\/a><\/p>","protected":false},"author":10,"featured_media":0,"parent":347,"menu_order":0,"comment_status":"closed","ping_status":"closed","template":"","meta":{"_acf_changed":false,"footnotes":""},"class_list":{"0":"post-8209","1":"page","2":"type-page","3":"status-publish","5":"no-featured-image-padding"},"acf":[],"yoast_head":"<!-- This site is optimized with the Yoast SEO plugin v27.6 - https:\/\/yoast.com\/product\/yoast-seo-wordpress\/ -->\n<title>Safeguarding concern - Rainforest Foundation UK<\/title>\n<meta name=\"robots\" content=\"index, follow, max-snippet:-1, max-image-preview:large, max-video-preview:-1\" \/>\n<link rel=\"canonical\" href=\"https:\/\/www.rainforestfoundationuk.org\/es\/acerca-de-nosotros\/salvaguardia\/asunto-de-proteccion\/\" \/>\n<meta property=\"og:locale\" content=\"es_ES\" \/>\n<meta property=\"og:type\" content=\"article\" \/>\n<meta property=\"og:title\" content=\"Safeguarding concern - Rainforest Foundation UK\" \/>\n<meta property=\"og:description\" content=\"Safeguarding At RFUK, working with and for vulnerable people is at the heart of everything we do. We have a zero-tolerance approach against any form of sexual harassment, exploitation and abuse, and do everything in our power to ensure that our activities do not inadvertently impact the communities we work with. Anyone (including our staff, ... Read more\" \/>\n<meta property=\"og:url\" content=\"https:\/\/www.rainforestfoundationuk.org\/es\/acerca-de-nosotros\/salvaguardia\/asunto-de-proteccion\/\" \/>\n<meta property=\"og:site_name\" content=\"Rainforest Foundation UK\" \/>\n<meta property=\"article:publisher\" content=\"https:\/\/www.facebook.com\/rainforestfoundationuk\" \/>\n<meta property=\"article:modified_time\" content=\"2025-02-10T13:59:33+00:00\" \/>\n<meta name=\"twitter:card\" content=\"summary_large_image\" \/>\n<meta name=\"twitter:site\" content=\"@RFUK\" \/>\n<meta name=\"twitter:label1\" content=\"Est. reading time\" \/>\n\t<meta name=\"twitter:data1\" content=\"2 minutos\" \/>\n<script type=\"application\/ld+json\" class=\"yoast-schema-graph\">{\"@context\":\"https:\\\/\\\/schema.org\",\"@graph\":[{\"@type\":\"WebPage\",\"@id\":\"https:\\\/\\\/www.rainforestfoundationuk.org\\\/about-us\\\/safeguarding\\\/safeguarding-concern\\\/\",\"url\":\"https:\\\/\\\/www.rainforestfoundationuk.org\\\/about-us\\\/safeguarding\\\/safeguarding-concern\\\/\",\"name\":\"Safeguarding concern - Rainforest Foundation UK\",\"isPartOf\":{\"@id\":\"https:\\\/\\\/www.rainforestfoundationuk.org\\\/#website\"},\"datePublished\":\"2024-07-08T12:38:51+00:00\",\"dateModified\":\"2025-02-10T13:59:33+00:00\",\"breadcrumb\":{\"@id\":\"https:\\\/\\\/www.rainforestfoundationuk.org\\\/about-us\\\/safeguarding\\\/safeguarding-concern\\\/#breadcrumb\"},\"inLanguage\":\"es-PE\",\"potentialAction\":[{\"@type\":\"ReadAction\",\"target\":[\"https:\\\/\\\/www.rainforestfoundationuk.org\\\/about-us\\\/safeguarding\\\/safeguarding-concern\\\/\"]}]},{\"@type\":\"BreadcrumbList\",\"@id\":\"https:\\\/\\\/www.rainforestfoundationuk.org\\\/about-us\\\/safeguarding\\\/safeguarding-concern\\\/#breadcrumb\",\"itemListElement\":[{\"@type\":\"ListItem\",\"position\":1,\"name\":\"Home\",\"item\":\"https:\\\/\\\/www.rainforestfoundationuk.org\\\/\"},{\"@type\":\"ListItem\",\"position\":2,\"name\":\"About Us\",\"item\":\"https:\\\/\\\/www.rainforestfoundationuk.org\\\/about-us\\\/\"},{\"@type\":\"ListItem\",\"position\":3,\"name\":\"Safeguarding\",\"item\":\"https:\\\/\\\/www.rainforestfoundationuk.org\\\/about-us\\\/safeguarding\\\/\"},{\"@type\":\"ListItem\",\"position\":4,\"name\":\"Safeguarding concern\"}]},{\"@type\":\"WebSite\",\"@id\":\"https:\\\/\\\/www.rainforestfoundationuk.org\\\/#website\",\"url\":\"https:\\\/\\\/www.rainforestfoundationuk.org\\\/\",\"name\":\"Rainforest Foundation UK\",\"description\":\"Securing lands, sustaining lives\",\"publisher\":{\"@id\":\"https:\\\/\\\/www.rainforestfoundationuk.org\\\/#organization\"},\"potentialAction\":[{\"@type\":\"SearchAction\",\"target\":{\"@type\":\"EntryPoint\",\"urlTemplate\":\"https:\\\/\\\/www.rainforestfoundationuk.org\\\/?s={search_term_string}\"},\"query-input\":{\"@type\":\"PropertyValueSpecification\",\"valueRequired\":true,\"valueName\":\"search_term_string\"}}],\"inLanguage\":\"es-PE\"},{\"@type\":\"Organization\",\"@id\":\"https:\\\/\\\/www.rainforestfoundationuk.org\\\/#organization\",\"name\":\"Rainforest Foundation UK\",\"url\":\"https:\\\/\\\/www.rainforestfoundationuk.org\\\/\",\"logo\":{\"@type\":\"ImageObject\",\"inLanguage\":\"es-PE\",\"@id\":\"https:\\\/\\\/www.rainforestfoundationuk.org\\\/#\\\/schema\\\/logo\\\/image\\\/\",\"url\":\"https:\\\/\\\/www.rainforestfoundationuk.org\\\/wp-content\\\/uploads\\\/2023\\\/08\\\/RFUK-logo-black.svg\",\"contentUrl\":\"https:\\\/\\\/www.rainforestfoundationuk.org\\\/wp-content\\\/uploads\\\/2023\\\/08\\\/RFUK-logo-black.svg\",\"width\":1278,\"height\":332,\"caption\":\"Rainforest Foundation UK\"},\"image\":{\"@id\":\"https:\\\/\\\/www.rainforestfoundationuk.org\\\/#\\\/schema\\\/logo\\\/image\\\/\"},\"sameAs\":[\"https:\\\/\\\/www.facebook.com\\\/rainforestfoundationuk\",\"https:\\\/\\\/x.com\\\/RFUK\",\"https:\\\/\\\/www.instagram.com\\\/rainforestfoundationuk\\\/\",\"https:\\\/\\\/www.youtube.com\\\/user\\\/theRFUK\"]}]}<\/script>\n<!-- \/ Yoast SEO plugin. -->","yoast_head_json":{"title":"Cuesti\u00f3n de seguridad - Rainforest Foundation UK","robots":{"index":"index","follow":"follow","max-snippet":"max-snippet:-1","max-image-preview":"max-image-preview:large","max-video-preview":"max-video-preview:-1"},"canonical":"https:\/\/www.rainforestfoundationuk.org\/es\/acerca-de-nosotros\/salvaguardia\/asunto-de-proteccion\/","og_locale":"es_ES","og_type":"article","og_title":"Safeguarding concern - Rainforest Foundation UK","og_description":"Safeguarding At RFUK, working with and for vulnerable people is at the heart of everything we do. We have a zero-tolerance approach against any form of sexual harassment, exploitation and abuse, and do everything in our power to ensure that our activities do not inadvertently impact the communities we work with. Anyone (including our staff, ... Read more","og_url":"https:\/\/www.rainforestfoundationuk.org\/es\/acerca-de-nosotros\/salvaguardia\/asunto-de-proteccion\/","og_site_name":"Rainforest Foundation UK","article_publisher":"https:\/\/www.facebook.com\/rainforestfoundationuk","article_modified_time":"2025-02-10T13:59:33+00:00","twitter_card":"summary_large_image","twitter_site":"@RFUK","twitter_misc":{"Est. reading time":"2 minutos"},"schema":{"@context":"https:\/\/schema.org","@graph":[{"@type":"WebPage","@id":"https:\/\/www.rainforestfoundationuk.org\/about-us\/safeguarding\/safeguarding-concern\/","url":"https:\/\/www.rainforestfoundationuk.org\/about-us\/safeguarding\/safeguarding-concern\/","name":"Cuesti\u00f3n de seguridad - Rainforest Foundation UK","isPartOf":{"@id":"https:\/\/www.rainforestfoundationuk.org\/#website"},"datePublished":"2024-07-08T12:38:51+00:00","dateModified":"2025-02-10T13:59:33+00:00","breadcrumb":{"@id":"https:\/\/www.rainforestfoundationuk.org\/about-us\/safeguarding\/safeguarding-concern\/#breadcrumb"},"inLanguage":"es-PE","potentialAction":[{"@type":"ReadAction","target":["https:\/\/www.rainforestfoundationuk.org\/about-us\/safeguarding\/safeguarding-concern\/"]}]},{"@type":"BreadcrumbList","@id":"https:\/\/www.rainforestfoundationuk.org\/about-us\/safeguarding\/safeguarding-concern\/#breadcrumb","itemListElement":[{"@type":"ListItem","position":1,"name":"Home","item":"https:\/\/www.rainforestfoundationuk.org\/"},{"@type":"ListItem","position":2,"name":"About Us","item":"https:\/\/www.rainforestfoundationuk.org\/about-us\/"},{"@type":"ListItem","position":3,"name":"Safeguarding","item":"https:\/\/www.rainforestfoundationuk.org\/about-us\/safeguarding\/"},{"@type":"ListItem","position":4,"name":"Safeguarding concern"}]},{"@type":"WebSite","@id":"https:\/\/www.rainforestfoundationuk.org\/#website","url":"https:\/\/www.rainforestfoundationuk.org\/","name":"Fundaci\u00f3n Rainforest del Reino Unido","description":"Proteger la tierra, preservar la vida","publisher":{"@id":"https:\/\/www.rainforestfoundationuk.org\/#organization"},"potentialAction":[{"@type":"SearchAction","target":{"@type":"EntryPoint","urlTemplate":"https:\/\/www.rainforestfoundationuk.org\/?s={search_term_string}"},"query-input":{"@type":"PropertyValueSpecification","valueRequired":true,"valueName":"search_term_string"}}],"inLanguage":"es-PE"},{"@type":"Organization","@id":"https:\/\/www.rainforestfoundationuk.org\/#organization","name":"Fundaci\u00f3n Rainforest del Reino Unido","url":"https:\/\/www.rainforestfoundationuk.org\/","logo":{"@type":"ImageObject","inLanguage":"es-PE","@id":"https:\/\/www.rainforestfoundationuk.org\/#\/schema\/logo\/image\/","url":"https:\/\/www.rainforestfoundationuk.org\/wp-content\/uploads\/2023\/08\/RFUK-logo-black.svg","contentUrl":"https:\/\/www.rainforestfoundationuk.org\/wp-content\/uploads\/2023\/08\/RFUK-logo-black.svg","width":1278,"height":332,"caption":"Rainforest Foundation UK"},"image":{"@id":"https:\/\/www.rainforestfoundationuk.org\/#\/schema\/logo\/image\/"},"sameAs":["https:\/\/www.facebook.com\/rainforestfoundationuk","https:\/\/x.com\/RFUK","https:\/\/www.instagram.com\/rainforestfoundationuk\/","https:\/\/www.youtube.com\/user\/theRFUK"]}]}},"_links":{"self":[{"href":"https:\/\/www.rainforestfoundationuk.org\/es\/wp-json\/wp\/v2\/pages\/8209","targetHints":{"allow":["GET"]}}],"collection":[{"href":"https:\/\/www.rainforestfoundationuk.org\/es\/wp-json\/wp\/v2\/pages"}],"about":[{"href":"https:\/\/www.rainforestfoundationuk.org\/es\/wp-json\/wp\/v2\/types\/page"}],"author":[{"embeddable":true,"href":"https:\/\/www.rainforestfoundationuk.org\/es\/wp-json\/wp\/v2\/users\/10"}],"replies":[{"embeddable":true,"href":"https:\/\/www.rainforestfoundationuk.org\/es\/wp-json\/wp\/v2\/comments?post=8209"}],"version-history":[{"count":7,"href":"https:\/\/www.rainforestfoundationuk.org\/es\/wp-json\/wp\/v2\/pages\/8209\/revisions"}],"predecessor-version":[{"id":8886,"href":"https:\/\/www.rainforestfoundationuk.org\/es\/wp-json\/wp\/v2\/pages\/8209\/revisions\/8886"}],"up":[{"embeddable":true,"href":"https:\/\/www.rainforestfoundationuk.org\/es\/wp-json\/wp\/v2\/pages\/347"}],"wp:attachment":[{"href":"https:\/\/www.rainforestfoundationuk.org\/es\/wp-json\/wp\/v2\/media?parent=8209"}],"curies":[{"name":"wp","href":"https:\/\/api.w.org\/{rel}","templated":true}]}}