{"id":86,"date":"2021-09-06T14:02:55","date_gmt":"2021-09-06T14:02:55","guid":{"rendered":"https:\/\/www.rainforestfoundationuk.org\/?page_id=86"},"modified":"2026-01-07T09:30:42","modified_gmt":"2026-01-07T09:30:42","slug":"oportunidades-de-empleo","status":"publish","type":"page","link":"https:\/\/www.rainforestfoundationuk.org\/es\/about-us\/jobs-opportunities\/","title":{"rendered":"Empleo y oportunidades"},"content":{"rendered":"<h1>\n\t\t\t\u00danete a nuestro equipo\t<\/h1>\n\t<p><strong>\u00bfApoyas la misi\u00f3n de Rainforest Foundation UK de proteger los bosques tropicales y hacer frente a la crisis clim\u00e1tica defendiendo los derechos de los pueblos ind\u00edgenas y otras comunidades locales?<\/strong><\/p>\n<p>RFUK est\u00e1 comprometida tanto con los derechos humanos como con la protecci\u00f3n del medio ambiente cuando se trata de atajar la deforestaci\u00f3n. A nivel local, apoyamos a las comunidades forestales para que obtengan derechos sobre la tierra, se enfrenten a las industrias destructivas, gestionen sus bosques y protejan su medio ambiente. A escala mundial, hacemos campa\u00f1a para influir en las leyes y pol\u00edticas nacionales e internacionales que protegen los bosques tropicales y a sus habitantes.<\/p>\n<p>En lugar de conservar los bosques \u00fanicamente por su biodiversidad o sus valores de carbono, RFUK promueve el establecimiento de derechos comunitarios sobre las tierras de los bosques tropicales, atajando las causas profundas de la deforestaci\u00f3n y allanando el camino para que la poblaci\u00f3n local se beneficie equitativamente del uso y la protecci\u00f3n de los recursos forestales.<\/p>\n\t\t\t\t<img decoding=\"async\" src=\"https:\/\/www.rainforestfoundationuk.org\/wp-content\/uploads\/2024\/01\/AKM-in-boat-in-forest-e1691598299442-768x512-1.jpg\" alt=\"AKM-in-boat-in-forest-e1691598299442-768x512\" itemprop=\"image\" height=\"512\" width=\"768\" title=\"AKM-in-boat-in-forest-e1691598299442-768x512\" onerror=\"this.style.display='none'\" loading=\"lazy\" \/>\n\t<div class=\"map_wrapper\" id=\"map_wrapper_7926\">\n<div class=\"map_box\" style=\"max-width:800px\">\n<div class=\"map_aspect_ratio\" style=\"padding-top:100%\" data-padding-top=\"100%\" data-padding-top-mobile=\"100%\">\n<div class=\"map_container\">\n<div class=\"map_render map_loading\" id=\"map_7926\"><\/div>\n<\/div>\n<\/div>\n<\/div>\n<\/div>\n<h2>\n\t\t\tNuestro equipo mundial \t<\/h2>\n\t<p>La oficina principal de RFUK est\u00e1 en Londres, y nuestro personal tambi\u00e9n trabaja en la Rep\u00fablica Democr\u00e1tica del Congo, Camer\u00fan, Per\u00fa y Francia. <\/p>\n<p>Nuestras asociaciones a largo plazo con organizaciones locales y de pueblos ind\u00edgenas de la cuenca del Congo, el Amazonas y otras regiones tropicales son la base de nuestra labor, pues garantizan que podamos llevar a cabo nuestro trabajo con eficacia y que la capacidad se mantenga all\u00ed donde m\u00e1s se necesita.<\/p>\n<h2>\n\t\t\tNuestra cultura\t<\/h2>\n\t<p>Nuestro equipo comprometido, din\u00e1mico y diverso tiene una cosa en com\u00fan: creemos apasionadamente en la misi\u00f3n, los valores y el enfoque \u00fanico de la justicia social de RFUK. Si bien esto significa que somos muy trabajadores, tambi\u00e9n estamos orgullosos de ofrecer un entorno de trabajo flexible, familiar e inclusivo que valora el bienestar y el desarrollo profesional de nuestro personal. Nuestro equipo remoto se re\u00fane al menos dos veces al a\u00f1o para jornadas de estrategia, formaci\u00f3n y creaci\u00f3n de equipo. Tambi\u00e9n tenemos sesiones quincenales de aprendizaje y puesta en com\u00fan en l\u00ednea en las que podemos aprender unos de otros. <\/p>\n\t\t\t\t<img decoding=\"async\" src=\"https:\/\/www.rainforestfoundationuk.org\/wp-content\/uploads\/2024\/05\/Office-Lara-Chewy.jpg\" alt=\"Oficina Lara Chewy\" itemprop=\"image\" height=\"1440\" width=\"1920\" title=\"Oficina Lara Chewy\" onerror=\"this.style.display='none'\" loading=\"lazy\" \/>\n<h2>\n\t\t\tNuestras ventajas\t<\/h2>\n\t<ul>\n<li>30 d\u00edas de vacaciones pagadas, adem\u00e1s de los d\u00edas festivos.<\/li>\n<li>Opci\u00f3n de trabajo h\u00edbrido\/totalmente a distancia<\/li>\n<li>Una oficina en Bethnal Green, al este de Londres, que admite perros, con acceso a descuentos en el gimnasio.<\/li>\n<li>4 semanas de trabajo desde cualquier lugar del mundo<\/li>\n<li>Presupuesto de TI para la oficina en casa<\/li>\n<li>Asignaci\u00f3n de formaci\u00f3n y desarrollo<\/li>\n<li>Programa de Asistencia al Empleado (PAE)<\/li>\n<\/ul>\n\t<p><strong>Adem\u00e1s, nos comprometemos a:<\/strong><\/p>\n<ul>\n<li>enabling our team&#8217;s career progression within the organisation;<\/li>\n<li>recognising our team&#8217;s achievements, skills, competence and development;<\/li>\n<li>ser justos, transparentes y flexibles;<\/li>\n<li>equilibrar las necesidades y expectativas de nuestros socios, donantes y las comunidades locales con las que trabajamos;<\/li>\n<li>fomentar y posibilitar la responsabilidad de la gesti\u00f3n.<\/li>\n<\/ul>","protected":false},"excerpt":{"rendered":"<p>Vacantes y oportunidades actuales<\/p>","protected":false},"author":2,"featured_media":4620,"parent":82,"menu_order":6,"comment_status":"closed","ping_status":"closed","template":"","meta":{"_acf_changed":false,"footnotes":""},"class_list":{"0":"post-86","1":"page","2":"type-page","3":"status-publish","4":"has-post-thumbnail","6":"no-featured-image-padding"},"acf":[],"yoast_head":"<!-- This site is optimized with the Yoast SEO plugin v27.6 - https:\/\/yoast.com\/product\/yoast-seo-wordpress\/ -->\n<title>Jobs &amp; Opportunities - Rainforest Foundation UK<\/title>\n<meta name=\"robots\" content=\"index, follow, max-snippet:-1, max-image-preview:large, max-video-preview:-1\" \/>\n<link rel=\"canonical\" href=\"https:\/\/www.rainforestfoundationuk.org\/es\/acerca-de-nosotros\/oportunidades-de-empleo\/\" \/>\n<meta property=\"og:locale\" content=\"es_ES\" \/>\n<meta property=\"og:type\" content=\"article\" \/>\n<meta property=\"og:title\" content=\"Jobs &amp; Opportunities - Rainforest Foundation UK\" \/>\n<meta property=\"og:description\" content=\"Current vacancies and opportunities\" \/>\n<meta property=\"og:url\" content=\"https:\/\/www.rainforestfoundationuk.org\/es\/acerca-de-nosotros\/oportunidades-de-empleo\/\" \/>\n<meta property=\"og:site_name\" content=\"Rainforest Foundation UK\" \/>\n<meta property=\"article:publisher\" content=\"https:\/\/www.facebook.com\/rainforestfoundationuk\" \/>\n<meta property=\"article:modified_time\" content=\"2026-01-07T09:30:42+00:00\" \/>\n<meta property=\"og:image\" content=\"https:\/\/www.rainforestfoundationuk.org\/wp-content\/uploads\/2022\/09\/0f9d26ec-cf9d-4076-9ff3-6be13c93919f.jpg\" \/>\n\t<meta property=\"og:image:width\" content=\"800\" \/>\n\t<meta property=\"og:image:height\" content=\"532\" \/>\n\t<meta property=\"og:image:type\" content=\"image\/jpeg\" \/>\n<meta name=\"twitter:card\" content=\"summary_large_image\" \/>\n<meta name=\"twitter:site\" content=\"@RFUK\" \/>\n<meta name=\"twitter:label1\" content=\"Est. reading time\" \/>\n\t<meta name=\"twitter:data1\" content=\"3 minutos\" \/>\n<script type=\"application\/ld+json\" class=\"yoast-schema-graph\">{\"@context\":\"https:\\\/\\\/schema.org\",\"@graph\":[{\"@type\":\"WebPage\",\"@id\":\"https:\\\/\\\/www.rainforestfoundationuk.org\\\/about-us\\\/jobs-opportunities\\\/\",\"url\":\"https:\\\/\\\/www.rainforestfoundationuk.org\\\/about-us\\\/jobs-opportunities\\\/\",\"name\":\"Jobs & Opportunities - Rainforest Foundation UK\",\"isPartOf\":{\"@id\":\"https:\\\/\\\/www.rainforestfoundationuk.org\\\/#website\"},\"primaryImageOfPage\":{\"@id\":\"https:\\\/\\\/www.rainforestfoundationuk.org\\\/about-us\\\/jobs-opportunities\\\/#primaryimage\"},\"image\":{\"@id\":\"https:\\\/\\\/www.rainforestfoundationuk.org\\\/about-us\\\/jobs-opportunities\\\/#primaryimage\"},\"thumbnailUrl\":\"https:\\\/\\\/www.rainforestfoundationuk.org\\\/wp-content\\\/uploads\\\/2022\\\/09\\\/0f9d26ec-cf9d-4076-9ff3-6be13c93919f.jpg\",\"datePublished\":\"2021-09-06T14:02:55+00:00\",\"dateModified\":\"2026-01-07T09:30:42+00:00\",\"breadcrumb\":{\"@id\":\"https:\\\/\\\/www.rainforestfoundationuk.org\\\/about-us\\\/jobs-opportunities\\\/#breadcrumb\"},\"inLanguage\":\"es-PE\",\"potentialAction\":[{\"@type\":\"ReadAction\",\"target\":[\"https:\\\/\\\/www.rainforestfoundationuk.org\\\/about-us\\\/jobs-opportunities\\\/\"]}]},{\"@type\":\"ImageObject\",\"inLanguage\":\"es-PE\",\"@id\":\"https:\\\/\\\/www.rainforestfoundationuk.org\\\/about-us\\\/jobs-opportunities\\\/#primaryimage\",\"url\":\"https:\\\/\\\/www.rainforestfoundationuk.org\\\/wp-content\\\/uploads\\\/2022\\\/09\\\/0f9d26ec-cf9d-4076-9ff3-6be13c93919f.jpg\",\"contentUrl\":\"https:\\\/\\\/www.rainforestfoundationuk.org\\\/wp-content\\\/uploads\\\/2022\\\/09\\\/0f9d26ec-cf9d-4076-9ff3-6be13c93919f.jpg\",\"width\":800,\"height\":532},{\"@type\":\"BreadcrumbList\",\"@id\":\"https:\\\/\\\/www.rainforestfoundationuk.org\\\/about-us\\\/jobs-opportunities\\\/#breadcrumb\",\"itemListElement\":[{\"@type\":\"ListItem\",\"position\":1,\"name\":\"Home\",\"item\":\"https:\\\/\\\/www.rainforestfoundationuk.org\\\/\"},{\"@type\":\"ListItem\",\"position\":2,\"name\":\"About Us\",\"item\":\"https:\\\/\\\/www.rainforestfoundationuk.org\\\/about-us\\\/\"},{\"@type\":\"ListItem\",\"position\":3,\"name\":\"Jobs &#038; Opportunities\"}]},{\"@type\":\"WebSite\",\"@id\":\"https:\\\/\\\/www.rainforestfoundationuk.org\\\/#website\",\"url\":\"https:\\\/\\\/www.rainforestfoundationuk.org\\\/\",\"name\":\"Rainforest Foundation UK\",\"description\":\"Securing lands, sustaining lives\",\"publisher\":{\"@id\":\"https:\\\/\\\/www.rainforestfoundationuk.org\\\/#organization\"},\"potentialAction\":[{\"@type\":\"SearchAction\",\"target\":{\"@type\":\"EntryPoint\",\"urlTemplate\":\"https:\\\/\\\/www.rainforestfoundationuk.org\\\/?s={search_term_string}\"},\"query-input\":{\"@type\":\"PropertyValueSpecification\",\"valueRequired\":true,\"valueName\":\"search_term_string\"}}],\"inLanguage\":\"es-PE\"},{\"@type\":\"Organization\",\"@id\":\"https:\\\/\\\/www.rainforestfoundationuk.org\\\/#organization\",\"name\":\"Rainforest Foundation UK\",\"url\":\"https:\\\/\\\/www.rainforestfoundationuk.org\\\/\",\"logo\":{\"@type\":\"ImageObject\",\"inLanguage\":\"es-PE\",\"@id\":\"https:\\\/\\\/www.rainforestfoundationuk.org\\\/#\\\/schema\\\/logo\\\/image\\\/\",\"url\":\"https:\\\/\\\/www.rainforestfoundationuk.org\\\/wp-content\\\/uploads\\\/2023\\\/08\\\/RFUK-logo-black.svg\",\"contentUrl\":\"https:\\\/\\\/www.rainforestfoundationuk.org\\\/wp-content\\\/uploads\\\/2023\\\/08\\\/RFUK-logo-black.svg\",\"width\":1278,\"height\":332,\"caption\":\"Rainforest Foundation UK\"},\"image\":{\"@id\":\"https:\\\/\\\/www.rainforestfoundationuk.org\\\/#\\\/schema\\\/logo\\\/image\\\/\"},\"sameAs\":[\"https:\\\/\\\/www.facebook.com\\\/rainforestfoundationuk\",\"https:\\\/\\\/x.com\\\/RFUK\",\"https:\\\/\\\/www.instagram.com\\\/rainforestfoundationuk\\\/\",\"https:\\\/\\\/www.youtube.com\\\/user\\\/theRFUK\"]}]}<\/script>\n<!-- \/ Yoast SEO plugin. -->","yoast_head_json":{"title":"Empleo y oportunidades - Rainforest Foundation UK","robots":{"index":"index","follow":"follow","max-snippet":"max-snippet:-1","max-image-preview":"max-image-preview:large","max-video-preview":"max-video-preview:-1"},"canonical":"https:\/\/www.rainforestfoundationuk.org\/es\/acerca-de-nosotros\/oportunidades-de-empleo\/","og_locale":"es_ES","og_type":"article","og_title":"Jobs & Opportunities - Rainforest Foundation UK","og_description":"Current vacancies and opportunities","og_url":"https:\/\/www.rainforestfoundationuk.org\/es\/acerca-de-nosotros\/oportunidades-de-empleo\/","og_site_name":"Rainforest Foundation UK","article_publisher":"https:\/\/www.facebook.com\/rainforestfoundationuk","article_modified_time":"2026-01-07T09:30:42+00:00","og_image":[{"width":800,"height":532,"url":"https:\/\/www.rainforestfoundationuk.org\/wp-content\/uploads\/2022\/09\/0f9d26ec-cf9d-4076-9ff3-6be13c93919f.jpg","type":"image\/jpeg"}],"twitter_card":"summary_large_image","twitter_site":"@RFUK","twitter_misc":{"Est. reading time":"3 minutos"},"schema":{"@context":"https:\/\/schema.org","@graph":[{"@type":"WebPage","@id":"https:\/\/www.rainforestfoundationuk.org\/about-us\/jobs-opportunities\/","url":"https:\/\/www.rainforestfoundationuk.org\/about-us\/jobs-opportunities\/","name":"Empleo y oportunidades - Rainforest Foundation UK","isPartOf":{"@id":"https:\/\/www.rainforestfoundationuk.org\/#website"},"primaryImageOfPage":{"@id":"https:\/\/www.rainforestfoundationuk.org\/about-us\/jobs-opportunities\/#primaryimage"},"image":{"@id":"https:\/\/www.rainforestfoundationuk.org\/about-us\/jobs-opportunities\/#primaryimage"},"thumbnailUrl":"https:\/\/www.rainforestfoundationuk.org\/wp-content\/uploads\/2022\/09\/0f9d26ec-cf9d-4076-9ff3-6be13c93919f.jpg","datePublished":"2021-09-06T14:02:55+00:00","dateModified":"2026-01-07T09:30:42+00:00","breadcrumb":{"@id":"https:\/\/www.rainforestfoundationuk.org\/about-us\/jobs-opportunities\/#breadcrumb"},"inLanguage":"es-PE","potentialAction":[{"@type":"ReadAction","target":["https:\/\/www.rainforestfoundationuk.org\/about-us\/jobs-opportunities\/"]}]},{"@type":"ImageObject","inLanguage":"es-PE","@id":"https:\/\/www.rainforestfoundationuk.org\/about-us\/jobs-opportunities\/#primaryimage","url":"https:\/\/www.rainforestfoundationuk.org\/wp-content\/uploads\/2022\/09\/0f9d26ec-cf9d-4076-9ff3-6be13c93919f.jpg","contentUrl":"https:\/\/www.rainforestfoundationuk.org\/wp-content\/uploads\/2022\/09\/0f9d26ec-cf9d-4076-9ff3-6be13c93919f.jpg","width":800,"height":532},{"@type":"BreadcrumbList","@id":"https:\/\/www.rainforestfoundationuk.org\/about-us\/jobs-opportunities\/#breadcrumb","itemListElement":[{"@type":"ListItem","position":1,"name":"Home","item":"https:\/\/www.rainforestfoundationuk.org\/"},{"@type":"ListItem","position":2,"name":"About Us","item":"https:\/\/www.rainforestfoundationuk.org\/about-us\/"},{"@type":"ListItem","position":3,"name":"Jobs &#038; Opportunities"}]},{"@type":"WebSite","@id":"https:\/\/www.rainforestfoundationuk.org\/#website","url":"https:\/\/www.rainforestfoundationuk.org\/","name":"Fundaci\u00f3n Rainforest del Reino Unido","description":"Proteger la tierra, preservar la vida","publisher":{"@id":"https:\/\/www.rainforestfoundationuk.org\/#organization"},"potentialAction":[{"@type":"SearchAction","target":{"@type":"EntryPoint","urlTemplate":"https:\/\/www.rainforestfoundationuk.org\/?s={search_term_string}"},"query-input":{"@type":"PropertyValueSpecification","valueRequired":true,"valueName":"search_term_string"}}],"inLanguage":"es-PE"},{"@type":"Organization","@id":"https:\/\/www.rainforestfoundationuk.org\/#organization","name":"Fundaci\u00f3n Rainforest del Reino Unido","url":"https:\/\/www.rainforestfoundationuk.org\/","logo":{"@type":"ImageObject","inLanguage":"es-PE","@id":"https:\/\/www.rainforestfoundationuk.org\/#\/schema\/logo\/image\/","url":"https:\/\/www.rainforestfoundationuk.org\/wp-content\/uploads\/2023\/08\/RFUK-logo-black.svg","contentUrl":"https:\/\/www.rainforestfoundationuk.org\/wp-content\/uploads\/2023\/08\/RFUK-logo-black.svg","width":1278,"height":332,"caption":"Rainforest Foundation UK"},"image":{"@id":"https:\/\/www.rainforestfoundationuk.org\/#\/schema\/logo\/image\/"},"sameAs":["https:\/\/www.facebook.com\/rainforestfoundationuk","https:\/\/x.com\/RFUK","https:\/\/www.instagram.com\/rainforestfoundationuk\/","https:\/\/www.youtube.com\/user\/theRFUK"]}]}},"_links":{"self":[{"href":"https:\/\/www.rainforestfoundationuk.org\/es\/wp-json\/wp\/v2\/pages\/86","targetHints":{"allow":["GET"]}}],"collection":[{"href":"https:\/\/www.rainforestfoundationuk.org\/es\/wp-json\/wp\/v2\/pages"}],"about":[{"href":"https:\/\/www.rainforestfoundationuk.org\/es\/wp-json\/wp\/v2\/types\/page"}],"author":[{"embeddable":true,"href":"https:\/\/www.rainforestfoundationuk.org\/es\/wp-json\/wp\/v2\/users\/2"}],"replies":[{"embeddable":true,"href":"https:\/\/www.rainforestfoundationuk.org\/es\/wp-json\/wp\/v2\/comments?post=86"}],"version-history":[{"count":9,"href":"https:\/\/www.rainforestfoundationuk.org\/es\/wp-json\/wp\/v2\/pages\/86\/revisions"}],"predecessor-version":[{"id":9816,"href":"https:\/\/www.rainforestfoundationuk.org\/es\/wp-json\/wp\/v2\/pages\/86\/revisions\/9816"}],"up":[{"embeddable":true,"href":"https:\/\/www.rainforestfoundationuk.org\/es\/wp-json\/wp\/v2\/pages\/82"}],"wp:featuredmedia":[{"embeddable":true,"href":"https:\/\/www.rainforestfoundationuk.org\/es\/wp-json\/wp\/v2\/media\/4620"}],"wp:attachment":[{"href":"https:\/\/www.rainforestfoundationuk.org\/es\/wp-json\/wp\/v2\/media?parent=86"}],"curies":[{"name":"wp","href":"https:\/\/api.w.org\/{rel}","templated":true}]}}