{"id":164,"date":"2021-09-13T09:32:02","date_gmt":"2021-09-13T09:32:02","guid":{"rendered":"https:\/\/www.rainforestfoundationuk.org\/?page_id=164"},"modified":"2024-09-12T15:49:37","modified_gmt":"2024-09-12T14:49:37","slug":"terres-et-moyens-de-subsistance","status":"publish","type":"page","link":"https:\/\/www.rainforestfoundationuk.org\/fr\/our-projects\/land-and-livelihoods\/","title":{"rendered":"Terres et moyens de subsistance"},"content":{"rendered":"<h2>\n\t\tFor\u00eats communautaires\n\t<\/h2>\n\t<p>Notre projet For\u00eats Communautaires vise \u00e0 mettre en place un mod\u00e8le r\u00e9ussi de gestion foresti\u00e8re communautaire, qui se concentre sur les droits, les besoins et les priorit\u00e9s des communaut\u00e9s locales, y compris ceux des groupes marginalis\u00e9s comme les populations autochtones et les femmes.<\/p>\n\t\t\t<a href=\"\/fr\/nos-projets\/forets-communautaires\/\" target=\"_self\" rel=\"noopener\">\n\t\t\t\t\t\t\tEn savoir plus\n\t\t\t\t\t<\/a>\n<h2>\n\t\tMoyens de subsistance des populations autochtones\n\t<\/h2>\n\t<p>Ce projet aide les familles autochtones Ash\u00e1ninkas vivant dans l\u2019Amazonie p\u00e9ruvienne \u00e0 g\u00e9n\u00e9rer des revenus durables gr\u00e2ce \u00e0 la production de cultures agricoles respectueuses de l'environnement comme le cacao. Notre travail est bas\u00e9 dans la vall\u00e9e de la Rivi\u00e8re Ene, dans la r\u00e9gion de Junin au P\u00e9rou, o\u00f9 nous collaborons avec la coop\u00e9rative de cacao Kemito Ene.<\/p>\n\t\t\t<a href=\"\/fr\/nos-projets\/moyens-dexistence-autochtones\/\" target=\"_self\" rel=\"noopener\">\n\t\t\t\t\t\t\tEn savoir plus\n\t\t\t\t\t<\/a>\n<h2>\n\t\tLa Cartographie pour les droits\n\t<\/h2>\n\t<p>MappingForRights est un projet de cartographie communautaire dans le bassin du Congo, qui a \u00e9t\u00e9 prim\u00e9 par les Nations unies. Il a d\u00e9but\u00e9 en novembre 2011 et est toujours en cours.<\/p>\n\t\t\t<a href=\"\/fr\/nos-projets\/cartographie-pour-les-droits\/\" target=\"_self\" rel=\"noopener\">\n\t\t\t\t\t\t\tEn savoir plus\n\t\t\t\t\t<\/a>","protected":false},"excerpt":{"rendered":"<p>For\u00eats communautaires Notre projet de for\u00eats communautaires vise \u00e0 \u00e9tablir un mod\u00e8le r\u00e9ussi de gestion foresti\u00e8re communautaire, qui se concentre sur les droits, les besoins et les priorit\u00e9s des communaut\u00e9s locales, y compris ceux des groupes marginalis\u00e9s tels que les peuples autochtones et les femmes. En savoir plus Moyens de subsistance autochtones Ce projet aide les familles autochtones Ash\u00e1ninka de l'Amazonie p\u00e9ruvienne \u00e0 g\u00e9n\u00e9rer ... Lire plus <a title=\"Land &#038; Livelihoods\" class=\"read-more\" href=\"https:\/\/www.rainforestfoundationuk.org\/fr\/our-projects\/land-and-livelihoods\/\" aria-label=\"En savoir plus sur Land &#038; Livelihoods\">Lire plus<\/a><\/p>","protected":false},"author":2,"featured_media":0,"parent":4204,"menu_order":0,"comment_status":"closed","ping_status":"closed","template":"","meta":{"_acf_changed":false,"footnotes":""},"class_list":{"0":"post-164","1":"page","2":"type-page","3":"status-publish","5":"no-featured-image-padding"},"acf":[],"yoast_head":"<!-- This site is optimized with the Yoast SEO plugin v27.5 - https:\/\/yoast.com\/product\/yoast-seo-wordpress\/ -->\n<title>Land &amp; Livelihoods - Rainforest Foundation UK<\/title>\n<meta name=\"robots\" content=\"index, follow, max-snippet:-1, max-image-preview:large, max-video-preview:-1\" \/>\n<link rel=\"canonical\" href=\"https:\/\/www.rainforestfoundationuk.org\/fr\/nos-projets\/terres-et-moyens-de-subsistance\/\" \/>\n<meta property=\"og:locale\" content=\"fr_FR\" \/>\n<meta property=\"og:type\" content=\"article\" \/>\n<meta property=\"og:title\" content=\"Land &amp; Livelihoods - Rainforest Foundation UK\" \/>\n<meta property=\"og:description\" content=\"Community Forests Our Community Forests project aims to establish a successful model of community-based forest management, one that focuses on the rights, needs and priorities of local communities, including those of marginalised groups such as indigenous peoples and women. Learn more Indigenous Livelihoods This project helps indigenous Ash\u00e1ninka families in the Peruvian Amazon to generate ... Lire plus\" \/>\n<meta property=\"og:url\" content=\"https:\/\/www.rainforestfoundationuk.org\/fr\/nos-projets\/terres-et-moyens-de-subsistance\/\" \/>\n<meta property=\"og:site_name\" content=\"Rainforest Foundation UK\" \/>\n<meta property=\"article:publisher\" content=\"https:\/\/www.facebook.com\/rainforestfoundationuk\" \/>\n<meta property=\"article:modified_time\" content=\"2024-09-12T14:49:37+00:00\" \/>\n<meta name=\"twitter:card\" content=\"summary_large_image\" \/>\n<meta name=\"twitter:site\" content=\"@RFUK\" \/>\n<meta name=\"twitter:label1\" content=\"Dur\u00e9e de lecture estim\u00e9e\" \/>\n\t<meta name=\"twitter:data1\" content=\"1 minute\" \/>\n<script type=\"application\/ld+json\" class=\"yoast-schema-graph\">{\"@context\":\"https:\\\/\\\/schema.org\",\"@graph\":[{\"@type\":\"WebPage\",\"@id\":\"https:\\\/\\\/www.rainforestfoundationuk.org\\\/our-projects\\\/land-and-livelihoods\\\/\",\"url\":\"https:\\\/\\\/www.rainforestfoundationuk.org\\\/our-projects\\\/land-and-livelihoods\\\/\",\"name\":\"Land & Livelihoods - Rainforest Foundation UK\",\"isPartOf\":{\"@id\":\"https:\\\/\\\/www.rainforestfoundationuk.org\\\/#website\"},\"datePublished\":\"2021-09-13T09:32:02+00:00\",\"dateModified\":\"2024-09-12T14:49:37+00:00\",\"breadcrumb\":{\"@id\":\"https:\\\/\\\/www.rainforestfoundationuk.org\\\/our-projects\\\/land-and-livelihoods\\\/#breadcrumb\"},\"inLanguage\":\"fr-FR\",\"potentialAction\":[{\"@type\":\"ReadAction\",\"target\":[\"https:\\\/\\\/www.rainforestfoundationuk.org\\\/our-projects\\\/land-and-livelihoods\\\/\"]}]},{\"@type\":\"BreadcrumbList\",\"@id\":\"https:\\\/\\\/www.rainforestfoundationuk.org\\\/our-projects\\\/land-and-livelihoods\\\/#breadcrumb\",\"itemListElement\":[{\"@type\":\"ListItem\",\"position\":1,\"name\":\"Home\",\"item\":\"https:\\\/\\\/www.rainforestfoundationuk.org\\\/\"},{\"@type\":\"ListItem\",\"position\":2,\"name\":\"Our Projects\",\"item\":\"https:\\\/\\\/www.rainforestfoundationuk.org\\\/our-projects\\\/\"},{\"@type\":\"ListItem\",\"position\":3,\"name\":\"Land &#038; Livelihoods\"}]},{\"@type\":\"WebSite\",\"@id\":\"https:\\\/\\\/www.rainforestfoundationuk.org\\\/#website\",\"url\":\"https:\\\/\\\/www.rainforestfoundationuk.org\\\/\",\"name\":\"Rainforest Foundation UK\",\"description\":\"Securing lands, sustaining lives\",\"publisher\":{\"@id\":\"https:\\\/\\\/www.rainforestfoundationuk.org\\\/#organization\"},\"potentialAction\":[{\"@type\":\"SearchAction\",\"target\":{\"@type\":\"EntryPoint\",\"urlTemplate\":\"https:\\\/\\\/www.rainforestfoundationuk.org\\\/?s={search_term_string}\"},\"query-input\":{\"@type\":\"PropertyValueSpecification\",\"valueRequired\":true,\"valueName\":\"search_term_string\"}}],\"inLanguage\":\"fr-FR\"},{\"@type\":\"Organization\",\"@id\":\"https:\\\/\\\/www.rainforestfoundationuk.org\\\/#organization\",\"name\":\"Rainforest Foundation UK\",\"url\":\"https:\\\/\\\/www.rainforestfoundationuk.org\\\/\",\"logo\":{\"@type\":\"ImageObject\",\"inLanguage\":\"fr-FR\",\"@id\":\"https:\\\/\\\/www.rainforestfoundationuk.org\\\/#\\\/schema\\\/logo\\\/image\\\/\",\"url\":\"https:\\\/\\\/www.rainforestfoundationuk.org\\\/wp-content\\\/uploads\\\/2023\\\/08\\\/RFUK-logo-black.svg\",\"contentUrl\":\"https:\\\/\\\/www.rainforestfoundationuk.org\\\/wp-content\\\/uploads\\\/2023\\\/08\\\/RFUK-logo-black.svg\",\"width\":1278,\"height\":332,\"caption\":\"Rainforest Foundation UK\"},\"image\":{\"@id\":\"https:\\\/\\\/www.rainforestfoundationuk.org\\\/#\\\/schema\\\/logo\\\/image\\\/\"},\"sameAs\":[\"https:\\\/\\\/www.facebook.com\\\/rainforestfoundationuk\",\"https:\\\/\\\/x.com\\\/RFUK\",\"https:\\\/\\\/www.instagram.com\\\/rainforestfoundationuk\\\/\",\"https:\\\/\\\/www.youtube.com\\\/user\\\/theRFUK\"]}]}<\/script>\n<!-- \/ Yoast SEO plugin. -->","yoast_head_json":{"title":"Terre et moyens de subsistance - Rainforest Foundation UK","robots":{"index":"index","follow":"follow","max-snippet":"max-snippet:-1","max-image-preview":"max-image-preview:large","max-video-preview":"max-video-preview:-1"},"canonical":"https:\/\/www.rainforestfoundationuk.org\/fr\/nos-projets\/terres-et-moyens-de-subsistance\/","og_locale":"fr_FR","og_type":"article","og_title":"Land & Livelihoods - Rainforest Foundation UK","og_description":"Community Forests Our Community Forests project aims to establish a successful model of community-based forest management, one that focuses on the rights, needs and priorities of local communities, including those of marginalised groups such as indigenous peoples and women. Learn more Indigenous Livelihoods This project helps indigenous Ash\u00e1ninka families in the Peruvian Amazon to generate ... Lire plus","og_url":"https:\/\/www.rainforestfoundationuk.org\/fr\/nos-projets\/terres-et-moyens-de-subsistance\/","og_site_name":"Rainforest Foundation UK","article_publisher":"https:\/\/www.facebook.com\/rainforestfoundationuk","article_modified_time":"2024-09-12T14:49:37+00:00","twitter_card":"summary_large_image","twitter_site":"@RFUK","twitter_misc":{"Dur\u00e9e de lecture estim\u00e9e":"1 minute"},"schema":{"@context":"https:\/\/schema.org","@graph":[{"@type":"WebPage","@id":"https:\/\/www.rainforestfoundationuk.org\/our-projects\/land-and-livelihoods\/","url":"https:\/\/www.rainforestfoundationuk.org\/our-projects\/land-and-livelihoods\/","name":"Terre et moyens de subsistance - Rainforest Foundation UK","isPartOf":{"@id":"https:\/\/www.rainforestfoundationuk.org\/#website"},"datePublished":"2021-09-13T09:32:02+00:00","dateModified":"2024-09-12T14:49:37+00:00","breadcrumb":{"@id":"https:\/\/www.rainforestfoundationuk.org\/our-projects\/land-and-livelihoods\/#breadcrumb"},"inLanguage":"fr-FR","potentialAction":[{"@type":"ReadAction","target":["https:\/\/www.rainforestfoundationuk.org\/our-projects\/land-and-livelihoods\/"]}]},{"@type":"BreadcrumbList","@id":"https:\/\/www.rainforestfoundationuk.org\/our-projects\/land-and-livelihoods\/#breadcrumb","itemListElement":[{"@type":"ListItem","position":1,"name":"Home","item":"https:\/\/www.rainforestfoundationuk.org\/"},{"@type":"ListItem","position":2,"name":"Our Projects","item":"https:\/\/www.rainforestfoundationuk.org\/our-projects\/"},{"@type":"ListItem","position":3,"name":"Land &#038; Livelihoods"}]},{"@type":"WebSite","@id":"https:\/\/www.rainforestfoundationuk.org\/#website","url":"https:\/\/www.rainforestfoundationuk.org\/","name":"Rainforest Foundation UK","description":"S\u00e9curiser les terres, pr\u00e9server les vies","publisher":{"@id":"https:\/\/www.rainforestfoundationuk.org\/#organization"},"potentialAction":[{"@type":"SearchAction","target":{"@type":"EntryPoint","urlTemplate":"https:\/\/www.rainforestfoundationuk.org\/?s={search_term_string}"},"query-input":{"@type":"PropertyValueSpecification","valueRequired":true,"valueName":"search_term_string"}}],"inLanguage":"fr-FR"},{"@type":"Organization","@id":"https:\/\/www.rainforestfoundationuk.org\/#organization","name":"Rainforest Foundation UK","url":"https:\/\/www.rainforestfoundationuk.org\/","logo":{"@type":"ImageObject","inLanguage":"fr-FR","@id":"https:\/\/www.rainforestfoundationuk.org\/#\/schema\/logo\/image\/","url":"https:\/\/www.rainforestfoundationuk.org\/wp-content\/uploads\/2023\/08\/RFUK-logo-black.svg","contentUrl":"https:\/\/www.rainforestfoundationuk.org\/wp-content\/uploads\/2023\/08\/RFUK-logo-black.svg","width":1278,"height":332,"caption":"Rainforest Foundation UK"},"image":{"@id":"https:\/\/www.rainforestfoundationuk.org\/#\/schema\/logo\/image\/"},"sameAs":["https:\/\/www.facebook.com\/rainforestfoundationuk","https:\/\/x.com\/RFUK","https:\/\/www.instagram.com\/rainforestfoundationuk\/","https:\/\/www.youtube.com\/user\/theRFUK"]}]}},"_links":{"self":[{"href":"https:\/\/www.rainforestfoundationuk.org\/fr\/wp-json\/wp\/v2\/pages\/164","targetHints":{"allow":["GET"]}}],"collection":[{"href":"https:\/\/www.rainforestfoundationuk.org\/fr\/wp-json\/wp\/v2\/pages"}],"about":[{"href":"https:\/\/www.rainforestfoundationuk.org\/fr\/wp-json\/wp\/v2\/types\/page"}],"author":[{"embeddable":true,"href":"https:\/\/www.rainforestfoundationuk.org\/fr\/wp-json\/wp\/v2\/users\/2"}],"replies":[{"embeddable":true,"href":"https:\/\/www.rainforestfoundationuk.org\/fr\/wp-json\/wp\/v2\/comments?post=164"}],"version-history":[{"count":5,"href":"https:\/\/www.rainforestfoundationuk.org\/fr\/wp-json\/wp\/v2\/pages\/164\/revisions"}],"predecessor-version":[{"id":8436,"href":"https:\/\/www.rainforestfoundationuk.org\/fr\/wp-json\/wp\/v2\/pages\/164\/revisions\/8436"}],"up":[{"embeddable":true,"href":"https:\/\/www.rainforestfoundationuk.org\/fr\/wp-json\/wp\/v2\/pages\/4204"}],"wp:attachment":[{"href":"https:\/\/www.rainforestfoundationuk.org\/fr\/wp-json\/wp\/v2\/media?parent=164"}],"curies":[{"name":"wp","href":"https:\/\/api.w.org\/{rel}","templated":true}]}}