{"id":1929,"date":"2021-11-16T15:30:13","date_gmt":"2021-11-16T15:30:13","guid":{"rendered":"https:\/\/www.rainforestfoundationuk.org\/?page_id=1929"},"modified":"2022-09-21T21:45:55","modified_gmt":"2022-09-21T21:45:55","slug":"menaces-sur-les-forets-pluviales","status":"publish","type":"page","link":"https:\/\/www.rainforestfoundationuk.org\/fr\/what-you-can-do\/schools-and-fundraising\/education-pack\/threats-to-rainforests\/","title":{"rendered":"Menaces sur les for\u00eats tropicales"},"content":{"rendered":"<img loading=\"lazy\" decoding=\"async\" src=\"https:\/\/www.rainforestfoundationuk.org\/wp-content\/uploads\/2022\/02\/2ff5160e-e542-4b5b-bccb-8dea3e6b6a3c.jpg\" alt=\"2ff5160e-e542-4b5b-bccb-8dea3e6b6a3c\" itemprop=\"image\" height=\"328\" width=\"328\" title=\"2ff5160e-e542-4b5b-bccb-8dea3e6b6a3c\" onerror=\"this.style.display='none'\"  \/>\n\t<h3>TOUTES LES 2 SECONDES, NOUS PERDONS UNE ZONE DE FOR\u00caT TROPICALE DE LA TAILLE D'UN TERRAIN DE FOOTBALL<\/h3>\n\t\t\t\t<img loading=\"lazy\" decoding=\"async\" src=\"https:\/\/www.rainforestfoundationuk.org\/wp-content\/uploads\/2022\/02\/6728b65c-401f-4355-87d4-3f17673c64f4.jpg\" alt=\"6728b65c-401f-4355-87d4-3f17673c64f4\" itemprop=\"image\" height=\"328\" width=\"328\" title=\"6728b65c-401f-4355-87d4-3f17673c64f4\" onerror=\"this.style.display='none'\"  \/>\n\t<h3>LA D\u00c9FORESTATION ET LA D\u00c9GRADATION DES FOR\u00caTS REPR\u00c9SENTENT ENVIRON 10% DES \u00c9MISSIONS MONDIALES DE GAZ \u00c0 EFFET DE SERRE<\/h3>\n\t\t\t\t<img loading=\"lazy\" decoding=\"async\" src=\"https:\/\/www.rainforestfoundationuk.org\/wp-content\/uploads\/2022\/02\/1125c0de-c01e-4fe0-a214-92574dce4091.jpg\" alt=\"1125c0de-c01e-4fe0-a214-92574dce4091\" itemprop=\"image\" height=\"328\" width=\"328\" title=\"1125c0de-c01e-4fe0-a214-92574dce4091\" onerror=\"this.style.display='none'\"  \/>\n\t<h3>L'EXPLOITATION FORESTI\u00c8RE, L'EXPLOITATION MINI\u00c8RE, L'EXPLORATION P\u00c9TROLI\u00c8RE ET LES PLANTATIONS INDUSTRIELLES SONT QUELQUES-UNES DES PRINCIPALES CAUSES DE LA D\u00c9FORESTATION.<\/h3>\n\t\t\t\t<img loading=\"lazy\" decoding=\"async\" src=\"https:\/\/www.rainforestfoundationuk.org\/wp-content\/uploads\/2022\/02\/77d23c18-679a-4567-89ec-04762caf035a.jpg\" alt=\"77d23c18-679a-4567-89ec-04762caf035a\" itemprop=\"image\" height=\"328\" width=\"328\" title=\"77d23c18-679a-4567-89ec-04762caf035a\" onerror=\"this.style.display='none'\"  \/>\n\t<h3>LA FOR\u00caT TROPICALE DU BASSIN DU CONGO EST UN HABITAT UNIQUE POUR DE NOMBREUSES ESP\u00c8CES ANIMALES MENAC\u00c9ES OU EN VOIE DE DISPARITION, NOTAMMENT L'OKAPI, LE BONOBO ET L'\u00c9L\u00c9PHANT DE FOR\u00caT.<\/h3>\n\t\t\t\t<img loading=\"lazy\" decoding=\"async\" src=\"https:\/\/www.rainforestfoundationuk.org\/wp-content\/uploads\/2022\/02\/b676d804-56f5-4b9e-9301-d225af64bb8e.jpg\" alt=\"b676d804-56f5-4b9e-9301-d225af64bb8e\" itemprop=\"image\" height=\"328\" width=\"328\" title=\"b676d804-56f5-4b9e-9301-d225af64bb8e\" onerror=\"this.style.display='none'\"  \/>\n\t<h3>LES CONCESSIONS D'EXPLOITATION FORESTI\u00c8RE INDUSTRIELLE COUVRENT ENVIRON 50 MILLIONS D'HECTARES DE FOR\u00caTS DANS LE BASSIN DU CONGO, SOIT DEUX FOIS LA SUPERFICIE DU ROYAUME-UNI.<\/h3>\n\t\t\t\t<img loading=\"lazy\" decoding=\"async\" src=\"https:\/\/www.rainforestfoundationuk.org\/wp-content\/uploads\/2022\/02\/82715bb4-b656-4b8b-b45d-ca736a785d59.jpg\" alt=\"82715bb4-b656-4b8b-b45d-ca736a785d59\" itemprop=\"image\" height=\"328\" width=\"328\" title=\"82715bb4-b656-4b8b-b45d-ca736a785d59\" onerror=\"this.style.display='none'\"  \/>\n\t<h3>L'EXPLOITATION ILL\u00c9GALE DES FOR\u00caTS CO\u00dbTE AU MONDE 23 MILLIARDS DE LIVRES STERLING CHAQUE ANN\u00c9E. EN AFRIQUE, LES PERTES LI\u00c9ES \u00c0 DES ACTIVIT\u00c9S COMME L'EXPLOITATION ILL\u00c9GALE DES FOR\u00caTS SONT DEUX FOIS PLUS IMPORTANTES QUE L\u2019APPORT DESAIDES INTERNATIONALES.<\/h3>\n\t\t\t\t<img loading=\"lazy\" decoding=\"async\" src=\"https:\/\/www.rainforestfoundationuk.org\/wp-content\/uploads\/2022\/02\/1bcfae6b-22cd-400b-8ff2-8c6241a92a04.jpg\" alt=\"1bcfae6b-22cd-400b-8ff2-8c6241a92a04\" itemprop=\"image\" height=\"328\" width=\"328\" title=\"1bcfae6b-22cd-400b-8ff2-8c6241a92a04\" onerror=\"this.style.display='none'\"  \/>\n\t<h3>L'HUILE DE PALME EST DEVENUE L'UNE DES MONOCULTURES AVEC LA CROISSANCE LA PLUS RAPIDE SOUS LES TROPIQUES ET EST CULTIV\u00c9E DANS PLUS DE 40 PAYS.<\/h3>\n\t\t\t\t<img loading=\"lazy\" decoding=\"async\" src=\"https:\/\/www.rainforestfoundationuk.org\/wp-content\/uploads\/2022\/02\/a41c62d8-8c44-4fb5-a7a0-68cc457a668d.jpg\" alt=\"a41c62d8-8c44-4fb5-a7a0-68cc457a668d\" itemprop=\"image\" height=\"328\" width=\"328\" title=\"a41c62d8-8c44-4fb5-a7a0-68cc457a668d\" onerror=\"this.style.display='none'\"  \/>\n\t<h3>ON ESTIME QU'IL NE RESTERA PLUS QUE 10% D'HABITAT POUR LES GORILLES DANS LE BASSIN DU CONGO EN 2032.<\/h3>\n<h2>\n\t\tFaits sur les for\u00eats\n\t<\/h2>\n\t<meta itemscope itemprop=\"mainEntityOfPage\" itemtype=\"https:\/\/schema.org\/WebPage\" itemid=\"https:\/\/www.rainforestfoundationuk.org\/what-you-can-do\/schools-and-fundraising\/education-pack\/plants-and-animals\/\" content=\"Plants and Animals\" \/><meta itemprop=\"datePublished\" content=\"2021-11-16\" \/><meta itemprop=\"dateModified\" content=\"2022-09-21\" \/><meta itemprop=\"name\" content=\"Rainforest Foundation UK\"\/><meta itemprop=\"url\" content=\"https:\/\/www.rainforestfoundationuk.org\/author\/raygundesign\/\" \/><meta itemprop=\"name\" content=\"raygundesign\" \/><meta itemprop=\"url\" content=\"https:\/\/www.rainforestfoundationuk.org\/wp-content\/uploads\/2022\/02\/plants-and-animals.jpg\" \/><meta itemprop=\"width\" content=\"613\" \/><meta itemprop=\"height\" content=\"400\" \/><meta itemprop=\"interactionType\" content=\"https:\/\/schema.org\/CommentAction\" \/><meta itemprop=\"userInteractionCount\" content=\"0\" \/>\n\t\t\t\t<a href=\"https:\/\/www.rainforestfoundationuk.org\/fr\/ce-que-vous-pouvez-faire\/ecoles-et-collecte-de-fonds\/kit-pedagogique\/plantes-et-animaux\/\" target=\"_self\" itemprop=\"url\" rel=\"noopener\">\n\t\t\t\t<img loading=\"lazy\" decoding=\"async\" src=\"https:\/\/www.rainforestfoundationuk.org\/wp-content\/uploads\/bb-plugin\/cache\/plants-and-animals-panorama.jpg\" alt=\"plantes-et-animaux\" itemprop=\"image\" data-no-lazy=\"1\" height=\"400\" width=\"613\" title=\"plantes-et-animaux\" onerror=\"this.style.display='none'\"  \/>\n\t\t\t\t<\/a>\n\t\t\t\t\t\t\t\t\t<h3 itemprop=\"headline\">\n\t\t\t\t\t\t\t\t\t\t\t\t\t<a href=\"https:\/\/www.rainforestfoundationuk.org\/fr\/ce-que-vous-pouvez-faire\/ecoles-et-collecte-de-fonds\/kit-pedagogique\/plantes-et-animaux\/\" title=\"Plantes et animaux\">\n\t\t\t\t\t\t\t\t\t\t\t\t\t\tPlantes et animaux\t\t\t\t\t\t\t\t\t\t\t\t\t<\/a>\n\t\t\t\t\t\t\t\t\t\t\t<\/h3>\n    <p>Les for\u00eats tropicales abritent 80 % des esp\u00e8ces terrestres de la plan\u00e8te.<\/p>\n\t<meta itemscope itemprop=\"mainEntityOfPage\" itemtype=\"https:\/\/schema.org\/WebPage\" itemid=\"https:\/\/www.rainforestfoundationuk.org\/what-you-can-do\/schools-and-fundraising\/education-pack\/people-and-rainforests\/\" content=\"People and Rainforests\" \/><meta itemprop=\"datePublished\" content=\"2021-11-16\" \/><meta itemprop=\"dateModified\" content=\"2022-09-21\" \/><meta itemprop=\"name\" content=\"Rainforest Foundation UK\"\/><meta itemprop=\"url\" content=\"https:\/\/www.rainforestfoundationuk.org\/author\/raygundesign\/\" \/><meta itemprop=\"name\" content=\"raygundesign\" \/><meta itemprop=\"url\" content=\"https:\/\/www.rainforestfoundationuk.org\/wp-content\/uploads\/2021\/09\/promo-03.jpg\" \/><meta itemprop=\"width\" content=\"555\" \/><meta itemprop=\"height\" content=\"380\" \/><meta itemprop=\"interactionType\" content=\"https:\/\/schema.org\/CommentAction\" \/><meta itemprop=\"userInteractionCount\" content=\"0\" \/>\n\t\t\t\t<a href=\"https:\/\/www.rainforestfoundationuk.org\/fr\/ce-que-vous-pouvez-faire\/ecoles-et-collecte-de-fonds\/kit-pedagogique\/personnes-et-forets-rainees\/\" target=\"_self\" itemprop=\"url\" rel=\"noopener\">\n\t\t\t\t<img loading=\"lazy\" decoding=\"async\" src=\"https:\/\/www.rainforestfoundationuk.org\/wp-content\/uploads\/bb-plugin\/cache\/promo-03-panorama.jpg\" alt=\"promo-03\" itemprop=\"image\" data-no-lazy=\"1\" height=\"380\" width=\"555\" title=\"promo-03\" onerror=\"this.style.display='none'\"  \/>\n\t\t\t\t<\/a>\n\t\t\t\t\t\t\t\t\t<h3 itemprop=\"headline\">\n\t\t\t\t\t\t\t\t\t\t\t\t\t<a href=\"https:\/\/www.rainforestfoundationuk.org\/fr\/ce-que-vous-pouvez-faire\/ecoles-et-collecte-de-fonds\/kit-pedagogique\/personnes-et-forets-rainees\/\" title=\"Peuples et for\u00eats tropicales\">\n\t\t\t\t\t\t\t\t\t\t\t\t\t\tPeuples et for\u00eats tropicales\t\t\t\t\t\t\t\t\t\t\t\t\t<\/a>\n\t\t\t\t\t\t\t\t\t\t\t<\/h3>\n    <p>Plus d'un milliard de personnes dans le monde d\u00e9pendent des for\u00eats pour leur subsistance.<\/p>\n\t<meta itemscope itemprop=\"mainEntityOfPage\" itemtype=\"https:\/\/schema.org\/WebPage\" itemid=\"https:\/\/www.rainforestfoundationuk.org\/what-you-can-do\/schools-and-fundraising\/education-pack\/geography-and-ecology\/\" content=\"Geography and Ecology\" \/><meta itemprop=\"datePublished\" content=\"2021-11-16\" \/><meta itemprop=\"dateModified\" content=\"2022-09-21\" \/><meta itemprop=\"name\" content=\"Rainforest Foundation UK\"\/><meta itemprop=\"url\" content=\"https:\/\/www.rainforestfoundationuk.org\/author\/raygundesign\/\" \/><meta itemprop=\"name\" content=\"raygundesign\" \/><meta itemprop=\"url\" content=\"https:\/\/www.rainforestfoundationuk.org\/wp-content\/uploads\/2022\/02\/513ce33f-6d00-4112-9b4a-19037dcbbed2_750_577.jpg\" \/><meta itemprop=\"width\" content=\"613\" \/><meta itemprop=\"height\" content=\"400\" \/><meta itemprop=\"interactionType\" content=\"https:\/\/schema.org\/CommentAction\" \/><meta itemprop=\"userInteractionCount\" content=\"0\" \/>\n\t\t\t\t<a href=\"https:\/\/www.rainforestfoundationuk.org\/fr\/ce-que-vous-pouvez-faire\/ecoles-et-collecte-de-fonds\/kit-pedagogique\/geographie-et-ecologie\/\" target=\"_self\" itemprop=\"url\" rel=\"noopener\">\n\t\t\t\t<img loading=\"lazy\" decoding=\"async\" src=\"https:\/\/www.rainforestfoundationuk.org\/wp-content\/uploads\/bb-plugin\/cache\/513ce33f-6d00-4112-9b4a-19037dcbbed2_750_577-panorama.jpg\" alt=\"513ce33f-6d00-4112-9b4a-19037dcbbed2_750_577\" itemprop=\"image\" data-no-lazy=\"1\" height=\"400\" width=\"613\" title=\"513ce33f-6d00-4112-9b4a-19037dcbbed2_750_577\" onerror=\"this.style.display='none'\"  \/>\n\t\t\t\t<\/a>\n\t\t\t\t\t\t\t\t\t<h3 itemprop=\"headline\">\n\t\t\t\t\t\t\t\t\t\t\t\t\t<a href=\"https:\/\/www.rainforestfoundationuk.org\/fr\/ce-que-vous-pouvez-faire\/ecoles-et-collecte-de-fonds\/kit-pedagogique\/geographie-et-ecologie\/\" title=\"G\u00e9ographie et \u00e9cologie\">\n\t\t\t\t\t\t\t\t\t\t\t\t\t\tG\u00e9ographie et \u00e9cologie\t\t\t\t\t\t\t\t\t\t\t\t\t<\/a>\n\t\t\t\t\t\t\t\t\t\t\t<\/h3>\n    <p>Bien qu'elles couvrent moins de 2% de la surface du monde, les for\u00eats tropicales humides abritent la moiti\u00e9 de la biodiversit\u00e9 terrestre.<\/p>\n\t<meta itemscope itemprop=\"mainEntityOfPage\" itemtype=\"https:\/\/schema.org\/WebPage\" itemid=\"https:\/\/www.rainforestfoundationuk.org\/what-you-can-do\/schools-and-fundraising\/education-pack\/threats-to-rainforests\/\" content=\"Threats to Rainforests\" \/><meta itemprop=\"datePublished\" content=\"2021-11-16\" \/><meta itemprop=\"dateModified\" content=\"2022-09-20\" \/><meta itemprop=\"name\" content=\"Rainforest Foundation UK\"\/><meta itemprop=\"url\" content=\"https:\/\/www.rainforestfoundationuk.org\/author\/raygundesign\/\" \/><meta itemprop=\"name\" content=\"raygundesign\" \/><meta itemprop=\"url\" content=\"https:\/\/www.rainforestfoundationuk.org\/wp-content\/uploads\/2022\/02\/2f3f70f8-0789-457d-9f2c-98c0a5b979b2_750_577.jpg\" \/><meta itemprop=\"width\" content=\"613\" \/><meta itemprop=\"height\" content=\"400\" \/><meta itemprop=\"interactionType\" content=\"https:\/\/schema.org\/CommentAction\" \/><meta itemprop=\"userInteractionCount\" content=\"0\" \/>\n\t\t\t\t<a href=\"https:\/\/www.rainforestfoundationuk.org\/fr\/ce-que-vous-pouvez-faire\/ecoles-et-collecte-de-fonds\/kit-pedagogique\/menaces-sur-les-forets-pluviales\/\" target=\"_self\" itemprop=\"url\" rel=\"noopener\">\n\t\t\t\t<img loading=\"lazy\" decoding=\"async\" src=\"https:\/\/www.rainforestfoundationuk.org\/wp-content\/uploads\/bb-plugin\/cache\/2f3f70f8-0789-457d-9f2c-98c0a5b979b2_750_577-panorama.jpg\" alt=\"2f3f70f8-0789-457d-9f2c-98c0a5b979b2_750_577\" itemprop=\"image\" data-no-lazy=\"1\" height=\"400\" width=\"613\" title=\"2f3f70f8-0789-457d-9f2c-98c0a5b979b2_750_577\" onerror=\"this.style.display='none'\"  \/>\n\t\t\t\t<\/a>\n\t\t\t\t\t\t\t\t\t<h3 itemprop=\"headline\">\n\t\t\t\t\t\t\t\t\t\t\t\t\t<a href=\"https:\/\/www.rainforestfoundationuk.org\/fr\/ce-que-vous-pouvez-faire\/ecoles-et-collecte-de-fonds\/kit-pedagogique\/menaces-sur-les-forets-pluviales\/\" title=\"Menaces sur les for\u00eats tropicales\">\n\t\t\t\t\t\t\t\t\t\t\t\t\t\tMenaces sur les for\u00eats tropicales\t\t\t\t\t\t\t\t\t\t\t\t\t<\/a>\n\t\t\t\t\t\t\t\t\t\t\t<\/h3>\n    <p>Toutes les deux secondes, nous perdons une zone de for\u00eat tropicale de la taille d'un terrain de football.<\/p>\n\t\t<!-- .pp-content-posts -->","protected":false},"excerpt":{"rendered":"<p>Toutes les deux secondes, nous perdons une zone de for\u00eat tropicale de la taille d'un terrain de football.<\/p>","protected":false},"author":2,"featured_media":2839,"parent":237,"menu_order":0,"comment_status":"closed","ping_status":"closed","template":"","meta":{"_acf_changed":false,"footnotes":""},"class_list":{"0":"post-1929","1":"page","2":"type-page","3":"status-publish","4":"has-post-thumbnail","6":"no-featured-image-padding"},"acf":[],"yoast_head":"<!-- This site is optimized with the Yoast SEO plugin v27.4 - https:\/\/yoast.com\/product\/yoast-seo-wordpress\/ -->\n<title>Threats to Rainforests - Rainforest Foundation UK<\/title>\n<meta name=\"description\" content=\"Every 2 seconds, we lose an area of rainforest the size of a football pitch\" \/>\n<meta name=\"robots\" content=\"index, follow, max-snippet:-1, max-image-preview:large, max-video-preview:-1\" \/>\n<link rel=\"canonical\" href=\"https:\/\/www.rainforestfoundationuk.org\/fr\/ce-que-vous-pouvez-faire\/ecoles-et-collecte-de-fonds\/kit-pedagogique\/menaces-sur-les-forets-pluviales\/\" \/>\n<meta property=\"og:locale\" content=\"fr_FR\" \/>\n<meta property=\"og:type\" content=\"article\" \/>\n<meta property=\"og:title\" content=\"Threats to Rainforests - Rainforest Foundation UK\" \/>\n<meta property=\"og:description\" content=\"Every 2 seconds, we lose an area of rainforest the size of a football pitch\" \/>\n<meta property=\"og:url\" content=\"https:\/\/www.rainforestfoundationuk.org\/fr\/ce-que-vous-pouvez-faire\/ecoles-et-collecte-de-fonds\/kit-pedagogique\/menaces-sur-les-forets-pluviales\/\" \/>\n<meta property=\"og:site_name\" content=\"Rainforest Foundation UK\" \/>\n<meta property=\"article:publisher\" content=\"https:\/\/www.facebook.com\/rainforestfoundationuk\" \/>\n<meta property=\"article:modified_time\" content=\"2022-09-21T21:45:55+00:00\" \/>\n<meta property=\"og:image\" content=\"https:\/\/www.rainforestfoundationuk.org\/wp-content\/uploads\/2022\/02\/2f3f70f8-0789-457d-9f2c-98c0a5b979b2_750_577.jpg\" \/>\n\t<meta property=\"og:image:width\" content=\"613\" \/>\n\t<meta property=\"og:image:height\" content=\"400\" \/>\n\t<meta property=\"og:image:type\" content=\"image\/jpeg\" \/>\n<meta name=\"twitter:card\" content=\"summary_large_image\" \/>\n<meta name=\"twitter:site\" content=\"@RFUK\" \/>\n<meta name=\"twitter:label1\" content=\"Dur\u00e9e de lecture estim\u00e9e\" \/>\n\t<meta name=\"twitter:data1\" content=\"1 minute\" \/>\n<script type=\"application\/ld+json\" class=\"yoast-schema-graph\">{\"@context\":\"https:\\\/\\\/schema.org\",\"@graph\":[{\"@type\":\"WebPage\",\"@id\":\"https:\\\/\\\/www.rainforestfoundationuk.org\\\/what-you-can-do\\\/schools-and-fundraising\\\/education-pack\\\/threats-to-rainforests\\\/\",\"url\":\"https:\\\/\\\/www.rainforestfoundationuk.org\\\/what-you-can-do\\\/schools-and-fundraising\\\/education-pack\\\/threats-to-rainforests\\\/\",\"name\":\"Threats to Rainforests - Rainforest Foundation UK\",\"isPartOf\":{\"@id\":\"https:\\\/\\\/www.rainforestfoundationuk.org\\\/#website\"},\"primaryImageOfPage\":{\"@id\":\"https:\\\/\\\/www.rainforestfoundationuk.org\\\/what-you-can-do\\\/schools-and-fundraising\\\/education-pack\\\/threats-to-rainforests\\\/#primaryimage\"},\"image\":{\"@id\":\"https:\\\/\\\/www.rainforestfoundationuk.org\\\/what-you-can-do\\\/schools-and-fundraising\\\/education-pack\\\/threats-to-rainforests\\\/#primaryimage\"},\"thumbnailUrl\":\"https:\\\/\\\/www.rainforestfoundationuk.org\\\/wp-content\\\/uploads\\\/2022\\\/02\\\/2f3f70f8-0789-457d-9f2c-98c0a5b979b2_750_577.jpg\",\"datePublished\":\"2021-11-16T15:30:13+00:00\",\"dateModified\":\"2022-09-21T21:45:55+00:00\",\"description\":\"Every 2 seconds, we lose an area of rainforest the size of a football pitch\",\"breadcrumb\":{\"@id\":\"https:\\\/\\\/www.rainforestfoundationuk.org\\\/what-you-can-do\\\/schools-and-fundraising\\\/education-pack\\\/threats-to-rainforests\\\/#breadcrumb\"},\"inLanguage\":\"fr-FR\",\"potentialAction\":[{\"@type\":\"ReadAction\",\"target\":[\"https:\\\/\\\/www.rainforestfoundationuk.org\\\/what-you-can-do\\\/schools-and-fundraising\\\/education-pack\\\/threats-to-rainforests\\\/\"]}]},{\"@type\":\"ImageObject\",\"inLanguage\":\"fr-FR\",\"@id\":\"https:\\\/\\\/www.rainforestfoundationuk.org\\\/what-you-can-do\\\/schools-and-fundraising\\\/education-pack\\\/threats-to-rainforests\\\/#primaryimage\",\"url\":\"https:\\\/\\\/www.rainforestfoundationuk.org\\\/wp-content\\\/uploads\\\/2022\\\/02\\\/2f3f70f8-0789-457d-9f2c-98c0a5b979b2_750_577.jpg\",\"contentUrl\":\"https:\\\/\\\/www.rainforestfoundationuk.org\\\/wp-content\\\/uploads\\\/2022\\\/02\\\/2f3f70f8-0789-457d-9f2c-98c0a5b979b2_750_577.jpg\",\"width\":613,\"height\":400},{\"@type\":\"BreadcrumbList\",\"@id\":\"https:\\\/\\\/www.rainforestfoundationuk.org\\\/what-you-can-do\\\/schools-and-fundraising\\\/education-pack\\\/threats-to-rainforests\\\/#breadcrumb\",\"itemListElement\":[{\"@type\":\"ListItem\",\"position\":1,\"name\":\"Home\",\"item\":\"https:\\\/\\\/www.rainforestfoundationuk.org\\\/\"},{\"@type\":\"ListItem\",\"position\":2,\"name\":\"What You Can Do\",\"item\":\"https:\\\/\\\/www.rainforestfoundationuk.org\\\/what-you-can-do\\\/\"},{\"@type\":\"ListItem\",\"position\":3,\"name\":\"Schools &#038; Fundraising\",\"item\":\"https:\\\/\\\/www.rainforestfoundationuk.org\\\/what-you-can-do\\\/schools-and-fundraising\\\/\"},{\"@type\":\"ListItem\",\"position\":4,\"name\":\"Education Pack\",\"item\":\"https:\\\/\\\/www.rainforestfoundationuk.org\\\/what-you-can-do\\\/schools-and-fundraising\\\/education-pack\\\/\"},{\"@type\":\"ListItem\",\"position\":5,\"name\":\"Threats to Rainforests\"}]},{\"@type\":\"WebSite\",\"@id\":\"https:\\\/\\\/www.rainforestfoundationuk.org\\\/#website\",\"url\":\"https:\\\/\\\/www.rainforestfoundationuk.org\\\/\",\"name\":\"Rainforest Foundation UK\",\"description\":\"Securing lands, sustaining lives\",\"publisher\":{\"@id\":\"https:\\\/\\\/www.rainforestfoundationuk.org\\\/#organization\"},\"potentialAction\":[{\"@type\":\"SearchAction\",\"target\":{\"@type\":\"EntryPoint\",\"urlTemplate\":\"https:\\\/\\\/www.rainforestfoundationuk.org\\\/?s={search_term_string}\"},\"query-input\":{\"@type\":\"PropertyValueSpecification\",\"valueRequired\":true,\"valueName\":\"search_term_string\"}}],\"inLanguage\":\"fr-FR\"},{\"@type\":\"Organization\",\"@id\":\"https:\\\/\\\/www.rainforestfoundationuk.org\\\/#organization\",\"name\":\"Rainforest Foundation UK\",\"url\":\"https:\\\/\\\/www.rainforestfoundationuk.org\\\/\",\"logo\":{\"@type\":\"ImageObject\",\"inLanguage\":\"fr-FR\",\"@id\":\"https:\\\/\\\/www.rainforestfoundationuk.org\\\/#\\\/schema\\\/logo\\\/image\\\/\",\"url\":\"https:\\\/\\\/www.rainforestfoundationuk.org\\\/wp-content\\\/uploads\\\/2023\\\/08\\\/RFUK-logo-black.svg\",\"contentUrl\":\"https:\\\/\\\/www.rainforestfoundationuk.org\\\/wp-content\\\/uploads\\\/2023\\\/08\\\/RFUK-logo-black.svg\",\"width\":1278,\"height\":332,\"caption\":\"Rainforest Foundation UK\"},\"image\":{\"@id\":\"https:\\\/\\\/www.rainforestfoundationuk.org\\\/#\\\/schema\\\/logo\\\/image\\\/\"},\"sameAs\":[\"https:\\\/\\\/www.facebook.com\\\/rainforestfoundationuk\",\"https:\\\/\\\/x.com\\\/RFUK\",\"https:\\\/\\\/www.instagram.com\\\/rainforestfoundationuk\\\/\",\"https:\\\/\\\/www.youtube.com\\\/user\\\/theRFUK\"]}]}<\/script>\n<!-- \/ Yoast SEO plugin. -->","yoast_head_json":{"title":"Menaces sur les for\u00eats tropicales - Rainforest Foundation UK","description":"Toutes les deux secondes, nous perdons une zone de for\u00eat tropicale de la taille d'un terrain de football.","robots":{"index":"index","follow":"follow","max-snippet":"max-snippet:-1","max-image-preview":"max-image-preview:large","max-video-preview":"max-video-preview:-1"},"canonical":"https:\/\/www.rainforestfoundationuk.org\/fr\/ce-que-vous-pouvez-faire\/ecoles-et-collecte-de-fonds\/kit-pedagogique\/menaces-sur-les-forets-pluviales\/","og_locale":"fr_FR","og_type":"article","og_title":"Threats to Rainforests - Rainforest Foundation UK","og_description":"Every 2 seconds, we lose an area of rainforest the size of a football pitch","og_url":"https:\/\/www.rainforestfoundationuk.org\/fr\/ce-que-vous-pouvez-faire\/ecoles-et-collecte-de-fonds\/kit-pedagogique\/menaces-sur-les-forets-pluviales\/","og_site_name":"Rainforest Foundation UK","article_publisher":"https:\/\/www.facebook.com\/rainforestfoundationuk","article_modified_time":"2022-09-21T21:45:55+00:00","og_image":[{"width":613,"height":400,"url":"https:\/\/www.rainforestfoundationuk.org\/wp-content\/uploads\/2022\/02\/2f3f70f8-0789-457d-9f2c-98c0a5b979b2_750_577.jpg","type":"image\/jpeg"}],"twitter_card":"summary_large_image","twitter_site":"@RFUK","twitter_misc":{"Dur\u00e9e de lecture estim\u00e9e":"1 minute"},"schema":{"@context":"https:\/\/schema.org","@graph":[{"@type":"WebPage","@id":"https:\/\/www.rainforestfoundationuk.org\/what-you-can-do\/schools-and-fundraising\/education-pack\/threats-to-rainforests\/","url":"https:\/\/www.rainforestfoundationuk.org\/what-you-can-do\/schools-and-fundraising\/education-pack\/threats-to-rainforests\/","name":"Menaces sur les for\u00eats tropicales - Rainforest Foundation UK","isPartOf":{"@id":"https:\/\/www.rainforestfoundationuk.org\/#website"},"primaryImageOfPage":{"@id":"https:\/\/www.rainforestfoundationuk.org\/what-you-can-do\/schools-and-fundraising\/education-pack\/threats-to-rainforests\/#primaryimage"},"image":{"@id":"https:\/\/www.rainforestfoundationuk.org\/what-you-can-do\/schools-and-fundraising\/education-pack\/threats-to-rainforests\/#primaryimage"},"thumbnailUrl":"https:\/\/www.rainforestfoundationuk.org\/wp-content\/uploads\/2022\/02\/2f3f70f8-0789-457d-9f2c-98c0a5b979b2_750_577.jpg","datePublished":"2021-11-16T15:30:13+00:00","dateModified":"2022-09-21T21:45:55+00:00","description":"Toutes les deux secondes, nous perdons une zone de for\u00eat tropicale de la taille d'un terrain de football.","breadcrumb":{"@id":"https:\/\/www.rainforestfoundationuk.org\/what-you-can-do\/schools-and-fundraising\/education-pack\/threats-to-rainforests\/#breadcrumb"},"inLanguage":"fr-FR","potentialAction":[{"@type":"ReadAction","target":["https:\/\/www.rainforestfoundationuk.org\/what-you-can-do\/schools-and-fundraising\/education-pack\/threats-to-rainforests\/"]}]},{"@type":"ImageObject","inLanguage":"fr-FR","@id":"https:\/\/www.rainforestfoundationuk.org\/what-you-can-do\/schools-and-fundraising\/education-pack\/threats-to-rainforests\/#primaryimage","url":"https:\/\/www.rainforestfoundationuk.org\/wp-content\/uploads\/2022\/02\/2f3f70f8-0789-457d-9f2c-98c0a5b979b2_750_577.jpg","contentUrl":"https:\/\/www.rainforestfoundationuk.org\/wp-content\/uploads\/2022\/02\/2f3f70f8-0789-457d-9f2c-98c0a5b979b2_750_577.jpg","width":613,"height":400},{"@type":"BreadcrumbList","@id":"https:\/\/www.rainforestfoundationuk.org\/what-you-can-do\/schools-and-fundraising\/education-pack\/threats-to-rainforests\/#breadcrumb","itemListElement":[{"@type":"ListItem","position":1,"name":"Home","item":"https:\/\/www.rainforestfoundationuk.org\/"},{"@type":"ListItem","position":2,"name":"What You Can Do","item":"https:\/\/www.rainforestfoundationuk.org\/what-you-can-do\/"},{"@type":"ListItem","position":3,"name":"Schools &#038; Fundraising","item":"https:\/\/www.rainforestfoundationuk.org\/what-you-can-do\/schools-and-fundraising\/"},{"@type":"ListItem","position":4,"name":"Education Pack","item":"https:\/\/www.rainforestfoundationuk.org\/what-you-can-do\/schools-and-fundraising\/education-pack\/"},{"@type":"ListItem","position":5,"name":"Threats to Rainforests"}]},{"@type":"WebSite","@id":"https:\/\/www.rainforestfoundationuk.org\/#website","url":"https:\/\/www.rainforestfoundationuk.org\/","name":"Rainforest Foundation UK","description":"S\u00e9curiser les terres, pr\u00e9server les vies","publisher":{"@id":"https:\/\/www.rainforestfoundationuk.org\/#organization"},"potentialAction":[{"@type":"SearchAction","target":{"@type":"EntryPoint","urlTemplate":"https:\/\/www.rainforestfoundationuk.org\/?s={search_term_string}"},"query-input":{"@type":"PropertyValueSpecification","valueRequired":true,"valueName":"search_term_string"}}],"inLanguage":"fr-FR"},{"@type":"Organization","@id":"https:\/\/www.rainforestfoundationuk.org\/#organization","name":"Rainforest Foundation UK","url":"https:\/\/www.rainforestfoundationuk.org\/","logo":{"@type":"ImageObject","inLanguage":"fr-FR","@id":"https:\/\/www.rainforestfoundationuk.org\/#\/schema\/logo\/image\/","url":"https:\/\/www.rainforestfoundationuk.org\/wp-content\/uploads\/2023\/08\/RFUK-logo-black.svg","contentUrl":"https:\/\/www.rainforestfoundationuk.org\/wp-content\/uploads\/2023\/08\/RFUK-logo-black.svg","width":1278,"height":332,"caption":"Rainforest Foundation UK"},"image":{"@id":"https:\/\/www.rainforestfoundationuk.org\/#\/schema\/logo\/image\/"},"sameAs":["https:\/\/www.facebook.com\/rainforestfoundationuk","https:\/\/x.com\/RFUK","https:\/\/www.instagram.com\/rainforestfoundationuk\/","https:\/\/www.youtube.com\/user\/theRFUK"]}]}},"_links":{"self":[{"href":"https:\/\/www.rainforestfoundationuk.org\/fr\/wp-json\/wp\/v2\/pages\/1929","targetHints":{"allow":["GET"]}}],"collection":[{"href":"https:\/\/www.rainforestfoundationuk.org\/fr\/wp-json\/wp\/v2\/pages"}],"about":[{"href":"https:\/\/www.rainforestfoundationuk.org\/fr\/wp-json\/wp\/v2\/types\/page"}],"author":[{"embeddable":true,"href":"https:\/\/www.rainforestfoundationuk.org\/fr\/wp-json\/wp\/v2\/users\/2"}],"replies":[{"embeddable":true,"href":"https:\/\/www.rainforestfoundationuk.org\/fr\/wp-json\/wp\/v2\/comments?post=1929"}],"version-history":[{"count":5,"href":"https:\/\/www.rainforestfoundationuk.org\/fr\/wp-json\/wp\/v2\/pages\/1929\/revisions"}],"predecessor-version":[{"id":4842,"href":"https:\/\/www.rainforestfoundationuk.org\/fr\/wp-json\/wp\/v2\/pages\/1929\/revisions\/4842"}],"up":[{"embeddable":true,"href":"https:\/\/www.rainforestfoundationuk.org\/fr\/wp-json\/wp\/v2\/pages\/237"}],"wp:featuredmedia":[{"embeddable":true,"href":"https:\/\/www.rainforestfoundationuk.org\/fr\/wp-json\/wp\/v2\/media\/2839"}],"wp:attachment":[{"href":"https:\/\/www.rainforestfoundationuk.org\/fr\/wp-json\/wp\/v2\/media?parent=1929"}],"curies":[{"name":"wp","href":"https:\/\/api.w.org\/{rel}","templated":true}]}}