{"id":197,"date":"2021-09-13T09:37:30","date_gmt":"2021-09-13T09:37:30","guid":{"rendered":"https:\/\/www.rainforestfoundationuk.org\/?page_id=197"},"modified":"2022-09-17T15:36:36","modified_gmt":"2022-09-17T15:36:36","slug":"recherche-action","status":"publish","type":"page","link":"https:\/\/www.rainforestfoundationuk.org\/fr\/research-led-action\/","title":{"rendered":"Recherche et l'action"},"content":{"rendered":"<meta itemscope itemprop=\"mainEntityOfPage\" itemtype=\"https:\/\/schema.org\/WebPage\" itemid=\"https:\/\/www.rainforestfoundationuk.org\/research-led-action\/agribusiness\/\" content=\"Agribusiness\" \/><meta itemprop=\"datePublished\" content=\"2021-09-13\" \/><meta itemprop=\"dateModified\" content=\"2022-09-17\" \/><meta itemprop=\"name\" content=\"Rainforest Foundation UK\"\/><meta itemprop=\"url\" content=\"https:\/\/www.rainforestfoundationuk.org\/author\/raygundesign\/\" \/><meta itemprop=\"name\" content=\"raygundesign\" \/><meta itemprop=\"url\" content=\"https:\/\/www.rainforestfoundationuk.org\/wp-content\/uploads\/2021\/10\/challenging-palm-oil.jpg\" \/><meta itemprop=\"width\" content=\"613\" \/><meta itemprop=\"height\" content=\"400\" \/><meta itemprop=\"interactionType\" content=\"https:\/\/schema.org\/CommentAction\" \/><meta itemprop=\"userInteractionCount\" content=\"0\" \/>\n\t\t\t\t<a href=\"https:\/\/www.rainforestfoundationuk.org\/fr\/recherche-action\/agribusiness\/\" target=\"_self\" itemprop=\"url\" rel=\"noopener\">\n\t\t\t\t<img loading=\"lazy\" decoding=\"async\" src=\"https:\/\/www.rainforestfoundationuk.org\/wp-content\/uploads\/bb-plugin\/cache\/challenging-palm-oil-panorama.jpg\" alt=\"challenging-palm-oil\" itemprop=\"image\" data-no-lazy=\"1\" height=\"400\" width=\"613\" title=\"challenging-palm-oil\" onerror=\"this.style.display='none'\"  \/>\n\t\t\t\t<\/a>\n\t\t\t\t\t\t\t\t\t<h3 itemprop=\"headline\">\n\t\t\t\t\t\t\t\t\t\t\t\t\t<a href=\"https:\/\/www.rainforestfoundationuk.org\/fr\/recherche-action\/agribusiness\/\" title=\"Agro-industrie\">\n\t\t\t\t\t\t\t\t\t\t\t\t\t\tAgro-industrie\t\t\t\t\t\t\t\t\t\t\t\t\t<\/a>\n\t\t\t\t\t\t\t\t\t\t\t<\/h3>\n    <p>With our work on palm oil in the Congo Basin we aim to highlight that large-scale development projects must not overshadow forest peoples&#8217; rights and environmental sustainability.<\/p>\n\t<meta itemscope itemprop=\"mainEntityOfPage\" itemtype=\"https:\/\/schema.org\/WebPage\" itemid=\"https:\/\/www.rainforestfoundationuk.org\/research-led-action\/aid-effectiveness\/\" content=\"Aid Effectiveness\" \/><meta itemprop=\"datePublished\" content=\"2022-09-13\" \/><meta itemprop=\"dateModified\" content=\"2022-09-17\" \/><meta itemprop=\"name\" content=\"Rainforest Foundation UK\"\/><meta itemprop=\"url\" content=\"https:\/\/www.rainforestfoundationuk.org\/author\/jakwrainforestuk-org\/\" \/><meta itemprop=\"name\" content=\"Jak\" \/><meta itemprop=\"interactionType\" content=\"https:\/\/schema.org\/CommentAction\" \/><meta itemprop=\"userInteractionCount\" content=\"0\" \/>\n\t\t\t\t<a href=\"https:\/\/www.rainforestfoundationuk.org\/fr\/recherche-action\/efficacite-de-laide\/\" target=\"_self\" itemprop=\"url\" rel=\"noopener\">\n\t\t\t\t<img loading=\"lazy\" decoding=\"async\" src=\"https:\/\/www.rainforestfoundationuk.org\/wp-content\/uploads\/bb-plugin\/cache\/default-image-1024x576-panorama.jpg\" alt=\"image par d\u00e9faut\" itemprop=\"image\" data-no-lazy=\"1\" height=\"576\" width=\"1024\" title=\"image par d\u00e9faut\" onerror=\"this.style.display='none'\"  \/>\n\t\t\t\t<\/a>\n\t\t\t\t\t\t\t\t\t<h3 itemprop=\"headline\">\n\t\t\t\t\t\t\t\t\t\t\t\t\t<a href=\"https:\/\/www.rainforestfoundationuk.org\/fr\/recherche-action\/efficacite-de-laide\/\" title=\"Efficacit\u00e9 de l&#039;aide\">\n\t\t\t\t\t\t\t\t\t\t\t\t\t\tEfficacit\u00e9 de l'aide\t\t\t\t\t\t\t\t\t\t\t\t\t<\/a>\n\t\t\t\t\t\t\t\t\t\t\t<\/h3>\n    <p>The Issue International support for the Congo Basin and other tropical forest regions has largely been directed towards ineffective strictly protected areas, REDD+ programmes and voluntary zero-deforestation and certification schemes. By contrast, it is estimated that less than one percent of the total funding for climate mitigation and adaptation over the past decade went to &#8230; <a title=\"Efficacit\u00e9 de l&#039;aide\" href=\"https:\/\/www.rainforestfoundationuk.org\/fr\/recherche-action\/efficacite-de-laide\/\" aria-label=\"More on Aid Effectiveness\">En savoir plus<\/a><\/p>\n\t<meta itemscope itemprop=\"mainEntityOfPage\" itemtype=\"https:\/\/schema.org\/WebPage\" itemid=\"https:\/\/www.rainforestfoundationuk.org\/research-led-action\/carbon-offsetting-and-redd\/\" content=\"Carbon Offsetting &#038; REDD+\" \/><meta itemprop=\"datePublished\" content=\"2021-09-13\" \/><meta itemprop=\"dateModified\" content=\"2022-09-17\" \/><meta itemprop=\"name\" content=\"Rainforest Foundation UK\"\/><meta itemprop=\"url\" content=\"https:\/\/www.rainforestfoundationuk.org\/author\/raygundesign\/\" \/><meta itemprop=\"name\" content=\"raygundesign\" \/><meta itemprop=\"interactionType\" content=\"https:\/\/schema.org\/CommentAction\" \/><meta itemprop=\"userInteractionCount\" content=\"0\" \/>\n\t\t\t\t<a href=\"https:\/\/www.rainforestfoundationuk.org\/fr\/recherche-action\/compensation-carbone-et-broyage\/\" target=\"_self\" itemprop=\"url\" rel=\"noopener\">\n\t\t\t\t<img loading=\"lazy\" decoding=\"async\" src=\"https:\/\/www.rainforestfoundationuk.org\/wp-content\/uploads\/bb-plugin\/cache\/default-image-1024x576-panorama.jpg\" alt=\"image par d\u00e9faut\" itemprop=\"image\" data-no-lazy=\"1\" height=\"576\" width=\"1024\" title=\"image par d\u00e9faut\" onerror=\"this.style.display='none'\"  \/>\n\t\t\t\t<\/a>\n\t\t\t\t\t\t\t\t\t<h3 itemprop=\"headline\">\n\t\t\t\t\t\t\t\t\t\t\t\t\t<a href=\"https:\/\/www.rainforestfoundationuk.org\/fr\/recherche-action\/compensation-carbone-et-broyage\/\" title=\"Compensation du carbone et REDD+\">\n\t\t\t\t\t\t\t\t\t\t\t\t\t\tCompensation carbone &amp; REDD+\t\t\t\t\t\t\t\t\t\t\t\t\t<\/a>\n\t\t\t\t\t\t\t\t\t\t\t<\/h3>\n    <p>The Issue Forest carbon offsetting has long been controversial. Its advocates see it as a way of compensating for residual emissions as the global north transitions to a low-carbon economy while also channelling much needed finance for forests. Its critics warn it is a form of greenwashing that serves to delay urgent climate action in &#8230; <a title=\"Compensation du carbone et REDD+\" href=\"https:\/\/www.rainforestfoundationuk.org\/fr\/recherche-action\/compensation-carbone-et-broyage\/\" aria-label=\"More on Carbon Offsetting &#038; REDD+\">En savoir plus<\/a><\/p>\n\t<meta itemscope itemprop=\"mainEntityOfPage\" itemtype=\"https:\/\/schema.org\/WebPage\" itemid=\"https:\/\/www.rainforestfoundationuk.org\/research-led-action\/conservation-and-human-rights\/\" content=\"Conservation and Human Rights\" \/><meta itemprop=\"datePublished\" content=\"2021-09-13\" \/><meta itemprop=\"dateModified\" content=\"2022-09-17\" \/><meta itemprop=\"name\" content=\"Rainforest Foundation UK\"\/><meta itemprop=\"url\" content=\"https:\/\/www.rainforestfoundationuk.org\/author\/raygundesign\/\" \/><meta itemprop=\"name\" content=\"raygundesign\" \/><meta itemprop=\"url\" content=\"https:\/\/www.rainforestfoundationuk.org\/wp-content\/uploads\/2021\/10\/sustainable-conservation.jpg\" \/><meta itemprop=\"width\" content=\"613\" \/><meta itemprop=\"height\" content=\"400\" \/><meta itemprop=\"interactionType\" content=\"https:\/\/schema.org\/CommentAction\" \/><meta itemprop=\"userInteractionCount\" content=\"0\" \/>\n\t\t\t\t<a href=\"https:\/\/www.rainforestfoundationuk.org\/fr\/recherche-action\/conservation-et-droits-de-lhomme\/\" target=\"_self\" itemprop=\"url\" rel=\"noopener\">\n\t\t\t\t<img loading=\"lazy\" decoding=\"async\" src=\"https:\/\/www.rainforestfoundationuk.org\/wp-content\/uploads\/bb-plugin\/cache\/sustainable-conservation-panorama.jpg\" alt=\"durable-conservation\" itemprop=\"image\" data-no-lazy=\"1\" height=\"400\" width=\"613\" title=\"durable-conservation\" onerror=\"this.style.display='none'\"  \/>\n\t\t\t\t<\/a>\n\t\t\t\t\t\t\t\t\t<h3 itemprop=\"headline\">\n\t\t\t\t\t\t\t\t\t\t\t\t\t<a href=\"https:\/\/www.rainforestfoundationuk.org\/fr\/recherche-action\/conservation-et-droits-de-lhomme\/\" title=\"Conservation and Human Rights\">\n\t\t\t\t\t\t\t\t\t\t\t\t\t\tConservation and Human Rights\t\t\t\t\t\t\t\t\t\t\t\t\t<\/a>\n\t\t\t\t\t\t\t\t\t\t\t<\/h3>\n    <p>Les politiques et pratiques de protection de la biodiversit\u00e9 ont longtemps \u00e9chou\u00e9 \u00e0 prendre en compte les droits et les besoins des populations autochtones et communaut\u00e9s foresti\u00e8res. <\/p>\n\t<meta itemscope itemprop=\"mainEntityOfPage\" itemtype=\"https:\/\/schema.org\/WebPage\" itemid=\"https:\/\/www.rainforestfoundationuk.org\/research-led-action\/extractives-and-infrastructure\/\" content=\"Extractives and Infrastructure\" \/><meta itemprop=\"datePublished\" content=\"2022-08-24\" \/><meta itemprop=\"dateModified\" content=\"2022-09-17\" \/><meta itemprop=\"name\" content=\"Rainforest Foundation UK\"\/><meta itemprop=\"url\" content=\"https:\/\/www.rainforestfoundationuk.org\/author\/jakwrainforestuk-org\/\" \/><meta itemprop=\"name\" content=\"Jak\" \/><meta itemprop=\"url\" content=\"https:\/\/www.rainforestfoundationuk.org\/wp-content\/uploads\/2021\/10\/sustainable-conservation.jpg\" \/><meta itemprop=\"width\" content=\"613\" \/><meta itemprop=\"height\" content=\"400\" \/><meta itemprop=\"interactionType\" content=\"https:\/\/schema.org\/CommentAction\" \/><meta itemprop=\"userInteractionCount\" content=\"0\" \/>\n\t\t\t\t<a href=\"https:\/\/www.rainforestfoundationuk.org\/fr\/recherche-action\/industries-extractives-et-infrastructures\/\" target=\"_self\" itemprop=\"url\" rel=\"noopener\">\n\t\t\t\t<img loading=\"lazy\" decoding=\"async\" src=\"https:\/\/www.rainforestfoundationuk.org\/wp-content\/uploads\/bb-plugin\/cache\/sustainable-conservation-panorama.jpg\" alt=\"durable-conservation\" itemprop=\"image\" data-no-lazy=\"1\" height=\"400\" width=\"613\" title=\"durable-conservation\" onerror=\"this.style.display='none'\"  \/>\n\t\t\t\t<\/a>\n\t\t\t\t\t\t\t\t\t<h3 itemprop=\"headline\">\n\t\t\t\t\t\t\t\t\t\t\t\t\t<a href=\"https:\/\/www.rainforestfoundationuk.org\/fr\/recherche-action\/industries-extractives-et-infrastructures\/\" title=\"Extractives and Infrastructure\">\n\t\t\t\t\t\t\t\t\t\t\t\t\t\tExtractives and Infrastructure\t\t\t\t\t\t\t\t\t\t\t\t\t<\/a>\n\t\t\t\t\t\t\t\t\t\t\t<\/h3>\n    <p>Les politiques et pratiques de protection de la biodiversit\u00e9 ont longtemps \u00e9chou\u00e9 \u00e0 prendre en compte les droits et les besoins des populations autochtones et communaut\u00e9s foresti\u00e8res. <\/p>\n\t<meta itemscope itemprop=\"mainEntityOfPage\" itemtype=\"https:\/\/schema.org\/WebPage\" itemid=\"https:\/\/www.rainforestfoundationuk.org\/research-led-action\/industrial-logging\/\" content=\"Industrial logging\" \/><meta itemprop=\"datePublished\" content=\"2021-09-13\" \/><meta itemprop=\"dateModified\" content=\"2022-09-15\" \/><meta itemprop=\"name\" content=\"Rainforest Foundation UK\"\/><meta itemprop=\"url\" content=\"https:\/\/www.rainforestfoundationuk.org\/author\/raygundesign\/\" \/><meta itemprop=\"name\" content=\"raygundesign\" \/><meta itemprop=\"url\" content=\"https:\/\/www.rainforestfoundationuk.org\/wp-content\/uploads\/2022\/02\/2f3f70f8-0789-457d-9f2c-98c0a5b979b2_750_577.jpg\" \/><meta itemprop=\"width\" content=\"613\" \/><meta itemprop=\"height\" content=\"400\" \/><meta itemprop=\"interactionType\" content=\"https:\/\/schema.org\/CommentAction\" \/><meta itemprop=\"userInteractionCount\" content=\"0\" \/>\n\t\t\t\t<a href=\"https:\/\/www.rainforestfoundationuk.org\/fr\/recherche-action\/lenregistrement-industriel\/\" target=\"_self\" itemprop=\"url\" rel=\"noopener\">\n\t\t\t\t<img loading=\"lazy\" decoding=\"async\" src=\"https:\/\/www.rainforestfoundationuk.org\/wp-content\/uploads\/bb-plugin\/cache\/2f3f70f8-0789-457d-9f2c-98c0a5b979b2_750_577-panorama.jpg\" alt=\"2f3f70f8-0789-457d-9f2c-98c0a5b979b2_750_577\" itemprop=\"image\" data-no-lazy=\"1\" height=\"400\" width=\"613\" title=\"2f3f70f8-0789-457d-9f2c-98c0a5b979b2_750_577\" onerror=\"this.style.display='none'\"  \/>\n\t\t\t\t<\/a>\n\t\t\t\t\t\t\t\t\t<h3 itemprop=\"headline\">\n\t\t\t\t\t\t\t\t\t\t\t\t\t<a href=\"https:\/\/www.rainforestfoundationuk.org\/fr\/recherche-action\/lenregistrement-industriel\/\" title=\"Industrial logging\">\n\t\t\t\t\t\t\t\t\t\t\t\t\t\tIndustrial logging\t\t\t\t\t\t\t\t\t\t\t\t\t<\/a>\n\t\t\t\t\t\t\t\t\t\t\t<\/h3>\n    <p>Covering roughly a third of the Congo Basin forest, industrial logging is a key driver of deforestation and has rarely brought lasting benefits to local populations. We need a new model of forest management in the region.<\/p>\n\t\t<!-- .pp-content-posts -->","protected":false},"excerpt":{"rendered":"<p>Agribusiness Avec notre travail sur l'huile de palme dans le Bassin du Congo, nous voulons souligner que les projets de d\u00e9veloppement \u00e0 grande \u00e9chelle ne doivent pas \u00e9clipser les droits des populations foresti\u00e8res et la durabilit\u00e9 environnementale. Efficacit\u00e9 de l'aide La question L'aide internationale pour le Bassin du Congo et d'autres r\u00e9gions foresti\u00e8res tropicales a \u00e9t\u00e9 largement orient\u00e9e vers des zones strictement prot\u00e9g\u00e9es inefficaces, des programmes REDD+ et ... Lire plus <a title=\"Recherche et l&#039;action\" class=\"read-more\" href=\"https:\/\/www.rainforestfoundationuk.org\/fr\/research-led-action\/\" aria-label=\"En savoir plus sur Research-led Action\">Lire plus<\/a><\/p>","protected":false},"author":2,"featured_media":0,"parent":0,"menu_order":0,"comment_status":"closed","ping_status":"closed","template":"","meta":{"_acf_changed":false,"footnotes":""},"class_list":{"0":"post-197","1":"page","2":"type-page","3":"status-publish","5":"no-featured-image-padding"},"acf":[],"yoast_head":"<!-- This site is optimized with the Yoast SEO plugin v27.4 - https:\/\/yoast.com\/product\/yoast-seo-wordpress\/ -->\n<title>Research-led Action - Rainforest Foundation UK<\/title>\n<meta name=\"robots\" content=\"index, follow, max-snippet:-1, max-image-preview:large, max-video-preview:-1\" \/>\n<link rel=\"canonical\" href=\"https:\/\/www.rainforestfoundationuk.org\/fr\/recherche-action\/\" \/>\n<meta property=\"og:locale\" content=\"fr_FR\" \/>\n<meta property=\"og:type\" content=\"article\" \/>\n<meta property=\"og:title\" content=\"Research-led Action - Rainforest Foundation UK\" \/>\n<meta property=\"og:description\" content=\"Agribusiness With our work on palm oil in the Congo Basin we aim to highlight that large-scale development projects must not overshadow forest peoples&#8217; rights and environmental sustainability. Aid Effectiveness The Issue International support for the Congo Basin and other tropical forest regions has largely been directed towards ineffective strictly protected areas, REDD+ programmes and ... Lire plus\" \/>\n<meta property=\"og:url\" content=\"https:\/\/www.rainforestfoundationuk.org\/fr\/recherche-action\/\" \/>\n<meta property=\"og:site_name\" content=\"Rainforest Foundation UK\" \/>\n<meta property=\"article:publisher\" content=\"https:\/\/www.facebook.com\/rainforestfoundationuk\" \/>\n<meta property=\"article:modified_time\" content=\"2022-09-17T15:36:36+00:00\" \/>\n<meta property=\"og:image\" content=\"https:\/\/staging.rainforestfoundationuk.org\/wp-content\/uploads\/bb-plugin\/cache\/challenging-palm-oil-panorama.jpg\" \/>\n<meta name=\"twitter:card\" content=\"summary_large_image\" \/>\n<meta name=\"twitter:site\" content=\"@RFUK\" \/>\n<script type=\"application\/ld+json\" class=\"yoast-schema-graph\">{\"@context\":\"https:\\\/\\\/schema.org\",\"@graph\":[{\"@type\":\"WebPage\",\"@id\":\"https:\\\/\\\/www.rainforestfoundationuk.org\\\/es\\\/investigacion-orientada-a-la-accion\\\/\",\"url\":\"https:\\\/\\\/www.rainforestfoundationuk.org\\\/es\\\/investigacion-orientada-a-la-accion\\\/\",\"name\":\"Research-led Action - Rainforest Foundation UK\",\"isPartOf\":{\"@id\":\"https:\\\/\\\/www.rainforestfoundationuk.org\\\/#website\"},\"primaryImageOfPage\":{\"@id\":\"https:\\\/\\\/www.rainforestfoundationuk.org\\\/es\\\/investigacion-orientada-a-la-accion\\\/#primaryimage\"},\"image\":{\"@id\":\"https:\\\/\\\/www.rainforestfoundationuk.org\\\/es\\\/investigacion-orientada-a-la-accion\\\/#primaryimage\"},\"thumbnailUrl\":\"https:\\\/\\\/www.rainforestfoundationuk.org\\\/wp-content\\\/uploads\\\/bb-plugin\\\/cache\\\/challenging-palm-oil-panorama.jpg\",\"datePublished\":\"2021-09-13T09:37:30+00:00\",\"dateModified\":\"2022-09-17T15:36:36+00:00\",\"breadcrumb\":{\"@id\":\"https:\\\/\\\/www.rainforestfoundationuk.org\\\/es\\\/investigacion-orientada-a-la-accion\\\/#breadcrumb\"},\"inLanguage\":\"fr-FR\",\"potentialAction\":[{\"@type\":\"ReadAction\",\"target\":[\"https:\\\/\\\/www.rainforestfoundationuk.org\\\/es\\\/investigacion-orientada-a-la-accion\\\/\"]}]},{\"@type\":\"ImageObject\",\"inLanguage\":\"fr-FR\",\"@id\":\"https:\\\/\\\/www.rainforestfoundationuk.org\\\/es\\\/investigacion-orientada-a-la-accion\\\/#primaryimage\",\"url\":\"https:\\\/\\\/www.rainforestfoundationuk.org\\\/wp-content\\\/uploads\\\/bb-plugin\\\/cache\\\/challenging-palm-oil-panorama.jpg\",\"contentUrl\":\"https:\\\/\\\/www.rainforestfoundationuk.org\\\/wp-content\\\/uploads\\\/bb-plugin\\\/cache\\\/challenging-palm-oil-panorama.jpg\"},{\"@type\":\"BreadcrumbList\",\"@id\":\"https:\\\/\\\/www.rainforestfoundationuk.org\\\/es\\\/investigacion-orientada-a-la-accion\\\/#breadcrumb\",\"itemListElement\":[{\"@type\":\"ListItem\",\"position\":1,\"name\":\"Home\",\"item\":\"https:\\\/\\\/www.rainforestfoundationuk.org\\\/\"},{\"@type\":\"ListItem\",\"position\":2,\"name\":\"Research-led Action\"}]},{\"@type\":\"WebSite\",\"@id\":\"https:\\\/\\\/www.rainforestfoundationuk.org\\\/#website\",\"url\":\"https:\\\/\\\/www.rainforestfoundationuk.org\\\/\",\"name\":\"Rainforest Foundation UK\",\"description\":\"Securing lands, sustaining lives\",\"publisher\":{\"@id\":\"https:\\\/\\\/www.rainforestfoundationuk.org\\\/#organization\"},\"potentialAction\":[{\"@type\":\"SearchAction\",\"target\":{\"@type\":\"EntryPoint\",\"urlTemplate\":\"https:\\\/\\\/www.rainforestfoundationuk.org\\\/?s={search_term_string}\"},\"query-input\":{\"@type\":\"PropertyValueSpecification\",\"valueRequired\":true,\"valueName\":\"search_term_string\"}}],\"inLanguage\":\"fr-FR\"},{\"@type\":\"Organization\",\"@id\":\"https:\\\/\\\/www.rainforestfoundationuk.org\\\/#organization\",\"name\":\"Rainforest Foundation UK\",\"url\":\"https:\\\/\\\/www.rainforestfoundationuk.org\\\/\",\"logo\":{\"@type\":\"ImageObject\",\"inLanguage\":\"fr-FR\",\"@id\":\"https:\\\/\\\/www.rainforestfoundationuk.org\\\/#\\\/schema\\\/logo\\\/image\\\/\",\"url\":\"https:\\\/\\\/www.rainforestfoundationuk.org\\\/wp-content\\\/uploads\\\/2023\\\/08\\\/RFUK-logo-black.svg\",\"contentUrl\":\"https:\\\/\\\/www.rainforestfoundationuk.org\\\/wp-content\\\/uploads\\\/2023\\\/08\\\/RFUK-logo-black.svg\",\"width\":1278,\"height\":332,\"caption\":\"Rainforest Foundation UK\"},\"image\":{\"@id\":\"https:\\\/\\\/www.rainforestfoundationuk.org\\\/#\\\/schema\\\/logo\\\/image\\\/\"},\"sameAs\":[\"https:\\\/\\\/www.facebook.com\\\/rainforestfoundationuk\",\"https:\\\/\\\/x.com\\\/RFUK\",\"https:\\\/\\\/www.instagram.com\\\/rainforestfoundationuk\\\/\",\"https:\\\/\\\/www.youtube.com\\\/user\\\/theRFUK\"]}]}<\/script>\n<!-- \/ Yoast SEO plugin. -->","yoast_head_json":{"title":"Action bas\u00e9e sur la recherche - Rainforest Foundation UK","robots":{"index":"index","follow":"follow","max-snippet":"max-snippet:-1","max-image-preview":"max-image-preview:large","max-video-preview":"max-video-preview:-1"},"canonical":"https:\/\/www.rainforestfoundationuk.org\/fr\/recherche-action\/","og_locale":"fr_FR","og_type":"article","og_title":"Research-led Action - Rainforest Foundation UK","og_description":"Agribusiness With our work on palm oil in the Congo Basin we aim to highlight that large-scale development projects must not overshadow forest peoples&#8217; rights and environmental sustainability. Aid Effectiveness The Issue International support for the Congo Basin and other tropical forest regions has largely been directed towards ineffective strictly protected areas, REDD+ programmes and ... Lire plus","og_url":"https:\/\/www.rainforestfoundationuk.org\/fr\/recherche-action\/","og_site_name":"Rainforest Foundation UK","article_publisher":"https:\/\/www.facebook.com\/rainforestfoundationuk","article_modified_time":"2022-09-17T15:36:36+00:00","og_image":[{"url":"https:\/\/staging.rainforestfoundationuk.org\/wp-content\/uploads\/bb-plugin\/cache\/challenging-palm-oil-panorama.jpg","type":"","width":"","height":""}],"twitter_card":"summary_large_image","twitter_site":"@RFUK","schema":{"@context":"https:\/\/schema.org","@graph":[{"@type":"WebPage","@id":"https:\/\/www.rainforestfoundationuk.org\/es\/investigacion-orientada-a-la-accion\/","url":"https:\/\/www.rainforestfoundationuk.org\/es\/investigacion-orientada-a-la-accion\/","name":"Action bas\u00e9e sur la recherche - Rainforest Foundation UK","isPartOf":{"@id":"https:\/\/www.rainforestfoundationuk.org\/#website"},"primaryImageOfPage":{"@id":"https:\/\/www.rainforestfoundationuk.org\/es\/investigacion-orientada-a-la-accion\/#primaryimage"},"image":{"@id":"https:\/\/www.rainforestfoundationuk.org\/es\/investigacion-orientada-a-la-accion\/#primaryimage"},"thumbnailUrl":"https:\/\/www.rainforestfoundationuk.org\/wp-content\/uploads\/bb-plugin\/cache\/challenging-palm-oil-panorama.jpg","datePublished":"2021-09-13T09:37:30+00:00","dateModified":"2022-09-17T15:36:36+00:00","breadcrumb":{"@id":"https:\/\/www.rainforestfoundationuk.org\/es\/investigacion-orientada-a-la-accion\/#breadcrumb"},"inLanguage":"fr-FR","potentialAction":[{"@type":"ReadAction","target":["https:\/\/www.rainforestfoundationuk.org\/es\/investigacion-orientada-a-la-accion\/"]}]},{"@type":"ImageObject","inLanguage":"fr-FR","@id":"https:\/\/www.rainforestfoundationuk.org\/es\/investigacion-orientada-a-la-accion\/#primaryimage","url":"https:\/\/www.rainforestfoundationuk.org\/wp-content\/uploads\/bb-plugin\/cache\/challenging-palm-oil-panorama.jpg","contentUrl":"https:\/\/www.rainforestfoundationuk.org\/wp-content\/uploads\/bb-plugin\/cache\/challenging-palm-oil-panorama.jpg"},{"@type":"BreadcrumbList","@id":"https:\/\/www.rainforestfoundationuk.org\/es\/investigacion-orientada-a-la-accion\/#breadcrumb","itemListElement":[{"@type":"ListItem","position":1,"name":"Home","item":"https:\/\/www.rainforestfoundationuk.org\/"},{"@type":"ListItem","position":2,"name":"Research-led Action"}]},{"@type":"WebSite","@id":"https:\/\/www.rainforestfoundationuk.org\/#website","url":"https:\/\/www.rainforestfoundationuk.org\/","name":"Rainforest Foundation UK","description":"S\u00e9curiser les terres, pr\u00e9server les vies","publisher":{"@id":"https:\/\/www.rainforestfoundationuk.org\/#organization"},"potentialAction":[{"@type":"SearchAction","target":{"@type":"EntryPoint","urlTemplate":"https:\/\/www.rainforestfoundationuk.org\/?s={search_term_string}"},"query-input":{"@type":"PropertyValueSpecification","valueRequired":true,"valueName":"search_term_string"}}],"inLanguage":"fr-FR"},{"@type":"Organization","@id":"https:\/\/www.rainforestfoundationuk.org\/#organization","name":"Rainforest Foundation UK","url":"https:\/\/www.rainforestfoundationuk.org\/","logo":{"@type":"ImageObject","inLanguage":"fr-FR","@id":"https:\/\/www.rainforestfoundationuk.org\/#\/schema\/logo\/image\/","url":"https:\/\/www.rainforestfoundationuk.org\/wp-content\/uploads\/2023\/08\/RFUK-logo-black.svg","contentUrl":"https:\/\/www.rainforestfoundationuk.org\/wp-content\/uploads\/2023\/08\/RFUK-logo-black.svg","width":1278,"height":332,"caption":"Rainforest Foundation UK"},"image":{"@id":"https:\/\/www.rainforestfoundationuk.org\/#\/schema\/logo\/image\/"},"sameAs":["https:\/\/www.facebook.com\/rainforestfoundationuk","https:\/\/x.com\/RFUK","https:\/\/www.instagram.com\/rainforestfoundationuk\/","https:\/\/www.youtube.com\/user\/theRFUK"]}]}},"_links":{"self":[{"href":"https:\/\/www.rainforestfoundationuk.org\/fr\/wp-json\/wp\/v2\/pages\/197","targetHints":{"allow":["GET"]}}],"collection":[{"href":"https:\/\/www.rainforestfoundationuk.org\/fr\/wp-json\/wp\/v2\/pages"}],"about":[{"href":"https:\/\/www.rainforestfoundationuk.org\/fr\/wp-json\/wp\/v2\/types\/page"}],"author":[{"embeddable":true,"href":"https:\/\/www.rainforestfoundationuk.org\/fr\/wp-json\/wp\/v2\/users\/2"}],"replies":[{"embeddable":true,"href":"https:\/\/www.rainforestfoundationuk.org\/fr\/wp-json\/wp\/v2\/comments?post=197"}],"version-history":[{"count":3,"href":"https:\/\/www.rainforestfoundationuk.org\/fr\/wp-json\/wp\/v2\/pages\/197\/revisions"}],"predecessor-version":[{"id":4218,"href":"https:\/\/www.rainforestfoundationuk.org\/fr\/wp-json\/wp\/v2\/pages\/197\/revisions\/4218"}],"wp:attachment":[{"href":"https:\/\/www.rainforestfoundationuk.org\/fr\/wp-json\/wp\/v2\/media?parent=197"}],"curies":[{"name":"wp","href":"https:\/\/api.w.org\/{rel}","templated":true}]}}