{"id":199,"date":"2021-09-13T09:37:44","date_gmt":"2021-09-13T09:37:44","guid":{"rendered":"https:\/\/www.rainforestfoundationuk.org\/?page_id=199"},"modified":"2024-04-16T09:48:41","modified_gmt":"2024-04-16T09:48:41","slug":"conservation-et-droits-de-lhomme","status":"publish","type":"page","link":"https:\/\/www.rainforestfoundationuk.org\/fr\/research-led-action\/conservation-and-human-rights\/","title":{"rendered":"Conservation &amp; droits humains"},"content":{"rendered":"<h2>CONTEXTE<\/h2>\r\n<p>Forests and biodiversity are dwindling at shocking rates and the world is failing at stemming the tide. The way we do and think about &#8216;conservation&#8217; is to blame and needs a radical shift. Mainstream, western-led conservation efforts centre on creating &#8216;protected areas&#8217;, which in much of the Global South involves pushing indigenous and local communities off their ancestral lands and criminalising their traditional way of life. This is causing them long-lasting harm, from food insecurity and land conflict to the erosion of their cultural identity. They also face severe human rights abuses at the hands of heavily armed, aid-funded park rangers tasked with enforcing park boundaries.\u00a0\u00a0<\/p>\r\n<p>L'approche traditionnelle occidentale de la \"conservation des forteresses\" repose sur l'id\u00e9e dangereuse mais persistante que les populations locales doivent \u00eatre s\u00e9par\u00e9es de la nature pour la maintenir \"vierge\" (parfois au profit des touristes \u00e9trangers). Cette approche ne conduit pas seulement \u00e0 des violations des droits de l'homme, elle est \u00e9galement inefficace car elle ignore et ali\u00e8ne les populations qui ont fa\u00e7onn\u00e9 et g\u00e9r\u00e9 ces paysages depuis des mill\u00e9naires. \u00a0<\/p>\r\n<p>&nbsp;<\/p>\r\n<p><iframe loading=\"lazy\" title=\"Les aires prot\u00e9g\u00e9es dans le Bassin du Congo : Un \u00e9chec pour les populations et la biodiversit\u00e9 ?\" src=\"https:\/\/www.youtube.com\/embed\/5HHoSLEVoQk?feature=oembed\" width=\"1200\" height=\"675\" frameborder=\"0\" allowfullscreen=\"allowfullscreen\"><\/iframe> <img decoding=\"async\" title=\"8e3cd43d-b052-455d-aaa9-23a4b55cd439\" src=\"https:\/\/www.rainforestfoundationuk.org\/wp-content\/uploads\/2022\/04\/8e3cd43d-b052-455d-aaa9-23a4b55cd439.jpg\" alt=\"8e3cd43d-b052-455d-aaa9-23a4b55cd439\" \/><\/p>\r\n<h2>notre position<\/h2>\r\n<p>La meilleure fa\u00e7on de pr\u00e9server les for\u00eats est de prot\u00e9ger les droits de ceux qui y vivent et en d\u00e9pendent. Ce point de vue est \u00e9tay\u00e9 par un nombre croissant de preuves scientifiques montrant que les populations autochtones et les communaut\u00e9s locales parviennent mieux que les gouvernements \u00e0 prot\u00e9ger les for\u00eats contre la d\u00e9forestation et la perte de biodiversit\u00e9, et ce de mani\u00e8re bien plus rentable. \u00a0<\/p>\r\n<p>Pour aller de l\u2019avant, il faut un nouveau mod\u00e8le de conservation qui place ces personnes au premier plan. Cela signifie qu\u2019il faut pr\u00e9voir des r\u00e9parations pour les pr\u00e9judices inflig\u00e9s au nom de la protection de la nature, ainsi que des mesures de protection et de surveillance strictes pour \u00e9viter les abus futurs. Les aires prot\u00e9g\u00e9es exclusives g\u00e9r\u00e9es par l\u2019\u00c9tat doivent appartenir au pass\u00e9 et \u00eatre remplac\u00e9es par des approches fond\u00e9es sur les droits et pilot\u00e9es par les communaut\u00e9s, sur la base de la pleine reconnaissance des droits des communaut\u00e9s foresti\u00e8res sur les terres et les ressources, de leur droit \u00e0 l\u2019autod\u00e9termination et de leurs connaissances traditionnelles. \u00a0<\/p>\r\n<h2>Ce que nous faisons<\/h2>\r\n<ul>\r\n<li class=\"translation-block\">En travaillant main dans la main avec nos partenaires locaux, nous documentons et exposons les pr\u00e9judices subis par les communaut\u00e9s vivant autour des aires prot\u00e9g\u00e9es dans le Bassin du Congo. L\u2019enqu\u00eate que nous avons men\u00e9e autour du parc national de la Salonga en RDC a conduit \u00e0 la premi\u00e8re condamnation de rangers en son genre en RDC et a d\u00e9clench\u00e9 une vague de r\u00e9formes mondiales sur le financement de la conservation de la biodiversit\u00e9.<\/li>\r\n<\/ul>\r\n<ul>\r\n<li>Nous demandons des comptes aux ONG de protection de la nature, aux gouvernements nationaux et aux donateurs internationaux sur leurs manquements, nous aidons les victimes \u00e0 obtenir r\u00e9paration et nous plaidons pour des r\u00e9formes visant \u00e0 pr\u00e9venir de futurs abus.<\/li>\r\n<\/ul>\r\n<ul>\r\n<li>Sur le terrain, nous contribuons \u00e0 faire entendre la voix des communaut\u00e9s dans la gestion des aires prot\u00e9g\u00e9es, comme dans le parc national de Lomami en RDC. Nous nous effor\u00e7ons \u00e9galement d\u2019identifier et de soutenir des solutions alternatives de conservation, v\u00e9ritablement fond\u00e9es sur les droits et pilot\u00e9es par les communaut\u00e9s.<\/li>\r\n<\/ul>\r\n<p><a role=\"button\" href=\"http:\/\/rainforestparksandpeople.org\/\" target=\"_self\" rel=\"noopener\"> Explorez la base de donn\u00e9es Peuples et Parcs <\/a> <img decoding=\"async\" title=\"cop-26\" src=\"https:\/\/www.rainforestfoundationuk.org\/wp-content\/uploads\/2021\/10\/cop-26.jpg\" alt=\"cop-26\" \/><\/p>\r\n<h2>Derni\u00e8res nouvelles<\/h2>\r\n<p><a href=\"https:\/\/www.rainforestfoundationuk.org\/fr\/le-nouveau-cadre-mondial-pour-la-biodiversite-une-occasion-manquee-de-donner-un-elan-a-une-nouvelle-ere-de-conservation\/\" target=\"_self\" rel=\"noopener\"> <img loading=\"lazy\" decoding=\"async\" title=\"52549883174_b57fd71650_c\" src=\"https:\/\/www.rainforestfoundationuk.org\/wp-content\/uploads\/bb-plugin\/cache\/52549883174_b57fd71650_c-1024x685-panorama.webp\" alt=\"52549883174_b57fd71650_c\" width=\"1024\" height=\"685\" data-no-lazy=\"1\" \/> <\/a><\/p>\r\n<h3><a title=\"Nouveau cadre mondial pour la biodiversit\u00e9 : une occasion manqu\u00e9e de donner un nouvel \u00e9lan \u00e0 la conservation de la nature\" href=\"https:\/\/www.rainforestfoundationuk.org\/fr\/le-nouveau-cadre-mondial-pour-la-biodiversite-une-occasion-manquee-de-donner-un-elan-a-une-nouvelle-ere-de-conservation\/\"> Nouveau cadre mondial pour la biodiversit\u00e9 : une occasion manqu\u00e9e de donner un nouvel \u00e9lan \u00e0 la conservation de la nature <\/a><\/h3>\r\n<p><a href=\"https:\/\/www.rainforestfoundationuk.org\/fr\/les-ong-avertissent-que-le-plan-30x30-devastera-la-vie-des-indigenes-a-lapproche-de-la-cop15\/\" target=\"_self\" rel=\"noopener\"> <img loading=\"lazy\" decoding=\"async\" title=\"10-dsc00009_article_column@2x\" src=\"https:\/\/www.rainforestfoundationuk.org\/wp-content\/uploads\/bb-plugin\/cache\/10-dsc00009_article_column@2x-1024x650-panorama.jpg\" alt=\"Ces hommes de Khadia ont \u00e9t\u00e9 chass\u00e9s de leurs terres apr\u00e8s qu&#039;elles aient \u00e9t\u00e9 transform\u00e9es en zone prot\u00e9g\u00e9e. Ils ont v\u00e9cu pendant des mois sous des b\u00e2ches en plastique. Des millions d&#039;autres risquent de subir le m\u00eame sort si le plan de 30 % est mis en \u0153uvre. \u00a9 Survival\" width=\"1024\" height=\"650\" data-no-lazy=\"1\" \/> <\/a><\/p>\r\n<h3><a title=\"Les ONG avertissent que le plan 30\u00d730 pourrait &quot;d\u00e9vaster la vie des indig\u00e8nes&quot; \u00e0 l&#039;approche de la COP15\" href=\"https:\/\/www.rainforestfoundationuk.org\/fr\/les-ong-avertissent-que-le-plan-30x30-devastera-la-vie-des-indigenes-a-lapproche-de-la-cop15\/\"> Les ONG avertissent que le plan 30\u00d730 pourrait \"d\u00e9vaster la vie des indig\u00e8nes\" \u00e0 l'approche de la COP15 <\/a><\/h3>\r\n<p><a href=\"https:\/\/www.rainforestfoundationuk.org\/fr\/le-pacte-de-conservation-30x30-nest-pas-soutenu-par-la-science-previennent-les-groupes-de-defense-des-droits-de-lhomme\/\" target=\"_self\" rel=\"noopener\"> <img loading=\"lazy\" decoding=\"async\" title=\"www.rainforestfoundationuk\" src=\"https:\/\/www.rainforestfoundationuk.org\/wp-content\/uploads\/bb-plugin\/cache\/www.rainforestfoundationuk-1024x576-panorama.webp\" alt=\"www.rainforestfoundationuk\" width=\"1024\" height=\"576\" data-no-lazy=\"1\" \/> <\/a><\/p>\r\n<h3><a title=\"\u201cThe 30\u00d730 conservation pledge isn't backed by science\u201d \u2013 warn human rights groups\" href=\"https:\/\/www.rainforestfoundationuk.org\/fr\/le-pacte-de-conservation-30x30-nest-pas-soutenu-par-la-science-previennent-les-groupes-de-defense-des-droits-de-lhomme\/\"> \u201cThe 30\u00d730 conservation pledge isn&#8217;t backed by science\u201d \u2013 warn human rights groups <\/a><\/h3>\r\n<p><a href=\"https:\/\/www.rainforestfoundationuk.org\/fr\/sur-les-zones-protegees-et-les-droits-des-populations-autochtones-une-soumission-au-rapporteur-special-de-lonu\/\" target=\"_self\" rel=\"noopener\"> <img loading=\"lazy\" decoding=\"async\" title=\"45167085-619d-4a14-a6c8-daa6e4ae9f9c\" src=\"https:\/\/www.rainforestfoundationuk.org\/wp-content\/uploads\/bb-plugin\/cache\/45167085-619d-4a14-a6c8-daa6e4ae9f9c-panorama.jpg\" alt=\"45167085-619d-4a14-a6c8-daa6e4ae9f9c\" width=\"971\" height=\"546\" data-no-lazy=\"1\" \/> <\/a><\/p>\r\n<h3><a title=\"On Protected Areas and Indigenous Peoples' Rights: A submission to the UN Special Rapporteur\" href=\"https:\/\/www.rainforestfoundationuk.org\/fr\/sur-les-zones-protegees-et-les-droits-des-populations-autochtones-une-soumission-au-rapporteur-special-de-lonu\/\"> On Protected Areas and Indigenous Peoples&#8217; Rights: A submission to the UN Special Rapporteur <\/a><\/h3>\r\n<!-- .pp-content-posts -->\r\n<p><a href=\"https:\/\/www.rainforestfoundationuk.org\/fr\/nouvelles\/\">Plus de nouvelles...<\/a><\/p>\r\n<h2>Publications en vedette<\/h2>\r\n<p><img loading=\"lazy\" decoding=\"async\" src=\"https:\/\/www.rainforestfoundationuk.org\/wp-content\/uploads\/2023\/01\/30x30_The-Good-the-Bad-and-What-needs-to-happen-next_EN-pdf-212x300.jpg\" sizes=\"auto, (max-width: 212px) 100vw, 212px\" srcset=\"https:\/\/www.rainforestfoundationuk.org\/wp-content\/uploads\/2023\/01\/30x30_The-Good-the-Bad-and-What-needs-to-happen-next_EN-pdf-212x300.jpg 212w, https:\/\/www.rainforestfoundationuk.org\/wp-content\/uploads\/2023\/01\/30x30_The-Good-the-Bad-and-What-needs-to-happen-next_EN-pdf-724x1024.jpg 724w, https:\/\/www.rainforestfoundationuk.org\/wp-content\/uploads\/2023\/01\/30x30_The-Good-the-Bad-and-What-needs-to-happen-next_EN-pdf-768x1087.jpg 768w, https:\/\/www.rainforestfoundationuk.org\/wp-content\/uploads\/2023\/01\/30x30_The-Good-the-Bad-and-What-needs-to-happen-next_EN-pdf-8x12.jpg 8w, https:\/\/www.rainforestfoundationuk.org\/wp-content\/uploads\/2023\/01\/30x30_The-Good-the-Bad-and-What-needs-to-happen-next_EN-pdf.jpg 1058w\" alt=\"thumbnail of 30x30_The Good, the Bad and What needs to happen next_FR\" width=\"212\" height=\"300\" \/><\/p>\r\n<h3>30\u00d730 : le bon, le mauvais et la suite des \u00e9v\u00e9nements<\/h3>\r\n<p class=\"translation-block\"><a href=\"https:\/\/www.rainforestfoundationuk.org\/wp-content\/uploads\/2021\/10\/Mapping-the-future.pdf\" target=\"_blank\">View online<\/a>\r\n    \r\n    <a href=\"https:\/\/www.rainforestfoundationuk.org\/wp-content\/uploads\/2021\/10\/Mapping-the-future.pdf\" download=\"\" target=\"_self\">Download PDF<\/a><\/p>\r\n<h3>L'objectif de \"prot\u00e9ger\" 30% de la Terre d'ici \u00e0 2030 : un d\u00e9sastre pour l'homme et une catastrophe pour la plan\u00e8te ?<\/h3>\r\n<p class=\"translation-block\"><a href=\"https:\/\/www.rainforestfoundationuk.org\/wp-content\/uploads\/2021\/10\/Mapping-the-future.pdf\" target=\"_blank\">View online<\/a>\r\n    \r\n    <a href=\"https:\/\/www.rainforestfoundationuk.org\/wp-content\/uploads\/2021\/10\/Mapping-the-future.pdf\" download=\"\" target=\"_self\">Download PDF<\/a><\/p>\r\n<h3>Aires prot\u00e9g\u00e9es et droits autochtones : Une soumission au Rapporteur sp\u00e9cial de l'ONU<\/h3>\r\n<p class=\"translation-block\"><a href=\"https:\/\/www.rainforestfoundationuk.org\/wp-content\/uploads\/2021\/10\/Mapping-the-future.pdf\" target=\"_blank\">View online<\/a>\r\n    \r\n    <a href=\"https:\/\/www.rainforestfoundationuk.org\/wp-content\/uploads\/2021\/10\/Mapping-the-future.pdf\" download=\"\" target=\"_self\">Download PDF<\/a><\/p>\r\n<h3>De graves violations des droits de l'homme sont signal\u00e9es dans le parc national de la Salonga et ses environs<\/h3>\r\n<p class=\"translation-block\"><a href=\"https:\/\/www.rainforestfoundationuk.org\/wp-content\/uploads\/2021\/10\/Mapping-the-future.pdf\" target=\"_blank\">View online<\/a>\r\n    \r\n    <a href=\"https:\/\/www.rainforestfoundationuk.org\/wp-content\/uploads\/2021\/10\/Mapping-the-future.pdf\" download=\"\" target=\"_self\">Download PDF<\/a><\/p>\r\n<!-- .pp-content-posts -->\r\n<p><a href=\"https:\/\/www.rainforestfoundationuk.org\/fr\/nouvelles\/\">Plus de publications...<\/a><\/p>","protected":false},"excerpt":{"rendered":"<p>L\u2019approche occidentale traditionnelle de la \u00ab\u2009conservation en forteresse\u2009\u00bb repose sur l\u2019id\u00e9e dangereuse, mais persistante que les populations locales doivent \u00eatre s\u00e9par\u00e9es de la nature pour la garder \u00ab\u2009vierge\u2009\u00bb (parfois au profit des touristes \u00e9trangers). Non seulement cette approche entra\u00eene des violations des droits humains, mais elle est \u00e9galement inefficace, car elle ignore et ali\u00e8ne les personnes qui ont fa\u00e7onn\u00e9 et g\u00e9r\u00e9 ces paysages depuis des mill\u00e9naires.  <\/p>","protected":false},"author":2,"featured_media":1247,"parent":197,"menu_order":0,"comment_status":"closed","ping_status":"closed","template":"","meta":{"_acf_changed":false,"footnotes":""},"class_list":{"0":"post-199","1":"page","2":"type-page","3":"status-publish","4":"has-post-thumbnail","6":"no-featured-image-padding"},"acf":[],"yoast_head":"<!-- This site is optimized with the Yoast SEO plugin v27.5 - https:\/\/yoast.com\/product\/yoast-seo-wordpress\/ -->\n<title>Conservation &amp; Human Rights - Rainforest Foundation UK<\/title>\n<meta name=\"robots\" content=\"index, follow, max-snippet:-1, max-image-preview:large, max-video-preview:-1\" \/>\n<link rel=\"canonical\" href=\"https:\/\/www.rainforestfoundationuk.org\/fr\/recherche-action\/conservation-et-droits-de-lhomme\/\" \/>\n<meta property=\"og:locale\" content=\"fr_FR\" \/>\n<meta property=\"og:type\" content=\"article\" \/>\n<meta property=\"og:title\" content=\"Conservation &amp; Human Rights - Rainforest Foundation UK\" \/>\n<meta property=\"og:description\" content=\"The traditional \u2018fortress conservation\u2019 approach of the west is premised on the dangerous yet persistent idea that local people need to be separated from nature to keep it \u201cpristine\u201d (sometimes for the benefit of foreign tourists). This does not only drive human rights violations but is also ineffective as it ignores and alienates the very people who have shaped and stewarded those landscapes for millennia.\" \/>\n<meta property=\"og:url\" content=\"https:\/\/www.rainforestfoundationuk.org\/fr\/recherche-action\/conservation-et-droits-de-lhomme\/\" \/>\n<meta property=\"og:site_name\" content=\"Rainforest Foundation UK\" \/>\n<meta property=\"article:publisher\" content=\"https:\/\/www.facebook.com\/rainforestfoundationuk\" \/>\n<meta property=\"article:modified_time\" content=\"2024-04-16T09:48:41+00:00\" \/>\n<meta property=\"og:image\" content=\"https:\/\/www.rainforestfoundationuk.org\/wp-content\/uploads\/2021\/10\/sustainable-conservation.jpg\" \/>\n\t<meta property=\"og:image:width\" content=\"613\" \/>\n\t<meta property=\"og:image:height\" content=\"400\" \/>\n\t<meta property=\"og:image:type\" content=\"image\/jpeg\" \/>\n<meta name=\"twitter:card\" content=\"summary_large_image\" \/>\n<meta name=\"twitter:site\" content=\"@RFUK\" \/>\n<meta name=\"twitter:label1\" content=\"Dur\u00e9e de lecture estim\u00e9e\" \/>\n\t<meta name=\"twitter:data1\" content=\"5 minutes\" \/>\n<script type=\"application\/ld+json\" class=\"yoast-schema-graph\">{\"@context\":\"https:\\\/\\\/schema.org\",\"@graph\":[{\"@type\":\"WebPage\",\"@id\":\"https:\\\/\\\/www.rainforestfoundationuk.org\\\/research-led-action\\\/conservation-and-human-rights\\\/\",\"url\":\"https:\\\/\\\/www.rainforestfoundationuk.org\\\/research-led-action\\\/conservation-and-human-rights\\\/\",\"name\":\"Conservation & Human Rights - Rainforest Foundation UK\",\"isPartOf\":{\"@id\":\"https:\\\/\\\/www.rainforestfoundationuk.org\\\/#website\"},\"primaryImageOfPage\":{\"@id\":\"https:\\\/\\\/www.rainforestfoundationuk.org\\\/research-led-action\\\/conservation-and-human-rights\\\/#primaryimage\"},\"image\":{\"@id\":\"https:\\\/\\\/www.rainforestfoundationuk.org\\\/research-led-action\\\/conservation-and-human-rights\\\/#primaryimage\"},\"thumbnailUrl\":\"https:\\\/\\\/www.rainforestfoundationuk.org\\\/wp-content\\\/uploads\\\/2021\\\/10\\\/sustainable-conservation.jpg\",\"datePublished\":\"2021-09-13T09:37:44+00:00\",\"dateModified\":\"2024-04-16T09:48:41+00:00\",\"breadcrumb\":{\"@id\":\"https:\\\/\\\/www.rainforestfoundationuk.org\\\/research-led-action\\\/conservation-and-human-rights\\\/#breadcrumb\"},\"inLanguage\":\"fr-FR\",\"potentialAction\":[{\"@type\":\"ReadAction\",\"target\":[\"https:\\\/\\\/www.rainforestfoundationuk.org\\\/research-led-action\\\/conservation-and-human-rights\\\/\"]}]},{\"@type\":\"ImageObject\",\"inLanguage\":\"fr-FR\",\"@id\":\"https:\\\/\\\/www.rainforestfoundationuk.org\\\/research-led-action\\\/conservation-and-human-rights\\\/#primaryimage\",\"url\":\"https:\\\/\\\/www.rainforestfoundationuk.org\\\/wp-content\\\/uploads\\\/2021\\\/10\\\/sustainable-conservation.jpg\",\"contentUrl\":\"https:\\\/\\\/www.rainforestfoundationuk.org\\\/wp-content\\\/uploads\\\/2021\\\/10\\\/sustainable-conservation.jpg\",\"width\":613,\"height\":400},{\"@type\":\"BreadcrumbList\",\"@id\":\"https:\\\/\\\/www.rainforestfoundationuk.org\\\/research-led-action\\\/conservation-and-human-rights\\\/#breadcrumb\",\"itemListElement\":[{\"@type\":\"ListItem\",\"position\":1,\"name\":\"Home\",\"item\":\"https:\\\/\\\/www.rainforestfoundationuk.org\\\/\"},{\"@type\":\"ListItem\",\"position\":2,\"name\":\"Research-led Action\",\"item\":\"https:\\\/\\\/www.rainforestfoundationuk.org\\\/es\\\/investigacion-orientada-a-la-accion\\\/\"},{\"@type\":\"ListItem\",\"position\":3,\"name\":\"Conservation &#038; Human Rights\"}]},{\"@type\":\"WebSite\",\"@id\":\"https:\\\/\\\/www.rainforestfoundationuk.org\\\/#website\",\"url\":\"https:\\\/\\\/www.rainforestfoundationuk.org\\\/\",\"name\":\"Rainforest Foundation UK\",\"description\":\"Securing lands, sustaining lives\",\"publisher\":{\"@id\":\"https:\\\/\\\/www.rainforestfoundationuk.org\\\/#organization\"},\"potentialAction\":[{\"@type\":\"SearchAction\",\"target\":{\"@type\":\"EntryPoint\",\"urlTemplate\":\"https:\\\/\\\/www.rainforestfoundationuk.org\\\/?s={search_term_string}\"},\"query-input\":{\"@type\":\"PropertyValueSpecification\",\"valueRequired\":true,\"valueName\":\"search_term_string\"}}],\"inLanguage\":\"fr-FR\"},{\"@type\":\"Organization\",\"@id\":\"https:\\\/\\\/www.rainforestfoundationuk.org\\\/#organization\",\"name\":\"Rainforest Foundation UK\",\"url\":\"https:\\\/\\\/www.rainforestfoundationuk.org\\\/\",\"logo\":{\"@type\":\"ImageObject\",\"inLanguage\":\"fr-FR\",\"@id\":\"https:\\\/\\\/www.rainforestfoundationuk.org\\\/#\\\/schema\\\/logo\\\/image\\\/\",\"url\":\"https:\\\/\\\/www.rainforestfoundationuk.org\\\/wp-content\\\/uploads\\\/2023\\\/08\\\/RFUK-logo-black.svg\",\"contentUrl\":\"https:\\\/\\\/www.rainforestfoundationuk.org\\\/wp-content\\\/uploads\\\/2023\\\/08\\\/RFUK-logo-black.svg\",\"width\":1278,\"height\":332,\"caption\":\"Rainforest Foundation UK\"},\"image\":{\"@id\":\"https:\\\/\\\/www.rainforestfoundationuk.org\\\/#\\\/schema\\\/logo\\\/image\\\/\"},\"sameAs\":[\"https:\\\/\\\/www.facebook.com\\\/rainforestfoundationuk\",\"https:\\\/\\\/x.com\\\/RFUK\",\"https:\\\/\\\/www.instagram.com\\\/rainforestfoundationuk\\\/\",\"https:\\\/\\\/www.youtube.com\\\/user\\\/theRFUK\"]}]}<\/script>\n<!-- \/ Yoast SEO plugin. -->","yoast_head_json":{"title":"Conservation et droits de l'homme - Rainforest Foundation UK","robots":{"index":"index","follow":"follow","max-snippet":"max-snippet:-1","max-image-preview":"max-image-preview:large","max-video-preview":"max-video-preview:-1"},"canonical":"https:\/\/www.rainforestfoundationuk.org\/fr\/recherche-action\/conservation-et-droits-de-lhomme\/","og_locale":"fr_FR","og_type":"article","og_title":"Conservation & Human Rights - Rainforest Foundation UK","og_description":"The traditional \u2018fortress conservation\u2019 approach of the west is premised on the dangerous yet persistent idea that local people need to be separated from nature to keep it \u201cpristine\u201d (sometimes for the benefit of foreign tourists). This does not only drive human rights violations but is also ineffective as it ignores and alienates the very people who have shaped and stewarded those landscapes for millennia.","og_url":"https:\/\/www.rainforestfoundationuk.org\/fr\/recherche-action\/conservation-et-droits-de-lhomme\/","og_site_name":"Rainforest Foundation UK","article_publisher":"https:\/\/www.facebook.com\/rainforestfoundationuk","article_modified_time":"2024-04-16T09:48:41+00:00","og_image":[{"width":613,"height":400,"url":"https:\/\/www.rainforestfoundationuk.org\/wp-content\/uploads\/2021\/10\/sustainable-conservation.jpg","type":"image\/jpeg"}],"twitter_card":"summary_large_image","twitter_site":"@RFUK","twitter_misc":{"Dur\u00e9e de lecture estim\u00e9e":"5 minutes"},"schema":{"@context":"https:\/\/schema.org","@graph":[{"@type":"WebPage","@id":"https:\/\/www.rainforestfoundationuk.org\/research-led-action\/conservation-and-human-rights\/","url":"https:\/\/www.rainforestfoundationuk.org\/research-led-action\/conservation-and-human-rights\/","name":"Conservation et droits de l'homme - Rainforest Foundation UK","isPartOf":{"@id":"https:\/\/www.rainforestfoundationuk.org\/#website"},"primaryImageOfPage":{"@id":"https:\/\/www.rainforestfoundationuk.org\/research-led-action\/conservation-and-human-rights\/#primaryimage"},"image":{"@id":"https:\/\/www.rainforestfoundationuk.org\/research-led-action\/conservation-and-human-rights\/#primaryimage"},"thumbnailUrl":"https:\/\/www.rainforestfoundationuk.org\/wp-content\/uploads\/2021\/10\/sustainable-conservation.jpg","datePublished":"2021-09-13T09:37:44+00:00","dateModified":"2024-04-16T09:48:41+00:00","breadcrumb":{"@id":"https:\/\/www.rainforestfoundationuk.org\/research-led-action\/conservation-and-human-rights\/#breadcrumb"},"inLanguage":"fr-FR","potentialAction":[{"@type":"ReadAction","target":["https:\/\/www.rainforestfoundationuk.org\/research-led-action\/conservation-and-human-rights\/"]}]},{"@type":"ImageObject","inLanguage":"fr-FR","@id":"https:\/\/www.rainforestfoundationuk.org\/research-led-action\/conservation-and-human-rights\/#primaryimage","url":"https:\/\/www.rainforestfoundationuk.org\/wp-content\/uploads\/2021\/10\/sustainable-conservation.jpg","contentUrl":"https:\/\/www.rainforestfoundationuk.org\/wp-content\/uploads\/2021\/10\/sustainable-conservation.jpg","width":613,"height":400},{"@type":"BreadcrumbList","@id":"https:\/\/www.rainforestfoundationuk.org\/research-led-action\/conservation-and-human-rights\/#breadcrumb","itemListElement":[{"@type":"ListItem","position":1,"name":"Home","item":"https:\/\/www.rainforestfoundationuk.org\/"},{"@type":"ListItem","position":2,"name":"Research-led Action","item":"https:\/\/www.rainforestfoundationuk.org\/es\/investigacion-orientada-a-la-accion\/"},{"@type":"ListItem","position":3,"name":"Conservation &#038; Human Rights"}]},{"@type":"WebSite","@id":"https:\/\/www.rainforestfoundationuk.org\/#website","url":"https:\/\/www.rainforestfoundationuk.org\/","name":"Rainforest Foundation UK","description":"S\u00e9curiser les terres, pr\u00e9server les vies","publisher":{"@id":"https:\/\/www.rainforestfoundationuk.org\/#organization"},"potentialAction":[{"@type":"SearchAction","target":{"@type":"EntryPoint","urlTemplate":"https:\/\/www.rainforestfoundationuk.org\/?s={search_term_string}"},"query-input":{"@type":"PropertyValueSpecification","valueRequired":true,"valueName":"search_term_string"}}],"inLanguage":"fr-FR"},{"@type":"Organization","@id":"https:\/\/www.rainforestfoundationuk.org\/#organization","name":"Rainforest Foundation UK","url":"https:\/\/www.rainforestfoundationuk.org\/","logo":{"@type":"ImageObject","inLanguage":"fr-FR","@id":"https:\/\/www.rainforestfoundationuk.org\/#\/schema\/logo\/image\/","url":"https:\/\/www.rainforestfoundationuk.org\/wp-content\/uploads\/2023\/08\/RFUK-logo-black.svg","contentUrl":"https:\/\/www.rainforestfoundationuk.org\/wp-content\/uploads\/2023\/08\/RFUK-logo-black.svg","width":1278,"height":332,"caption":"Rainforest Foundation UK"},"image":{"@id":"https:\/\/www.rainforestfoundationuk.org\/#\/schema\/logo\/image\/"},"sameAs":["https:\/\/www.facebook.com\/rainforestfoundationuk","https:\/\/x.com\/RFUK","https:\/\/www.instagram.com\/rainforestfoundationuk\/","https:\/\/www.youtube.com\/user\/theRFUK"]}]}},"_links":{"self":[{"href":"https:\/\/www.rainforestfoundationuk.org\/fr\/wp-json\/wp\/v2\/pages\/199","targetHints":{"allow":["GET"]}}],"collection":[{"href":"https:\/\/www.rainforestfoundationuk.org\/fr\/wp-json\/wp\/v2\/pages"}],"about":[{"href":"https:\/\/www.rainforestfoundationuk.org\/fr\/wp-json\/wp\/v2\/types\/page"}],"author":[{"embeddable":true,"href":"https:\/\/www.rainforestfoundationuk.org\/fr\/wp-json\/wp\/v2\/users\/2"}],"replies":[{"embeddable":true,"href":"https:\/\/www.rainforestfoundationuk.org\/fr\/wp-json\/wp\/v2\/comments?post=199"}],"version-history":[{"count":5,"href":"https:\/\/www.rainforestfoundationuk.org\/fr\/wp-json\/wp\/v2\/pages\/199\/revisions"}],"predecessor-version":[{"id":7875,"href":"https:\/\/www.rainforestfoundationuk.org\/fr\/wp-json\/wp\/v2\/pages\/199\/revisions\/7875"}],"up":[{"embeddable":true,"href":"https:\/\/www.rainforestfoundationuk.org\/fr\/wp-json\/wp\/v2\/pages\/197"}],"wp:featuredmedia":[{"embeddable":true,"href":"https:\/\/www.rainforestfoundationuk.org\/fr\/wp-json\/wp\/v2\/media\/1247"}],"wp:attachment":[{"href":"https:\/\/www.rainforestfoundationuk.org\/fr\/wp-json\/wp\/v2\/media?parent=199"}],"curies":[{"name":"wp","href":"https:\/\/api.w.org\/{rel}","templated":true}]}}