{"id":217,"date":"2021-09-13T09:40:30","date_gmt":"2021-09-13T09:40:30","guid":{"rendered":"https:\/\/www.rainforestfoundationuk.org\/?page_id=217"},"modified":"2022-12-20T15:11:49","modified_gmt":"2022-12-20T15:11:49","slug":"laisser-un-heritage","status":"publish","type":"page","link":"https:\/\/www.rainforestfoundationuk.org\/fr\/what-you-can-do\/support-us\/leave-a-legacy\/","title":{"rendered":"Laissez un h\u00e9ritage"},"content":{"rendered":"<img decoding=\"async\" src=\"https:\/\/www.rainforestfoundationuk.org\/wp-content\/uploads\/2021\/11\/1f2aa456-6421-4320-8879-f91afb3dbb24-1.jpg\" alt=\"1f2aa456-6421-4320-8879-f91afb3dbb24-1\" itemprop=\"image\" title=\"1f2aa456-6421-4320-8879-f91afb3dbb24-1\" onerror=\"this.style.display='none'\"  \/>\n\t<p><strong>En faisant un don par testament \u00e0 la Rainforest Foundation UK, vous pouvez faire en sorte que les for\u00eats tropicales continuent d'\u00eatre prot\u00e9g\u00e9es pour des g\u00e9n\u00e9rations \u00e0 venir - et que les moyens de subsistance des populations des for\u00eats tropicales soient maintenus. <\/strong><\/p>\n<p>En vous souvenant de nous dans votre testament, vous nous aiderez \u00e0 mettre les communaut\u00e9s sur la carte et \u00e0 cr\u00e9er la preuve de leur existence dans la for\u00eat, en garantissant leurs droits et en prot\u00e9geant leur foyer forestier.<\/p>\n<table  data-tablesaw-minimap>\n\t\t\t<thead>\n\t\t<tr>\n\t\t\t<th id=\"pp-table-col-1\" scope=\"col\" data-tablesaw-sortable-col>\t\t\t\t\t\n\t\t\t\t\t\t\t\t\t\t\t\tUn cadeau de\t\t\t\t\t\n\t\t\t\t\t<\/th><th id=\"pp-table-col-2\" scope=\"col\" data-tablesaw-sortable-col>\t\t\t\t\t\n\t\t\t\t\t\t\t\t\t\t\t\tsoutient\t\t\t\t\t\n\t\t\t\t\t<\/th><th id=\"pp-table-col-3\" scope=\"col\" data-tablesaw-sortable-col>\t\t\t\t\t\n\t\t\t\t\t\t\t\t\t\t\t\tcouvrant\t\t\t\t\t\n\t\t\t\t\t<\/th>\t\t<\/tr>\n\t<\/thead>\n\t\t<tbody>\n\t\t<tr><td>\u00a35000<\/td><td>15 communaut\u00e9s<\/td><td>50 000 hectares de for\u00eat tropicale<\/td><\/tr><tr><td>\u00a310,000<\/td><td>30 communaut\u00e9s<\/td><td>100 000 hectares de for\u00eat tropicale<\/td><\/tr><tr><td>\u00a350,000<\/td><td>150 communaut\u00e9s<\/td><td>500 000 hectares de for\u00eat tropicale<\/td><\/tr>\t<\/tbody>\n<\/table>\n\t<p>Faites votre testament\u00a0<strong><u>gratuit<\/u><\/strong>\u00a0aujourd'hui avec Bequeathed.<\/p>\n<p>Bequeathed vous mettra en relation avec des cabinets d'avocats accr\u00e9dit\u00e9s, qui vous consacreront jusqu'\u00e0 30 minutes* de leur expertise pour vous aider \u00e0 r\u00e9diger votre testament gratuitement (*temps moyen de r\u00e9daction d\u2019un testament).<\/p>\n<p>D\u00e9couvrez plus d'informations et commencez votre voyage de legs avec\u00a0<a href=\"https:\/\/www.bequeathed.org\/rfuk\">ici<\/a><\/p>\n<p>Vous pouvez \u00e9galement contacter\u00a0<a href=\"mailto:legacy@rainforestuk.org\"><strong>legacy@rainforestuk.org<\/strong><\/a>\u00a0pour plus d'informations.<\/p>\n\t\t\t\t<img decoding=\"async\" src=\"https:\/\/www.rainforestfoundationuk.org\/wp-content\/uploads\/2021\/11\/f62c13de-9fcb-45a1-adc1-c7db9d3e4e4b-1-1.jpg\" alt=\"f62c13de-9fcb-45a1-adc1-c7db9d3e4e4b-1\" itemprop=\"image\" title=\"f62c13de-9fcb-45a1-adc1-c7db9d3e4e4b-1\" onerror=\"this.style.display='none'\"  \/>\n<h2>\n\t\tServices de r\u00e9daction de testaments\n\t<\/h2>\n\t<p>Laissez quelque chose \u00e0 tous ceux qui vous sont chers. Et \u00e9conomisez de l'argent sur votre testament avec un professionnel du droit en qui vous pouvez avoir confiance.<\/p>\n\t\t<h3>Partenariat de bonne volont\u00e9<\/h3>\t\t\n\t\t\t<p class=\"translation-block\">Les services juridiques coop\u00e9ratifs offrent un service professionnel de r\u00e9daction de testaments, pratique et facile \u00e0 utiliser.Leur service est assur\u00e9 par t\u00e9l\u00e9phone et ils sont donc en mesure de vous parler au moment qui vous convient le mieux.<\/p>\n<p>Afin de soutenir la Rainforest Foundation UK, les services juridiques coop\u00e9ratifs proposent de r\u00e9diger un testament simple de base au prix r\u00e9duit de 100 \u00a3, TVA comprise. Cela repr\u00e9sente une \u00e9conomie de 25 \u00a3.<\/p>\n<p>Pour contacter un sp\u00e9cialiste des testaments, appelez le <strong>0844 252 9965<\/strong> et citez <strong>RACWILLS01<\/strong>.\u00a0<strong>0844 252 9965<\/strong>\u00a0et de citer\u00a0<strong>RACWILLS01<\/strong>.<\/p>\n\t\t<h3>Services juridiques coop\u00e9ratifs<\/h3>\t\t\n\t\t\t<p>Si vous pr\u00e9f\u00e9rez rencontrer quelqu'un en pr\u00e9sentiel, ce service est un moyen abordable de le faire. Un professionnel qualifi\u00e9 vous rendra visite \u00e0 votre domicile et transmettra vos instructions \u00e0 l'avocat du groupe qui r\u00e9digera votre testament.<\/p>\n<p><strong>Prix<\/strong>: 98 \u00a3 + TVA pour un seul testament (prix le plus bas pour un service de r\u00e9daction de testaments en pr\u00e9sentiel en Angleterre et au Pays de Galles)<\/p>\n<p><strong>Appelez<\/strong>: 0844 669 6148 (citer Rainforest Foundation UK)<\/p>","protected":false},"excerpt":{"rendered":"<p>En faisant un don par testament \u00e0 la Rainforest Foundation UK, vous pouvez faire en sorte que les for\u00eats tropicales continuent d'\u00eatre prot\u00e9g\u00e9es pour les g\u00e9n\u00e9rations futures.<\/p>","protected":false},"author":2,"featured_media":1647,"parent":207,"menu_order":10,"comment_status":"closed","ping_status":"closed","template":"","meta":{"_acf_changed":false,"footnotes":""},"class_list":{"0":"post-217","1":"page","2":"type-page","3":"status-publish","4":"has-post-thumbnail","6":"no-featured-image-padding"},"acf":[],"yoast_head":"<!-- This site is optimized with the Yoast SEO plugin v27.3 - https:\/\/yoast.com\/product\/yoast-seo-wordpress\/ -->\n<title>Leave a Legacy - Rainforest Foundation UK<\/title>\n<meta name=\"robots\" content=\"index, follow, max-snippet:-1, max-image-preview:large, max-video-preview:-1\" \/>\n<link rel=\"canonical\" href=\"https:\/\/www.rainforestfoundationuk.org\/fr\/ce-que-vous-pouvez-faire\/support-us\/laisser-un-heritage\/\" \/>\n<meta property=\"og:locale\" content=\"fr_FR\" \/>\n<meta property=\"og:type\" content=\"article\" \/>\n<meta property=\"og:title\" content=\"Leave a Legacy - Rainforest Foundation UK\" \/>\n<meta property=\"og:description\" content=\"By leaving a gift in your Will to the Rainforest Foundation UK you can ensure that rainforests continue to be protected for future generations.\" \/>\n<meta property=\"og:url\" content=\"https:\/\/www.rainforestfoundationuk.org\/fr\/ce-que-vous-pouvez-faire\/support-us\/laisser-un-heritage\/\" \/>\n<meta property=\"og:site_name\" content=\"Rainforest Foundation UK\" \/>\n<meta property=\"article:publisher\" content=\"https:\/\/www.facebook.com\/rainforestfoundationuk\" \/>\n<meta property=\"article:modified_time\" content=\"2022-12-20T15:11:49+00:00\" \/>\n<meta property=\"og:image\" content=\"https:\/\/www.rainforestfoundationuk.org\/wp-content\/uploads\/2021\/11\/991dd9ea-be46-40b9-8e7c-898c1ecd7dca.jpg\" \/>\n\t<meta property=\"og:image:width\" content=\"403\" \/>\n\t<meta property=\"og:image:height\" content=\"310\" \/>\n\t<meta property=\"og:image:type\" content=\"image\/jpeg\" \/>\n<meta name=\"twitter:card\" content=\"summary_large_image\" \/>\n<meta name=\"twitter:site\" content=\"@RFUK\" \/>\n<meta name=\"twitter:label1\" content=\"Dur\u00e9e de lecture estim\u00e9e\" \/>\n\t<meta name=\"twitter:data1\" content=\"2 minutes\" \/>\n<script type=\"application\/ld+json\" class=\"yoast-schema-graph\">{\"@context\":\"https:\\\/\\\/schema.org\",\"@graph\":[{\"@type\":\"WebPage\",\"@id\":\"https:\\\/\\\/www.rainforestfoundationuk.org\\\/what-you-can-do\\\/support-us\\\/leave-a-legacy\\\/\",\"url\":\"https:\\\/\\\/www.rainforestfoundationuk.org\\\/what-you-can-do\\\/support-us\\\/leave-a-legacy\\\/\",\"name\":\"Leave a Legacy - Rainforest Foundation UK\",\"isPartOf\":{\"@id\":\"https:\\\/\\\/www.rainforestfoundationuk.org\\\/#website\"},\"primaryImageOfPage\":{\"@id\":\"https:\\\/\\\/www.rainforestfoundationuk.org\\\/what-you-can-do\\\/support-us\\\/leave-a-legacy\\\/#primaryimage\"},\"image\":{\"@id\":\"https:\\\/\\\/www.rainforestfoundationuk.org\\\/what-you-can-do\\\/support-us\\\/leave-a-legacy\\\/#primaryimage\"},\"thumbnailUrl\":\"https:\\\/\\\/www.rainforestfoundationuk.org\\\/wp-content\\\/uploads\\\/2021\\\/11\\\/991dd9ea-be46-40b9-8e7c-898c1ecd7dca.jpg\",\"datePublished\":\"2021-09-13T09:40:30+00:00\",\"dateModified\":\"2022-12-20T15:11:49+00:00\",\"breadcrumb\":{\"@id\":\"https:\\\/\\\/www.rainforestfoundationuk.org\\\/what-you-can-do\\\/support-us\\\/leave-a-legacy\\\/#breadcrumb\"},\"inLanguage\":\"fr-FR\",\"potentialAction\":[{\"@type\":\"ReadAction\",\"target\":[\"https:\\\/\\\/www.rainforestfoundationuk.org\\\/what-you-can-do\\\/support-us\\\/leave-a-legacy\\\/\"]}]},{\"@type\":\"ImageObject\",\"inLanguage\":\"fr-FR\",\"@id\":\"https:\\\/\\\/www.rainforestfoundationuk.org\\\/what-you-can-do\\\/support-us\\\/leave-a-legacy\\\/#primaryimage\",\"url\":\"https:\\\/\\\/www.rainforestfoundationuk.org\\\/wp-content\\\/uploads\\\/2021\\\/11\\\/991dd9ea-be46-40b9-8e7c-898c1ecd7dca.jpg\",\"contentUrl\":\"https:\\\/\\\/www.rainforestfoundationuk.org\\\/wp-content\\\/uploads\\\/2021\\\/11\\\/991dd9ea-be46-40b9-8e7c-898c1ecd7dca.jpg\",\"width\":403,\"height\":310},{\"@type\":\"BreadcrumbList\",\"@id\":\"https:\\\/\\\/www.rainforestfoundationuk.org\\\/what-you-can-do\\\/support-us\\\/leave-a-legacy\\\/#breadcrumb\",\"itemListElement\":[{\"@type\":\"ListItem\",\"position\":1,\"name\":\"Home\",\"item\":\"https:\\\/\\\/www.rainforestfoundationuk.org\\\/\"},{\"@type\":\"ListItem\",\"position\":2,\"name\":\"What You Can Do\",\"item\":\"https:\\\/\\\/www.rainforestfoundationuk.org\\\/what-you-can-do\\\/\"},{\"@type\":\"ListItem\",\"position\":3,\"name\":\"Support Us\",\"item\":\"https:\\\/\\\/www.rainforestfoundationuk.org\\\/what-you-can-do\\\/support-us\\\/\"},{\"@type\":\"ListItem\",\"position\":4,\"name\":\"Leave a Legacy\"}]},{\"@type\":\"WebSite\",\"@id\":\"https:\\\/\\\/www.rainforestfoundationuk.org\\\/#website\",\"url\":\"https:\\\/\\\/www.rainforestfoundationuk.org\\\/\",\"name\":\"Rainforest Foundation UK\",\"description\":\"Securing lands, sustaining lives\",\"publisher\":{\"@id\":\"https:\\\/\\\/www.rainforestfoundationuk.org\\\/#organization\"},\"potentialAction\":[{\"@type\":\"SearchAction\",\"target\":{\"@type\":\"EntryPoint\",\"urlTemplate\":\"https:\\\/\\\/www.rainforestfoundationuk.org\\\/?s={search_term_string}\"},\"query-input\":{\"@type\":\"PropertyValueSpecification\",\"valueRequired\":true,\"valueName\":\"search_term_string\"}}],\"inLanguage\":\"fr-FR\"},{\"@type\":\"Organization\",\"@id\":\"https:\\\/\\\/www.rainforestfoundationuk.org\\\/#organization\",\"name\":\"Rainforest Foundation UK\",\"url\":\"https:\\\/\\\/www.rainforestfoundationuk.org\\\/\",\"logo\":{\"@type\":\"ImageObject\",\"inLanguage\":\"fr-FR\",\"@id\":\"https:\\\/\\\/www.rainforestfoundationuk.org\\\/#\\\/schema\\\/logo\\\/image\\\/\",\"url\":\"https:\\\/\\\/www.rainforestfoundationuk.org\\\/wp-content\\\/uploads\\\/2023\\\/08\\\/RFUK-logo-black.svg\",\"contentUrl\":\"https:\\\/\\\/www.rainforestfoundationuk.org\\\/wp-content\\\/uploads\\\/2023\\\/08\\\/RFUK-logo-black.svg\",\"width\":1278,\"height\":332,\"caption\":\"Rainforest Foundation UK\"},\"image\":{\"@id\":\"https:\\\/\\\/www.rainforestfoundationuk.org\\\/#\\\/schema\\\/logo\\\/image\\\/\"},\"sameAs\":[\"https:\\\/\\\/www.facebook.com\\\/rainforestfoundationuk\",\"https:\\\/\\\/x.com\\\/RFUK\",\"https:\\\/\\\/www.instagram.com\\\/rainforestfoundationuk\\\/\",\"https:\\\/\\\/www.youtube.com\\\/user\\\/theRFUK\"]}]}<\/script>\n<!-- \/ Yoast SEO plugin. -->","yoast_head_json":{"title":"Laissez un h\u00e9ritage - Rainforest Foundation UK","robots":{"index":"index","follow":"follow","max-snippet":"max-snippet:-1","max-image-preview":"max-image-preview:large","max-video-preview":"max-video-preview:-1"},"canonical":"https:\/\/www.rainforestfoundationuk.org\/fr\/ce-que-vous-pouvez-faire\/support-us\/laisser-un-heritage\/","og_locale":"fr_FR","og_type":"article","og_title":"Leave a Legacy - Rainforest Foundation UK","og_description":"By leaving a gift in your Will to the Rainforest Foundation UK you can ensure that rainforests continue to be protected for future generations.","og_url":"https:\/\/www.rainforestfoundationuk.org\/fr\/ce-que-vous-pouvez-faire\/support-us\/laisser-un-heritage\/","og_site_name":"Rainforest Foundation UK","article_publisher":"https:\/\/www.facebook.com\/rainforestfoundationuk","article_modified_time":"2022-12-20T15:11:49+00:00","og_image":[{"width":403,"height":310,"url":"https:\/\/www.rainforestfoundationuk.org\/wp-content\/uploads\/2021\/11\/991dd9ea-be46-40b9-8e7c-898c1ecd7dca.jpg","type":"image\/jpeg"}],"twitter_card":"summary_large_image","twitter_site":"@RFUK","twitter_misc":{"Dur\u00e9e de lecture estim\u00e9e":"2 minutes"},"schema":{"@context":"https:\/\/schema.org","@graph":[{"@type":"WebPage","@id":"https:\/\/www.rainforestfoundationuk.org\/what-you-can-do\/support-us\/leave-a-legacy\/","url":"https:\/\/www.rainforestfoundationuk.org\/what-you-can-do\/support-us\/leave-a-legacy\/","name":"Laissez un h\u00e9ritage - Rainforest Foundation UK","isPartOf":{"@id":"https:\/\/www.rainforestfoundationuk.org\/#website"},"primaryImageOfPage":{"@id":"https:\/\/www.rainforestfoundationuk.org\/what-you-can-do\/support-us\/leave-a-legacy\/#primaryimage"},"image":{"@id":"https:\/\/www.rainforestfoundationuk.org\/what-you-can-do\/support-us\/leave-a-legacy\/#primaryimage"},"thumbnailUrl":"https:\/\/www.rainforestfoundationuk.org\/wp-content\/uploads\/2021\/11\/991dd9ea-be46-40b9-8e7c-898c1ecd7dca.jpg","datePublished":"2021-09-13T09:40:30+00:00","dateModified":"2022-12-20T15:11:49+00:00","breadcrumb":{"@id":"https:\/\/www.rainforestfoundationuk.org\/what-you-can-do\/support-us\/leave-a-legacy\/#breadcrumb"},"inLanguage":"fr-FR","potentialAction":[{"@type":"ReadAction","target":["https:\/\/www.rainforestfoundationuk.org\/what-you-can-do\/support-us\/leave-a-legacy\/"]}]},{"@type":"ImageObject","inLanguage":"fr-FR","@id":"https:\/\/www.rainforestfoundationuk.org\/what-you-can-do\/support-us\/leave-a-legacy\/#primaryimage","url":"https:\/\/www.rainforestfoundationuk.org\/wp-content\/uploads\/2021\/11\/991dd9ea-be46-40b9-8e7c-898c1ecd7dca.jpg","contentUrl":"https:\/\/www.rainforestfoundationuk.org\/wp-content\/uploads\/2021\/11\/991dd9ea-be46-40b9-8e7c-898c1ecd7dca.jpg","width":403,"height":310},{"@type":"BreadcrumbList","@id":"https:\/\/www.rainforestfoundationuk.org\/what-you-can-do\/support-us\/leave-a-legacy\/#breadcrumb","itemListElement":[{"@type":"ListItem","position":1,"name":"Home","item":"https:\/\/www.rainforestfoundationuk.org\/"},{"@type":"ListItem","position":2,"name":"What You Can Do","item":"https:\/\/www.rainforestfoundationuk.org\/what-you-can-do\/"},{"@type":"ListItem","position":3,"name":"Support Us","item":"https:\/\/www.rainforestfoundationuk.org\/what-you-can-do\/support-us\/"},{"@type":"ListItem","position":4,"name":"Leave a Legacy"}]},{"@type":"WebSite","@id":"https:\/\/www.rainforestfoundationuk.org\/#website","url":"https:\/\/www.rainforestfoundationuk.org\/","name":"Rainforest Foundation UK","description":"S\u00e9curiser les terres, pr\u00e9server les vies","publisher":{"@id":"https:\/\/www.rainforestfoundationuk.org\/#organization"},"potentialAction":[{"@type":"SearchAction","target":{"@type":"EntryPoint","urlTemplate":"https:\/\/www.rainforestfoundationuk.org\/?s={search_term_string}"},"query-input":{"@type":"PropertyValueSpecification","valueRequired":true,"valueName":"search_term_string"}}],"inLanguage":"fr-FR"},{"@type":"Organization","@id":"https:\/\/www.rainforestfoundationuk.org\/#organization","name":"Rainforest Foundation UK","url":"https:\/\/www.rainforestfoundationuk.org\/","logo":{"@type":"ImageObject","inLanguage":"fr-FR","@id":"https:\/\/www.rainforestfoundationuk.org\/#\/schema\/logo\/image\/","url":"https:\/\/www.rainforestfoundationuk.org\/wp-content\/uploads\/2023\/08\/RFUK-logo-black.svg","contentUrl":"https:\/\/www.rainforestfoundationuk.org\/wp-content\/uploads\/2023\/08\/RFUK-logo-black.svg","width":1278,"height":332,"caption":"Rainforest Foundation UK"},"image":{"@id":"https:\/\/www.rainforestfoundationuk.org\/#\/schema\/logo\/image\/"},"sameAs":["https:\/\/www.facebook.com\/rainforestfoundationuk","https:\/\/x.com\/RFUK","https:\/\/www.instagram.com\/rainforestfoundationuk\/","https:\/\/www.youtube.com\/user\/theRFUK"]}]}},"_links":{"self":[{"href":"https:\/\/www.rainforestfoundationuk.org\/fr\/wp-json\/wp\/v2\/pages\/217","targetHints":{"allow":["GET"]}}],"collection":[{"href":"https:\/\/www.rainforestfoundationuk.org\/fr\/wp-json\/wp\/v2\/pages"}],"about":[{"href":"https:\/\/www.rainforestfoundationuk.org\/fr\/wp-json\/wp\/v2\/types\/page"}],"author":[{"embeddable":true,"href":"https:\/\/www.rainforestfoundationuk.org\/fr\/wp-json\/wp\/v2\/users\/2"}],"replies":[{"embeddable":true,"href":"https:\/\/www.rainforestfoundationuk.org\/fr\/wp-json\/wp\/v2\/comments?post=217"}],"version-history":[{"count":5,"href":"https:\/\/www.rainforestfoundationuk.org\/fr\/wp-json\/wp\/v2\/pages\/217\/revisions"}],"predecessor-version":[{"id":5464,"href":"https:\/\/www.rainforestfoundationuk.org\/fr\/wp-json\/wp\/v2\/pages\/217\/revisions\/5464"}],"up":[{"embeddable":true,"href":"https:\/\/www.rainforestfoundationuk.org\/fr\/wp-json\/wp\/v2\/pages\/207"}],"wp:featuredmedia":[{"embeddable":true,"href":"https:\/\/www.rainforestfoundationuk.org\/fr\/wp-json\/wp\/v2\/media\/1647"}],"wp:attachment":[{"href":"https:\/\/www.rainforestfoundationuk.org\/fr\/wp-json\/wp\/v2\/media?parent=217"}],"curies":[{"name":"wp","href":"https:\/\/api.w.org\/{rel}","templated":true}]}}