{"id":223,"date":"2021-09-13T09:41:08","date_gmt":"2021-09-13T09:41:08","guid":{"rendered":"https:\/\/www.rainforestfoundationuk.org\/?page_id=223"},"modified":"2025-09-25T09:22:27","modified_gmt":"2025-09-25T08:22:27","slug":"partenariats-et-philanthropie","status":"publish","type":"page","link":"https:\/\/www.rainforestfoundationuk.org\/fr\/what-you-can-do\/partnerships-and-philanthropy\/","title":{"rendered":"Partenariats &amp; philanthropie"},"content":{"rendered":"<h2><b>Philanthropie<\/b><\/h2>\n<p>Nos plus g\u00e9n\u00e9reux supporters sont des partenaires essentiels de notre travail. L'octroi de subventions strat\u00e9giques produit une \u00e9norme diff\u00e9rence pour nous et pour l'avenir de notre plan\u00e8te. Pourquoi travailler avec nous ? Notre approche unique, qui consiste \u00e0 placer les droits humains au centre de la protection de la for\u00eat tropicale, est de plus en plus reconnue comme \u00e9tant la meilleure m\u00e9thode. Les for\u00eats sous contr\u00f4le indig\u00e8ne sont connues pour stocker plus de carbone, abriter plus de biodiversit\u00e9 et b\u00e9n\u00e9ficier \u00e0 plus de personnes.<\/p>\n<ul>\n<li><strong>\u00a3500<\/strong> pourrait fournir un g\u00e9n\u00e9rateur solaire \u00e0 une communaut\u00e9 pour l'\u00e9quipement de cartographie. \u00a0<\/li>\n<\/ul>\n<ul>\n<li><strong>\u00a31,000<\/strong> could provide 4 communities with an entire toolkit to &#8216;put themselves on the map,&#8217; quite literally. \u00a0<\/li>\n<\/ul>\n<p>Vous souhaitez faire un don plus important ? Nous pouvons vous aider \u00e0 acheminer votre don au bon endroit.<\/p>\n\t\t\t<a href=\"https:\/\/www.rainforestfoundationuk.org\/fr\/contacter\/\" target=\"_self\">\n\t\t\t\t\t\t\tContactez nous\n\t\t\t\t\t<\/a>\n\t\t\t\t<img decoding=\"async\" src=\"https:\/\/www.rainforestfoundationuk.org\/wp-content\/uploads\/2025\/09\/Funding-donut-24-25-French-scaled.png\" alt=\"2\" itemprop=\"image\" height=\"1280\" width=\"2560\" title=\"2\" onerror=\"this.style.display='none'\" loading=\"lazy\" \/>\n<h2>\n\t\t\tPartenariats\t<\/h2>\n\t<h3><strong>Votre organisation peut nous aider \u00e0 faire une diff\u00e9rence positive pour les for\u00eats tropicales du monde et leurs habitants.<\/strong> \u00a0<\/h3>\n<p>Des partenariats strat\u00e9giques avec des organisations en phase avec notre <a href=\"https:\/\/www.rainforestfoundationuk.org\/fr\/a-propos-2\/mission\/\">mission et nos valeurs<\/a> jouent un r\u00f4le important dans la r\u00e9alisation de notre travail vital et de notre impact. Ils peuvent catalyser un changement en faveur des for\u00eats tropicales l\u00e0 o\u00f9 des subventions plus traditionnelles ne le permettraeient pas, et nous aident \u00e0 atteindre des nouveaux publics pour les inciter \u00e0 lutter pour notre plan\u00e8te.<\/p>\n<p>Les entreprises peuvent nous soutenir sans payer d'imp\u00f4ts par l'interm\u00e9diaire de Payroll Giving, ou en utilisant le site web de la Commission europ\u00e9enne. <a href=\"https:\/\/www.amplifydonations.io\/\">Amplifier les dons<\/a> ou <a href=\"https:\/\/www.virtueimpact.com\/\">Vertu<\/a> pour donner aux clients une option gratuite et personnalis\u00e9e de faire un don pour une cause climatique lorsqu'ils font leurs achats. Ils peuvent \u00e9galement devenir l'une de nos entreprises partenaires ou nous soutenir par des dons annuels et des d\u00e9fis. Si vous souhaitez utiliser votre plateforme pour en faire plus pour les gens et la plan\u00e8te, contactez notre \u00e9quipe de collecte de fonds et nous vous aiderons \u00e0 d\u00e9terminer ce qui vous convient le mieux.<\/p>\n\t\t\t<a href=\"https:\/\/www.rainforestfoundationuk.org\/fr\/contacter\/\" target=\"_self\">\n\t\t\t\t\t\t\tContactez nous\n\t\t\t\t\t<\/a>\n\t\t\t\t<a href=\"https:\/\/www.rainforestfoundationuk.org\/fr\/ce-que-vous-pouvez-faire\/support-us\/newsletter\/\"  target=\"_self\" itemprop=\"url\">\n\t\t\t\t<img decoding=\"async\" src=\"https:\/\/www.rainforestfoundationuk.org\/wp-content\/uploads\/bb-plugin\/cache\/8e3cd43d-b052-455d-aaa9-23a4b55cd439-panorama-ea6b95d4e043fb65f1e69c8b00ae945c-.jpg\" alt=\"8e3cd43d-b052-455d-aaa9-23a4b55cd439\" itemprop=\"image\" height=\"1257\" width=\"1680\" title=\"8e3cd43d-b052-455d-aaa9-23a4b55cd439\" onerror=\"this.style.display='none'\" loading=\"lazy\" \/>\n\t\t\t\t<\/a>\n<h2><a href=\"https:\/\/www.rainforestfoundationuk.org\/fr\/ce-que-vous-pouvez-faire\/support-us\/newsletter\/\" target=\"_self\">Faites de RFUK votre association caritative de l'ann\u00e9e !\u00a0<\/a><\/h2><p>Les entreprises peuvent faire de RFUK leur association caritative de l'ann\u00e9e ! Cela nous aidera \u00e0 planifier l'avenir et \u00e0 \u00e9tendre nos campagnes, en \u00e9tant s\u00fbrs de pouvoir compter sur un soutien constant de la part d'une source sans restrictions, et sans contraintes li\u00e9es \u00e0 la paperasserie et obstacles souvent impliqu\u00e9s dans les contrats de subvention importants.<\/p>\n\t\t\t\t<a href=\"https:\/\/www.amplifydonations.io\/\"  target=\"_blank\" rel=\"noopener\"  itemprop=\"url\">\n\t\t\t\t<img decoding=\"async\" src=\"https:\/\/www.rainforestfoundationuk.org\/wp-content\/uploads\/2023\/02\/Untitled-design-1-300x102.png\" alt=\"Conception sans titre (1)\" itemprop=\"image\" height=\"102\" width=\"300\" title=\"Conception sans titre (1)\" onerror=\"this.style.display='none'\" loading=\"lazy\" \/>\n\t\t\t\t<\/a>\n\t\t\t\t<a href=\"https:\/\/www.virtueimpact.com\/\"  target=\"_self\" itemprop=\"url\">\n\t\t\t\t<img decoding=\"async\" src=\"https:\/\/www.rainforestfoundationuk.org\/wp-content\/uploads\/2023\/03\/Blue_2000.png\" alt=\"Bleu_2000\" itemprop=\"image\" height=\"455\" width=\"2000\" title=\"Bleu_2000\" onerror=\"this.style.display='none'\" loading=\"lazy\" \/>\n\t\t\t\t<\/a>\n<h4>\n\t\t\tLes entreprises partenaires actuelles :\u00a0\t<\/h4>\n\t<p>&nbsp;<\/p>\n<p>&nbsp;<\/p>\n<p>&nbsp;<\/p>\n<p class=\"translation-block\">Veuillez noter que RFUK ne travaille qu'avec des entreprises qui s'engagent \u00e0 respecter des pratiques \u00e9thiques, une action environnementale positive et le respect des droits humains. Conform\u00e9ment \u00e0 notre Politique de Financement \u00c9thique, nous suivons toujours un processus de diligence raisonnable rigoureux avant de conclure un partenariat.<\/p>","protected":false},"excerpt":{"rendered":"<p>Votre organisation peut aider notre association \u00e0 faire une diff\u00e9rence positive pour les for\u00eats tropicales du monde et ceux qui y vivent.<\/p>","protected":false},"author":2,"featured_media":4875,"parent":4284,"menu_order":6,"comment_status":"closed","ping_status":"closed","template":"","meta":{"_acf_changed":false,"footnotes":""},"class_list":{"0":"post-223","1":"page","2":"type-page","3":"status-publish","4":"has-post-thumbnail","6":"no-featured-image-padding"},"acf":[],"yoast_head":"<!-- This site is optimized with the Yoast SEO plugin v27.4 - https:\/\/yoast.com\/product\/yoast-seo-wordpress\/ -->\n<title>Partnerships &amp; Philanthropy - Rainforest Foundation UK<\/title>\n<meta name=\"robots\" content=\"index, follow, max-snippet:-1, max-image-preview:large, max-video-preview:-1\" \/>\n<link rel=\"canonical\" href=\"https:\/\/www.rainforestfoundationuk.org\/fr\/ce-que-vous-pouvez-faire\/partenariats-et-philanthropie\/\" \/>\n<meta property=\"og:locale\" content=\"fr_FR\" \/>\n<meta property=\"og:type\" content=\"article\" \/>\n<meta property=\"og:title\" content=\"Partnerships &amp; Philanthropy - Rainforest Foundation UK\" \/>\n<meta property=\"og:description\" content=\"Your organisation can help our charity make a positive difference to the rainforests of the world and those who live within them.\" \/>\n<meta property=\"og:url\" content=\"https:\/\/www.rainforestfoundationuk.org\/fr\/ce-que-vous-pouvez-faire\/partenariats-et-philanthropie\/\" \/>\n<meta property=\"og:site_name\" content=\"Rainforest Foundation UK\" \/>\n<meta property=\"article:publisher\" content=\"https:\/\/www.facebook.com\/rainforestfoundationuk\" \/>\n<meta property=\"article:modified_time\" content=\"2025-09-25T08:22:27+00:00\" \/>\n<meta property=\"og:image\" content=\"https:\/\/www.rainforestfoundationuk.org\/wp-content\/uploads\/2022\/09\/IMG_9924-1-scaled.jpeg\" \/>\n\t<meta property=\"og:image:width\" content=\"2560\" \/>\n\t<meta property=\"og:image:height\" content=\"1920\" \/>\n\t<meta property=\"og:image:type\" content=\"image\/jpeg\" \/>\n<meta name=\"twitter:card\" content=\"summary_large_image\" \/>\n<meta name=\"twitter:site\" content=\"@RFUK\" \/>\n<meta name=\"twitter:label1\" content=\"Dur\u00e9e de lecture estim\u00e9e\" \/>\n\t<meta name=\"twitter:data1\" content=\"3 minutes\" \/>\n<script type=\"application\/ld+json\" class=\"yoast-schema-graph\">{\"@context\":\"https:\\\/\\\/schema.org\",\"@graph\":[{\"@type\":\"WebPage\",\"@id\":\"https:\\\/\\\/www.rainforestfoundationuk.org\\\/what-you-can-do\\\/partnerships-and-philanthropy\\\/\",\"url\":\"https:\\\/\\\/www.rainforestfoundationuk.org\\\/what-you-can-do\\\/partnerships-and-philanthropy\\\/\",\"name\":\"Partnerships & Philanthropy - Rainforest Foundation UK\",\"isPartOf\":{\"@id\":\"https:\\\/\\\/www.rainforestfoundationuk.org\\\/#website\"},\"primaryImageOfPage\":{\"@id\":\"https:\\\/\\\/www.rainforestfoundationuk.org\\\/what-you-can-do\\\/partnerships-and-philanthropy\\\/#primaryimage\"},\"image\":{\"@id\":\"https:\\\/\\\/www.rainforestfoundationuk.org\\\/what-you-can-do\\\/partnerships-and-philanthropy\\\/#primaryimage\"},\"thumbnailUrl\":\"https:\\\/\\\/www.rainforestfoundationuk.org\\\/wp-content\\\/uploads\\\/2022\\\/09\\\/IMG_9924-1-scaled.jpeg\",\"datePublished\":\"2021-09-13T09:41:08+00:00\",\"dateModified\":\"2025-09-25T08:22:27+00:00\",\"breadcrumb\":{\"@id\":\"https:\\\/\\\/www.rainforestfoundationuk.org\\\/what-you-can-do\\\/partnerships-and-philanthropy\\\/#breadcrumb\"},\"inLanguage\":\"fr-FR\",\"potentialAction\":[{\"@type\":\"ReadAction\",\"target\":[\"https:\\\/\\\/www.rainforestfoundationuk.org\\\/what-you-can-do\\\/partnerships-and-philanthropy\\\/\"]}]},{\"@type\":\"ImageObject\",\"inLanguage\":\"fr-FR\",\"@id\":\"https:\\\/\\\/www.rainforestfoundationuk.org\\\/what-you-can-do\\\/partnerships-and-philanthropy\\\/#primaryimage\",\"url\":\"https:\\\/\\\/www.rainforestfoundationuk.org\\\/wp-content\\\/uploads\\\/2022\\\/09\\\/IMG_9924-1-scaled.jpeg\",\"contentUrl\":\"https:\\\/\\\/www.rainforestfoundationuk.org\\\/wp-content\\\/uploads\\\/2022\\\/09\\\/IMG_9924-1-scaled.jpeg\",\"width\":2560,\"height\":1920},{\"@type\":\"BreadcrumbList\",\"@id\":\"https:\\\/\\\/www.rainforestfoundationuk.org\\\/what-you-can-do\\\/partnerships-and-philanthropy\\\/#breadcrumb\",\"itemListElement\":[{\"@type\":\"ListItem\",\"position\":1,\"name\":\"Home\",\"item\":\"https:\\\/\\\/www.rainforestfoundationuk.org\\\/\"},{\"@type\":\"ListItem\",\"position\":2,\"name\":\"What You Can Do\",\"item\":\"https:\\\/\\\/www.rainforestfoundationuk.org\\\/what-you-can-do\\\/\"},{\"@type\":\"ListItem\",\"position\":3,\"name\":\"Partnerships &#038; Philanthropy\"}]},{\"@type\":\"WebSite\",\"@id\":\"https:\\\/\\\/www.rainforestfoundationuk.org\\\/#website\",\"url\":\"https:\\\/\\\/www.rainforestfoundationuk.org\\\/\",\"name\":\"Rainforest Foundation UK\",\"description\":\"Securing lands, sustaining lives\",\"publisher\":{\"@id\":\"https:\\\/\\\/www.rainforestfoundationuk.org\\\/#organization\"},\"potentialAction\":[{\"@type\":\"SearchAction\",\"target\":{\"@type\":\"EntryPoint\",\"urlTemplate\":\"https:\\\/\\\/www.rainforestfoundationuk.org\\\/?s={search_term_string}\"},\"query-input\":{\"@type\":\"PropertyValueSpecification\",\"valueRequired\":true,\"valueName\":\"search_term_string\"}}],\"inLanguage\":\"fr-FR\"},{\"@type\":\"Organization\",\"@id\":\"https:\\\/\\\/www.rainforestfoundationuk.org\\\/#organization\",\"name\":\"Rainforest Foundation UK\",\"url\":\"https:\\\/\\\/www.rainforestfoundationuk.org\\\/\",\"logo\":{\"@type\":\"ImageObject\",\"inLanguage\":\"fr-FR\",\"@id\":\"https:\\\/\\\/www.rainforestfoundationuk.org\\\/#\\\/schema\\\/logo\\\/image\\\/\",\"url\":\"https:\\\/\\\/www.rainforestfoundationuk.org\\\/wp-content\\\/uploads\\\/2023\\\/08\\\/RFUK-logo-black.svg\",\"contentUrl\":\"https:\\\/\\\/www.rainforestfoundationuk.org\\\/wp-content\\\/uploads\\\/2023\\\/08\\\/RFUK-logo-black.svg\",\"width\":1278,\"height\":332,\"caption\":\"Rainforest Foundation UK\"},\"image\":{\"@id\":\"https:\\\/\\\/www.rainforestfoundationuk.org\\\/#\\\/schema\\\/logo\\\/image\\\/\"},\"sameAs\":[\"https:\\\/\\\/www.facebook.com\\\/rainforestfoundationuk\",\"https:\\\/\\\/x.com\\\/RFUK\",\"https:\\\/\\\/www.instagram.com\\\/rainforestfoundationuk\\\/\",\"https:\\\/\\\/www.youtube.com\\\/user\\\/theRFUK\"]}]}<\/script>\n<!-- \/ Yoast SEO plugin. -->","yoast_head_json":{"title":"Partenariats et philanthropie - Rainforest Foundation UK","robots":{"index":"index","follow":"follow","max-snippet":"max-snippet:-1","max-image-preview":"max-image-preview:large","max-video-preview":"max-video-preview:-1"},"canonical":"https:\/\/www.rainforestfoundationuk.org\/fr\/ce-que-vous-pouvez-faire\/partenariats-et-philanthropie\/","og_locale":"fr_FR","og_type":"article","og_title":"Partnerships & Philanthropy - Rainforest Foundation UK","og_description":"Your organisation can help our charity make a positive difference to the rainforests of the world and those who live within them.","og_url":"https:\/\/www.rainforestfoundationuk.org\/fr\/ce-que-vous-pouvez-faire\/partenariats-et-philanthropie\/","og_site_name":"Rainforest Foundation UK","article_publisher":"https:\/\/www.facebook.com\/rainforestfoundationuk","article_modified_time":"2025-09-25T08:22:27+00:00","og_image":[{"width":2560,"height":1920,"url":"https:\/\/www.rainforestfoundationuk.org\/wp-content\/uploads\/2022\/09\/IMG_9924-1-scaled.jpeg","type":"image\/jpeg"}],"twitter_card":"summary_large_image","twitter_site":"@RFUK","twitter_misc":{"Dur\u00e9e de lecture estim\u00e9e":"3 minutes"},"schema":{"@context":"https:\/\/schema.org","@graph":[{"@type":"WebPage","@id":"https:\/\/www.rainforestfoundationuk.org\/what-you-can-do\/partnerships-and-philanthropy\/","url":"https:\/\/www.rainforestfoundationuk.org\/what-you-can-do\/partnerships-and-philanthropy\/","name":"Partenariats et philanthropie - Rainforest Foundation UK","isPartOf":{"@id":"https:\/\/www.rainforestfoundationuk.org\/#website"},"primaryImageOfPage":{"@id":"https:\/\/www.rainforestfoundationuk.org\/what-you-can-do\/partnerships-and-philanthropy\/#primaryimage"},"image":{"@id":"https:\/\/www.rainforestfoundationuk.org\/what-you-can-do\/partnerships-and-philanthropy\/#primaryimage"},"thumbnailUrl":"https:\/\/www.rainforestfoundationuk.org\/wp-content\/uploads\/2022\/09\/IMG_9924-1-scaled.jpeg","datePublished":"2021-09-13T09:41:08+00:00","dateModified":"2025-09-25T08:22:27+00:00","breadcrumb":{"@id":"https:\/\/www.rainforestfoundationuk.org\/what-you-can-do\/partnerships-and-philanthropy\/#breadcrumb"},"inLanguage":"fr-FR","potentialAction":[{"@type":"ReadAction","target":["https:\/\/www.rainforestfoundationuk.org\/what-you-can-do\/partnerships-and-philanthropy\/"]}]},{"@type":"ImageObject","inLanguage":"fr-FR","@id":"https:\/\/www.rainforestfoundationuk.org\/what-you-can-do\/partnerships-and-philanthropy\/#primaryimage","url":"https:\/\/www.rainforestfoundationuk.org\/wp-content\/uploads\/2022\/09\/IMG_9924-1-scaled.jpeg","contentUrl":"https:\/\/www.rainforestfoundationuk.org\/wp-content\/uploads\/2022\/09\/IMG_9924-1-scaled.jpeg","width":2560,"height":1920},{"@type":"BreadcrumbList","@id":"https:\/\/www.rainforestfoundationuk.org\/what-you-can-do\/partnerships-and-philanthropy\/#breadcrumb","itemListElement":[{"@type":"ListItem","position":1,"name":"Home","item":"https:\/\/www.rainforestfoundationuk.org\/"},{"@type":"ListItem","position":2,"name":"What You Can Do","item":"https:\/\/www.rainforestfoundationuk.org\/what-you-can-do\/"},{"@type":"ListItem","position":3,"name":"Partnerships &#038; Philanthropy"}]},{"@type":"WebSite","@id":"https:\/\/www.rainforestfoundationuk.org\/#website","url":"https:\/\/www.rainforestfoundationuk.org\/","name":"Rainforest Foundation UK","description":"S\u00e9curiser les terres, pr\u00e9server les vies","publisher":{"@id":"https:\/\/www.rainforestfoundationuk.org\/#organization"},"potentialAction":[{"@type":"SearchAction","target":{"@type":"EntryPoint","urlTemplate":"https:\/\/www.rainforestfoundationuk.org\/?s={search_term_string}"},"query-input":{"@type":"PropertyValueSpecification","valueRequired":true,"valueName":"search_term_string"}}],"inLanguage":"fr-FR"},{"@type":"Organization","@id":"https:\/\/www.rainforestfoundationuk.org\/#organization","name":"Rainforest Foundation UK","url":"https:\/\/www.rainforestfoundationuk.org\/","logo":{"@type":"ImageObject","inLanguage":"fr-FR","@id":"https:\/\/www.rainforestfoundationuk.org\/#\/schema\/logo\/image\/","url":"https:\/\/www.rainforestfoundationuk.org\/wp-content\/uploads\/2023\/08\/RFUK-logo-black.svg","contentUrl":"https:\/\/www.rainforestfoundationuk.org\/wp-content\/uploads\/2023\/08\/RFUK-logo-black.svg","width":1278,"height":332,"caption":"Rainforest Foundation UK"},"image":{"@id":"https:\/\/www.rainforestfoundationuk.org\/#\/schema\/logo\/image\/"},"sameAs":["https:\/\/www.facebook.com\/rainforestfoundationuk","https:\/\/x.com\/RFUK","https:\/\/www.instagram.com\/rainforestfoundationuk\/","https:\/\/www.youtube.com\/user\/theRFUK"]}]}},"_links":{"self":[{"href":"https:\/\/www.rainforestfoundationuk.org\/fr\/wp-json\/wp\/v2\/pages\/223","targetHints":{"allow":["GET"]}}],"collection":[{"href":"https:\/\/www.rainforestfoundationuk.org\/fr\/wp-json\/wp\/v2\/pages"}],"about":[{"href":"https:\/\/www.rainforestfoundationuk.org\/fr\/wp-json\/wp\/v2\/types\/page"}],"author":[{"embeddable":true,"href":"https:\/\/www.rainforestfoundationuk.org\/fr\/wp-json\/wp\/v2\/users\/2"}],"replies":[{"embeddable":true,"href":"https:\/\/www.rainforestfoundationuk.org\/fr\/wp-json\/wp\/v2\/comments?post=223"}],"version-history":[{"count":8,"href":"https:\/\/www.rainforestfoundationuk.org\/fr\/wp-json\/wp\/v2\/pages\/223\/revisions"}],"predecessor-version":[{"id":9531,"href":"https:\/\/www.rainforestfoundationuk.org\/fr\/wp-json\/wp\/v2\/pages\/223\/revisions\/9531"}],"up":[{"embeddable":true,"href":"https:\/\/www.rainforestfoundationuk.org\/fr\/wp-json\/wp\/v2\/pages\/4284"}],"wp:featuredmedia":[{"embeddable":true,"href":"https:\/\/www.rainforestfoundationuk.org\/fr\/wp-json\/wp\/v2\/media\/4875"}],"wp:attachment":[{"href":"https:\/\/www.rainforestfoundationuk.org\/fr\/wp-json\/wp\/v2\/media?parent=223"}],"curies":[{"name":"wp","href":"https:\/\/api.w.org\/{rel}","templated":true}]}}