{"id":265,"date":"2021-09-13T09:50:13","date_gmt":"2021-09-13T09:50:13","guid":{"rendered":"https:\/\/www.rainforestfoundationuk.org\/?page_id=265"},"modified":"2025-09-23T13:05:00","modified_gmt":"2025-09-23T12:05:00","slug":"mission","status":"publish","type":"page","link":"https:\/\/www.rainforestfoundationuk.org\/fr\/about-us\/mission\/","title":{"rendered":"Mission et approche"},"content":{"rendered":"<p class=\"translation-block\">Dans sa lutte contre la d\u00e9forestation, la Rainforest Foundation UK s'engage \u00e0 la fois en faveur des droits humains et de la protection de l'environnement. Au niveau local, nous aidons les communaut\u00e9s foresti\u00e8res \u00e0 obtenir des droits fonciers, \u00e0 s'opposer aux industries destructrices, \u00e0 g\u00e9rer leurs for\u00eats et \u00e0 prot\u00e9ger leur environnement. Au niveau mondial, nous faisons campagne pour influencer les lois et les politiques nationales et internationales qui prot\u00e8gent les for\u00eats tropicales et leurs habitants.<\/p>\n<p class=\"translation-block\">Au lieu de conserver les for\u00eats uniquement pour leur biodiversit\u00e9 ou leur valeur en carbone, le RFUK promeut l'\u00e9tablissement de droits communautaires sur les terres de la for\u00eat tropicale, en s'attaquant aux causes profondes de la d\u00e9forestation et en ouvrant la voie aux populations locales pour qu'elles b\u00e9n\u00e9ficient \u00e9quitablement de l'utilisation et de la protection des ressources foresti\u00e8res. Nous r\u00e9alisons notre travail par le biais de partenariats \u00e0 long terme avec <a href=\"\/fr\/a-propos-2\/partenaires\/\" target=\"_self\">des organisations locales et autochtones<\/a> afin de maintenir les capacit\u00e9s dans les pays de la for\u00eat tropicale.<\/p>\n<p>Since our founding in 1989, the Rainforest Foundations of the UK, US and Norway have supported communities to secure and protect more than 84 million hectares of tropical rainforest &#8211; an area roughly the size of Scandinavia.<\/p>\n\t<h4>NOTRE MISSION EST DE SOUTENIR LES PEUPLES AUTOCHTONES ET AUTRES COMMUNAUT\u00c9S DE LA FOR\u00caT TROPICALE \u00c0 TRAVERS LE MONDE DANS LEURS EFFORTS POUR PROT\u00c9GER LEUR ENVIRONNEMENT ET EXERCER LEURS DROITS \u00c0 LA TERRE, \u00c0 LA VIE ET AUX MOYENS DE SUBSISTANCE.<\/h4>\n<h2>\n\t\t\tNos valeurs\t<\/h2>\n<h2>\n\t\t\tNotre strat\u00e9gie\t<\/h2>\n\t<p>The founding principle of the Rainforest Foundation UK is that the most effective, just and sustainable way to protect forests\u00a0is to entrust them to the local and indigenous communities that live in and depend on these areas. To achieve this, our organisational strategy and theory of change are built on eleven guiding pillars:\u00a0<\/p>\n\t\t\t\t\t<a href=\"#\"  id=\"fl-accordion--label-0\" tabindex=\"0\" aria-controls=\"fl-accordion--panel-0\">1. R\u00e9forme du droit et des politiques<\/a>\n\t\t\t\t\t\t\t\t\t\t\t<a href=\"#\" id=\"fl-accordion--icon-0\"  tabindex=\"0\"><i title=\"D\u00e9veloppez\">D\u00e9veloppez<\/i><\/a>\n\t\t\t\t\t<p>R\u00e9former la l\u00e9gislation et les politiques de mani\u00e8re \u00e0 favoriser les droits fonciers communautaires, le contr\u00f4le des terres et des ressources par les communaut\u00e9s, et la participation accrue des communaut\u00e9s et de la soci\u00e9t\u00e9 civile.<\/p>\n\t\t\t\t\t<a href=\"#\"  id=\"fl-accordion--label-1\" tabindex=\"0\" aria-controls=\"fl-accordion--panel-1\">2. Accro\u00eetre le contr\u00f4le communautaire sur les for\u00eats<\/a>\n\t\t\t\t\t\t\t\t\t\t\t<a href=\"#\" id=\"fl-accordion--icon-1\"  tabindex=\"0\"><i title=\"D\u00e9veloppez\">D\u00e9veloppez<\/i><\/a>\n\t\t\t\t\t<p>Accro\u00eetre le contr\u00f4le communautaire sur les for\u00eats en cartographiant et en d\u00e9livrant officiellement des titres de propri\u00e9t\u00e9 aux communaut\u00e9s, tout en encourageant d'autres formes de reconnaissance telles que le suivi communautaire et la participation \u00e0 la planification de l\u2019utilisation des terres.<\/p>\n\t\t\t\t\t<a href=\"#\"  id=\"fl-accordion--label-2\" tabindex=\"0\" aria-controls=\"fl-accordion--panel-2\">3. Promouvoir l'\u00c9tat de droit<\/a>\n\t\t\t\t\t\t\t\t\t\t\t<a href=\"#\" id=\"fl-accordion--icon-2\"  tabindex=\"0\"><i title=\"D\u00e9veloppez\">D\u00e9veloppez<\/i><\/a>\n\t\t\t\t\t<p>Ensuring laws can be better implemented by setting up enabling conditions, tackling corruption, promoting transparency, litigating against serious violations and improving access to justice for forest communities.\u202f \u202f<\/p>\n\t\t\t\t\t<a href=\"#\"  id=\"fl-accordion--label-3\" tabindex=\"0\" aria-controls=\"fl-accordion--panel-3\">4. SOUTENIR UNE SOCI\u00c9T\u00c9 CIVILE INFLUENTE<\/a>\n\t\t\t\t\t\t\t\t\t\t\t<a href=\"#\" id=\"fl-accordion--icon-3\"  tabindex=\"0\"><i title=\"D\u00e9veloppez\">D\u00e9veloppez<\/i><\/a>\n\t\t\t\t\t<p>Renforcer les organisations locales de la soci\u00e9t\u00e9 civile afin qu'elles puissent d\u00e9fendre les droits des communaut\u00e9s, influencer l'\u00e9laboration des politiques et contr\u00f4ler en permanence la gestion des for\u00eats et le respect des droits humains.<\/p>\n\t\t\t\t\t<a href=\"#\"  id=\"fl-accordion--label-4\" tabindex=\"0\" aria-controls=\"fl-accordion--panel-4\">5. ACCRO\u00ceTRE LE FINANCEMENT<\/a>\n\t\t\t\t\t\t\t\t\t\t\t<a href=\"#\" id=\"fl-accordion--icon-4\"  tabindex=\"0\"><i title=\"D\u00e9veloppez\">D\u00e9veloppez<\/i><\/a>\n\t\t\t\t\t<p>Faire pression pour une augmentation transformatrice du financement du climat, de la biodiversit\u00e9 et de l'APD en faveur des communaut\u00e9s locales et des peuples autochtones, et pour la gestion directe de ces fonds par les organisations de la soci\u00e9t\u00e9 civile locale.<\/p>\n\t\t\t\t\t<a href=\"#\"  id=\"fl-accordion--label-5\" tabindex=\"0\" aria-controls=\"fl-accordion--panel-5\">6. Lutter contre les activit\u00e9s destructrices<\/a>\n\t\t\t\t\t\t\t\t\t\t\t<a href=\"#\" id=\"fl-accordion--icon-5\"  tabindex=\"0\"><i title=\"D\u00e9veloppez\">D\u00e9veloppez<\/i><\/a>\n\t\t\t\t\t<p>Mettre fin, pr\u00e9venir ou att\u00e9nuer l'avanc\u00e9e des industries extractives et autres activit\u00e9s destructrices des for\u00eats (en particulier l'exploitation foresti\u00e8re, mini\u00e8re, agroalimentaire, les infrastructures et l\u2019exploitation p\u00e9troli\u00e8re) et qui menacent les droits des populations foresti\u00e8res.<\/p>\n\t\t\t\t\t<a href=\"#\"  id=\"fl-accordion--label-0\" tabindex=\"0\" aria-controls=\"fl-accordion--panel-0\">7. D\u00e9mystifier les fausses solutions au changement climatique et \u00e0 la perte de la biodiversit\u00e9<\/a>\n\t\t\t\t\t\t\t\t\t\t\t<a href=\"#\" id=\"fl-accordion--icon-0\"  tabindex=\"0\"><i title=\"D\u00e9veloppez\">D\u00e9veloppez<\/i><\/a>\n\t\t\t\t\t<p>Exposer les failles des syst\u00e8mes de compensation carbone et de la forteresse de la conservation qui p\u00e9nalisent ceux qui sont les moins responsables de ces crises, tout en retardant l'action climatique dans les pays du Nord.<\/p>\n\t\t\t\t\t<a href=\"#\"  id=\"fl-accordion--label-1\" tabindex=\"0\" aria-controls=\"fl-accordion--panel-1\">8. Acc\u00e8s \u00e9quitable aux march\u00e9s pour les communaut\u00e9s locales<\/a>\n\t\t\t\t\t\t\t\t\t\t\t<a href=\"#\" id=\"fl-accordion--icon-1\"  tabindex=\"0\"><i title=\"D\u00e9veloppez\">D\u00e9veloppez<\/i><\/a>\n\t\t\t\t\t<p>Promouvoir l'inclusion des moyens de subsistance forestiers durables dans les march\u00e9s locaux, nationaux et internationaux, en veillant \u00e0 ce que les communaut\u00e9s restent autonomes dans l'utilisation de leurs terres.<\/p>\n\t\t\t\t\t<a href=\"#\"  id=\"fl-accordion--label-2\" tabindex=\"0\" aria-controls=\"fl-accordion--panel-2\">9. Renforcer la gouvernance communautaire<\/a>\n\t\t\t\t\t\t\t\t\t\t\t<a href=\"#\" id=\"fl-accordion--icon-2\"  tabindex=\"0\"><i title=\"D\u00e9veloppez\">D\u00e9veloppez<\/i><\/a>\n\t\t\t\t\t<p>Faciliter les processus internes pour une conception par les communaut\u00e9s locales de m\u00e9canismes de prise de d\u00e9cision inclusifs, \u00e9quitables et responsables.<\/p>\n\t\t\t\t\t<a href=\"#\"  id=\"fl-accordion--label-3\" tabindex=\"0\" aria-controls=\"fl-accordion--panel-3\">10. SOUTENIR UNE VISION ET UN PLAN D\u2019UTILISATION DES TERRES PARTAG\u00c9S PAR LES COMMUNAUT\u00c9S<\/a>\n\t\t\t\t\t\t\t\t\t\t\t<a href=\"#\" id=\"fl-accordion--icon-3\"  tabindex=\"0\"><i title=\"D\u00e9veloppez\">D\u00e9veloppez<\/i><\/a>\n\t\t\t\t\t<p>Soutenir les communaut\u00e9s pour qu'elles d\u00e9cident collectivement de la mani\u00e8re dont elles veulent utiliser leur for\u00eat, de la mani\u00e8re dont elles souhaitent en distribuer les b\u00e9n\u00e9fices et de la mani\u00e8re dont elles pr\u00e9voient de la pr\u00e9server pour les g\u00e9n\u00e9rations futures.<\/p>\n\t\t\t\t\t<a href=\"#\"  id=\"fl-accordion--label-4\" tabindex=\"0\" aria-controls=\"fl-accordion--panel-4\">11. Renforcer les capacit\u00e9s techniques et financi\u00e8res des communaut\u00e9s<\/a>\n\t\t\t\t\t\t\t\t\t\t\t<a href=\"#\" id=\"fl-accordion--icon-4\"  tabindex=\"0\"><i title=\"D\u00e9veloppez\">D\u00e9veloppez<\/i><\/a>\n\t\t\t\t\t<p>Fournir une formation et un soutien continu pour renforcer les capacit\u00e9s techniques et financi\u00e8res des communaut\u00e9s afin qu'elles puissent conna\u00eetre et d\u00e9fendre leurs droits, surveiller les activit\u00e9s sur leurs terres, g\u00e9rer leurs for\u00eats de mani\u00e8re durable et \u00e9quitable, augmenter leur production et entretenir des relations favorables avec les op\u00e9rateurs \u00e9conomiques.<\/p>\n<h2>\n\t\t\tNotre impact\t<\/h2>\n\t\t\t\t<a href=\"#\"  target=\"_self\" itemprop=\"url\">\n\t\t\t\t<img decoding=\"async\" src=\"https:\/\/www.rainforestfoundationuk.org\/wp-content\/uploads\/2021\/10\/868975f5-fa32-4b6f-8d64-d790f4c1e41c.jpg\" alt=\"868975f5-fa32-4b6f-8d64-d790f4c1e41c\" itemprop=\"image\" height=\"532\" width=\"800\" title=\"868975f5-fa32-4b6f-8d64-d790f4c1e41c\" onerror=\"this.style.display='none'\" loading=\"lazy\" \/>\n\t\t\t\t<\/a>\n<h3>\n\t\t<a href=\"#\" title=\"Prot\u00e9ger les for\u00eats des industries nuisibles\"  target=\"_self\">\n\t\t\tProt\u00e9ger les for\u00eats des industries nuisibles\t\t<\/a>\n\t<\/h3>\n\t<p>RFUK has successfully campaigned for a moratorium on new industrial logging concessions in the DR Congo, protecting as many as 70 million hectares of intact rainforest &#8211; an area twice the size of Germany.<\/p>\n<p><a href=\"https:\/\/www.rainforestfoundationuk.org\/fr\/100-000-citoyens-et-scientifiques-sunissent-contre-la-levee-du-moratoire-sur-lexploitation-forestiere-en-rdc\/\">Read more&#8230;.<\/a><\/p>\n\t\t\t\t<a href=\"#\"  target=\"_self\" itemprop=\"url\">\n\t\t\t\t<img decoding=\"async\" src=\"https:\/\/www.rainforestfoundationuk.org\/wp-content\/uploads\/2021\/11\/9ccb1712-f13f-40c6-a769-2beb73a02685.jpg\" alt=\"9ccb1712-f13f-40c6-a769-2beb73a02685\" itemprop=\"image\" height=\"407\" width=\"700\" title=\"9ccb1712-f13f-40c6-a769-2beb73a02685\" onerror=\"this.style.display='none'\" loading=\"lazy\" \/>\n\t\t\t\t<\/a>\n<h3>\n\t\t<a href=\"#\" title=\"D\u00e9noncer les fausses solutions \u00e0 la d\u00e9forestation\"  target=\"_self\">\n\t\t\tD\u00e9noncer les fausses solutions \u00e0 la d\u00e9forestation\t\t<\/a>\n\t<\/h3>\n\t<p>Our sustainable conservation and human rights campaign and exposes of the human cost of Central Africa&#8217;s protected areas have triggered a wave of global reforms of biodiversity policies and funding.\u00a0<\/p>\n<p><a href=\"https:\/\/www.rainforestfoundationuk.org\/fr\/recherche-action\/conservation-et-droits-de-lhomme\/\">Read more&#8230;.<\/a><\/p>\n\t\t\t\t<a href=\"#\"  target=\"_self\" itemprop=\"url\">\n\t\t\t\t<img decoding=\"async\" src=\"https:\/\/www.rainforestfoundationuk.org\/wp-content\/uploads\/2022\/04\/45167085-619d-4a14-a6c8-daa6e4ae9f9c.jpg\" alt=\"45167085-619d-4a14-a6c8-daa6e4ae9f9c\" itemprop=\"image\" height=\"546\" width=\"971\" title=\"45167085-619d-4a14-a6c8-daa6e4ae9f9c\" onerror=\"this.style.display='none'\" loading=\"lazy\" \/>\n\t\t\t\t<\/a>\n<h3>\n\t\t<a href=\"#\" title=\"Innover pour mettre les communaut\u00e9s sur la carte\"  target=\"_self\">\n\t\t\tInnover pour mettre les communaut\u00e9s sur la carte\t\t<\/a>\n\t<\/h3>\n\t<p class=\"translation-block\">Gr\u00e2ce \u00e0 des technologies simples et peu co\u00fbteuses, notre programme MappingForRights, prim\u00e9 par les Nations unies, a aid\u00e9 plus d'un millier de communaut\u00e9s \u00e0 produire des cartes hautement pr\u00e9cises de leur les terres foresti\u00e8res et apporter ainsi la preuve indispensable de leur propri\u00e9t\u00e9 traditionnelle.<\/p>\n<p><a href=\"https:\/\/www.rainforestfoundationuk.org\/fr\/nos-projets\/cartographie-pour-les-droits\/\">Read more&#8230;.<\/a><\/p>\n\t\t\t\t<a href=\"#\"  target=\"_self\" itemprop=\"url\">\n\t\t\t\t<img decoding=\"async\" src=\"https:\/\/www.rainforestfoundationuk.org\/wp-content\/uploads\/2022\/09\/eea2ed12-9473-46cb-8f59-a71dc91c4e0f.jpg\" alt=\"eea2ed12-9473-46cb-8f59-a71dc91c4e0f\" itemprop=\"image\" height=\"576\" width=\"1280\" title=\"eea2ed12-9473-46cb-8f59-a71dc91c4e0f\" onerror=\"this.style.display='none'\" loading=\"lazy\" \/>\n\t\t\t\t<\/a>\n<h3>\n\t\t<a href=\"#\" title=\"Pionnier de la gestion foresti\u00e8re \u00e9quitable et durable\"  target=\"_self\">\n\t\t\tPionnier de la gestion foresti\u00e8re \u00e9quitable et durable\t\t<\/a>\n\t<\/h3>\n\t<p class=\"translation-block\">Nos actions novatrices sur les for\u00eats communautaires dans le bassin du Congo et notre projet prim\u00e9 sur les moyens de subsistance des populations autochtones au P\u00e9rou fournissent la preuve que les for\u00eats contr\u00f4l\u00e9es par les communaut\u00e9s sont plus durables.<\/p>\n<p><a href=\"https:\/\/www.rainforestfoundationuk.org\/fr\/nos-projets\/forets-communautaires\/\">Read more&#8230;.<\/a><\/p>\n\t\t\t\t<img decoding=\"async\" src=\"https:\/\/www.rainforestfoundationuk.org\/wp-content\/uploads\/2025\/09\/Funding-donut-24-25-French-scaled.png\" alt=\"2\" itemprop=\"image\" height=\"1280\" width=\"2560\" title=\"2\" onerror=\"this.style.display='none'\" loading=\"lazy\" \/>\n\t\t\t<a href=\"https:\/\/www.rainforestfoundationuk.org\/wp-content\/uploads\/2025\/06\/RFUK-Annual-review-24-25-DIGITAL-SPREADS.pdf\" target=\"_blank\" rel=\"noopener\">\n\t\t\t\t\t\t\tSee our latest Annual Report&#8230;\n\t\t\t\t\t<\/a>","protected":false},"excerpt":{"rendered":"<p>La Rainforest Foundation UK s'engage \u00e0 la fois en faveur des droits de l'homme et de la protection de l'environnement lorsqu'il s'agit de lutter contre la d\u00e9forestation. <\/p>","protected":false},"author":2,"featured_media":3505,"parent":82,"menu_order":0,"comment_status":"closed","ping_status":"closed","template":"","meta":{"_acf_changed":false,"footnotes":""},"class_list":{"0":"post-265","1":"page","2":"type-page","3":"status-publish","4":"has-post-thumbnail","6":"no-featured-image-padding"},"acf":[],"yoast_head":"<!-- This site is optimized with the Yoast SEO plugin v27.4 - https:\/\/yoast.com\/product\/yoast-seo-wordpress\/ -->\n<title>Mission &amp; Approach - Rainforest Foundation UK<\/title>\n<meta name=\"robots\" content=\"index, follow, max-snippet:-1, max-image-preview:large, max-video-preview:-1\" \/>\n<link rel=\"canonical\" href=\"https:\/\/www.rainforestfoundationuk.org\/fr\/a-propos-2\/mission\/\" \/>\n<meta property=\"og:locale\" content=\"fr_FR\" \/>\n<meta property=\"og:type\" content=\"article\" \/>\n<meta property=\"og:title\" content=\"Mission &amp; Approach - Rainforest Foundation UK\" \/>\n<meta property=\"og:description\" content=\"Rainforest Foundation UK is committed to both human rights and environmental protection when it comes to tackling deforestation.\" \/>\n<meta property=\"og:url\" content=\"https:\/\/www.rainforestfoundationuk.org\/fr\/a-propos-2\/mission\/\" \/>\n<meta property=\"og:site_name\" content=\"Rainforest Foundation UK\" \/>\n<meta property=\"article:publisher\" content=\"https:\/\/www.facebook.com\/rainforestfoundationuk\" \/>\n<meta property=\"article:modified_time\" content=\"2025-09-23T12:05:00+00:00\" \/>\n<meta property=\"og:image\" content=\"https:\/\/www.rainforestfoundationuk.org\/wp-content\/uploads\/2018\/11\/f507fbc2-af46-4cbd-9630-c0e4c5382b98.jpg\" \/>\n\t<meta property=\"og:image:width\" content=\"800\" \/>\n\t<meta property=\"og:image:height\" content=\"600\" \/>\n\t<meta property=\"og:image:type\" content=\"image\/jpeg\" \/>\n<meta name=\"twitter:card\" content=\"summary_large_image\" \/>\n<meta name=\"twitter:site\" content=\"@RFUK\" \/>\n<meta name=\"twitter:label1\" content=\"Dur\u00e9e de lecture estim\u00e9e\" \/>\n\t<meta name=\"twitter:data1\" content=\"9 minutes\" \/>\n<script type=\"application\/ld+json\" class=\"yoast-schema-graph\">{\"@context\":\"https:\\\/\\\/schema.org\",\"@graph\":[{\"@type\":\"WebPage\",\"@id\":\"https:\\\/\\\/www.rainforestfoundationuk.org\\\/about-us\\\/mission\\\/\",\"url\":\"https:\\\/\\\/www.rainforestfoundationuk.org\\\/about-us\\\/mission\\\/\",\"name\":\"Mission & Approach - Rainforest Foundation UK\",\"isPartOf\":{\"@id\":\"https:\\\/\\\/www.rainforestfoundationuk.org\\\/#website\"},\"primaryImageOfPage\":{\"@id\":\"https:\\\/\\\/www.rainforestfoundationuk.org\\\/about-us\\\/mission\\\/#primaryimage\"},\"image\":{\"@id\":\"https:\\\/\\\/www.rainforestfoundationuk.org\\\/about-us\\\/mission\\\/#primaryimage\"},\"thumbnailUrl\":\"https:\\\/\\\/www.rainforestfoundationuk.org\\\/wp-content\\\/uploads\\\/2018\\\/11\\\/f507fbc2-af46-4cbd-9630-c0e4c5382b98.jpg\",\"datePublished\":\"2021-09-13T09:50:13+00:00\",\"dateModified\":\"2025-09-23T12:05:00+00:00\",\"breadcrumb\":{\"@id\":\"https:\\\/\\\/www.rainforestfoundationuk.org\\\/about-us\\\/mission\\\/#breadcrumb\"},\"inLanguage\":\"fr-FR\",\"potentialAction\":[{\"@type\":\"ReadAction\",\"target\":[\"https:\\\/\\\/www.rainforestfoundationuk.org\\\/about-us\\\/mission\\\/\"]}]},{\"@type\":\"ImageObject\",\"inLanguage\":\"fr-FR\",\"@id\":\"https:\\\/\\\/www.rainforestfoundationuk.org\\\/about-us\\\/mission\\\/#primaryimage\",\"url\":\"https:\\\/\\\/www.rainforestfoundationuk.org\\\/wp-content\\\/uploads\\\/2018\\\/11\\\/f507fbc2-af46-4cbd-9630-c0e4c5382b98.jpg\",\"contentUrl\":\"https:\\\/\\\/www.rainforestfoundationuk.org\\\/wp-content\\\/uploads\\\/2018\\\/11\\\/f507fbc2-af46-4cbd-9630-c0e4c5382b98.jpg\",\"width\":800,\"height\":600,\"caption\":\"La planification participative de l'utilisation des terres, illustr\u00e9e ici, peut aider les gouvernements \u00e0 prendre des d\u00e9cisions \u00e9clair\u00e9es concernant le r\u00e9gime foncier et la gestion des ressources naturelles.\"},{\"@type\":\"BreadcrumbList\",\"@id\":\"https:\\\/\\\/www.rainforestfoundationuk.org\\\/about-us\\\/mission\\\/#breadcrumb\",\"itemListElement\":[{\"@type\":\"ListItem\",\"position\":1,\"name\":\"Home\",\"item\":\"https:\\\/\\\/www.rainforestfoundationuk.org\\\/\"},{\"@type\":\"ListItem\",\"position\":2,\"name\":\"About Us\",\"item\":\"https:\\\/\\\/www.rainforestfoundationuk.org\\\/about-us\\\/\"},{\"@type\":\"ListItem\",\"position\":3,\"name\":\"Mission &#038; Approach\"}]},{\"@type\":\"WebSite\",\"@id\":\"https:\\\/\\\/www.rainforestfoundationuk.org\\\/#website\",\"url\":\"https:\\\/\\\/www.rainforestfoundationuk.org\\\/\",\"name\":\"Rainforest Foundation UK\",\"description\":\"Securing lands, sustaining lives\",\"publisher\":{\"@id\":\"https:\\\/\\\/www.rainforestfoundationuk.org\\\/#organization\"},\"potentialAction\":[{\"@type\":\"SearchAction\",\"target\":{\"@type\":\"EntryPoint\",\"urlTemplate\":\"https:\\\/\\\/www.rainforestfoundationuk.org\\\/?s={search_term_string}\"},\"query-input\":{\"@type\":\"PropertyValueSpecification\",\"valueRequired\":true,\"valueName\":\"search_term_string\"}}],\"inLanguage\":\"fr-FR\"},{\"@type\":\"Organization\",\"@id\":\"https:\\\/\\\/www.rainforestfoundationuk.org\\\/#organization\",\"name\":\"Rainforest Foundation UK\",\"url\":\"https:\\\/\\\/www.rainforestfoundationuk.org\\\/\",\"logo\":{\"@type\":\"ImageObject\",\"inLanguage\":\"fr-FR\",\"@id\":\"https:\\\/\\\/www.rainforestfoundationuk.org\\\/#\\\/schema\\\/logo\\\/image\\\/\",\"url\":\"https:\\\/\\\/www.rainforestfoundationuk.org\\\/wp-content\\\/uploads\\\/2023\\\/08\\\/RFUK-logo-black.svg\",\"contentUrl\":\"https:\\\/\\\/www.rainforestfoundationuk.org\\\/wp-content\\\/uploads\\\/2023\\\/08\\\/RFUK-logo-black.svg\",\"width\":1278,\"height\":332,\"caption\":\"Rainforest Foundation UK\"},\"image\":{\"@id\":\"https:\\\/\\\/www.rainforestfoundationuk.org\\\/#\\\/schema\\\/logo\\\/image\\\/\"},\"sameAs\":[\"https:\\\/\\\/www.facebook.com\\\/rainforestfoundationuk\",\"https:\\\/\\\/x.com\\\/RFUK\",\"https:\\\/\\\/www.instagram.com\\\/rainforestfoundationuk\\\/\",\"https:\\\/\\\/www.youtube.com\\\/user\\\/theRFUK\"]}]}<\/script>\n<!-- \/ Yoast SEO plugin. -->","yoast_head_json":{"title":"Mission et approche - Rainforest Foundation UK","robots":{"index":"index","follow":"follow","max-snippet":"max-snippet:-1","max-image-preview":"max-image-preview:large","max-video-preview":"max-video-preview:-1"},"canonical":"https:\/\/www.rainforestfoundationuk.org\/fr\/a-propos-2\/mission\/","og_locale":"fr_FR","og_type":"article","og_title":"Mission & Approach - Rainforest Foundation UK","og_description":"Rainforest Foundation UK is committed to both human rights and environmental protection when it comes to tackling deforestation.","og_url":"https:\/\/www.rainforestfoundationuk.org\/fr\/a-propos-2\/mission\/","og_site_name":"Rainforest Foundation UK","article_publisher":"https:\/\/www.facebook.com\/rainforestfoundationuk","article_modified_time":"2025-09-23T12:05:00+00:00","og_image":[{"width":800,"height":600,"url":"https:\/\/www.rainforestfoundationuk.org\/wp-content\/uploads\/2018\/11\/f507fbc2-af46-4cbd-9630-c0e4c5382b98.jpg","type":"image\/jpeg"}],"twitter_card":"summary_large_image","twitter_site":"@RFUK","twitter_misc":{"Dur\u00e9e de lecture estim\u00e9e":"9 minutes"},"schema":{"@context":"https:\/\/schema.org","@graph":[{"@type":"WebPage","@id":"https:\/\/www.rainforestfoundationuk.org\/about-us\/mission\/","url":"https:\/\/www.rainforestfoundationuk.org\/about-us\/mission\/","name":"Mission et approche - Rainforest Foundation UK","isPartOf":{"@id":"https:\/\/www.rainforestfoundationuk.org\/#website"},"primaryImageOfPage":{"@id":"https:\/\/www.rainforestfoundationuk.org\/about-us\/mission\/#primaryimage"},"image":{"@id":"https:\/\/www.rainforestfoundationuk.org\/about-us\/mission\/#primaryimage"},"thumbnailUrl":"https:\/\/www.rainforestfoundationuk.org\/wp-content\/uploads\/2018\/11\/f507fbc2-af46-4cbd-9630-c0e4c5382b98.jpg","datePublished":"2021-09-13T09:50:13+00:00","dateModified":"2025-09-23T12:05:00+00:00","breadcrumb":{"@id":"https:\/\/www.rainforestfoundationuk.org\/about-us\/mission\/#breadcrumb"},"inLanguage":"fr-FR","potentialAction":[{"@type":"ReadAction","target":["https:\/\/www.rainforestfoundationuk.org\/about-us\/mission\/"]}]},{"@type":"ImageObject","inLanguage":"fr-FR","@id":"https:\/\/www.rainforestfoundationuk.org\/about-us\/mission\/#primaryimage","url":"https:\/\/www.rainforestfoundationuk.org\/wp-content\/uploads\/2018\/11\/f507fbc2-af46-4cbd-9630-c0e4c5382b98.jpg","contentUrl":"https:\/\/www.rainforestfoundationuk.org\/wp-content\/uploads\/2018\/11\/f507fbc2-af46-4cbd-9630-c0e4c5382b98.jpg","width":800,"height":600,"caption":"La planification participative de l'utilisation des terres, illustr\u00e9e ici, peut aider les gouvernements \u00e0 prendre des d\u00e9cisions \u00e9clair\u00e9es concernant le r\u00e9gime foncier et la gestion des ressources naturelles."},{"@type":"BreadcrumbList","@id":"https:\/\/www.rainforestfoundationuk.org\/about-us\/mission\/#breadcrumb","itemListElement":[{"@type":"ListItem","position":1,"name":"Home","item":"https:\/\/www.rainforestfoundationuk.org\/"},{"@type":"ListItem","position":2,"name":"About Us","item":"https:\/\/www.rainforestfoundationuk.org\/about-us\/"},{"@type":"ListItem","position":3,"name":"Mission &#038; Approach"}]},{"@type":"WebSite","@id":"https:\/\/www.rainforestfoundationuk.org\/#website","url":"https:\/\/www.rainforestfoundationuk.org\/","name":"Rainforest Foundation UK","description":"S\u00e9curiser les terres, pr\u00e9server les vies","publisher":{"@id":"https:\/\/www.rainforestfoundationuk.org\/#organization"},"potentialAction":[{"@type":"SearchAction","target":{"@type":"EntryPoint","urlTemplate":"https:\/\/www.rainforestfoundationuk.org\/?s={search_term_string}"},"query-input":{"@type":"PropertyValueSpecification","valueRequired":true,"valueName":"search_term_string"}}],"inLanguage":"fr-FR"},{"@type":"Organization","@id":"https:\/\/www.rainforestfoundationuk.org\/#organization","name":"Rainforest Foundation UK","url":"https:\/\/www.rainforestfoundationuk.org\/","logo":{"@type":"ImageObject","inLanguage":"fr-FR","@id":"https:\/\/www.rainforestfoundationuk.org\/#\/schema\/logo\/image\/","url":"https:\/\/www.rainforestfoundationuk.org\/wp-content\/uploads\/2023\/08\/RFUK-logo-black.svg","contentUrl":"https:\/\/www.rainforestfoundationuk.org\/wp-content\/uploads\/2023\/08\/RFUK-logo-black.svg","width":1278,"height":332,"caption":"Rainforest Foundation UK"},"image":{"@id":"https:\/\/www.rainforestfoundationuk.org\/#\/schema\/logo\/image\/"},"sameAs":["https:\/\/www.facebook.com\/rainforestfoundationuk","https:\/\/x.com\/RFUK","https:\/\/www.instagram.com\/rainforestfoundationuk\/","https:\/\/www.youtube.com\/user\/theRFUK"]}]}},"_links":{"self":[{"href":"https:\/\/www.rainforestfoundationuk.org\/fr\/wp-json\/wp\/v2\/pages\/265","targetHints":{"allow":["GET"]}}],"collection":[{"href":"https:\/\/www.rainforestfoundationuk.org\/fr\/wp-json\/wp\/v2\/pages"}],"about":[{"href":"https:\/\/www.rainforestfoundationuk.org\/fr\/wp-json\/wp\/v2\/types\/page"}],"author":[{"embeddable":true,"href":"https:\/\/www.rainforestfoundationuk.org\/fr\/wp-json\/wp\/v2\/users\/2"}],"replies":[{"embeddable":true,"href":"https:\/\/www.rainforestfoundationuk.org\/fr\/wp-json\/wp\/v2\/comments?post=265"}],"version-history":[{"count":9,"href":"https:\/\/www.rainforestfoundationuk.org\/fr\/wp-json\/wp\/v2\/pages\/265\/revisions"}],"predecessor-version":[{"id":9509,"href":"https:\/\/www.rainforestfoundationuk.org\/fr\/wp-json\/wp\/v2\/pages\/265\/revisions\/9509"}],"up":[{"embeddable":true,"href":"https:\/\/www.rainforestfoundationuk.org\/fr\/wp-json\/wp\/v2\/pages\/82"}],"wp:featuredmedia":[{"embeddable":true,"href":"https:\/\/www.rainforestfoundationuk.org\/fr\/wp-json\/wp\/v2\/media\/3505"}],"wp:attachment":[{"href":"https:\/\/www.rainforestfoundationuk.org\/fr\/wp-json\/wp\/v2\/media?parent=265"}],"curies":[{"name":"wp","href":"https:\/\/api.w.org\/{rel}","templated":true}]}}