{"id":3,"date":"2021-01-11T13:45:50","date_gmt":"2021-01-11T13:45:50","guid":{"rendered":"https:\/\/www.rainforestfoundationuk.org\/?page_id=3"},"modified":"2023-02-08T13:55:47","modified_gmt":"2023-02-08T13:55:47","slug":"politique-de-confidentialite","status":"publish","type":"page","link":"https:\/\/www.rainforestfoundationuk.org\/fr\/privacy-policy\/","title":{"rendered":"Politique de confidentialit\u00e9"},"content":{"rendered":"<strong>Tu es l\u00e0 :<\/strong>\n<span><span><a href=\"https:\/\/www.rainforestfoundationuk.org\/fr\/\">Accueil<\/a><\/span><\/span>\n\n<h3>THE RAINFOREST FOUNDATION UK TAKES YOUR PRIVACY VERY SERIOUSLY AND WE&#8217;RE COMMITTED TO PROTECTING YOUR PERSONAL INFORMATION ONLINE.<\/h3>\n<p>La pr\u00e9sente d\u00e9claration explique comment nous recueillons et utilisons les informations que vous nous communiquez. Pour de plus amples informations sur nos politiques en mati\u00e8re de donn\u00e9es et de respect de la vie priv\u00e9e, vous pouvez t\u00e9l\u00e9charger notre d\u00e9claration de traitement \u00e9quitable.\u00a0<a href=\"https:\/\/www.rainforestfoundationuk.org\/wp-content\/uploads\/2022\/04\/fair-processing-statement-2018.pdf\">ici<\/a>.<\/p>\n<h3>QUELLES INFORMATIONS NOUS RECUEILLONS ET COMMENT NOUS LES UTILISONS<\/h3>\n<p><strong>a) Informations personnelles :<\/strong><\/p>\n<p>La Rainforest Foundation UK recueille et stocke en toute s\u00e9curit\u00e9 les informations personnelles que vous fournissez, telles que votre nom, votre adresse, votre num\u00e9ro de t\u00e9l\u00e9phone, votre adresse \u00e9lectronique et votre date de naissance (le cas \u00e9ch\u00e9ant), afin de r\u00e9pondre aux attentes et aux besoins de nos utilisateurs, par exemple en communiquant avec eux ou en les inscrivant \u00e0 nos \u00e9v\u00e9nements sportifs. La Rainforest Foundation UK ne conserve pas les donn\u00e9es relatives aux cartes de cr\u00e9dit.<\/p>\n<p>Nous ne recueillons ces informations que dans le cadre d'activit\u00e9s sp\u00e9cifiques, telles que des p\u00e9titions, des campagnes, des r\u00e9actions ou des abonnements \u00e0 des bulletins d'information \u00e9lectroniques, etc. Vous n'\u00eates pas oblig\u00e9 de divulguer ces informations si vous ne le souhaitez pas. Nous conservons un registre des montants et des dates de votre soutien financier pour nos propres dossiers d'audit financier.<\/p>\n<p><strong>b) Informations non personnelles :<\/strong><\/p>\n<p>Pour chaque visiteur de notre site web, notre serveur web reconna\u00eet automatiquement uniquement le nom de domaine du visiteur (son adresse IP), mais pas son adresse \u00e9lectronique. Ces informations nous aident \u00e0 g\u00e9n\u00e9rer des statistiques d\u00e9mographiques g\u00e9n\u00e9rales sur les types d'organisations qui visitent le site, les pages qu'elles visitent et la dur\u00e9e de leur visite. Cela nous aide \u00e0 d\u00e9terminer combien d'individus utilisent notre site, combien de personnes le visitent r\u00e9guli\u00e8rement, quelles sont les pages les plus populaires et celles qui le sont le moins. Ces informations ne nous disent rien sur qui vous \u00eates, elles nous permettent simplement de contr\u00f4ler et d'am\u00e9liorer notre service.<\/p>\n<h3>COOKIES<\/h3>\n<p>Comme pratiquement tous les sites web, nous stockons des donn\u00e9es anonymes sur les visites dans des fichiers journaux du serveur, qui contiennent les adresses IP des machines utilis\u00e9es pour acc\u00e9der \u00e0 ce site et les pages demand\u00e9es.<\/p>\n<p>We use Google Analytics to collect information about how people use this site. We do this to make sure it&#8217;s meeting its users&#8217; needs and to understand how we could do it better.<\/p>\n<p>Google Analytics stocke des informations sur les pages que vous visitez, la dur\u00e9e de votre visite sur le site, la mani\u00e8re dont vous \u00eates arriv\u00e9 ici et ce sur quoi vous cliquez. Nous ne collectons ni ne stockons vos informations personnelles (par exemple, votre nom ou votre adresse). Ces informations ne peuvent donc pas \u00eatre utilis\u00e9es pour vous identifier. Nous n'autorisons pas Google \u00e0 utiliser ou \u00e0 partager nos donn\u00e9es d'analyse.<\/p>\n<p>Nos cookies ne sont pas utilis\u00e9s pour vous identifier personnellement. Ils sont juste l\u00e0 pour que le site fonctionne mieux pour vous. En effet, vous pouvez g\u00e9rer et\/ou supprimer ces petits fichiers comme vous le souhaitez. Pour en savoir plus sur les cookies et sur la mani\u00e8re de les g\u00e9rer, consultez le site suivant\u00a0<a href=\"http:\/\/www.aboutcookies.org\/\">www.AboutCookies.org<\/a><\/p>\n<h3>G\u00c9RER NOTRE COMMUNICATION AVEC VOUS<\/h3>\n<p>La RFUK ne contacte ses sympathisants que lorsque nous avons un consentement explicite et sp\u00e9cifique pour le faire. Ces communications peuvent inclure des eNewsletters, des appels de fonds et des invitations \u00e0 des \u00e9v\u00e9nements. Si vous souhaitez recevoir des informations de notre part, vous pouvez vous abonner \u00e0 notre bulletin d'information \u00e9lectronique.\u00a0<a href=\"https:\/\/www.rainforestfoundationuk.org\/fr\/newsletter\/\">sur cette page<\/a> ou en nous contactant via notre <a href=\"https:\/\/www.rainforestfoundationuk.org\/fr\/contacter\/\">formulaire de contact<\/a>.<\/p>\n<p>Les utilisateurs enregistr\u00e9s peuvent toujours consulter et modifier les donn\u00e9es personnelles d\u00e9tenues par The Rainforest Foundation UK en proc\u00e9dant simplement comme suit\u00a0<a href=\"https:\/\/www.rainforestfoundationuk.org\/fr\/contacter\/\">en nous contactant ici<\/a>.<\/p>\n<h3>O\u00d9 LES INFORMATIONS SERONT-ELLES CONSERV\u00c9ES ?<\/h3>\n<p>Rainforest Foundation UK utilisera les donn\u00e9es que vous avez fournies pour vous contacter \u00e0 l'avenir afin de vous tenir au courant de nos activit\u00e9s, de r\u00e9pondre \u00e0 des questions administratives et de lancer des appels de fonds. Rainforest Foundation UK ne vous contactera que si vous avez donn\u00e9 votre consentement explicite.<\/p>\n<p>Rainforest Foundation UK s'efforce de se conformer pleinement aux exigences de la loi de 1998 sur la protection des donn\u00e9es. Cette loi fixe les conditions de d\u00e9tention ou d'utilisation des donn\u00e9es personnelles. Les donn\u00e9es personnelles sont des donn\u00e9es qui se rapportent \u00e0 un individu vivant. La loi prot\u00e8ge les individus s'ils peuvent \u00eatre identifi\u00e9s \u00e0 partir de ces donn\u00e9es ou \u00e0 partir de ces donn\u00e9es et de certaines autres informations.<\/p>\n<p>La loi couvre les dossiers du personnel et s'applique aussi bien aux informations informatis\u00e9es qu'aux informations sur papier, \u00e0 condition que les informations soient conserv\u00e9es dans un syst\u00e8me de classement organis\u00e9 par r\u00e9f\u00e9rence \u00e0 des individus ou de mani\u00e8re \u00e0 ce que les informations sur les individus soient faciles \u00e0 trouver. Conform\u00e9ment aux principes \u00e9nonc\u00e9s dans la loi, vos donn\u00e9es personnelles ne seront utilis\u00e9es qu'\u00e0 des fins jug\u00e9es pertinentes pour le travail de Rainforest Foundation UK.<\/p>\n<p>Les informations personnelles ne seront divulgu\u00e9es qu'aux membres concern\u00e9s du personnel de Rainforest Foundation UK et \u00e0 des tiers lorsque Rainforest Foundation UK a le contr\u00f4le des donn\u00e9es fournies et de la mani\u00e8re dont ces donn\u00e9es sont utilis\u00e9es et stock\u00e9es.<\/p>\n<p>Vos donn\u00e9es seront stock\u00e9es de mani\u00e8re s\u00fbre et confidentielle dans la base de donn\u00e9es de Rainforest Foundation UK. Seuls des membres sp\u00e9cifiques du personnel de Rainforest Foundation peuvent acc\u00e9der \u00e0 cette base de donn\u00e9es et ces membres du personnel veilleront \u00e0 ce que vos donn\u00e9es personnelles soient trait\u00e9es de mani\u00e8re sensible.<\/p>\n<p>Si vous souhaitez modifier la mani\u00e8re dont nous vous contactons, veuillez appeler le 020 7485 0193 ou utiliser le formulaire de contact \u00e0 l'adresse suivante\u00a0<a href=\"https:\/\/www.rainforestfoundationuk.org\/fr\/contacter\/\">www.rainforestfoundationuk.org\/contact<\/a><\/p>\n<h3>TIERS ET PARTAGE D'INFORMATIONS<\/h3>\n<p>Les informations que nous recueillons ne sont pas vendues, donn\u00e9es ou partag\u00e9es avec d'autres organisations \u00e0 des fins commerciales ou autres.<\/p>\n<p>Une quantit\u00e9 tr\u00e8s limit\u00e9e de donn\u00e9es personnelles est stock\u00e9e sur un serveur externe s\u00e9curis\u00e9 auquel un acc\u00e8s limit\u00e9 est autoris\u00e9 \u00e0 un personnel s\u00e9lectionn\u00e9. Ce serveur est utilis\u00e9 uniquement pour la correspondance \u00e9lectronique de RFUK. Nous pouvons \u00e9galement partager \/ publier des statistiques globales, dont aucune n'inclut des informations personnellement identifiables, telles que le nombre de visiteurs de notre site web.<\/p>\n<h3>L'EXACTITUDE DES INFORMATIONS<\/h3>\n<p>L'exactitude des donn\u00e9es personnelles des utilisateurs est r\u00e9gie par l'exactitude des informations fournies par les utilisateurs. Nous ne v\u00e9rifions pas les informations personnelles. La Rainforest Foundation UK n'est pas responsable des erreurs ou des probl\u00e8mes qui surviennent \u00e0 la suite d'informations inexactes fournies par l'utilisateur.<\/p>\n<p>We don&#8217;t automatically attempt to validate the email addresses provided by registered users in order to ensure, via &#8220;double opt-in&#8221; that registered users do use and control that email account.<\/p>\n<h3>LIENS<\/h3>\n<p>Le site web comprend certains liens vers d'autres sites web. Nous ne sommes pas responsables des pratiques de confidentialit\u00e9 ou du contenu de ces sites. Nous ne garantissons pas non plus que ces sites et leur contenu sont toujours disponibles.<\/p>\n<h3>MOINS DE 18 ANS<\/h3>\n<p>Si vous avez moins de 18 ans, veillez \u00e0 obtenir l'autorisation de vos parents ou tuteurs avant d'envoyer des informations vous concernant (nom, adresse, adresse \u00e9lectronique, etc.) \u00e0 nous ou \u00e0 toute autre personne sur l'internet. Nous encourageons les parents \u00e0 s'impliquer dans l'utilisation de l'internet par leurs enfants et \u00e0 \u00eatre conscients des activit\u00e9s auxquelles ils participent.<\/p>\n<p>Si vous avez des questions, ou pour plus d'informations, n'h\u00e9sitez pas \u00e0 nous contacter via notre site web. <a href=\"https:\/\/www.rainforestfoundationuk.org\/fr\/contacter\/\">formulaire de contact ici<\/a>.<\/p>","protected":false},"excerpt":{"rendered":"<p>LA FONDATION RAINFOREST UK PREND VOTRE VIE PRIV\u00c9E TR\u00c8S AU S\u00c9RIEUX ET NOUS NOUS ENGAGEONS \u00c0 PROT\u00c9GER VOS INFORMATIONS PERSONNELLES EN LIGNE. Cette d\u00e9claration explique comment nous recueillons et utilisons les informations que vous nous communiquez. Pour plus d'informations sur nos politiques en mati\u00e8re de donn\u00e9es et de confidentialit\u00e9, vous pouvez t\u00e9l\u00e9charger notre d\u00e9claration de traitement \u00e9quitable ici. QUELLES INFORMATIONS NOUS RECUEILLONS ET COMMENT NOUS ... Lire plus <a title=\"Politique de confidentialit\u00e9\" class=\"read-more\" href=\"https:\/\/www.rainforestfoundationuk.org\/fr\/privacy-policy\/\" aria-label=\"En savoir plus sur Privacy Policy\">Lire plus<\/a><\/p>","protected":false},"author":2,"featured_media":0,"parent":0,"menu_order":10,"comment_status":"closed","ping_status":"open","template":"","meta":{"_acf_changed":false,"footnotes":""},"class_list":{"0":"post-3","1":"page","2":"type-page","3":"status-publish","5":"no-featured-image-padding"},"acf":[],"yoast_head":"<!-- This site is optimized with the Yoast SEO plugin v27.4 - https:\/\/yoast.com\/product\/yoast-seo-wordpress\/ -->\n<title>Privacy Policy - Rainforest Foundation UK<\/title>\n<meta name=\"robots\" content=\"index, follow, max-snippet:-1, max-image-preview:large, max-video-preview:-1\" \/>\n<link rel=\"canonical\" href=\"https:\/\/www.rainforestfoundationuk.org\/fr\/politique-de-confidentialite\/\" \/>\n<meta property=\"og:locale\" content=\"fr_FR\" \/>\n<meta property=\"og:type\" content=\"article\" \/>\n<meta property=\"og:title\" content=\"Privacy Policy - Rainforest Foundation UK\" \/>\n<meta property=\"og:description\" content=\"THE RAINFOREST FOUNDATION UK TAKES YOUR PRIVACY VERY SERIOUSLY AND WE&#8217;RE COMMITTED TO PROTECTING YOUR PERSONAL INFORMATION ONLINE. This statement explains how we collect and use the information which you give us. For additional information on our data and privacy policies, you can download our Fair Processing Statement\u00a0here. WHAT INFORMATION WE GATHER AND HOW WE ... Lire plus\" \/>\n<meta property=\"og:url\" content=\"https:\/\/www.rainforestfoundationuk.org\/fr\/politique-de-confidentialite\/\" \/>\n<meta property=\"og:site_name\" content=\"Rainforest Foundation UK\" \/>\n<meta property=\"article:publisher\" content=\"https:\/\/www.facebook.com\/rainforestfoundationuk\" \/>\n<meta property=\"article:modified_time\" content=\"2023-02-08T13:55:47+00:00\" \/>\n<meta name=\"twitter:card\" content=\"summary_large_image\" \/>\n<meta name=\"twitter:site\" content=\"@RFUK\" \/>\n<meta name=\"twitter:label1\" content=\"Dur\u00e9e de lecture estim\u00e9e\" \/>\n\t<meta name=\"twitter:data1\" content=\"5 minutes\" \/>\n<script type=\"application\/ld+json\" class=\"yoast-schema-graph\">{\"@context\":\"https:\\\/\\\/schema.org\",\"@graph\":[{\"@type\":\"WebPage\",\"@id\":\"https:\\\/\\\/www.rainforestfoundationuk.org\\\/privacy-policy\\\/\",\"url\":\"https:\\\/\\\/www.rainforestfoundationuk.org\\\/privacy-policy\\\/\",\"name\":\"Privacy Policy - Rainforest Foundation UK\",\"isPartOf\":{\"@id\":\"https:\\\/\\\/www.rainforestfoundationuk.org\\\/#website\"},\"datePublished\":\"2021-01-11T13:45:50+00:00\",\"dateModified\":\"2023-02-08T13:55:47+00:00\",\"breadcrumb\":{\"@id\":\"https:\\\/\\\/www.rainforestfoundationuk.org\\\/privacy-policy\\\/#breadcrumb\"},\"inLanguage\":\"fr-FR\",\"potentialAction\":[{\"@type\":\"ReadAction\",\"target\":[\"https:\\\/\\\/www.rainforestfoundationuk.org\\\/privacy-policy\\\/\"]}]},{\"@type\":\"BreadcrumbList\",\"@id\":\"https:\\\/\\\/www.rainforestfoundationuk.org\\\/privacy-policy\\\/#breadcrumb\",\"itemListElement\":[{\"@type\":\"ListItem\",\"position\":1,\"name\":\"Home\",\"item\":\"https:\\\/\\\/www.rainforestfoundationuk.org\\\/\"},{\"@type\":\"ListItem\",\"position\":2,\"name\":\"Privacy Policy\"}]},{\"@type\":\"WebSite\",\"@id\":\"https:\\\/\\\/www.rainforestfoundationuk.org\\\/#website\",\"url\":\"https:\\\/\\\/www.rainforestfoundationuk.org\\\/\",\"name\":\"Rainforest Foundation UK\",\"description\":\"Securing lands, sustaining lives\",\"publisher\":{\"@id\":\"https:\\\/\\\/www.rainforestfoundationuk.org\\\/#organization\"},\"potentialAction\":[{\"@type\":\"SearchAction\",\"target\":{\"@type\":\"EntryPoint\",\"urlTemplate\":\"https:\\\/\\\/www.rainforestfoundationuk.org\\\/?s={search_term_string}\"},\"query-input\":{\"@type\":\"PropertyValueSpecification\",\"valueRequired\":true,\"valueName\":\"search_term_string\"}}],\"inLanguage\":\"fr-FR\"},{\"@type\":\"Organization\",\"@id\":\"https:\\\/\\\/www.rainforestfoundationuk.org\\\/#organization\",\"name\":\"Rainforest Foundation UK\",\"url\":\"https:\\\/\\\/www.rainforestfoundationuk.org\\\/\",\"logo\":{\"@type\":\"ImageObject\",\"inLanguage\":\"fr-FR\",\"@id\":\"https:\\\/\\\/www.rainforestfoundationuk.org\\\/#\\\/schema\\\/logo\\\/image\\\/\",\"url\":\"https:\\\/\\\/www.rainforestfoundationuk.org\\\/wp-content\\\/uploads\\\/2023\\\/08\\\/RFUK-logo-black.svg\",\"contentUrl\":\"https:\\\/\\\/www.rainforestfoundationuk.org\\\/wp-content\\\/uploads\\\/2023\\\/08\\\/RFUK-logo-black.svg\",\"width\":1278,\"height\":332,\"caption\":\"Rainforest Foundation UK\"},\"image\":{\"@id\":\"https:\\\/\\\/www.rainforestfoundationuk.org\\\/#\\\/schema\\\/logo\\\/image\\\/\"},\"sameAs\":[\"https:\\\/\\\/www.facebook.com\\\/rainforestfoundationuk\",\"https:\\\/\\\/x.com\\\/RFUK\",\"https:\\\/\\\/www.instagram.com\\\/rainforestfoundationuk\\\/\",\"https:\\\/\\\/www.youtube.com\\\/user\\\/theRFUK\"]}]}<\/script>\n<!-- \/ Yoast SEO plugin. -->","yoast_head_json":{"title":"Politique de confidentialit\u00e9 - Rainforest Foundation UK","robots":{"index":"index","follow":"follow","max-snippet":"max-snippet:-1","max-image-preview":"max-image-preview:large","max-video-preview":"max-video-preview:-1"},"canonical":"https:\/\/www.rainforestfoundationuk.org\/fr\/politique-de-confidentialite\/","og_locale":"fr_FR","og_type":"article","og_title":"Privacy Policy - Rainforest Foundation UK","og_description":"THE RAINFOREST FOUNDATION UK TAKES YOUR PRIVACY VERY SERIOUSLY AND WE&#8217;RE COMMITTED TO PROTECTING YOUR PERSONAL INFORMATION ONLINE. This statement explains how we collect and use the information which you give us. For additional information on our data and privacy policies, you can download our Fair Processing Statement\u00a0here. WHAT INFORMATION WE GATHER AND HOW WE ... Lire plus","og_url":"https:\/\/www.rainforestfoundationuk.org\/fr\/politique-de-confidentialite\/","og_site_name":"Rainforest Foundation UK","article_publisher":"https:\/\/www.facebook.com\/rainforestfoundationuk","article_modified_time":"2023-02-08T13:55:47+00:00","twitter_card":"summary_large_image","twitter_site":"@RFUK","twitter_misc":{"Dur\u00e9e de lecture estim\u00e9e":"5 minutes"},"schema":{"@context":"https:\/\/schema.org","@graph":[{"@type":"WebPage","@id":"https:\/\/www.rainforestfoundationuk.org\/privacy-policy\/","url":"https:\/\/www.rainforestfoundationuk.org\/privacy-policy\/","name":"Politique de confidentialit\u00e9 - Rainforest Foundation UK","isPartOf":{"@id":"https:\/\/www.rainforestfoundationuk.org\/#website"},"datePublished":"2021-01-11T13:45:50+00:00","dateModified":"2023-02-08T13:55:47+00:00","breadcrumb":{"@id":"https:\/\/www.rainforestfoundationuk.org\/privacy-policy\/#breadcrumb"},"inLanguage":"fr-FR","potentialAction":[{"@type":"ReadAction","target":["https:\/\/www.rainforestfoundationuk.org\/privacy-policy\/"]}]},{"@type":"BreadcrumbList","@id":"https:\/\/www.rainforestfoundationuk.org\/privacy-policy\/#breadcrumb","itemListElement":[{"@type":"ListItem","position":1,"name":"Home","item":"https:\/\/www.rainforestfoundationuk.org\/"},{"@type":"ListItem","position":2,"name":"Privacy Policy"}]},{"@type":"WebSite","@id":"https:\/\/www.rainforestfoundationuk.org\/#website","url":"https:\/\/www.rainforestfoundationuk.org\/","name":"Rainforest Foundation UK","description":"S\u00e9curiser les terres, pr\u00e9server les vies","publisher":{"@id":"https:\/\/www.rainforestfoundationuk.org\/#organization"},"potentialAction":[{"@type":"SearchAction","target":{"@type":"EntryPoint","urlTemplate":"https:\/\/www.rainforestfoundationuk.org\/?s={search_term_string}"},"query-input":{"@type":"PropertyValueSpecification","valueRequired":true,"valueName":"search_term_string"}}],"inLanguage":"fr-FR"},{"@type":"Organization","@id":"https:\/\/www.rainforestfoundationuk.org\/#organization","name":"Rainforest Foundation UK","url":"https:\/\/www.rainforestfoundationuk.org\/","logo":{"@type":"ImageObject","inLanguage":"fr-FR","@id":"https:\/\/www.rainforestfoundationuk.org\/#\/schema\/logo\/image\/","url":"https:\/\/www.rainforestfoundationuk.org\/wp-content\/uploads\/2023\/08\/RFUK-logo-black.svg","contentUrl":"https:\/\/www.rainforestfoundationuk.org\/wp-content\/uploads\/2023\/08\/RFUK-logo-black.svg","width":1278,"height":332,"caption":"Rainforest Foundation UK"},"image":{"@id":"https:\/\/www.rainforestfoundationuk.org\/#\/schema\/logo\/image\/"},"sameAs":["https:\/\/www.facebook.com\/rainforestfoundationuk","https:\/\/x.com\/RFUK","https:\/\/www.instagram.com\/rainforestfoundationuk\/","https:\/\/www.youtube.com\/user\/theRFUK"]}]}},"_links":{"self":[{"href":"https:\/\/www.rainforestfoundationuk.org\/fr\/wp-json\/wp\/v2\/pages\/3","targetHints":{"allow":["GET"]}}],"collection":[{"href":"https:\/\/www.rainforestfoundationuk.org\/fr\/wp-json\/wp\/v2\/pages"}],"about":[{"href":"https:\/\/www.rainforestfoundationuk.org\/fr\/wp-json\/wp\/v2\/types\/page"}],"author":[{"embeddable":true,"href":"https:\/\/www.rainforestfoundationuk.org\/fr\/wp-json\/wp\/v2\/users\/2"}],"replies":[{"embeddable":true,"href":"https:\/\/www.rainforestfoundationuk.org\/fr\/wp-json\/wp\/v2\/comments?post=3"}],"version-history":[{"count":5,"href":"https:\/\/www.rainforestfoundationuk.org\/fr\/wp-json\/wp\/v2\/pages\/3\/revisions"}],"predecessor-version":[{"id":5669,"href":"https:\/\/www.rainforestfoundationuk.org\/fr\/wp-json\/wp\/v2\/pages\/3\/revisions\/5669"}],"wp:attachment":[{"href":"https:\/\/www.rainforestfoundationuk.org\/fr\/wp-json\/wp\/v2\/media?parent=3"}],"curies":[{"name":"wp","href":"https:\/\/api.w.org\/{rel}","templated":true}]}}