{"id":359,"date":"2021-09-14T20:05:40","date_gmt":"2021-09-14T20:05:40","guid":{"rendered":"https:\/\/www.rainforestfoundationuk.org\/?page_id=359"},"modified":"2025-09-23T13:25:51","modified_gmt":"2025-09-23T12:25:51","slug":"trusts-et-fondations","status":"publish","type":"page","link":"https:\/\/www.rainforestfoundationuk.org\/fr\/what-you-can-do\/trusts-and-foundations\/","title":{"rendered":"Fiducies &amp; fondations financi\u00e8res"},"content":{"rendered":"<h3>Faites confiance \u00e0 Rainforest Foundation UK et aidez-nous \u00e0 construire un avenir solide pour les communaut\u00e9s de la for\u00eat tropicale.<\/h3>\n<p>Charitable Trusts and Foundations are crucial to our work. Together, we can make a real difference to the lives of indigenous and traditional communities and the forests they inhabit.\u00a0\u00a0<\/p>\n<p>Voici quelques exemples de ce que RFUK et les trusts et fondations ont r\u00e9alis\u00e9 ensemble :\u00a0<\/p>\n\t\t\t\t<img decoding=\"async\" src=\"https:\/\/www.rainforestfoundationuk.org\/wp-content\/uploads\/2025\/09\/Funding-donut-24-25-French-scaled.png\" alt=\"2\" itemprop=\"image\" height=\"1280\" width=\"2560\" title=\"2\" onerror=\"this.style.display='none'\" loading=\"lazy\" \/>\n\t\t\t\t<a href=\"https:\/\/www.mappingforrights.org\/fr\/home-fr\/\"  target=\"_self\" itemprop=\"url\">\n\t\t\t\t<img decoding=\"async\" src=\"https:\/\/www.rainforestfoundationuk.org\/wp-content\/uploads\/2022\/04\/45167085-619d-4a14-a6c8-daa6e4ae9f9c.jpg\" alt=\"45167085-619d-4a14-a6c8-daa6e4ae9f9c\" itemprop=\"image\" height=\"546\" width=\"971\" title=\"45167085-619d-4a14-a6c8-daa6e4ae9f9c\" onerror=\"this.style.display='none'\" loading=\"lazy\" \/>\n\t\t\t\t<\/a>\n<h3>\n\t\t<a href=\"https:\/\/www.mappingforrights.org\/fr\/home-fr\/\" title=\"La Cartographie pour les droits\"  target=\"_self\">\n\t\t\tLa Cartographie pour les droits\t\t<\/a>\n\t<\/h3>\n\t<p>Gr\u00e2ce \u00e0 notre initiative MappingForRights, nous avons aid\u00e9 des centaines de communaut\u00e9s foresti\u00e8res du bassin du Congo \u00e0 produire des cartes de leurs terres et de leurs ressources - une premi\u00e8re \u00e9tape cruciale vers la reconnaissance l\u00e9gale.<\/p>\n\t\t\t\t<a href=\"http:\/\/www.forestlink.org\/\"  target=\"_self\" itemprop=\"url\">\n\t\t\t\t<img decoding=\"async\" src=\"https:\/\/www.rainforestfoundationuk.org\/wp-content\/uploads\/2022\/09\/Screenshot-2022-05-30-172942.png\" alt=\"Preuve d&#039;enregistrement de la RTM\" itemprop=\"image\" height=\"543\" width=\"708\" title=\"Preuve d&#039;enregistrement de la RTM\" onerror=\"this.style.display='none'\" loading=\"lazy\" \/>\n\t\t\t\t<\/a>\n<h3>\n\t\t<a href=\"http:\/\/www.forestlink.org\/\" title=\"Surveillance des for\u00eats communautaires\"  target=\"_self\">\n\t\t\tSurveillance des for\u00eats communautaires\t\t<\/a>\n\t<\/h3>\n\t<p>Notre syst\u00e8me innovatif ForestLink transforme la mani\u00e8re dont les for\u00eats tropicales sont surveill\u00e9es et prot\u00e9g\u00e9es en donnant aux communaut\u00e9s qui les habitent les moyens, gr\u00e2ce \u00e0 des technologies simples et peu co\u00fbteuses, d'envoyer des alertes en temps r\u00e9el en cas de d\u00e9forestation ill\u00e9gale, m\u00eame depuis des zones recul\u00e9es d\u00e9pourvues de connexion.<\/p>\n\t\t\t\t<a href=\"http:\/\/rainforestparksandpeople.org\/detailed-case-studies\/\"  target=\"_self\" itemprop=\"url\">\n\t\t\t\t<img decoding=\"async\" src=\"https:\/\/www.rainforestfoundationuk.org\/wp-content\/uploads\/2021\/11\/9ccb1712-f13f-40c6-a769-2beb73a02685.jpg\" alt=\"9ccb1712-f13f-40c6-a769-2beb73a02685\" itemprop=\"image\" height=\"407\" width=\"700\" title=\"9ccb1712-f13f-40c6-a769-2beb73a02685\" onerror=\"this.style.display='none'\" loading=\"lazy\" \/>\n\t\t\t\t<\/a>\n<h3>\n\t\t<a href=\"http:\/\/rainforestparksandpeople.org\/detailed-case-studies\/\" title=\"Enqu\u00eater sur les violations des droits de l&#039;homme\"  target=\"_self\">\n\t\t\tEnqu\u00eater sur les violations des droits de l'homme\t\t<\/a>\n\t<\/h3>\n\t<p>Nos enqu\u00eates sur les violations des droits de l'homme dans et autour des zones strictement prot\u00e9g\u00e9es ont permis de rendre justice aux survivants et ont d\u00e9clench\u00e9 une vague de r\u00e9formes mondiales en mati\u00e8re de conservation de la biodiversit\u00e9.<\/p>\n\t<h3>Si vous souhaitez nous aider \u00e0 construire une soci\u00e9t\u00e9 dans laquelle les peuples indig\u00e8nes et les autres communaut\u00e9s locales des for\u00eats tropicales o pourront exercer leurs droits \u00e0 la terre, \u00e0 la vie et aux moyens de subsistance, n'h\u00e9sitez pas \u00e0 nous contacter.<\/h3>\n\t\t\t<a href=\"mailto:louisec@rainforestuk.org\" target=\"_self\">\n\t\t\t\t\t\t\tContactez-nous\n\t\t\t\t\t<\/a>","protected":false},"excerpt":{"rendered":"<p>Faites confiance \u00e0 Rainforest Foundation UK, et aidez-nous \u00e0 construire un avenir solide pour les communaut\u00e9s de la for\u00eat tropicale. Les trusts et fondations caritatives sont essentiels \u00e0 notre travail. Ensemble, nous pouvons faire une r\u00e9elle diff\u00e9rence dans la vie des communaut\u00e9s indig\u00e8nes et traditionnelles et des for\u00eats qu'elles habitent.<\/p>","protected":false},"author":2,"featured_media":3142,"parent":4284,"menu_order":4,"comment_status":"closed","ping_status":"closed","template":"","meta":{"_acf_changed":false,"footnotes":""},"class_list":{"0":"post-359","1":"page","2":"type-page","3":"status-publish","4":"has-post-thumbnail","6":"no-featured-image-padding"},"acf":[],"yoast_head":"<!-- This site is optimized with the Yoast SEO plugin v27.6 - https:\/\/yoast.com\/product\/yoast-seo-wordpress\/ -->\n<title>Trusts &amp; Foundations - Rainforest Foundation UK<\/title>\n<meta name=\"robots\" content=\"index, follow, max-snippet:-1, max-image-preview:large, max-video-preview:-1\" \/>\n<link rel=\"canonical\" href=\"https:\/\/www.rainforestfoundationuk.org\/fr\/ce-que-vous-pouvez-faire\/trusts-et-fondations\/\" \/>\n<meta property=\"og:locale\" content=\"fr_FR\" \/>\n<meta property=\"og:type\" content=\"article\" \/>\n<meta property=\"og:title\" content=\"Trusts &amp; Foundations - Rainforest Foundation UK\" \/>\n<meta property=\"og:description\" content=\"Put your trust in Rainforest Foundation UK, and help us build a strong future for rainforest communities Charitable Trusts and Foundations are crucial to our work. Together, we can make a real difference to the lives of indigenous and traditional communities and the forests they inhabit.\" \/>\n<meta property=\"og:url\" content=\"https:\/\/www.rainforestfoundationuk.org\/fr\/ce-que-vous-pouvez-faire\/trusts-et-fondations\/\" \/>\n<meta property=\"og:site_name\" content=\"Rainforest Foundation UK\" \/>\n<meta property=\"article:publisher\" content=\"https:\/\/www.facebook.com\/rainforestfoundationuk\" \/>\n<meta property=\"article:modified_time\" content=\"2025-09-23T12:25:51+00:00\" \/>\n<meta property=\"og:image\" content=\"https:\/\/www.rainforestfoundationuk.org\/wp-content\/uploads\/2022\/04\/45167085-619d-4a14-a6c8-daa6e4ae9f9c.jpg\" \/>\n\t<meta property=\"og:image:width\" content=\"971\" \/>\n\t<meta property=\"og:image:height\" content=\"546\" \/>\n\t<meta property=\"og:image:type\" content=\"image\/jpeg\" \/>\n<meta name=\"twitter:card\" content=\"summary_large_image\" \/>\n<meta name=\"twitter:site\" content=\"@RFUK\" \/>\n<meta name=\"twitter:label1\" content=\"Dur\u00e9e de lecture estim\u00e9e\" \/>\n\t<meta name=\"twitter:data1\" content=\"2 minutes\" \/>\n<script type=\"application\/ld+json\" class=\"yoast-schema-graph\">{\"@context\":\"https:\\\/\\\/schema.org\",\"@graph\":[{\"@type\":\"WebPage\",\"@id\":\"https:\\\/\\\/www.rainforestfoundationuk.org\\\/what-you-can-do\\\/trusts-and-foundations\\\/\",\"url\":\"https:\\\/\\\/www.rainforestfoundationuk.org\\\/what-you-can-do\\\/trusts-and-foundations\\\/\",\"name\":\"Trusts & Foundations - Rainforest Foundation UK\",\"isPartOf\":{\"@id\":\"https:\\\/\\\/www.rainforestfoundationuk.org\\\/#website\"},\"primaryImageOfPage\":{\"@id\":\"https:\\\/\\\/www.rainforestfoundationuk.org\\\/what-you-can-do\\\/trusts-and-foundations\\\/#primaryimage\"},\"image\":{\"@id\":\"https:\\\/\\\/www.rainforestfoundationuk.org\\\/what-you-can-do\\\/trusts-and-foundations\\\/#primaryimage\"},\"thumbnailUrl\":\"https:\\\/\\\/www.rainforestfoundationuk.org\\\/wp-content\\\/uploads\\\/2022\\\/04\\\/45167085-619d-4a14-a6c8-daa6e4ae9f9c.jpg\",\"datePublished\":\"2021-09-14T20:05:40+00:00\",\"dateModified\":\"2025-09-23T12:25:51+00:00\",\"breadcrumb\":{\"@id\":\"https:\\\/\\\/www.rainforestfoundationuk.org\\\/what-you-can-do\\\/trusts-and-foundations\\\/#breadcrumb\"},\"inLanguage\":\"fr-FR\",\"potentialAction\":[{\"@type\":\"ReadAction\",\"target\":[\"https:\\\/\\\/www.rainforestfoundationuk.org\\\/what-you-can-do\\\/trusts-and-foundations\\\/\"]}]},{\"@type\":\"ImageObject\",\"inLanguage\":\"fr-FR\",\"@id\":\"https:\\\/\\\/www.rainforestfoundationuk.org\\\/what-you-can-do\\\/trusts-and-foundations\\\/#primaryimage\",\"url\":\"https:\\\/\\\/www.rainforestfoundationuk.org\\\/wp-content\\\/uploads\\\/2022\\\/04\\\/45167085-619d-4a14-a6c8-daa6e4ae9f9c.jpg\",\"contentUrl\":\"https:\\\/\\\/www.rainforestfoundationuk.org\\\/wp-content\\\/uploads\\\/2022\\\/04\\\/45167085-619d-4a14-a6c8-daa6e4ae9f9c.jpg\",\"width\":971,\"height\":546},{\"@type\":\"BreadcrumbList\",\"@id\":\"https:\\\/\\\/www.rainforestfoundationuk.org\\\/what-you-can-do\\\/trusts-and-foundations\\\/#breadcrumb\",\"itemListElement\":[{\"@type\":\"ListItem\",\"position\":1,\"name\":\"Home\",\"item\":\"https:\\\/\\\/www.rainforestfoundationuk.org\\\/\"},{\"@type\":\"ListItem\",\"position\":2,\"name\":\"What You Can Do\",\"item\":\"https:\\\/\\\/www.rainforestfoundationuk.org\\\/what-you-can-do\\\/\"},{\"@type\":\"ListItem\",\"position\":3,\"name\":\"Trusts &#038; Foundations\"}]},{\"@type\":\"WebSite\",\"@id\":\"https:\\\/\\\/www.rainforestfoundationuk.org\\\/#website\",\"url\":\"https:\\\/\\\/www.rainforestfoundationuk.org\\\/\",\"name\":\"Rainforest Foundation UK\",\"description\":\"Securing lands, sustaining lives\",\"publisher\":{\"@id\":\"https:\\\/\\\/www.rainforestfoundationuk.org\\\/#organization\"},\"potentialAction\":[{\"@type\":\"SearchAction\",\"target\":{\"@type\":\"EntryPoint\",\"urlTemplate\":\"https:\\\/\\\/www.rainforestfoundationuk.org\\\/?s={search_term_string}\"},\"query-input\":{\"@type\":\"PropertyValueSpecification\",\"valueRequired\":true,\"valueName\":\"search_term_string\"}}],\"inLanguage\":\"fr-FR\"},{\"@type\":\"Organization\",\"@id\":\"https:\\\/\\\/www.rainforestfoundationuk.org\\\/#organization\",\"name\":\"Rainforest Foundation UK\",\"url\":\"https:\\\/\\\/www.rainforestfoundationuk.org\\\/\",\"logo\":{\"@type\":\"ImageObject\",\"inLanguage\":\"fr-FR\",\"@id\":\"https:\\\/\\\/www.rainforestfoundationuk.org\\\/#\\\/schema\\\/logo\\\/image\\\/\",\"url\":\"https:\\\/\\\/www.rainforestfoundationuk.org\\\/wp-content\\\/uploads\\\/2023\\\/08\\\/RFUK-logo-black.svg\",\"contentUrl\":\"https:\\\/\\\/www.rainforestfoundationuk.org\\\/wp-content\\\/uploads\\\/2023\\\/08\\\/RFUK-logo-black.svg\",\"width\":1278,\"height\":332,\"caption\":\"Rainforest Foundation UK\"},\"image\":{\"@id\":\"https:\\\/\\\/www.rainforestfoundationuk.org\\\/#\\\/schema\\\/logo\\\/image\\\/\"},\"sameAs\":[\"https:\\\/\\\/www.facebook.com\\\/rainforestfoundationuk\",\"https:\\\/\\\/x.com\\\/RFUK\",\"https:\\\/\\\/www.instagram.com\\\/rainforestfoundationuk\\\/\",\"https:\\\/\\\/www.youtube.com\\\/user\\\/theRFUK\"]}]}<\/script>\n<!-- \/ Yoast SEO plugin. -->","yoast_head_json":{"title":"Trusts et fondations - Rainforest Foundation UK","robots":{"index":"index","follow":"follow","max-snippet":"max-snippet:-1","max-image-preview":"max-image-preview:large","max-video-preview":"max-video-preview:-1"},"canonical":"https:\/\/www.rainforestfoundationuk.org\/fr\/ce-que-vous-pouvez-faire\/trusts-et-fondations\/","og_locale":"fr_FR","og_type":"article","og_title":"Trusts & Foundations - Rainforest Foundation UK","og_description":"Put your trust in Rainforest Foundation UK, and help us build a strong future for rainforest communities Charitable Trusts and Foundations are crucial to our work. Together, we can make a real difference to the lives of indigenous and traditional communities and the forests they inhabit.","og_url":"https:\/\/www.rainforestfoundationuk.org\/fr\/ce-que-vous-pouvez-faire\/trusts-et-fondations\/","og_site_name":"Rainforest Foundation UK","article_publisher":"https:\/\/www.facebook.com\/rainforestfoundationuk","article_modified_time":"2025-09-23T12:25:51+00:00","og_image":[{"width":971,"height":546,"url":"https:\/\/www.rainforestfoundationuk.org\/wp-content\/uploads\/2022\/04\/45167085-619d-4a14-a6c8-daa6e4ae9f9c.jpg","type":"image\/jpeg"}],"twitter_card":"summary_large_image","twitter_site":"@RFUK","twitter_misc":{"Dur\u00e9e de lecture estim\u00e9e":"2 minutes"},"schema":{"@context":"https:\/\/schema.org","@graph":[{"@type":"WebPage","@id":"https:\/\/www.rainforestfoundationuk.org\/what-you-can-do\/trusts-and-foundations\/","url":"https:\/\/www.rainforestfoundationuk.org\/what-you-can-do\/trusts-and-foundations\/","name":"Trusts et fondations - Rainforest Foundation UK","isPartOf":{"@id":"https:\/\/www.rainforestfoundationuk.org\/#website"},"primaryImageOfPage":{"@id":"https:\/\/www.rainforestfoundationuk.org\/what-you-can-do\/trusts-and-foundations\/#primaryimage"},"image":{"@id":"https:\/\/www.rainforestfoundationuk.org\/what-you-can-do\/trusts-and-foundations\/#primaryimage"},"thumbnailUrl":"https:\/\/www.rainforestfoundationuk.org\/wp-content\/uploads\/2022\/04\/45167085-619d-4a14-a6c8-daa6e4ae9f9c.jpg","datePublished":"2021-09-14T20:05:40+00:00","dateModified":"2025-09-23T12:25:51+00:00","breadcrumb":{"@id":"https:\/\/www.rainforestfoundationuk.org\/what-you-can-do\/trusts-and-foundations\/#breadcrumb"},"inLanguage":"fr-FR","potentialAction":[{"@type":"ReadAction","target":["https:\/\/www.rainforestfoundationuk.org\/what-you-can-do\/trusts-and-foundations\/"]}]},{"@type":"ImageObject","inLanguage":"fr-FR","@id":"https:\/\/www.rainforestfoundationuk.org\/what-you-can-do\/trusts-and-foundations\/#primaryimage","url":"https:\/\/www.rainforestfoundationuk.org\/wp-content\/uploads\/2022\/04\/45167085-619d-4a14-a6c8-daa6e4ae9f9c.jpg","contentUrl":"https:\/\/www.rainforestfoundationuk.org\/wp-content\/uploads\/2022\/04\/45167085-619d-4a14-a6c8-daa6e4ae9f9c.jpg","width":971,"height":546},{"@type":"BreadcrumbList","@id":"https:\/\/www.rainforestfoundationuk.org\/what-you-can-do\/trusts-and-foundations\/#breadcrumb","itemListElement":[{"@type":"ListItem","position":1,"name":"Home","item":"https:\/\/www.rainforestfoundationuk.org\/"},{"@type":"ListItem","position":2,"name":"What You Can Do","item":"https:\/\/www.rainforestfoundationuk.org\/what-you-can-do\/"},{"@type":"ListItem","position":3,"name":"Trusts &#038; Foundations"}]},{"@type":"WebSite","@id":"https:\/\/www.rainforestfoundationuk.org\/#website","url":"https:\/\/www.rainforestfoundationuk.org\/","name":"Rainforest Foundation UK","description":"S\u00e9curiser les terres, pr\u00e9server les vies","publisher":{"@id":"https:\/\/www.rainforestfoundationuk.org\/#organization"},"potentialAction":[{"@type":"SearchAction","target":{"@type":"EntryPoint","urlTemplate":"https:\/\/www.rainforestfoundationuk.org\/?s={search_term_string}"},"query-input":{"@type":"PropertyValueSpecification","valueRequired":true,"valueName":"search_term_string"}}],"inLanguage":"fr-FR"},{"@type":"Organization","@id":"https:\/\/www.rainforestfoundationuk.org\/#organization","name":"Rainforest Foundation UK","url":"https:\/\/www.rainforestfoundationuk.org\/","logo":{"@type":"ImageObject","inLanguage":"fr-FR","@id":"https:\/\/www.rainforestfoundationuk.org\/#\/schema\/logo\/image\/","url":"https:\/\/www.rainforestfoundationuk.org\/wp-content\/uploads\/2023\/08\/RFUK-logo-black.svg","contentUrl":"https:\/\/www.rainforestfoundationuk.org\/wp-content\/uploads\/2023\/08\/RFUK-logo-black.svg","width":1278,"height":332,"caption":"Rainforest Foundation UK"},"image":{"@id":"https:\/\/www.rainforestfoundationuk.org\/#\/schema\/logo\/image\/"},"sameAs":["https:\/\/www.facebook.com\/rainforestfoundationuk","https:\/\/x.com\/RFUK","https:\/\/www.instagram.com\/rainforestfoundationuk\/","https:\/\/www.youtube.com\/user\/theRFUK"]}]}},"_links":{"self":[{"href":"https:\/\/www.rainforestfoundationuk.org\/fr\/wp-json\/wp\/v2\/pages\/359","targetHints":{"allow":["GET"]}}],"collection":[{"href":"https:\/\/www.rainforestfoundationuk.org\/fr\/wp-json\/wp\/v2\/pages"}],"about":[{"href":"https:\/\/www.rainforestfoundationuk.org\/fr\/wp-json\/wp\/v2\/types\/page"}],"author":[{"embeddable":true,"href":"https:\/\/www.rainforestfoundationuk.org\/fr\/wp-json\/wp\/v2\/users\/2"}],"replies":[{"embeddable":true,"href":"https:\/\/www.rainforestfoundationuk.org\/fr\/wp-json\/wp\/v2\/comments?post=359"}],"version-history":[{"count":6,"href":"https:\/\/www.rainforestfoundationuk.org\/fr\/wp-json\/wp\/v2\/pages\/359\/revisions"}],"predecessor-version":[{"id":9518,"href":"https:\/\/www.rainforestfoundationuk.org\/fr\/wp-json\/wp\/v2\/pages\/359\/revisions\/9518"}],"up":[{"embeddable":true,"href":"https:\/\/www.rainforestfoundationuk.org\/fr\/wp-json\/wp\/v2\/pages\/4284"}],"wp:featuredmedia":[{"embeddable":true,"href":"https:\/\/www.rainforestfoundationuk.org\/fr\/wp-json\/wp\/v2\/media\/3142"}],"wp:attachment":[{"href":"https:\/\/www.rainforestfoundationuk.org\/fr\/wp-json\/wp\/v2\/media?parent=359"}],"curies":[{"name":"wp","href":"https:\/\/api.w.org\/{rel}","templated":true}]}}