{"id":7561,"date":"2023-12-21T16:14:27","date_gmt":"2023-12-21T16:14:27","guid":{"rendered":"https:\/\/www.rainforestfoundationuk.org\/?page_id=7561"},"modified":"2026-04-14T10:32:07","modified_gmt":"2026-04-14T09:32:07","slug":"la-gouvernance","status":"publish","type":"page","link":"https:\/\/www.rainforestfoundationuk.org\/fr\/about-us\/governance\/","title":{"rendered":"Gouvernance"},"content":{"rendered":"<h3><strong>Statut juridique<\/strong><\/h3>\n<p>Statut juridique La Rainforest Foundation UK est une organisation caritative et une soci\u00e9t\u00e9 \u00e0 responsabilit\u00e9 limit\u00e9e par garantie. Elle est principalement r\u00e9gie par la Charity Commission, les Companies Acts, le Fundraising Regulator et l'Office of Information Commissioner. Le conseil d'administration est responsable en dernier ressort du respect par RFUK de toutes les exigences l\u00e9gales et r\u00e9glementaires applicables. La conduite de ... Lire plus<\/p>\n<p>The conduct of the Board is governed by the Memorandum and Articles of Association (&#8216;<a href=\"https:\/\/find-and-update.company-information.service.gov.uk\/company\/07391285\/filing-history\">les articles<\/a>&#8216;).<\/p>\n<strong>Num\u00e9ro d'enregistrement de l'organisme de bienfaisance<\/strong>Angleterre et Pays de Galles : 1138287<br \/>\n<strong>Num\u00e9ro d'immatriculation de la soci\u00e9t\u00e9<\/strong>Angleterre et Pays de Galles : 07391285\n<h3><strong>Le r\u00f4le du conseil d'administration<\/strong><\/h3>\n<p>Le r\u00f4le de la <a href=\"https:\/\/www.rainforestfoundationuk.org\/fr\/a-propos-2\/notre-equipe\/\">Conseil d'administration<\/a> is to provide strategic vision, direction and leadership to support the financial and operational stability needed to advance RFUK&#8217;s mission and to promote the organisation&#8217;s continued effectiveness.<\/p>\n<p>Le conseil d'administration se r\u00e9unit au moins quatre fois par ann\u00e9e civile et fait appel \u00e0 des comit\u00e9s pour conseiller et prendre des d\u00e9cisions sur des aspects sp\u00e9cifiques des op\u00e9rations du RFUK afin de contr\u00f4ler des activit\u00e9s particuli\u00e8res en son nom.<\/p>\n<p><strong>Les comit\u00e9s actuels sont les suivants<\/strong><\/p>\n<ol>\n<li>Comit\u00e9 des nominations<\/li>\n<li>Comit\u00e9 du personnel<\/li>\n<li>Comit\u00e9 des finances, des risques et de la conformit\u00e9<\/li>\n<\/ol>\n<p>Bien que la prise de d\u00e9cision puisse \u00eatre d\u00e9l\u00e9gu\u00e9e aux comit\u00e9s, le conseil d'administration conserve collectivement la responsabilit\u00e9 finale de toutes les d\u00e9cisions prises.<\/p>\n<p>Le conseil d'administration d\u00e9l\u00e8gue les activit\u00e9s de gestion quotidienne au directeur ex\u00e9cutif (DE) qui, \u00e0 son tour, d\u00e9l\u00e8gue certains aspects de la gestion organisationnelle \u00e0 l'\u00e9quipe de direction et \u00e0 d'autres membres du personnel.<\/p>\n<h3><strong>Politiques et proc\u00e9dures\u00a0<\/strong>\u00a0<\/h3>\n<ul>\n<li><a href=\"https:\/\/www.rainforestfoundationuk.org\/wp-content\/uploads\/2024\/05\/RFUK-Politique-de-denonciation.pdf\">Politique de d\u00e9nonciation<\/a><\/li>\n<li><a href=\"https:\/\/www.rainforestfoundationuk.org\/wp-content\/uploads\/2024\/05\/RFUK-Politiques-de-plaintes.pdf\">Politiques de plaintes<\/a><\/li>\n<li><a href=\"https:\/\/www.rainforestfoundationuk.org\/wp-content\/uploads\/2023\/12\/RFUK-Conflict-of-Interest-Policy-March-2022.pdf\">Politique en mati\u00e8re de conflits d'int\u00e9r\u00eats<\/a><\/li>\n<li><a href=\"https:\/\/www.rainforestfoundationuk.org\/wp-content\/uploads\/2026\/04\/RFUK-Code-of-Conduct_English.pdf\">Code de conduite\u00a0<\/a><\/li>\n<li><a href=\"https:\/\/www.rainforestfoundationuk.org\/wp-content\/uploads\/2026\/04\/RFUK-Safeguarding-Policy.pdf\">Politique et proc\u00e9dures de sauvegarde<\/a><\/li>\n<li><a href=\"https:\/\/www.rainforestfoundationuk.org\/wp-content\/uploads\/2024\/05\/RFUK-Politique-de-protection-des-enfants.pdf\">Politique de protection des enfants<\/a><\/li>\n<li><a href=\"https:\/\/www.rainforestfoundationuk.org\/wp-content\/uploads\/2024\/06\/RFUK-Modern-Slavery-and-Human-Trafficking-Policy.pdf\">Politique en mati\u00e8re d'esclavage moderne et de traite des \u00eatres humains<\/a><\/li>\n<\/ul>\n<p><img loading=\"lazy\" decoding=\"async\" src=\"https:\/\/www.rainforestfoundationuk.org\/wp-content\/uploads\/2023\/07\/52450920146_2110349df9_z-300x200.jpg\" alt=\"\" width=\"300\" height=\"200\" \/><\/p>\n<h3><strong>Informations financi\u00e8res<\/strong><\/h3>\n<ul>\n<li><a href=\"https:\/\/www.rainforestfoundationuk.org\/wp-content\/uploads\/2025\/07\/RFUK_2024_Full_Accounts__signed.pdf\">Annual accounts 2024<\/a><\/li>\n<li><a href=\"https:\/\/www.rainforestfoundationuk.org\/wp-content\/uploads\/2024\/07\/RFUK-audited-accounts-2023.pdf\">Annual accounts 2023<\/a><\/li>\n<li><a href=\"https:\/\/www.rainforestfoundationuk.org\/wp-content\/uploads\/2023\/12\/annual-accounts-2022.pdf\">Comptes annuels 2022<\/a><\/li>\n<li><a href=\"https:\/\/www.rainforestfoundationuk.org\/wp-content\/uploads\/2023\/12\/annual-accounts-2021.pdfhttps:\/www.rainforestfoundationuk.org\/wp-content\/uploads\/2023\/12\/annual-accounts-2021.pdf\">Comptes annuels 2021<\/a><\/li>\n<li><a href=\"https:\/\/www.rainforestfoundationuk.org\/wp-content\/uploads\/2023\/12\/annual-accounts-2021.pdfhttps:\/www.rainforestfoundationuk.org\/wp-content\/uploads\/2023\/12\/annual-accounts-2021.pdf\">Comptes annuels 2020<\/a><\/li>\n<li><a href=\"https:\/\/www.rainforestfoundationuk.org\/wp-content\/uploads\/2023\/12\/annual-accounts-2019.pdf\">Comptes annuels 2019<\/a><\/li>\n<li><a href=\"https:\/\/www.rainforestfoundationuk.org\/wp-content\/uploads\/2023\/12\/annual-accounts-2018.pdf\">Comptes annuels 2018<\/a><\/li>\n<li><a href=\"https:\/\/www.rainforestfoundationuk.org\/wp-content\/uploads\/2023\/12\/annual-accounts-2017.pdf\">Comptes annuels 2017<\/a><\/li>\n<li><a href=\"https:\/\/www.rainforestfoundationuk.org\/wp-content\/uploads\/2023\/12\/annual-accounts-2016.pdf\">Comptes annuels 2016<\/a><\/li>\n<li><a href=\"https:\/\/www.rainforestfoundationuk.org\/wp-content\/uploads\/2023\/12\/annual-accounts-2015.pdf\">Comptes annuels 2015<\/a><\/li>\n<li><a href=\"https:\/\/www.rainforestfoundationuk.org\/wp-content\/uploads\/2023\/12\/annual-accounts-2014.pdf\">Comptes annuels 2014<\/a><\/li>\n<li><a href=\"https:\/\/www.rainforestfoundationuk.org\/wp-content\/uploads\/2023\/12\/annual-accounts-2013.pdf\">Comptes annuels 2013<\/a><\/li>\n<li><a href=\"https:\/\/www.rainforestfoundationuk.org\/wp-content\/uploads\/2023\/12\/annual-accounts-2012.pdf\">Comptes annuels 2012<\/a><\/li>\n<li><a href=\"https:\/\/www.rainforestfoundationuk.org\/wp-content\/uploads\/2023\/12\/annual-accounts-2011.pdf\">Comptes annuels 2011<\/a><\/li>\n<\/ul>\n<p><img loading=\"lazy\" decoding=\"async\" src=\"https:\/\/www.rainforestfoundationuk.org\/wp-content\/uploads\/2023\/07\/52848305615_0c89ebd884_c-300x199.jpg\" alt=\"\" width=\"300\" height=\"199\" \/><\/p>\n<h3><strong>R\u00e9visions annuelles <\/strong><\/h3>\n<ul>\n<li><a href=\"https:\/\/www.rainforestfoundationuk.org\/wp-content\/uploads\/2025\/06\/RFUK-Annual-review-24-25-DIGITAL-SPREADS.pdf\">Annual Review 2024<\/a><\/li>\n<li><a href=\"https:\/\/www.rainforestfoundationuk.org\/wp-content\/uploads\/2024\/05\/RFUK-Annual-review-23-24-digital-spreads.pdf\">R\u00e9vision annuelle 2023<\/a><\/li>\n<li><a href=\"https:\/\/www.rainforestfoundationuk.org\/wp-content\/uploads\/2023\/12\/RFUK-Annual-Review-2022.pdf\">R\u00e9vision annuelle 2022<\/a><\/li>\n<li><a href=\"https:\/\/www.rainforestfoundationuk.org\/wp-content\/uploads\/2023\/12\/202021AnnualReview_FINAL_DIGITAL.pdfhttps:\/www.rainforestfoundationuk.org\/wp-content\/uploads\/2023\/12\/202021AnnualReview_FINAL_DIGITAL.pdf\">R\u00e9vision annuelle 2020\/21<\/a><\/li>\n<li><a href=\"https:\/\/www.rainforestfoundationuk.org\/wp-content\/uploads\/2021\/10\/media.ashx_rfuk-annual-review-2018.pdf\">Bilan annuel 2017\/2018<\/a><\/li>\n<li><a href=\"https:\/\/www.rainforestfoundationuk.org\/wp-content\/uploads\/2021\/10\/media.ashx_rfuk-annual-review-2017.pdf\">Bilan annuel 2016\/2017<\/a><\/li>\n<li><a href=\"https:\/\/www.rainforestfoundationuk.org\/wp-content\/uploads\/2021\/10\/media.ashx_rfannualreport2016.pdf\">Bilan annuel 2015\/2016<\/a><\/li>\n<li><a href=\"https:\/\/www.rainforestfoundationuk.org\/wp-content\/uploads\/2021\/10\/media.ashx_rainforestfoundationannualreport2015online.pdf\">Bilan annuel 2014\/2015<\/a><\/li>\n<li><a href=\"https:\/\/www.rainforestfoundationuk.org\/wp-content\/uploads\/2021\/10\/media.ashx_rainforestfoundationannualreport2012-13.pdf\">Bilan annuel 2012\/2013<\/a><\/li>\n<li><a href=\"https:\/\/www.rainforestfoundationuk.org\/wp-content\/uploads\/2021\/10\/media.ashx_rfuk2011-2012annualreport.pdf\">Bilan annuel 2011\/2012<\/a><\/li>\n<li><a href=\"https:\/\/www.rainforestfoundationuk.org\/wp-content\/uploads\/2021\/10\/media.ashx_rfukannualreview2010-11.pdf\">Bilan annuel 2010\/2011\u00a0<\/a><\/li>\n<li><a href=\"https:\/\/www.rainforestfoundationuk.org\/wp-content\/uploads\/2021\/10\/media.ashx_rfannualreview2008-2009.pdf\">Bilan annuel 2008\/2009<\/a><\/li>\n<\/ul>\n<img loading=\"lazy\" decoding=\"async\" src=\"https:\/\/www.rainforestfoundationuk.org\/wp-content\/uploads\/2023\/07\/52451447243_5b76a8e317_c-300x200.jpg\" alt=\"\" width=\"300\" height=\"200\" \/><br \/>\n<strong>Informations sur les contacts<\/strong><br \/>\nPlease reach out to the <a href=\"\/fr\/OperationsAdmin@rainforestuk.org\/\">Chef des op\u00e9rations<\/a>\u00a0for any enquiries regarding RFUK&#8217;s governance or policies.\n<figure itemscope itemtype=\"https:\/\/schema.org\/ImageObject\">\n\t\t\t\t<img decoding=\"async\" src=\"https:\/\/www.rainforestfoundationuk.org\/wp-content\/plugins\/bb-plugin\/img\/pixel.png\" alt=\"\" onerror=\"this.style.display='none'\" loading=\"lazy\" \/>\n\t<\/figure>\n<figure itemscope itemtype=\"https:\/\/schema.org\/ImageObject\">\n\t\t\t\t<img decoding=\"async\" src=\"https:\/\/www.rainforestfoundationuk.org\/wp-content\/plugins\/bb-plugin\/img\/pixel.png\" alt=\"\" onerror=\"this.style.display='none'\" loading=\"lazy\" \/>\n\t<\/figure>","protected":false},"excerpt":{"rendered":"<p>Statut juridique La Rainforest Foundation UK est une organisation caritative et une soci\u00e9t\u00e9 \u00e0 responsabilit\u00e9 limit\u00e9e par garantie. Elle est principalement r\u00e9gie par la Charity Commission, les Companies Acts, le Fundraising Regulator et l'Office of Information Commissioner. Le conseil d'administration est responsable en dernier ressort du respect par RFUK de toutes les exigences l\u00e9gales et r\u00e9glementaires applicables. La conduite de ... Lire plus <a title=\"Gouvernance\" class=\"read-more\" href=\"https:\/\/www.rainforestfoundationuk.org\/fr\/about-us\/governance\/\" aria-label=\"En savoir plus sur Governance\">Lire plus<\/a><\/p>","protected":false},"author":10,"featured_media":6589,"parent":82,"menu_order":0,"comment_status":"closed","ping_status":"closed","template":"","meta":{"_acf_changed":false,"footnotes":""},"class_list":{"0":"post-7561","1":"page","2":"type-page","3":"status-publish","4":"has-post-thumbnail","6":"no-featured-image-padding"},"acf":[],"yoast_head":"<!-- This site is optimized with the Yoast SEO plugin v27.4 - https:\/\/yoast.com\/product\/yoast-seo-wordpress\/ -->\n<title>Governance - Rainforest Foundation UK<\/title>\n<meta name=\"robots\" content=\"index, follow, max-snippet:-1, max-image-preview:large, max-video-preview:-1\" \/>\n<link rel=\"canonical\" href=\"https:\/\/www.rainforestfoundationuk.org\/fr\/a-propos-2\/la-gouvernance\/\" \/>\n<meta property=\"og:locale\" content=\"fr_FR\" \/>\n<meta property=\"og:type\" content=\"article\" \/>\n<meta property=\"og:title\" content=\"Governance - Rainforest Foundation UK\" \/>\n<meta property=\"og:description\" content=\"Legal status The Rainforest Foundation UK is a charity, and a company limited by guarantee and is regulated principally by the Charity Commission, The Companies Acts, the Fundraising Regulator and the Office of Information Commissioner. The Board of Trustees is ultimately responsible for RFUK&#8217;s compliance with all applicable legal and regulatory requirements. The conduct of ... Lire plus\" \/>\n<meta property=\"og:url\" content=\"https:\/\/www.rainforestfoundationuk.org\/fr\/a-propos-2\/la-gouvernance\/\" \/>\n<meta property=\"og:site_name\" content=\"Rainforest Foundation UK\" \/>\n<meta property=\"article:publisher\" content=\"https:\/\/www.facebook.com\/rainforestfoundationuk\" \/>\n<meta property=\"article:modified_time\" content=\"2026-04-14T09:32:07+00:00\" \/>\n<meta property=\"og:image\" content=\"https:\/\/www.rainforestfoundationuk.org\/wp-content\/uploads\/2023\/07\/52451447243_5b76a8e317_c.jpg\" \/>\n\t<meta property=\"og:image:width\" content=\"799\" \/>\n\t<meta property=\"og:image:height\" content=\"533\" \/>\n\t<meta property=\"og:image:type\" content=\"image\/jpeg\" \/>\n<meta name=\"twitter:card\" content=\"summary_large_image\" \/>\n<meta name=\"twitter:site\" content=\"@RFUK\" \/>\n<meta name=\"twitter:label1\" content=\"Dur\u00e9e de lecture estim\u00e9e\" \/>\n\t<meta name=\"twitter:data1\" content=\"3 minutes\" \/>\n<script type=\"application\/ld+json\" class=\"yoast-schema-graph\">{\"@context\":\"https:\\\/\\\/schema.org\",\"@graph\":[{\"@type\":\"WebPage\",\"@id\":\"https:\\\/\\\/www.rainforestfoundationuk.org\\\/about-us\\\/governance\\\/\",\"url\":\"https:\\\/\\\/www.rainforestfoundationuk.org\\\/about-us\\\/governance\\\/\",\"name\":\"Governance - Rainforest Foundation UK\",\"isPartOf\":{\"@id\":\"https:\\\/\\\/www.rainforestfoundationuk.org\\\/#website\"},\"primaryImageOfPage\":{\"@id\":\"https:\\\/\\\/www.rainforestfoundationuk.org\\\/about-us\\\/governance\\\/#primaryimage\"},\"image\":{\"@id\":\"https:\\\/\\\/www.rainforestfoundationuk.org\\\/about-us\\\/governance\\\/#primaryimage\"},\"thumbnailUrl\":\"https:\\\/\\\/www.rainforestfoundationuk.org\\\/wp-content\\\/uploads\\\/2023\\\/07\\\/52451447243_5b76a8e317_c.jpg\",\"datePublished\":\"2023-12-21T16:14:27+00:00\",\"dateModified\":\"2026-04-14T09:32:07+00:00\",\"breadcrumb\":{\"@id\":\"https:\\\/\\\/www.rainforestfoundationuk.org\\\/about-us\\\/governance\\\/#breadcrumb\"},\"inLanguage\":\"fr-FR\",\"potentialAction\":[{\"@type\":\"ReadAction\",\"target\":[\"https:\\\/\\\/www.rainforestfoundationuk.org\\\/about-us\\\/governance\\\/\"]}]},{\"@type\":\"ImageObject\",\"inLanguage\":\"fr-FR\",\"@id\":\"https:\\\/\\\/www.rainforestfoundationuk.org\\\/about-us\\\/governance\\\/#primaryimage\",\"url\":\"https:\\\/\\\/www.rainforestfoundationuk.org\\\/wp-content\\\/uploads\\\/2023\\\/07\\\/52451447243_5b76a8e317_c.jpg\",\"contentUrl\":\"https:\\\/\\\/www.rainforestfoundationuk.org\\\/wp-content\\\/uploads\\\/2023\\\/07\\\/52451447243_5b76a8e317_c.jpg\",\"width\":799,\"height\":533},{\"@type\":\"BreadcrumbList\",\"@id\":\"https:\\\/\\\/www.rainforestfoundationuk.org\\\/about-us\\\/governance\\\/#breadcrumb\",\"itemListElement\":[{\"@type\":\"ListItem\",\"position\":1,\"name\":\"Home\",\"item\":\"https:\\\/\\\/www.rainforestfoundationuk.org\\\/\"},{\"@type\":\"ListItem\",\"position\":2,\"name\":\"About Us\",\"item\":\"https:\\\/\\\/www.rainforestfoundationuk.org\\\/about-us\\\/\"},{\"@type\":\"ListItem\",\"position\":3,\"name\":\"Governance\"}]},{\"@type\":\"WebSite\",\"@id\":\"https:\\\/\\\/www.rainforestfoundationuk.org\\\/#website\",\"url\":\"https:\\\/\\\/www.rainforestfoundationuk.org\\\/\",\"name\":\"Rainforest Foundation UK\",\"description\":\"Securing lands, sustaining lives\",\"publisher\":{\"@id\":\"https:\\\/\\\/www.rainforestfoundationuk.org\\\/#organization\"},\"potentialAction\":[{\"@type\":\"SearchAction\",\"target\":{\"@type\":\"EntryPoint\",\"urlTemplate\":\"https:\\\/\\\/www.rainforestfoundationuk.org\\\/?s={search_term_string}\"},\"query-input\":{\"@type\":\"PropertyValueSpecification\",\"valueRequired\":true,\"valueName\":\"search_term_string\"}}],\"inLanguage\":\"fr-FR\"},{\"@type\":\"Organization\",\"@id\":\"https:\\\/\\\/www.rainforestfoundationuk.org\\\/#organization\",\"name\":\"Rainforest Foundation UK\",\"url\":\"https:\\\/\\\/www.rainforestfoundationuk.org\\\/\",\"logo\":{\"@type\":\"ImageObject\",\"inLanguage\":\"fr-FR\",\"@id\":\"https:\\\/\\\/www.rainforestfoundationuk.org\\\/#\\\/schema\\\/logo\\\/image\\\/\",\"url\":\"https:\\\/\\\/www.rainforestfoundationuk.org\\\/wp-content\\\/uploads\\\/2023\\\/08\\\/RFUK-logo-black.svg\",\"contentUrl\":\"https:\\\/\\\/www.rainforestfoundationuk.org\\\/wp-content\\\/uploads\\\/2023\\\/08\\\/RFUK-logo-black.svg\",\"width\":1278,\"height\":332,\"caption\":\"Rainforest Foundation UK\"},\"image\":{\"@id\":\"https:\\\/\\\/www.rainforestfoundationuk.org\\\/#\\\/schema\\\/logo\\\/image\\\/\"},\"sameAs\":[\"https:\\\/\\\/www.facebook.com\\\/rainforestfoundationuk\",\"https:\\\/\\\/x.com\\\/RFUK\",\"https:\\\/\\\/www.instagram.com\\\/rainforestfoundationuk\\\/\",\"https:\\\/\\\/www.youtube.com\\\/user\\\/theRFUK\"]}]}<\/script>\n<!-- \/ Yoast SEO plugin. -->","yoast_head_json":{"title":"Gouvernance - Rainforest Foundation UK","robots":{"index":"index","follow":"follow","max-snippet":"max-snippet:-1","max-image-preview":"max-image-preview:large","max-video-preview":"max-video-preview:-1"},"canonical":"https:\/\/www.rainforestfoundationuk.org\/fr\/a-propos-2\/la-gouvernance\/","og_locale":"fr_FR","og_type":"article","og_title":"Governance - Rainforest Foundation UK","og_description":"Legal status The Rainforest Foundation UK is a charity, and a company limited by guarantee and is regulated principally by the Charity Commission, The Companies Acts, the Fundraising Regulator and the Office of Information Commissioner. The Board of Trustees is ultimately responsible for RFUK&#8217;s compliance with all applicable legal and regulatory requirements. The conduct of ... Lire plus","og_url":"https:\/\/www.rainforestfoundationuk.org\/fr\/a-propos-2\/la-gouvernance\/","og_site_name":"Rainforest Foundation UK","article_publisher":"https:\/\/www.facebook.com\/rainforestfoundationuk","article_modified_time":"2026-04-14T09:32:07+00:00","og_image":[{"width":799,"height":533,"url":"https:\/\/www.rainforestfoundationuk.org\/wp-content\/uploads\/2023\/07\/52451447243_5b76a8e317_c.jpg","type":"image\/jpeg"}],"twitter_card":"summary_large_image","twitter_site":"@RFUK","twitter_misc":{"Dur\u00e9e de lecture estim\u00e9e":"3 minutes"},"schema":{"@context":"https:\/\/schema.org","@graph":[{"@type":"WebPage","@id":"https:\/\/www.rainforestfoundationuk.org\/about-us\/governance\/","url":"https:\/\/www.rainforestfoundationuk.org\/about-us\/governance\/","name":"Gouvernance - Rainforest Foundation UK","isPartOf":{"@id":"https:\/\/www.rainforestfoundationuk.org\/#website"},"primaryImageOfPage":{"@id":"https:\/\/www.rainforestfoundationuk.org\/about-us\/governance\/#primaryimage"},"image":{"@id":"https:\/\/www.rainforestfoundationuk.org\/about-us\/governance\/#primaryimage"},"thumbnailUrl":"https:\/\/www.rainforestfoundationuk.org\/wp-content\/uploads\/2023\/07\/52451447243_5b76a8e317_c.jpg","datePublished":"2023-12-21T16:14:27+00:00","dateModified":"2026-04-14T09:32:07+00:00","breadcrumb":{"@id":"https:\/\/www.rainforestfoundationuk.org\/about-us\/governance\/#breadcrumb"},"inLanguage":"fr-FR","potentialAction":[{"@type":"ReadAction","target":["https:\/\/www.rainforestfoundationuk.org\/about-us\/governance\/"]}]},{"@type":"ImageObject","inLanguage":"fr-FR","@id":"https:\/\/www.rainforestfoundationuk.org\/about-us\/governance\/#primaryimage","url":"https:\/\/www.rainforestfoundationuk.org\/wp-content\/uploads\/2023\/07\/52451447243_5b76a8e317_c.jpg","contentUrl":"https:\/\/www.rainforestfoundationuk.org\/wp-content\/uploads\/2023\/07\/52451447243_5b76a8e317_c.jpg","width":799,"height":533},{"@type":"BreadcrumbList","@id":"https:\/\/www.rainforestfoundationuk.org\/about-us\/governance\/#breadcrumb","itemListElement":[{"@type":"ListItem","position":1,"name":"Home","item":"https:\/\/www.rainforestfoundationuk.org\/"},{"@type":"ListItem","position":2,"name":"About Us","item":"https:\/\/www.rainforestfoundationuk.org\/about-us\/"},{"@type":"ListItem","position":3,"name":"Governance"}]},{"@type":"WebSite","@id":"https:\/\/www.rainforestfoundationuk.org\/#website","url":"https:\/\/www.rainforestfoundationuk.org\/","name":"Rainforest Foundation UK","description":"S\u00e9curiser les terres, pr\u00e9server les vies","publisher":{"@id":"https:\/\/www.rainforestfoundationuk.org\/#organization"},"potentialAction":[{"@type":"SearchAction","target":{"@type":"EntryPoint","urlTemplate":"https:\/\/www.rainforestfoundationuk.org\/?s={search_term_string}"},"query-input":{"@type":"PropertyValueSpecification","valueRequired":true,"valueName":"search_term_string"}}],"inLanguage":"fr-FR"},{"@type":"Organization","@id":"https:\/\/www.rainforestfoundationuk.org\/#organization","name":"Rainforest Foundation UK","url":"https:\/\/www.rainforestfoundationuk.org\/","logo":{"@type":"ImageObject","inLanguage":"fr-FR","@id":"https:\/\/www.rainforestfoundationuk.org\/#\/schema\/logo\/image\/","url":"https:\/\/www.rainforestfoundationuk.org\/wp-content\/uploads\/2023\/08\/RFUK-logo-black.svg","contentUrl":"https:\/\/www.rainforestfoundationuk.org\/wp-content\/uploads\/2023\/08\/RFUK-logo-black.svg","width":1278,"height":332,"caption":"Rainforest Foundation UK"},"image":{"@id":"https:\/\/www.rainforestfoundationuk.org\/#\/schema\/logo\/image\/"},"sameAs":["https:\/\/www.facebook.com\/rainforestfoundationuk","https:\/\/x.com\/RFUK","https:\/\/www.instagram.com\/rainforestfoundationuk\/","https:\/\/www.youtube.com\/user\/theRFUK"]}]}},"_links":{"self":[{"href":"https:\/\/www.rainforestfoundationuk.org\/fr\/wp-json\/wp\/v2\/pages\/7561","targetHints":{"allow":["GET"]}}],"collection":[{"href":"https:\/\/www.rainforestfoundationuk.org\/fr\/wp-json\/wp\/v2\/pages"}],"about":[{"href":"https:\/\/www.rainforestfoundationuk.org\/fr\/wp-json\/wp\/v2\/types\/page"}],"author":[{"embeddable":true,"href":"https:\/\/www.rainforestfoundationuk.org\/fr\/wp-json\/wp\/v2\/users\/10"}],"replies":[{"embeddable":true,"href":"https:\/\/www.rainforestfoundationuk.org\/fr\/wp-json\/wp\/v2\/comments?post=7561"}],"version-history":[{"count":21,"href":"https:\/\/www.rainforestfoundationuk.org\/fr\/wp-json\/wp\/v2\/pages\/7561\/revisions"}],"predecessor-version":[{"id":10017,"href":"https:\/\/www.rainforestfoundationuk.org\/fr\/wp-json\/wp\/v2\/pages\/7561\/revisions\/10017"}],"up":[{"embeddable":true,"href":"https:\/\/www.rainforestfoundationuk.org\/fr\/wp-json\/wp\/v2\/pages\/82"}],"wp:featuredmedia":[{"embeddable":true,"href":"https:\/\/www.rainforestfoundationuk.org\/fr\/wp-json\/wp\/v2\/media\/6589"}],"wp:attachment":[{"href":"https:\/\/www.rainforestfoundationuk.org\/fr\/wp-json\/wp\/v2\/media?parent=7561"}],"curies":[{"name":"wp","href":"https:\/\/api.w.org\/{rel}","templated":true}]}}