{"id":82,"date":"2021-09-06T14:02:18","date_gmt":"2021-09-06T14:02:18","guid":{"rendered":"https:\/\/www.rainforestfoundationuk.org\/?page_id=82"},"modified":"2022-09-21T20:26:35","modified_gmt":"2022-09-21T20:26:35","slug":"a-propos-2","status":"publish","type":"page","link":"https:\/\/www.rainforestfoundationuk.org\/fr\/about-us\/","title":{"rendered":"A propos de nous"},"content":{"rendered":"<meta itemscope itemprop=\"mainEntityOfPage\" itemtype=\"https:\/\/schema.org\/WebPage\" itemid=\"https:\/\/www.rainforestfoundationuk.org\/about-us\/mission\/\" content=\"Mission &#038; Approach\" \/><meta itemprop=\"datePublished\" content=\"2021-09-13\" \/><meta itemprop=\"dateModified\" content=\"2022-09-21\" \/><meta itemprop=\"name\" content=\"Rainforest Foundation UK\"\/><meta itemprop=\"url\" content=\"https:\/\/www.rainforestfoundationuk.org\/author\/raygundesign\/\" \/><meta itemprop=\"name\" content=\"raygundesign\" \/><meta itemprop=\"url\" content=\"https:\/\/www.rainforestfoundationuk.org\/wp-content\/uploads\/2018\/11\/f507fbc2-af46-4cbd-9630-c0e4c5382b98.jpg\" \/><meta itemprop=\"width\" content=\"800\" \/><meta itemprop=\"height\" content=\"600\" \/><meta itemprop=\"interactionType\" content=\"https:\/\/schema.org\/CommentAction\" \/><meta itemprop=\"userInteractionCount\" content=\"0\" \/>\n\t\t\t\t<a href=\"https:\/\/www.rainforestfoundationuk.org\/fr\/a-propos-2\/mission\/\" target=\"_self\" itemprop=\"url\" rel=\"noopener\">\n\t\t\t\t<img loading=\"lazy\" decoding=\"async\" src=\"https:\/\/www.rainforestfoundationuk.org\/wp-content\/uploads\/bb-plugin\/cache\/f507fbc2-af46-4cbd-9630-c0e4c5382b98-panorama.jpg\" alt=\"La planification participative de l&#039;utilisation des terres, illustr\u00e9e ici, peut aider les gouvernements \u00e0 prendre des d\u00e9cisions \u00e9clair\u00e9es concernant le r\u00e9gime foncier et la gestion des ressources naturelles.\" itemprop=\"image\" data-no-lazy=\"1\" height=\"600\" width=\"800\" title=\"f507fbc2-af46-4cbd-9630-c0e4c5382b98\" onerror=\"this.style.display='none'\"  \/>\n\t\t\t\t<\/a>\n\t\t\t\t\t\t\t\t\t<h3 itemprop=\"headline\">\n\t\t\t\t\t\t\t\t\t\t\t\t\t<a href=\"https:\/\/www.rainforestfoundationuk.org\/fr\/a-propos-2\/mission\/\" title=\"Mission et approche\">\n\t\t\t\t\t\t\t\t\t\t\t\t\t\tMission et approche\t\t\t\t\t\t\t\t\t\t\t\t\t<\/a>\n\t\t\t\t\t\t\t\t\t\t\t<\/h3>\n    <p>La Rainforest Foundation UK s'engage \u00e0 la fois en faveur des droits de l'homme et de la protection de l'environnement lorsqu'il s'agit de lutter contre la d\u00e9forestation. <\/p>\n\t<meta itemscope itemprop=\"mainEntityOfPage\" itemtype=\"https:\/\/schema.org\/WebPage\" itemid=\"https:\/\/www.rainforestfoundationuk.org\/about-us\/our-team\/\" content=\"Our Team\" \/><meta itemprop=\"datePublished\" content=\"2021-09-06\" \/><meta itemprop=\"dateModified\" content=\"2022-09-21\" \/><meta itemprop=\"name\" content=\"Rainforest Foundation UK\"\/><meta itemprop=\"url\" content=\"https:\/\/www.rainforestfoundationuk.org\/author\/raygundesign\/\" \/><meta itemprop=\"name\" content=\"raygundesign\" \/><meta itemprop=\"url\" content=\"https:\/\/www.rainforestfoundationuk.org\/wp-content\/uploads\/2021\/10\/default-image.jpg\" \/><meta itemprop=\"width\" content=\"1920\" \/><meta itemprop=\"height\" content=\"1080\" \/><meta itemprop=\"interactionType\" content=\"https:\/\/schema.org\/CommentAction\" \/><meta itemprop=\"userInteractionCount\" content=\"0\" \/>\n\t\t\t\t<a href=\"https:\/\/www.rainforestfoundationuk.org\/fr\/a-propos-2\/notre-equipe\/\" target=\"_self\" itemprop=\"url\" rel=\"noopener\">\n\t\t\t\t<img loading=\"lazy\" decoding=\"async\" src=\"https:\/\/www.rainforestfoundationuk.org\/wp-content\/uploads\/bb-plugin\/cache\/default-image-1024x576-panorama.jpg\" alt=\"image par d\u00e9faut\" itemprop=\"image\" data-no-lazy=\"1\" height=\"576\" width=\"1024\" title=\"image par d\u00e9faut\" onerror=\"this.style.display='none'\"  \/>\n\t\t\t\t<\/a>\n\t\t\t\t\t\t\t\t\t<h3 itemprop=\"headline\">\n\t\t\t\t\t\t\t\t\t\t\t\t\t<a href=\"https:\/\/www.rainforestfoundationuk.org\/fr\/a-propos-2\/notre-equipe\/\" title=\"Notre \u00e9quipe\">\n\t\t\t\t\t\t\t\t\t\t\t\t\t\tNotre \u00e9quipe\t\t\t\t\t\t\t\t\t\t\t\t\t<\/a>\n\t\t\t\t\t\t\t\t\t\t\t<\/h3>\n    <p>Rencontrez l'\u00e9quipe<\/p>\n\t<meta itemscope itemprop=\"mainEntityOfPage\" itemtype=\"https:\/\/schema.org\/WebPage\" itemid=\"https:\/\/www.rainforestfoundationuk.org\/about-us\/our-partners\/\" content=\"Our Partners\" \/><meta itemprop=\"datePublished\" content=\"2021-09-13\" \/><meta itemprop=\"dateModified\" content=\"2022-09-21\" \/><meta itemprop=\"name\" content=\"Rainforest Foundation UK\"\/><meta itemprop=\"url\" content=\"https:\/\/www.rainforestfoundationuk.org\/author\/raygundesign\/\" \/><meta itemprop=\"name\" content=\"raygundesign\" \/><meta itemprop=\"url\" content=\"https:\/\/www.rainforestfoundationuk.org\/wp-content\/uploads\/2021\/09\/cfeb06ec-b3a2-4d08-a3c9-d89cb3908e16.jpg\" \/><meta itemprop=\"width\" content=\"1080\" \/><meta itemprop=\"height\" content=\"720\" \/><meta itemprop=\"interactionType\" content=\"https:\/\/schema.org\/CommentAction\" \/><meta itemprop=\"userInteractionCount\" content=\"0\" \/>\n\t\t\t\t<a href=\"https:\/\/www.rainforestfoundationuk.org\/fr\/a-propos-2\/nos-partenaires\/\" target=\"_self\" itemprop=\"url\" rel=\"noopener\">\n\t\t\t\t<img loading=\"lazy\" decoding=\"async\" src=\"https:\/\/www.rainforestfoundationuk.org\/wp-content\/uploads\/bb-plugin\/cache\/cfeb06ec-b3a2-4d08-a3c9-d89cb3908e16-1024x683-panorama.jpg\" alt=\"cfeb06ec-b3a2-4d08-a3c9-d89cb3908e16\" itemprop=\"image\" data-no-lazy=\"1\" height=\"683\" width=\"1024\" title=\"cfeb06ec-b3a2-4d08-a3c9-d89cb3908e16\" onerror=\"this.style.display='none'\"  \/>\n\t\t\t\t<\/a>\n\t\t\t\t\t\t\t\t\t<h3 itemprop=\"headline\">\n\t\t\t\t\t\t\t\t\t\t\t\t\t<a href=\"https:\/\/www.rainforestfoundationuk.org\/fr\/a-propos-2\/nos-partenaires\/\" title=\"Nos partenaires\">\n\t\t\t\t\t\t\t\t\t\t\t\t\t\tNos partenaires\t\t\t\t\t\t\t\t\t\t\t\t\t<\/a>\n\t\t\t\t\t\t\t\t\t\t\t<\/h3>\n    <p>Nos partenariats avec les organisations autochtones et locales de la soci\u00e9t\u00e9 civile sont au c\u0153ur de notre action. <\/p>\n\t<meta itemscope itemprop=\"mainEntityOfPage\" itemtype=\"https:\/\/schema.org\/WebPage\" itemid=\"https:\/\/www.rainforestfoundationuk.org\/about-us\/jobs-opportunities\/\" content=\"Jobs &#038; Opportunities\" \/><meta itemprop=\"datePublished\" content=\"2021-09-06\" \/><meta itemprop=\"dateModified\" content=\"2022-09-21\" \/><meta itemprop=\"name\" content=\"Rainforest Foundation UK\"\/><meta itemprop=\"url\" content=\"https:\/\/www.rainforestfoundationuk.org\/author\/raygundesign\/\" \/><meta itemprop=\"name\" content=\"raygundesign\" \/><meta itemprop=\"url\" content=\"https:\/\/www.rainforestfoundationuk.org\/wp-content\/uploads\/2022\/09\/0f9d26ec-cf9d-4076-9ff3-6be13c93919f.jpg\" \/><meta itemprop=\"width\" content=\"800\" \/><meta itemprop=\"height\" content=\"532\" \/><meta itemprop=\"interactionType\" content=\"https:\/\/schema.org\/CommentAction\" \/><meta itemprop=\"userInteractionCount\" content=\"0\" \/>\n\t\t\t\t<a href=\"https:\/\/www.rainforestfoundationuk.org\/fr\/a-propos-2\/recrutement\/\" target=\"_self\" itemprop=\"url\" rel=\"noopener\">\n\t\t\t\t<img loading=\"lazy\" decoding=\"async\" src=\"https:\/\/www.rainforestfoundationuk.org\/wp-content\/uploads\/bb-plugin\/cache\/0f9d26ec-cf9d-4076-9ff3-6be13c93919f-panorama.jpg\" alt=\"0f9d26ec-cf9d-4076-9ff3-6be13c93919f\" itemprop=\"image\" data-no-lazy=\"1\" height=\"532\" width=\"800\" title=\"0f9d26ec-cf9d-4076-9ff3-6be13c93919f\" onerror=\"this.style.display='none'\"  \/>\n\t\t\t\t<\/a>\n\t\t\t\t\t\t\t\t\t<h3 itemprop=\"headline\">\n\t\t\t\t\t\t\t\t\t\t\t\t\t<a href=\"https:\/\/www.rainforestfoundationuk.org\/fr\/a-propos-2\/recrutement\/\" title=\"Emplois et opportunit\u00e9s\">\n\t\t\t\t\t\t\t\t\t\t\t\t\t\tPostes vacants\t\t\t\t\t\t\t\t\t\t\t\t\t<\/a>\n\t\t\t\t\t\t\t\t\t\t\t<\/h3>\n    <p>Postes vacants et opportunit\u00e9s actuelles<\/p>\n\t<meta itemscope itemprop=\"mainEntityOfPage\" itemtype=\"https:\/\/schema.org\/WebPage\" itemid=\"https:\/\/www.rainforestfoundationuk.org\/about-us\/safeguarding\/\" content=\"Safeguarding\" \/><meta itemprop=\"datePublished\" content=\"2021-09-14\" \/><meta itemprop=\"dateModified\" content=\"2022-09-20\" \/><meta itemprop=\"name\" content=\"Rainforest Foundation UK\"\/><meta itemprop=\"url\" content=\"https:\/\/www.rainforestfoundationuk.org\/author\/raygundesign\/\" \/><meta itemprop=\"name\" content=\"raygundesign\" \/><meta itemprop=\"url\" content=\"https:\/\/www.rainforestfoundationuk.org\/wp-content\/uploads\/2022\/04\/massaha-fight-gabon.jpg\" \/><meta itemprop=\"width\" content=\"1680\" \/><meta itemprop=\"height\" content=\"1120\" \/><meta itemprop=\"interactionType\" content=\"https:\/\/schema.org\/CommentAction\" \/><meta itemprop=\"userInteractionCount\" content=\"0\" \/>\n\t\t\t\t<a href=\"https:\/\/www.rainforestfoundationuk.org\/fr\/a-propos-2\/sauvegarde\/\" target=\"_self\" itemprop=\"url\" rel=\"noopener\">\n\t\t\t\t<img loading=\"lazy\" decoding=\"async\" src=\"https:\/\/www.rainforestfoundationuk.org\/wp-content\/uploads\/bb-plugin\/cache\/massaha-fight-gabon-1024x683-panorama.jpg\" alt=\"massaha-fight-gabon\" itemprop=\"image\" data-no-lazy=\"1\" height=\"683\" width=\"1024\" title=\"massaha-fight-gabon\" onerror=\"this.style.display='none'\"  \/>\n\t\t\t\t<\/a>\n\t\t\t\t\t\t\t\t\t<h3 itemprop=\"headline\">\n\t\t\t\t\t\t\t\t\t\t\t\t\t<a href=\"https:\/\/www.rainforestfoundationuk.org\/fr\/a-propos-2\/sauvegarde\/\" title=\"Sauvegarder\">\n\t\t\t\t\t\t\t\t\t\t\t\t\t\tSauvegarder\t\t\t\t\t\t\t\t\t\t\t\t\t<\/a>\n\t\t\t\t\t\t\t\t\t\t\t<\/h3>\n    <p>Chez RFUK, la protection des personnes vuln\u00e9rables est au c\u0153ur de tout ce que nous faisons. <\/p>\n\t<meta itemscope itemprop=\"mainEntityOfPage\" itemtype=\"https:\/\/schema.org\/WebPage\" itemid=\"https:\/\/www.rainforestfoundationuk.org\/contact\/\" content=\"Contact\" \/><meta itemprop=\"datePublished\" content=\"2021-09-13\" \/><meta itemprop=\"dateModified\" content=\"2022-09-20\" \/><meta itemprop=\"name\" content=\"Rainforest Foundation UK\"\/><meta itemprop=\"url\" content=\"https:\/\/www.rainforestfoundationuk.org\/author\/raygundesign\/\" \/><meta itemprop=\"name\" content=\"raygundesign\" \/><meta itemprop=\"url\" content=\"https:\/\/www.rainforestfoundationuk.org\/wp-content\/uploads\/2022\/09\/post-4.jpeg\" \/><meta itemprop=\"width\" content=\"1600\" \/><meta itemprop=\"height\" content=\"720\" \/><meta itemprop=\"interactionType\" content=\"https:\/\/schema.org\/CommentAction\" \/><meta itemprop=\"userInteractionCount\" content=\"0\" \/>\n\t\t\t\t<a href=\"https:\/\/www.rainforestfoundationuk.org\/fr\/contacter\/\" target=\"_self\" itemprop=\"url\" rel=\"noopener\">\n\t\t\t\t<img loading=\"lazy\" decoding=\"async\" src=\"https:\/\/www.rainforestfoundationuk.org\/wp-content\/uploads\/bb-plugin\/cache\/post-4-1024x461-panorama.jpeg\" alt=\"poste 4\" itemprop=\"image\" data-no-lazy=\"1\" height=\"461\" width=\"1024\" title=\"poste 4\" onerror=\"this.style.display='none'\"  \/>\n\t\t\t\t<\/a>\n\t\t\t\t\t\t\t\t\t<h3 itemprop=\"headline\">\n\t\t\t\t\t\t\t\t\t\t\t\t\t<a href=\"https:\/\/www.rainforestfoundationuk.org\/fr\/contacter\/\" title=\"Contactez\">\n\t\t\t\t\t\t\t\t\t\t\t\t\t\tContactez\t\t\t\t\t\t\t\t\t\t\t\t\t<\/a>\n\t\t\t\t\t\t\t\t\t\t\t<\/h3>\n    <p>D\u00e9couvrez comment nous contacter<\/p>\n\t\t<!-- .pp-content-posts -->","protected":false},"excerpt":{"rendered":"<p>Mission et approche La Rainforest Foundation UK s'engage \u00e0 la fois en faveur des droits de l'homme et de la protection de l'environnement lorsqu'il s'agit de lutter contre la d\u00e9forestation. Notre \u00e9quipe Rencontrez l'\u00e9quipe Nos partenaires Nos partenariats avec les organisations indig\u00e8nes et locales de la soci\u00e9t\u00e9 civile sont au c\u0153ur de ce que nous faisons. Emplois et opportunit\u00e9s Postes vacants et opportunit\u00e9s actuelles Sauvegarde A la RFUK, ... Lire plus <a title=\"A propos de nous\" class=\"read-more\" href=\"https:\/\/www.rainforestfoundationuk.org\/fr\/about-us\/\" aria-label=\"En savoir plus sur About Us\">Lire plus<\/a><\/p>","protected":false},"author":2,"featured_media":0,"parent":0,"menu_order":11,"comment_status":"closed","ping_status":"closed","template":"","meta":{"_acf_changed":false,"footnotes":""},"class_list":{"0":"post-82","1":"page","2":"type-page","3":"status-publish","5":"no-featured-image-padding"},"acf":[],"yoast_head":"<!-- This site is optimized with the Yoast SEO plugin v27.4 - https:\/\/yoast.com\/product\/yoast-seo-wordpress\/ -->\n<title>About Us - Rainforest Foundation UK<\/title>\n<meta name=\"robots\" content=\"index, follow, max-snippet:-1, max-image-preview:large, max-video-preview:-1\" \/>\n<link rel=\"canonical\" href=\"https:\/\/www.rainforestfoundationuk.org\/fr\/a-propos-2\/\" \/>\n<meta property=\"og:locale\" content=\"fr_FR\" \/>\n<meta property=\"og:type\" content=\"article\" \/>\n<meta property=\"og:title\" content=\"About Us - Rainforest Foundation UK\" \/>\n<meta property=\"og:description\" content=\"Mission &#038; Approach Rainforest Foundation UK is committed to both human rights and environmental protection when it comes to tackling deforestation. Our Team Meet the team Our Partners Our partnerships with indigenous and local civil society organisations is at the heart of what we do. Jobs &#038; Opportunities Current vacancies and opportunities Safeguarding At RFUK, ... Lire plus\" \/>\n<meta property=\"og:url\" content=\"https:\/\/www.rainforestfoundationuk.org\/fr\/a-propos-2\/\" \/>\n<meta property=\"og:site_name\" content=\"Rainforest Foundation UK\" \/>\n<meta property=\"article:publisher\" content=\"https:\/\/www.facebook.com\/rainforestfoundationuk\" \/>\n<meta property=\"article:modified_time\" content=\"2022-09-21T20:26:35+00:00\" \/>\n<meta property=\"og:image\" content=\"https:\/\/staging.rainforestfoundationuk.org\/wp-content\/uploads\/bb-plugin\/cache\/f507fbc2-af46-4cbd-9630-c0e4c5382b98-panorama.jpg\" \/>\n<meta name=\"twitter:card\" content=\"summary_large_image\" \/>\n<meta name=\"twitter:site\" content=\"@RFUK\" \/>\n<script type=\"application\/ld+json\" class=\"yoast-schema-graph\">{\"@context\":\"https:\\\/\\\/schema.org\",\"@graph\":[{\"@type\":\"WebPage\",\"@id\":\"https:\\\/\\\/www.rainforestfoundationuk.org\\\/about-us\\\/\",\"url\":\"https:\\\/\\\/www.rainforestfoundationuk.org\\\/about-us\\\/\",\"name\":\"About Us - Rainforest Foundation UK\",\"isPartOf\":{\"@id\":\"https:\\\/\\\/www.rainforestfoundationuk.org\\\/#website\"},\"primaryImageOfPage\":{\"@id\":\"https:\\\/\\\/www.rainforestfoundationuk.org\\\/about-us\\\/#primaryimage\"},\"image\":{\"@id\":\"https:\\\/\\\/www.rainforestfoundationuk.org\\\/about-us\\\/#primaryimage\"},\"thumbnailUrl\":\"https:\\\/\\\/www.rainforestfoundationuk.org\\\/wp-content\\\/uploads\\\/bb-plugin\\\/cache\\\/f507fbc2-af46-4cbd-9630-c0e4c5382b98-panorama.jpg\",\"datePublished\":\"2021-09-06T14:02:18+00:00\",\"dateModified\":\"2022-09-21T20:26:35+00:00\",\"breadcrumb\":{\"@id\":\"https:\\\/\\\/www.rainforestfoundationuk.org\\\/about-us\\\/#breadcrumb\"},\"inLanguage\":\"fr-FR\",\"potentialAction\":[{\"@type\":\"ReadAction\",\"target\":[\"https:\\\/\\\/www.rainforestfoundationuk.org\\\/about-us\\\/\"]}]},{\"@type\":\"ImageObject\",\"inLanguage\":\"fr-FR\",\"@id\":\"https:\\\/\\\/www.rainforestfoundationuk.org\\\/about-us\\\/#primaryimage\",\"url\":\"https:\\\/\\\/www.rainforestfoundationuk.org\\\/wp-content\\\/uploads\\\/bb-plugin\\\/cache\\\/f507fbc2-af46-4cbd-9630-c0e4c5382b98-panorama.jpg\",\"contentUrl\":\"https:\\\/\\\/www.rainforestfoundationuk.org\\\/wp-content\\\/uploads\\\/bb-plugin\\\/cache\\\/f507fbc2-af46-4cbd-9630-c0e4c5382b98-panorama.jpg\"},{\"@type\":\"BreadcrumbList\",\"@id\":\"https:\\\/\\\/www.rainforestfoundationuk.org\\\/about-us\\\/#breadcrumb\",\"itemListElement\":[{\"@type\":\"ListItem\",\"position\":1,\"name\":\"Home\",\"item\":\"https:\\\/\\\/www.rainforestfoundationuk.org\\\/\"},{\"@type\":\"ListItem\",\"position\":2,\"name\":\"About Us\"}]},{\"@type\":\"WebSite\",\"@id\":\"https:\\\/\\\/www.rainforestfoundationuk.org\\\/#website\",\"url\":\"https:\\\/\\\/www.rainforestfoundationuk.org\\\/\",\"name\":\"Rainforest Foundation UK\",\"description\":\"Securing lands, sustaining lives\",\"publisher\":{\"@id\":\"https:\\\/\\\/www.rainforestfoundationuk.org\\\/#organization\"},\"potentialAction\":[{\"@type\":\"SearchAction\",\"target\":{\"@type\":\"EntryPoint\",\"urlTemplate\":\"https:\\\/\\\/www.rainforestfoundationuk.org\\\/?s={search_term_string}\"},\"query-input\":{\"@type\":\"PropertyValueSpecification\",\"valueRequired\":true,\"valueName\":\"search_term_string\"}}],\"inLanguage\":\"fr-FR\"},{\"@type\":\"Organization\",\"@id\":\"https:\\\/\\\/www.rainforestfoundationuk.org\\\/#organization\",\"name\":\"Rainforest Foundation UK\",\"url\":\"https:\\\/\\\/www.rainforestfoundationuk.org\\\/\",\"logo\":{\"@type\":\"ImageObject\",\"inLanguage\":\"fr-FR\",\"@id\":\"https:\\\/\\\/www.rainforestfoundationuk.org\\\/#\\\/schema\\\/logo\\\/image\\\/\",\"url\":\"https:\\\/\\\/www.rainforestfoundationuk.org\\\/wp-content\\\/uploads\\\/2023\\\/08\\\/RFUK-logo-black.svg\",\"contentUrl\":\"https:\\\/\\\/www.rainforestfoundationuk.org\\\/wp-content\\\/uploads\\\/2023\\\/08\\\/RFUK-logo-black.svg\",\"width\":1278,\"height\":332,\"caption\":\"Rainforest Foundation UK\"},\"image\":{\"@id\":\"https:\\\/\\\/www.rainforestfoundationuk.org\\\/#\\\/schema\\\/logo\\\/image\\\/\"},\"sameAs\":[\"https:\\\/\\\/www.facebook.com\\\/rainforestfoundationuk\",\"https:\\\/\\\/x.com\\\/RFUK\",\"https:\\\/\\\/www.instagram.com\\\/rainforestfoundationuk\\\/\",\"https:\\\/\\\/www.youtube.com\\\/user\\\/theRFUK\"]}]}<\/script>\n<!-- \/ Yoast SEO plugin. -->","yoast_head_json":{"title":"\u00c0 propos de nous - Rainforest Foundation UK","robots":{"index":"index","follow":"follow","max-snippet":"max-snippet:-1","max-image-preview":"max-image-preview:large","max-video-preview":"max-video-preview:-1"},"canonical":"https:\/\/www.rainforestfoundationuk.org\/fr\/a-propos-2\/","og_locale":"fr_FR","og_type":"article","og_title":"About Us - Rainforest Foundation UK","og_description":"Mission &#038; Approach Rainforest Foundation UK is committed to both human rights and environmental protection when it comes to tackling deforestation. Our Team Meet the team Our Partners Our partnerships with indigenous and local civil society organisations is at the heart of what we do. Jobs &#038; Opportunities Current vacancies and opportunities Safeguarding At RFUK, ... Lire plus","og_url":"https:\/\/www.rainforestfoundationuk.org\/fr\/a-propos-2\/","og_site_name":"Rainforest Foundation UK","article_publisher":"https:\/\/www.facebook.com\/rainforestfoundationuk","article_modified_time":"2022-09-21T20:26:35+00:00","og_image":[{"url":"https:\/\/staging.rainforestfoundationuk.org\/wp-content\/uploads\/bb-plugin\/cache\/f507fbc2-af46-4cbd-9630-c0e4c5382b98-panorama.jpg","type":"","width":"","height":""}],"twitter_card":"summary_large_image","twitter_site":"@RFUK","schema":{"@context":"https:\/\/schema.org","@graph":[{"@type":"WebPage","@id":"https:\/\/www.rainforestfoundationuk.org\/about-us\/","url":"https:\/\/www.rainforestfoundationuk.org\/about-us\/","name":"\u00c0 propos de nous - Rainforest Foundation UK","isPartOf":{"@id":"https:\/\/www.rainforestfoundationuk.org\/#website"},"primaryImageOfPage":{"@id":"https:\/\/www.rainforestfoundationuk.org\/about-us\/#primaryimage"},"image":{"@id":"https:\/\/www.rainforestfoundationuk.org\/about-us\/#primaryimage"},"thumbnailUrl":"https:\/\/www.rainforestfoundationuk.org\/wp-content\/uploads\/bb-plugin\/cache\/f507fbc2-af46-4cbd-9630-c0e4c5382b98-panorama.jpg","datePublished":"2021-09-06T14:02:18+00:00","dateModified":"2022-09-21T20:26:35+00:00","breadcrumb":{"@id":"https:\/\/www.rainforestfoundationuk.org\/about-us\/#breadcrumb"},"inLanguage":"fr-FR","potentialAction":[{"@type":"ReadAction","target":["https:\/\/www.rainforestfoundationuk.org\/about-us\/"]}]},{"@type":"ImageObject","inLanguage":"fr-FR","@id":"https:\/\/www.rainforestfoundationuk.org\/about-us\/#primaryimage","url":"https:\/\/www.rainforestfoundationuk.org\/wp-content\/uploads\/bb-plugin\/cache\/f507fbc2-af46-4cbd-9630-c0e4c5382b98-panorama.jpg","contentUrl":"https:\/\/www.rainforestfoundationuk.org\/wp-content\/uploads\/bb-plugin\/cache\/f507fbc2-af46-4cbd-9630-c0e4c5382b98-panorama.jpg"},{"@type":"BreadcrumbList","@id":"https:\/\/www.rainforestfoundationuk.org\/about-us\/#breadcrumb","itemListElement":[{"@type":"ListItem","position":1,"name":"Home","item":"https:\/\/www.rainforestfoundationuk.org\/"},{"@type":"ListItem","position":2,"name":"About Us"}]},{"@type":"WebSite","@id":"https:\/\/www.rainforestfoundationuk.org\/#website","url":"https:\/\/www.rainforestfoundationuk.org\/","name":"Rainforest Foundation UK","description":"S\u00e9curiser les terres, pr\u00e9server les vies","publisher":{"@id":"https:\/\/www.rainforestfoundationuk.org\/#organization"},"potentialAction":[{"@type":"SearchAction","target":{"@type":"EntryPoint","urlTemplate":"https:\/\/www.rainforestfoundationuk.org\/?s={search_term_string}"},"query-input":{"@type":"PropertyValueSpecification","valueRequired":true,"valueName":"search_term_string"}}],"inLanguage":"fr-FR"},{"@type":"Organization","@id":"https:\/\/www.rainforestfoundationuk.org\/#organization","name":"Rainforest Foundation UK","url":"https:\/\/www.rainforestfoundationuk.org\/","logo":{"@type":"ImageObject","inLanguage":"fr-FR","@id":"https:\/\/www.rainforestfoundationuk.org\/#\/schema\/logo\/image\/","url":"https:\/\/www.rainforestfoundationuk.org\/wp-content\/uploads\/2023\/08\/RFUK-logo-black.svg","contentUrl":"https:\/\/www.rainforestfoundationuk.org\/wp-content\/uploads\/2023\/08\/RFUK-logo-black.svg","width":1278,"height":332,"caption":"Rainforest Foundation UK"},"image":{"@id":"https:\/\/www.rainforestfoundationuk.org\/#\/schema\/logo\/image\/"},"sameAs":["https:\/\/www.facebook.com\/rainforestfoundationuk","https:\/\/x.com\/RFUK","https:\/\/www.instagram.com\/rainforestfoundationuk\/","https:\/\/www.youtube.com\/user\/theRFUK"]}]}},"_links":{"self":[{"href":"https:\/\/www.rainforestfoundationuk.org\/fr\/wp-json\/wp\/v2\/pages\/82","targetHints":{"allow":["GET"]}}],"collection":[{"href":"https:\/\/www.rainforestfoundationuk.org\/fr\/wp-json\/wp\/v2\/pages"}],"about":[{"href":"https:\/\/www.rainforestfoundationuk.org\/fr\/wp-json\/wp\/v2\/types\/page"}],"author":[{"embeddable":true,"href":"https:\/\/www.rainforestfoundationuk.org\/fr\/wp-json\/wp\/v2\/users\/2"}],"replies":[{"embeddable":true,"href":"https:\/\/www.rainforestfoundationuk.org\/fr\/wp-json\/wp\/v2\/comments?post=82"}],"version-history":[{"count":5,"href":"https:\/\/www.rainforestfoundationuk.org\/fr\/wp-json\/wp\/v2\/pages\/82\/revisions"}],"predecessor-version":[{"id":4771,"href":"https:\/\/www.rainforestfoundationuk.org\/fr\/wp-json\/wp\/v2\/pages\/82\/revisions\/4771"}],"wp:attachment":[{"href":"https:\/\/www.rainforestfoundationuk.org\/fr\/wp-json\/wp\/v2\/media?parent=82"}],"curies":[{"name":"wp","href":"https:\/\/api.w.org\/{rel}","templated":true}]}}