{"id":8209,"date":"2024-07-08T13:38:51","date_gmt":"2024-07-08T12:38:51","guid":{"rendered":"https:\/\/www.rainforestfoundationuk.org\/?page_id=8209"},"modified":"2025-02-10T13:59:33","modified_gmt":"2025-02-10T13:59:33","slug":"probleme-de-sauvegarde","status":"publish","type":"page","link":"https:\/\/www.rainforestfoundationuk.org\/fr\/about-us\/safeguarding\/safeguarding-concern\/","title":{"rendered":"Pr\u00e9occupation en mati\u00e8re de sauvegarde"},"content":{"rendered":"<h1>\n\t\tSauvegarder\n\t<\/h1>\n\t<p>Au RFUK, travailler avec et pour les personnes vuln\u00e9rables est au c\u0153ur de tout ce que nous faisons. Nous avons une approche de tol\u00e9rance z\u00e9ro contre toute forme de harc\u00e8lement sexuel, d'exploitation et d'abus, et nous faisons tout ce qui est en notre pouvoir pour nous assurer que nos activit\u00e9s n'ont pas d'impact involontaire sur les communaut\u00e9s avec lesquelles nous travaillons.<\/p>\n<p>Toute personne (y compris notre personnel, nos partenaires et les communaut\u00e9s avec lesquelles nous travaillons) peut nous faire part de ses pr\u00e9occupations concernant quelque chose dont elle a \u00e9t\u00e9 t\u00e9moin ou qu'elle a v\u00e9cu sans crainte de repr\u00e9sailles. Vous pouvez signaler \u00e0 la RFUK vos pr\u00e9occupations concernant le comportement d'un membre du personnel ou d'un autre repr\u00e9sentant de l'organisation de plusieurs mani\u00e8res\u202f:<\/p>\n<p><em>For more details, please see our <\/em><a href=\"https:\/\/www.rainforestfoundationuk.org\/wp-content\/uploads\/2025\/02\/RFUK-Safeguarding-Policy.pdf\">Politique et proc\u00e9dures de sauvegarde<\/a>.<\/p>\n\t<h3>Comment faire part d'une pr\u00e9occupation<\/h3>\n<strong>1. Soumission du formulaire :<\/strong><br \/>\nNous vous encourageons \u00e0 utiliser le <a href=\"#form\">form* provided below<\/a> pour d\u00e9poser une plainte\n<strong>2. Courriel :<\/strong><br \/>\nVous pouvez \u00e9galement nous envoyer un courriel \u00e0 l'adresse suivante <a href=\"mailto:safeguarding@rainforestuk.org\">safeguarding@rainforestuk.org<\/a>*.\n<strong>3. T\u00e9l\u00e9phone :<\/strong><br \/>\nVous pouvez \u00e9galement nous contacter par t\u00e9l\u00e9phone au +44 207 485 0193 (s\u00e9lectionnez l'option sauvegarde\/d\u00e9nonciation\/plainte, et vous serez mis en relation avec nos responsables de la sauvegarde).\n<strong>4. En contactant directement l'un de nos responsables de la protection des donn\u00e9es :<\/strong><br \/>\n\u2022 Daniela Velit &#8211; fluent in English and Spanish: <a href=\"mailto:danielav@rainforestuk.org\">danielav@rainforestuk.org<\/a><br \/>\n\u2022 Alex Economou-Li &#8211; fluent in English and French: <a href=\"mailto:AlexanderE@rainforestuk.org\">alexandere@rainforestuk.org<\/a>\n<strong>Confidentialit\u00e9 et enqu\u00eate<\/strong><br \/>\nToutes les plaintes re\u00e7ues sont trait\u00e9es de mani\u00e8re confidentielle et feront l'objet d'une enqu\u00eate approfondie et d'un traitement. Nous nous efforcerons de vous r\u00e9pondre dans les 72 heures.\n<strong>Destinataires de la soumission<\/strong><br \/>\n<em><strong>*Veuillez noter :<\/strong> le formulaire et les envois par courrier \u00e9lectronique \u00e0 <a href=\"mailto:safeguarding@rainforestuk.org\">safeguarding@rainforestuk.org<\/a> sera re\u00e7u par nos responsables de la protection des donn\u00e9es (Daniela Velit et Alex Economou-Li) et par notre responsable de la protection des donn\u00e9es (Josceline Cluff).<\/em>","protected":false},"excerpt":{"rendered":"<p>Sauvegarde Au RFUK, travailler avec et pour des personnes vuln\u00e9rables est au c\u0153ur de tout ce que nous faisons. Nous avons une approche de tol\u00e9rance z\u00e9ro contre toute forme de harc\u00e8lement sexuel, d'exploitation et d'abus, et nous faisons tout ce qui est en notre pouvoir pour nous assurer que nos activit\u00e9s n'ont pas d'impact involontaire sur les communaut\u00e9s avec lesquelles nous travaillons. Toute personne (y compris notre personnel, ... Lire plus <a title=\"Pr\u00e9occupation en mati\u00e8re de sauvegarde\" class=\"read-more\" href=\"https:\/\/www.rainforestfoundationuk.org\/fr\/about-us\/safeguarding\/safeguarding-concern\/\" aria-label=\"En savoir plus sur Safeguarding concern\">Lire plus<\/a><\/p>","protected":false},"author":10,"featured_media":0,"parent":347,"menu_order":0,"comment_status":"closed","ping_status":"closed","template":"","meta":{"_acf_changed":false,"footnotes":""},"class_list":{"0":"post-8209","1":"page","2":"type-page","3":"status-publish","5":"no-featured-image-padding"},"acf":[],"yoast_head":"<!-- This site is optimized with the Yoast SEO plugin v27.6 - https:\/\/yoast.com\/product\/yoast-seo-wordpress\/ -->\n<title>Safeguarding concern - Rainforest Foundation UK<\/title>\n<meta name=\"robots\" content=\"index, follow, max-snippet:-1, max-image-preview:large, max-video-preview:-1\" \/>\n<link rel=\"canonical\" href=\"https:\/\/www.rainforestfoundationuk.org\/fr\/a-propos-2\/sauvegarde\/probleme-de-sauvegarde\/\" \/>\n<meta property=\"og:locale\" content=\"fr_FR\" \/>\n<meta property=\"og:type\" content=\"article\" \/>\n<meta property=\"og:title\" content=\"Safeguarding concern - Rainforest Foundation UK\" \/>\n<meta property=\"og:description\" content=\"Safeguarding At RFUK, working with and for vulnerable people is at the heart of everything we do. We have a zero-tolerance approach against any form of sexual harassment, exploitation and abuse, and do everything in our power to ensure that our activities do not inadvertently impact the communities we work with. Anyone (including our staff, ... Lire plus\" \/>\n<meta property=\"og:url\" content=\"https:\/\/www.rainforestfoundationuk.org\/fr\/a-propos-2\/sauvegarde\/probleme-de-sauvegarde\/\" \/>\n<meta property=\"og:site_name\" content=\"Rainforest Foundation UK\" \/>\n<meta property=\"article:publisher\" content=\"https:\/\/www.facebook.com\/rainforestfoundationuk\" \/>\n<meta property=\"article:modified_time\" content=\"2025-02-10T13:59:33+00:00\" \/>\n<meta name=\"twitter:card\" content=\"summary_large_image\" \/>\n<meta name=\"twitter:site\" content=\"@RFUK\" \/>\n<meta name=\"twitter:label1\" content=\"Dur\u00e9e de lecture estim\u00e9e\" \/>\n\t<meta name=\"twitter:data1\" content=\"2 minutes\" \/>\n<script type=\"application\/ld+json\" class=\"yoast-schema-graph\">{\"@context\":\"https:\\\/\\\/schema.org\",\"@graph\":[{\"@type\":\"WebPage\",\"@id\":\"https:\\\/\\\/www.rainforestfoundationuk.org\\\/about-us\\\/safeguarding\\\/safeguarding-concern\\\/\",\"url\":\"https:\\\/\\\/www.rainforestfoundationuk.org\\\/about-us\\\/safeguarding\\\/safeguarding-concern\\\/\",\"name\":\"Safeguarding concern - Rainforest Foundation UK\",\"isPartOf\":{\"@id\":\"https:\\\/\\\/www.rainforestfoundationuk.org\\\/#website\"},\"datePublished\":\"2024-07-08T12:38:51+00:00\",\"dateModified\":\"2025-02-10T13:59:33+00:00\",\"breadcrumb\":{\"@id\":\"https:\\\/\\\/www.rainforestfoundationuk.org\\\/about-us\\\/safeguarding\\\/safeguarding-concern\\\/#breadcrumb\"},\"inLanguage\":\"fr-FR\",\"potentialAction\":[{\"@type\":\"ReadAction\",\"target\":[\"https:\\\/\\\/www.rainforestfoundationuk.org\\\/about-us\\\/safeguarding\\\/safeguarding-concern\\\/\"]}]},{\"@type\":\"BreadcrumbList\",\"@id\":\"https:\\\/\\\/www.rainforestfoundationuk.org\\\/about-us\\\/safeguarding\\\/safeguarding-concern\\\/#breadcrumb\",\"itemListElement\":[{\"@type\":\"ListItem\",\"position\":1,\"name\":\"Home\",\"item\":\"https:\\\/\\\/www.rainforestfoundationuk.org\\\/\"},{\"@type\":\"ListItem\",\"position\":2,\"name\":\"About Us\",\"item\":\"https:\\\/\\\/www.rainforestfoundationuk.org\\\/about-us\\\/\"},{\"@type\":\"ListItem\",\"position\":3,\"name\":\"Safeguarding\",\"item\":\"https:\\\/\\\/www.rainforestfoundationuk.org\\\/about-us\\\/safeguarding\\\/\"},{\"@type\":\"ListItem\",\"position\":4,\"name\":\"Safeguarding concern\"}]},{\"@type\":\"WebSite\",\"@id\":\"https:\\\/\\\/www.rainforestfoundationuk.org\\\/#website\",\"url\":\"https:\\\/\\\/www.rainforestfoundationuk.org\\\/\",\"name\":\"Rainforest Foundation UK\",\"description\":\"Securing lands, sustaining lives\",\"publisher\":{\"@id\":\"https:\\\/\\\/www.rainforestfoundationuk.org\\\/#organization\"},\"potentialAction\":[{\"@type\":\"SearchAction\",\"target\":{\"@type\":\"EntryPoint\",\"urlTemplate\":\"https:\\\/\\\/www.rainforestfoundationuk.org\\\/?s={search_term_string}\"},\"query-input\":{\"@type\":\"PropertyValueSpecification\",\"valueRequired\":true,\"valueName\":\"search_term_string\"}}],\"inLanguage\":\"fr-FR\"},{\"@type\":\"Organization\",\"@id\":\"https:\\\/\\\/www.rainforestfoundationuk.org\\\/#organization\",\"name\":\"Rainforest Foundation UK\",\"url\":\"https:\\\/\\\/www.rainforestfoundationuk.org\\\/\",\"logo\":{\"@type\":\"ImageObject\",\"inLanguage\":\"fr-FR\",\"@id\":\"https:\\\/\\\/www.rainforestfoundationuk.org\\\/#\\\/schema\\\/logo\\\/image\\\/\",\"url\":\"https:\\\/\\\/www.rainforestfoundationuk.org\\\/wp-content\\\/uploads\\\/2023\\\/08\\\/RFUK-logo-black.svg\",\"contentUrl\":\"https:\\\/\\\/www.rainforestfoundationuk.org\\\/wp-content\\\/uploads\\\/2023\\\/08\\\/RFUK-logo-black.svg\",\"width\":1278,\"height\":332,\"caption\":\"Rainforest Foundation UK\"},\"image\":{\"@id\":\"https:\\\/\\\/www.rainforestfoundationuk.org\\\/#\\\/schema\\\/logo\\\/image\\\/\"},\"sameAs\":[\"https:\\\/\\\/www.facebook.com\\\/rainforestfoundationuk\",\"https:\\\/\\\/x.com\\\/RFUK\",\"https:\\\/\\\/www.instagram.com\\\/rainforestfoundationuk\\\/\",\"https:\\\/\\\/www.youtube.com\\\/user\\\/theRFUK\"]}]}<\/script>\n<!-- \/ Yoast SEO plugin. -->","yoast_head_json":{"title":"Pr\u00e9occupation en mati\u00e8re de sauvegarde - Rainforest Foundation UK","robots":{"index":"index","follow":"follow","max-snippet":"max-snippet:-1","max-image-preview":"max-image-preview:large","max-video-preview":"max-video-preview:-1"},"canonical":"https:\/\/www.rainforestfoundationuk.org\/fr\/a-propos-2\/sauvegarde\/probleme-de-sauvegarde\/","og_locale":"fr_FR","og_type":"article","og_title":"Safeguarding concern - Rainforest Foundation UK","og_description":"Safeguarding At RFUK, working with and for vulnerable people is at the heart of everything we do. We have a zero-tolerance approach against any form of sexual harassment, exploitation and abuse, and do everything in our power to ensure that our activities do not inadvertently impact the communities we work with. Anyone (including our staff, ... Lire plus","og_url":"https:\/\/www.rainforestfoundationuk.org\/fr\/a-propos-2\/sauvegarde\/probleme-de-sauvegarde\/","og_site_name":"Rainforest Foundation UK","article_publisher":"https:\/\/www.facebook.com\/rainforestfoundationuk","article_modified_time":"2025-02-10T13:59:33+00:00","twitter_card":"summary_large_image","twitter_site":"@RFUK","twitter_misc":{"Dur\u00e9e de lecture estim\u00e9e":"2 minutes"},"schema":{"@context":"https:\/\/schema.org","@graph":[{"@type":"WebPage","@id":"https:\/\/www.rainforestfoundationuk.org\/about-us\/safeguarding\/safeguarding-concern\/","url":"https:\/\/www.rainforestfoundationuk.org\/about-us\/safeguarding\/safeguarding-concern\/","name":"Pr\u00e9occupation en mati\u00e8re de sauvegarde - Rainforest Foundation UK","isPartOf":{"@id":"https:\/\/www.rainforestfoundationuk.org\/#website"},"datePublished":"2024-07-08T12:38:51+00:00","dateModified":"2025-02-10T13:59:33+00:00","breadcrumb":{"@id":"https:\/\/www.rainforestfoundationuk.org\/about-us\/safeguarding\/safeguarding-concern\/#breadcrumb"},"inLanguage":"fr-FR","potentialAction":[{"@type":"ReadAction","target":["https:\/\/www.rainforestfoundationuk.org\/about-us\/safeguarding\/safeguarding-concern\/"]}]},{"@type":"BreadcrumbList","@id":"https:\/\/www.rainforestfoundationuk.org\/about-us\/safeguarding\/safeguarding-concern\/#breadcrumb","itemListElement":[{"@type":"ListItem","position":1,"name":"Home","item":"https:\/\/www.rainforestfoundationuk.org\/"},{"@type":"ListItem","position":2,"name":"About Us","item":"https:\/\/www.rainforestfoundationuk.org\/about-us\/"},{"@type":"ListItem","position":3,"name":"Safeguarding","item":"https:\/\/www.rainforestfoundationuk.org\/about-us\/safeguarding\/"},{"@type":"ListItem","position":4,"name":"Safeguarding concern"}]},{"@type":"WebSite","@id":"https:\/\/www.rainforestfoundationuk.org\/#website","url":"https:\/\/www.rainforestfoundationuk.org\/","name":"Rainforest Foundation UK","description":"S\u00e9curiser les terres, pr\u00e9server les vies","publisher":{"@id":"https:\/\/www.rainforestfoundationuk.org\/#organization"},"potentialAction":[{"@type":"SearchAction","target":{"@type":"EntryPoint","urlTemplate":"https:\/\/www.rainforestfoundationuk.org\/?s={search_term_string}"},"query-input":{"@type":"PropertyValueSpecification","valueRequired":true,"valueName":"search_term_string"}}],"inLanguage":"fr-FR"},{"@type":"Organization","@id":"https:\/\/www.rainforestfoundationuk.org\/#organization","name":"Rainforest Foundation UK","url":"https:\/\/www.rainforestfoundationuk.org\/","logo":{"@type":"ImageObject","inLanguage":"fr-FR","@id":"https:\/\/www.rainforestfoundationuk.org\/#\/schema\/logo\/image\/","url":"https:\/\/www.rainforestfoundationuk.org\/wp-content\/uploads\/2023\/08\/RFUK-logo-black.svg","contentUrl":"https:\/\/www.rainforestfoundationuk.org\/wp-content\/uploads\/2023\/08\/RFUK-logo-black.svg","width":1278,"height":332,"caption":"Rainforest Foundation UK"},"image":{"@id":"https:\/\/www.rainforestfoundationuk.org\/#\/schema\/logo\/image\/"},"sameAs":["https:\/\/www.facebook.com\/rainforestfoundationuk","https:\/\/x.com\/RFUK","https:\/\/www.instagram.com\/rainforestfoundationuk\/","https:\/\/www.youtube.com\/user\/theRFUK"]}]}},"_links":{"self":[{"href":"https:\/\/www.rainforestfoundationuk.org\/fr\/wp-json\/wp\/v2\/pages\/8209","targetHints":{"allow":["GET"]}}],"collection":[{"href":"https:\/\/www.rainforestfoundationuk.org\/fr\/wp-json\/wp\/v2\/pages"}],"about":[{"href":"https:\/\/www.rainforestfoundationuk.org\/fr\/wp-json\/wp\/v2\/types\/page"}],"author":[{"embeddable":true,"href":"https:\/\/www.rainforestfoundationuk.org\/fr\/wp-json\/wp\/v2\/users\/10"}],"replies":[{"embeddable":true,"href":"https:\/\/www.rainforestfoundationuk.org\/fr\/wp-json\/wp\/v2\/comments?post=8209"}],"version-history":[{"count":7,"href":"https:\/\/www.rainforestfoundationuk.org\/fr\/wp-json\/wp\/v2\/pages\/8209\/revisions"}],"predecessor-version":[{"id":8886,"href":"https:\/\/www.rainforestfoundationuk.org\/fr\/wp-json\/wp\/v2\/pages\/8209\/revisions\/8886"}],"up":[{"embeddable":true,"href":"https:\/\/www.rainforestfoundationuk.org\/fr\/wp-json\/wp\/v2\/pages\/347"}],"wp:attachment":[{"href":"https:\/\/www.rainforestfoundationuk.org\/fr\/wp-json\/wp\/v2\/media?parent=8209"}],"curies":[{"name":"wp","href":"https:\/\/api.w.org\/{rel}","templated":true}]}}