{"id":86,"date":"2021-09-06T14:02:55","date_gmt":"2021-09-06T14:02:55","guid":{"rendered":"https:\/\/www.rainforestfoundationuk.org\/?page_id=86"},"modified":"2026-01-07T09:30:42","modified_gmt":"2026-01-07T09:30:42","slug":"recrutement","status":"publish","type":"page","link":"https:\/\/www.rainforestfoundationuk.org\/fr\/about-us\/jobs-opportunities\/","title":{"rendered":"Postes vacants"},"content":{"rendered":"<h1>\n\t\t\tRejoindre notre \u00e9quipe\t<\/h1>\n\t<p><strong>Soutenez-vous la mission de Rainforest Foundation UK, qui consiste \u00e0 prot\u00e9ger les for\u00eats tropicales et \u00e0 lutter contre la crise climatique en d\u00e9fendant les droits des peuples autochtones et des autres communaut\u00e9s locales ?<\/strong><\/p>\n<p>Le RFUK s'engage \u00e0 la fois en faveur des droits de l'homme et de la protection de l'environnement lorsqu'il s'agit de lutter contre la d\u00e9forestation. Localement, nous aidons les communaut\u00e9s foresti\u00e8res \u00e0 obtenir des droits fonciers, \u00e0 lutter contre les industries destructrices, \u00e0 g\u00e9rer leurs for\u00eats et \u00e0 prot\u00e9ger leur environnement. Au niveau mondial, nous faisons campagne pour influencer les lois et les politiques nationales et internationales qui prot\u00e8gent les for\u00eats tropicales et leurs habitants.<\/p>\n<p>Au lieu de conserver les for\u00eats uniquement pour leur biodiversit\u00e9 ou leur valeur en carbone, le RFUK promeut l'\u00e9tablissement de droits communautaires sur les terres des for\u00eats tropicales, en s'attaquant aux causes profondes de la d\u00e9forestation et en ouvrant la voie aux populations locales pour qu'elles b\u00e9n\u00e9ficient \u00e9quitablement de l'utilisation et de la protection des ressources foresti\u00e8res.<\/p>\n\t\t\t\t<img decoding=\"async\" src=\"https:\/\/www.rainforestfoundationuk.org\/wp-content\/uploads\/2024\/01\/AKM-in-boat-in-forest-e1691598299442-768x512-1.jpg\" alt=\"AKM-in-boat-in-forest-e1691598299442-768x512\" itemprop=\"image\" height=\"512\" width=\"768\" title=\"AKM-in-boat-in-forest-e1691598299442-768x512\" onerror=\"this.style.display='none'\" loading=\"lazy\" \/>\n\t<div class=\"map_wrapper\" id=\"map_wrapper_7926\">\n<div class=\"map_box\" style=\"max-width:800px\">\n<div class=\"map_aspect_ratio\" style=\"padding-top:100%\" data-padding-top=\"100%\" data-padding-top-mobile=\"100%\">\n<div class=\"map_container\">\n<div class=\"map_render map_loading\" id=\"map_7926\"><\/div>\n<\/div>\n<\/div>\n<\/div>\n<\/div>\n<h2>\n\t\t\tNotre \u00e9quipe mondiale \t<\/h2>\n\t<p>Le bureau principal de RFUK se trouve \u00e0 Londres et notre personnel est \u00e9galement bas\u00e9 en R\u00e9publique d\u00e9mocratique du Congo, au Cameroun, au P\u00e9rou et en France. <\/p>\n<p>Nos partenariats \u00e0 long terme avec des organisations locales et des organisations de peuples autochtones dans le bassin du Congo, en Amazonie et dans d'autres r\u00e9gions tropicales sont au c\u0153ur de notre action, car ils nous permettent de travailler efficacement et de maintenir les capacit\u00e9s l\u00e0 o\u00f9 elles sont le plus n\u00e9cessaires.<\/p>\n<h2>\n\t\t\tNotre culture\t<\/h2>\n\t<p>Notre \u00e9quipe engag\u00e9e, dynamique et diversifi\u00e9e a une chose en commun : nous croyons passionn\u00e9ment \u00e0 la mission, aux valeurs et \u00e0 l'approche unique de la justice sociale du RFUK. Cela signifie que nous travaillons dur, mais nous sommes \u00e9galement fiers d'offrir un environnement de travail flexible, familial et inclusif qui valorise le bien-\u00eatre et le d\u00e9veloppement professionnel de notre personnel. Notre \u00e9quipe \u00e0 distance se r\u00e9unit au moins deux fois par an pour des journ\u00e9es de strat\u00e9gie, de formation et de renforcement de l'esprit d'\u00e9quipe. Tous les quinze jours, nous organisons \u00e9galement des sessions d'apprentissage et de partage en ligne qui nous permettent d'apprendre les uns des autres. <\/p>\n\t\t\t\t<img decoding=\"async\" src=\"https:\/\/www.rainforestfoundationuk.org\/wp-content\/uploads\/2024\/05\/Office-Lara-Chewy.jpg\" alt=\"Bureau Lara Chewy\" itemprop=\"image\" height=\"1440\" width=\"1920\" title=\"Bureau Lara Chewy\" onerror=\"this.style.display='none'\" loading=\"lazy\" \/>\n<h2>\n\t\t\tNos avantages\t<\/h2>\n\t<ul>\n<li>30 jours de cong\u00e9s pay\u00e9s, en plus des jours f\u00e9ri\u00e9s<\/li>\n<li>Travail hybride\/option de travail \u00e0 distance<\/li>\n<li>Un bureau adapt\u00e9 aux chiens \u00e0 Bethnal Green, dans l'est de Londres, avec acc\u00e8s \u00e0 une salle de sport \u00e0 prix r\u00e9duit.<\/li>\n<li>4 semaines de travail depuis n'importe o\u00f9 dans le monde<\/li>\n<li>Budget informatique pour le bureau \u00e0 domicile<\/li>\n<li>Allocation d'apprentissage et de d\u00e9veloppement<\/li>\n<li>Programme d'aide aux employ\u00e9s (PAE)<\/li>\n<\/ul>\n\t<p><strong>En outre, nous nous engageons \u00e0 :<\/strong><\/p>\n<ul>\n<li>enabling our team&#8217;s career progression within the organisation;<\/li>\n<li>recognising our team&#8217;s achievements, skills, competence and development;<\/li>\n<li>\u00eatre \u00e9quitable, transparent et flexible ;<\/li>\n<li>\u00e9quilibrer les besoins et les attentes de nos partenaires, des donateurs et des communaut\u00e9s locales avec lesquelles nous travaillons ;<\/li>\n<li>encourager et permettre la responsabilisation des gestionnaires.<\/li>\n<\/ul>","protected":false},"excerpt":{"rendered":"<p>Postes vacants et opportunit\u00e9s actuelles<\/p>","protected":false},"author":2,"featured_media":4620,"parent":82,"menu_order":6,"comment_status":"closed","ping_status":"closed","template":"","meta":{"_acf_changed":false,"footnotes":""},"class_list":{"0":"post-86","1":"page","2":"type-page","3":"status-publish","4":"has-post-thumbnail","6":"no-featured-image-padding"},"acf":[],"yoast_head":"<!-- This site is optimized with the Yoast SEO plugin v27.6 - https:\/\/yoast.com\/product\/yoast-seo-wordpress\/ -->\n<title>Jobs &amp; Opportunities - Rainforest Foundation UK<\/title>\n<meta name=\"robots\" content=\"index, follow, max-snippet:-1, max-image-preview:large, max-video-preview:-1\" \/>\n<link rel=\"canonical\" href=\"https:\/\/www.rainforestfoundationuk.org\/fr\/a-propos-2\/recrutement\/\" \/>\n<meta property=\"og:locale\" content=\"fr_FR\" \/>\n<meta property=\"og:type\" content=\"article\" \/>\n<meta property=\"og:title\" content=\"Jobs &amp; Opportunities - Rainforest Foundation UK\" \/>\n<meta property=\"og:description\" content=\"Current vacancies and opportunities\" \/>\n<meta property=\"og:url\" content=\"https:\/\/www.rainforestfoundationuk.org\/fr\/a-propos-2\/recrutement\/\" \/>\n<meta property=\"og:site_name\" content=\"Rainforest Foundation UK\" \/>\n<meta property=\"article:publisher\" content=\"https:\/\/www.facebook.com\/rainforestfoundationuk\" \/>\n<meta property=\"article:modified_time\" content=\"2026-01-07T09:30:42+00:00\" \/>\n<meta property=\"og:image\" content=\"https:\/\/www.rainforestfoundationuk.org\/wp-content\/uploads\/2022\/09\/0f9d26ec-cf9d-4076-9ff3-6be13c93919f.jpg\" \/>\n\t<meta property=\"og:image:width\" content=\"800\" \/>\n\t<meta property=\"og:image:height\" content=\"532\" \/>\n\t<meta property=\"og:image:type\" content=\"image\/jpeg\" \/>\n<meta name=\"twitter:card\" content=\"summary_large_image\" \/>\n<meta name=\"twitter:site\" content=\"@RFUK\" \/>\n<meta name=\"twitter:label1\" content=\"Dur\u00e9e de lecture estim\u00e9e\" \/>\n\t<meta name=\"twitter:data1\" content=\"3 minutes\" \/>\n<script type=\"application\/ld+json\" class=\"yoast-schema-graph\">{\"@context\":\"https:\\\/\\\/schema.org\",\"@graph\":[{\"@type\":\"WebPage\",\"@id\":\"https:\\\/\\\/www.rainforestfoundationuk.org\\\/about-us\\\/jobs-opportunities\\\/\",\"url\":\"https:\\\/\\\/www.rainforestfoundationuk.org\\\/about-us\\\/jobs-opportunities\\\/\",\"name\":\"Jobs & Opportunities - Rainforest Foundation UK\",\"isPartOf\":{\"@id\":\"https:\\\/\\\/www.rainforestfoundationuk.org\\\/#website\"},\"primaryImageOfPage\":{\"@id\":\"https:\\\/\\\/www.rainforestfoundationuk.org\\\/about-us\\\/jobs-opportunities\\\/#primaryimage\"},\"image\":{\"@id\":\"https:\\\/\\\/www.rainforestfoundationuk.org\\\/about-us\\\/jobs-opportunities\\\/#primaryimage\"},\"thumbnailUrl\":\"https:\\\/\\\/www.rainforestfoundationuk.org\\\/wp-content\\\/uploads\\\/2022\\\/09\\\/0f9d26ec-cf9d-4076-9ff3-6be13c93919f.jpg\",\"datePublished\":\"2021-09-06T14:02:55+00:00\",\"dateModified\":\"2026-01-07T09:30:42+00:00\",\"breadcrumb\":{\"@id\":\"https:\\\/\\\/www.rainforestfoundationuk.org\\\/about-us\\\/jobs-opportunities\\\/#breadcrumb\"},\"inLanguage\":\"fr-FR\",\"potentialAction\":[{\"@type\":\"ReadAction\",\"target\":[\"https:\\\/\\\/www.rainforestfoundationuk.org\\\/about-us\\\/jobs-opportunities\\\/\"]}]},{\"@type\":\"ImageObject\",\"inLanguage\":\"fr-FR\",\"@id\":\"https:\\\/\\\/www.rainforestfoundationuk.org\\\/about-us\\\/jobs-opportunities\\\/#primaryimage\",\"url\":\"https:\\\/\\\/www.rainforestfoundationuk.org\\\/wp-content\\\/uploads\\\/2022\\\/09\\\/0f9d26ec-cf9d-4076-9ff3-6be13c93919f.jpg\",\"contentUrl\":\"https:\\\/\\\/www.rainforestfoundationuk.org\\\/wp-content\\\/uploads\\\/2022\\\/09\\\/0f9d26ec-cf9d-4076-9ff3-6be13c93919f.jpg\",\"width\":800,\"height\":532},{\"@type\":\"BreadcrumbList\",\"@id\":\"https:\\\/\\\/www.rainforestfoundationuk.org\\\/about-us\\\/jobs-opportunities\\\/#breadcrumb\",\"itemListElement\":[{\"@type\":\"ListItem\",\"position\":1,\"name\":\"Home\",\"item\":\"https:\\\/\\\/www.rainforestfoundationuk.org\\\/\"},{\"@type\":\"ListItem\",\"position\":2,\"name\":\"About Us\",\"item\":\"https:\\\/\\\/www.rainforestfoundationuk.org\\\/about-us\\\/\"},{\"@type\":\"ListItem\",\"position\":3,\"name\":\"Jobs &#038; Opportunities\"}]},{\"@type\":\"WebSite\",\"@id\":\"https:\\\/\\\/www.rainforestfoundationuk.org\\\/#website\",\"url\":\"https:\\\/\\\/www.rainforestfoundationuk.org\\\/\",\"name\":\"Rainforest Foundation UK\",\"description\":\"Securing lands, sustaining lives\",\"publisher\":{\"@id\":\"https:\\\/\\\/www.rainforestfoundationuk.org\\\/#organization\"},\"potentialAction\":[{\"@type\":\"SearchAction\",\"target\":{\"@type\":\"EntryPoint\",\"urlTemplate\":\"https:\\\/\\\/www.rainforestfoundationuk.org\\\/?s={search_term_string}\"},\"query-input\":{\"@type\":\"PropertyValueSpecification\",\"valueRequired\":true,\"valueName\":\"search_term_string\"}}],\"inLanguage\":\"fr-FR\"},{\"@type\":\"Organization\",\"@id\":\"https:\\\/\\\/www.rainforestfoundationuk.org\\\/#organization\",\"name\":\"Rainforest Foundation UK\",\"url\":\"https:\\\/\\\/www.rainforestfoundationuk.org\\\/\",\"logo\":{\"@type\":\"ImageObject\",\"inLanguage\":\"fr-FR\",\"@id\":\"https:\\\/\\\/www.rainforestfoundationuk.org\\\/#\\\/schema\\\/logo\\\/image\\\/\",\"url\":\"https:\\\/\\\/www.rainforestfoundationuk.org\\\/wp-content\\\/uploads\\\/2023\\\/08\\\/RFUK-logo-black.svg\",\"contentUrl\":\"https:\\\/\\\/www.rainforestfoundationuk.org\\\/wp-content\\\/uploads\\\/2023\\\/08\\\/RFUK-logo-black.svg\",\"width\":1278,\"height\":332,\"caption\":\"Rainforest Foundation UK\"},\"image\":{\"@id\":\"https:\\\/\\\/www.rainforestfoundationuk.org\\\/#\\\/schema\\\/logo\\\/image\\\/\"},\"sameAs\":[\"https:\\\/\\\/www.facebook.com\\\/rainforestfoundationuk\",\"https:\\\/\\\/x.com\\\/RFUK\",\"https:\\\/\\\/www.instagram.com\\\/rainforestfoundationuk\\\/\",\"https:\\\/\\\/www.youtube.com\\\/user\\\/theRFUK\"]}]}<\/script>\n<!-- \/ Yoast SEO plugin. -->","yoast_head_json":{"title":"Emplois et opportunit\u00e9s - Rainforest Foundation UK","robots":{"index":"index","follow":"follow","max-snippet":"max-snippet:-1","max-image-preview":"max-image-preview:large","max-video-preview":"max-video-preview:-1"},"canonical":"https:\/\/www.rainforestfoundationuk.org\/fr\/a-propos-2\/recrutement\/","og_locale":"fr_FR","og_type":"article","og_title":"Jobs & Opportunities - Rainforest Foundation UK","og_description":"Current vacancies and opportunities","og_url":"https:\/\/www.rainforestfoundationuk.org\/fr\/a-propos-2\/recrutement\/","og_site_name":"Rainforest Foundation UK","article_publisher":"https:\/\/www.facebook.com\/rainforestfoundationuk","article_modified_time":"2026-01-07T09:30:42+00:00","og_image":[{"width":800,"height":532,"url":"https:\/\/www.rainforestfoundationuk.org\/wp-content\/uploads\/2022\/09\/0f9d26ec-cf9d-4076-9ff3-6be13c93919f.jpg","type":"image\/jpeg"}],"twitter_card":"summary_large_image","twitter_site":"@RFUK","twitter_misc":{"Dur\u00e9e de lecture estim\u00e9e":"3 minutes"},"schema":{"@context":"https:\/\/schema.org","@graph":[{"@type":"WebPage","@id":"https:\/\/www.rainforestfoundationuk.org\/about-us\/jobs-opportunities\/","url":"https:\/\/www.rainforestfoundationuk.org\/about-us\/jobs-opportunities\/","name":"Emplois et opportunit\u00e9s - Rainforest Foundation UK","isPartOf":{"@id":"https:\/\/www.rainforestfoundationuk.org\/#website"},"primaryImageOfPage":{"@id":"https:\/\/www.rainforestfoundationuk.org\/about-us\/jobs-opportunities\/#primaryimage"},"image":{"@id":"https:\/\/www.rainforestfoundationuk.org\/about-us\/jobs-opportunities\/#primaryimage"},"thumbnailUrl":"https:\/\/www.rainforestfoundationuk.org\/wp-content\/uploads\/2022\/09\/0f9d26ec-cf9d-4076-9ff3-6be13c93919f.jpg","datePublished":"2021-09-06T14:02:55+00:00","dateModified":"2026-01-07T09:30:42+00:00","breadcrumb":{"@id":"https:\/\/www.rainforestfoundationuk.org\/about-us\/jobs-opportunities\/#breadcrumb"},"inLanguage":"fr-FR","potentialAction":[{"@type":"ReadAction","target":["https:\/\/www.rainforestfoundationuk.org\/about-us\/jobs-opportunities\/"]}]},{"@type":"ImageObject","inLanguage":"fr-FR","@id":"https:\/\/www.rainforestfoundationuk.org\/about-us\/jobs-opportunities\/#primaryimage","url":"https:\/\/www.rainforestfoundationuk.org\/wp-content\/uploads\/2022\/09\/0f9d26ec-cf9d-4076-9ff3-6be13c93919f.jpg","contentUrl":"https:\/\/www.rainforestfoundationuk.org\/wp-content\/uploads\/2022\/09\/0f9d26ec-cf9d-4076-9ff3-6be13c93919f.jpg","width":800,"height":532},{"@type":"BreadcrumbList","@id":"https:\/\/www.rainforestfoundationuk.org\/about-us\/jobs-opportunities\/#breadcrumb","itemListElement":[{"@type":"ListItem","position":1,"name":"Home","item":"https:\/\/www.rainforestfoundationuk.org\/"},{"@type":"ListItem","position":2,"name":"About Us","item":"https:\/\/www.rainforestfoundationuk.org\/about-us\/"},{"@type":"ListItem","position":3,"name":"Jobs &#038; Opportunities"}]},{"@type":"WebSite","@id":"https:\/\/www.rainforestfoundationuk.org\/#website","url":"https:\/\/www.rainforestfoundationuk.org\/","name":"Rainforest Foundation UK","description":"S\u00e9curiser les terres, pr\u00e9server les vies","publisher":{"@id":"https:\/\/www.rainforestfoundationuk.org\/#organization"},"potentialAction":[{"@type":"SearchAction","target":{"@type":"EntryPoint","urlTemplate":"https:\/\/www.rainforestfoundationuk.org\/?s={search_term_string}"},"query-input":{"@type":"PropertyValueSpecification","valueRequired":true,"valueName":"search_term_string"}}],"inLanguage":"fr-FR"},{"@type":"Organization","@id":"https:\/\/www.rainforestfoundationuk.org\/#organization","name":"Rainforest Foundation UK","url":"https:\/\/www.rainforestfoundationuk.org\/","logo":{"@type":"ImageObject","inLanguage":"fr-FR","@id":"https:\/\/www.rainforestfoundationuk.org\/#\/schema\/logo\/image\/","url":"https:\/\/www.rainforestfoundationuk.org\/wp-content\/uploads\/2023\/08\/RFUK-logo-black.svg","contentUrl":"https:\/\/www.rainforestfoundationuk.org\/wp-content\/uploads\/2023\/08\/RFUK-logo-black.svg","width":1278,"height":332,"caption":"Rainforest Foundation UK"},"image":{"@id":"https:\/\/www.rainforestfoundationuk.org\/#\/schema\/logo\/image\/"},"sameAs":["https:\/\/www.facebook.com\/rainforestfoundationuk","https:\/\/x.com\/RFUK","https:\/\/www.instagram.com\/rainforestfoundationuk\/","https:\/\/www.youtube.com\/user\/theRFUK"]}]}},"_links":{"self":[{"href":"https:\/\/www.rainforestfoundationuk.org\/fr\/wp-json\/wp\/v2\/pages\/86","targetHints":{"allow":["GET"]}}],"collection":[{"href":"https:\/\/www.rainforestfoundationuk.org\/fr\/wp-json\/wp\/v2\/pages"}],"about":[{"href":"https:\/\/www.rainforestfoundationuk.org\/fr\/wp-json\/wp\/v2\/types\/page"}],"author":[{"embeddable":true,"href":"https:\/\/www.rainforestfoundationuk.org\/fr\/wp-json\/wp\/v2\/users\/2"}],"replies":[{"embeddable":true,"href":"https:\/\/www.rainforestfoundationuk.org\/fr\/wp-json\/wp\/v2\/comments?post=86"}],"version-history":[{"count":9,"href":"https:\/\/www.rainforestfoundationuk.org\/fr\/wp-json\/wp\/v2\/pages\/86\/revisions"}],"predecessor-version":[{"id":9816,"href":"https:\/\/www.rainforestfoundationuk.org\/fr\/wp-json\/wp\/v2\/pages\/86\/revisions\/9816"}],"up":[{"embeddable":true,"href":"https:\/\/www.rainforestfoundationuk.org\/fr\/wp-json\/wp\/v2\/pages\/82"}],"wp:featuredmedia":[{"embeddable":true,"href":"https:\/\/www.rainforestfoundationuk.org\/fr\/wp-json\/wp\/v2\/media\/4620"}],"wp:attachment":[{"href":"https:\/\/www.rainforestfoundationuk.org\/fr\/wp-json\/wp\/v2\/media?parent=86"}],"curies":[{"name":"wp","href":"https:\/\/api.w.org\/{rel}","templated":true}]}}